{"id":12853,"date":"2026-02-14T09:37:52","date_gmt":"2026-02-14T09:37:52","guid":{"rendered":"https:\/\/hutfactory.com\/?product=westernhut-gus-premium-biber-in-schwarz-braun-ocker-hgrau"},"modified":"2026-02-17T11:56:18","modified_gmt":"2026-02-17T11:56:18","slug":"westernhut-gus-premium-biber-in-schwarz-braun-ocker-hgrau","status":"publish","type":"product","link":"https:\/\/hutfactory.com\/?product=westernhut-gus-premium-biber-in-schwarz-braun-ocker-hgrau","title":{"rendered":"WESTERNHUT GUS Premium BIBER"},"content":{"rendered":"<div class=\"wpb-content-wrapper\"><p>[vc_row][vc_column][vc_column_text]<\/p>\n<h2>Der Old West Cowboyhut &#8211; Ein Meisterst\u00fcck aus Biberhaar<\/h2>\n<p>Cowboyh\u00fcte geh\u00f6ren zur Grundausstattung eines jeden echten Western-Liebhabers. Doch nicht alle H\u00fcte sind gleich. Unser Old West Cowboyhut aus feinstem Biberhaar ist ein Premium-Modell, das h\u00f6chste Anspr\u00fcche an Qualit\u00e4t und Handwerkskunst erf\u00fcllt. In der ber\u00fchmten GUS Crown Form gestaltet, ist er ein wahrer Blickfang und wird garantiert bewundernde Blicke auf sich ziehen. Unser Old West Cowboyhut aus Biberhaar ist ein Meisterst\u00fcck aus Schweizer Handwerkskunst. Er vereint h\u00f6chste Qualit\u00e4t, einzigartige Eigenschaften und zeitloses Design. Dank der wasserabweisenden Eigenschaften des Biberhaars und des vegetabil gegerbten Leder-Schweissbands bietet er h\u00f6chsten Tragekomfort und Haltbarkeit.<\/p>\n<h3>Premium-Qualit\u00e4t trifft auf praktische Eigenschaften<\/h3>\n<p>Unser Cowboyhut aus Biberhaar ist nicht nur sch\u00f6n, sondern auch \u00e4u\u00dferst praktisch. Die wasserabweisenden Eigenschaften des Biberhaars sorgen daf\u00fcr, dass dieser Hut auch bei schlechtem Wetter getragen werden kann. Und das vegetabil gegerbte Leder-Schweissband garantiert h\u00f6chsten Tragekomfort und Haltbarkeit. Der Hut ist in verschiedenen Farbkombinationen und Gr\u00f6\u00dfen erh\u00e4ltlich und kann auf Wunsch mit einem sch\u00fctzenden Ripsband eingefasst werden.<\/p>\n<h3>Handwerkskunst in Perfektion<\/h3>\n<p>Unsere Hutmachermeister arbeiten mit gr\u00f6\u00dfter Sorgfalt und Liebe zum Detail, um den Hut perfekt auf Ihre individuellen W\u00fcnsche anzupassen. Wussten Sie, dass der Biber am R\u00fccken und am Bauch unterschiedlich viele Haare hat? Diese feinen und leichten Haare sind das Geheimnis des einzigartigen Tragekomforts und der hervorragenden wasserabweisenden Eigenschaften von Biberhaarh\u00fcten. Und dank des speziellen Blindstichs des Innenbands wird auch am \u00dcbergang von der Krempe zum Kopf kein Wasser in den Hut eindringen.<\/p>\n<h3>Ein Hut f\u00fcrs Leben<\/h3>\n<p>Auch nach Jahren k\u00f6nnen Sie unseren Westernhut immer wieder auffrischen lassen. Dabei wird die Hutausstattung komplett entfernt und der Hut wird wie neu aufgebaut. So k\u00f6nnen Sie noch viele Jahre Freude an diesem hochwertigen Accessoire haben. Vertrauen Sie auf unsere langj\u00e4hrige Erfahrung und das Schweizer Traditionshandwerk, um sich den perfekten Westernhut anzufertigen. Bestellen Sie noch heute und erleben Sie die einzigartige Kombination aus Old West-Lifestyle und Schweizer Qualit\u00e4tshandwerk![\/vc_column_text][\/vc_column][\/vc_row]<\/p>\n<div class=\"hf-accordions\">\n<hr class=\"hf-accordion-separator\" \/>\n<details class=\"hf-accordion\">\n<summary><strong>\u25b6\ufe0f Gut zu wissen \u2013 mehr erfahren<\/strong><\/summary>\n<div class=\"hf-accordion-content\">\n<h3>Wichtige Produktdetails:<\/h3>\n<h4>Material &#038; Design:<\/h4>\n<ul>\n<li>feinster Premium Biberhaarfilz<\/li>\n<li>Schwarz, Braun, Ocker, Hellbeige, Grau<\/li>\n<li>Huth\u00f6he vorne ca. 8 cm\u00a0 und hinten ca. 14 cm<\/li>\n<li>Krempenbreite ca. 10 \u2013 11 cm<\/li>\n<li>Garnitur aus feinstem Rebsband in div. Farben<\/li>\n<li>feinstes Lederschweissband in drei Farben<\/li>\n<li>ein atmungsaktives, ungef\u00fcttertes Inneres<\/li>\n<\/ul>\n<h4>Handwerkskunst &#038; Exklusivit\u00e4t:<\/h4>\n<ul>\n<li><strong>Handarbeit:<\/strong>\u00a0Hergestellt in der Schweizer Hutmanufaktur Risa<\/li>\n<li><strong>Exklusivit\u00e4t:<\/strong>\u00a0Individuell auf Bestellung gefertigt, keine Massenproduktion<\/li>\n<li><strong>Limitierte Auflage:<\/strong>\u00a0Verf\u00fcgbarkeit abh\u00e4ngig von den Rohmaterialien<\/li>\n<\/ul>\n<h4>Herstellung:<\/h4>\n<ul>\n<li><strong>Produktionsort:<\/strong>\u00a0Schweizer Hutmanufaktur Risa<\/li>\n<li><strong>Herstellungszeit:<\/strong>\u00a010 bis 15 Arbeitstage nach Zahlungseingang<\/li>\n<\/ul>\n<h4>Lieferbedingungen:<\/h4>\n<ul>\n<li><strong>Versand:<\/strong>\u00a0Versand erfolgt innerhalb weniger Tage nach Fertigung ab Lager Schweiz<\/li>\n<li><strong>Garantie:<\/strong>\u00a0Umtausch nur bei Material- oder Herstellungsfehlern m\u00f6glich<\/li>\n<li><strong>Verf\u00fcgbarkeit:<\/strong>\u00a0Abverkauf des Rohmaterials vorbehalten<\/li>\n<\/ul>\n<\/div>\n<\/details>\n<details class=\"hf-accordion\">\n<summary><strong>\u25b6\ufe0f FAQ \u2013 H\u00e4ufige Fragen<\/strong><\/summary>\n<div class=\"hf-accordion-content\"><\/div>\n<\/details>\n<\/div>\n<\/div>","protected":false},"excerpt":{"rendered":"<p>Der Hut ist auch in Zwischengr\u00f6ssen erh\u00e4ltlich, damit er perfekt auf Ihren Kopf passt. Bestellen Sie jetzt den Old West Hut Biberhut und erleben Sie das Gef\u00fchl des Wilden Westens hautnah. Mit diesem Hut werden Sie zum Helden des Wilden Westens und ziehen alle Blicke auf sich.<\/p>\n","protected":false},"featured_media":12855,"template":"","meta":{"_acf_changed":false,"rs_blank_template":"","rs_page_bg_color":"","slide_template_v7":""},"product_brand":[250],"product_cat":[258,257],"product_tag":[],"class_list":{"0":"post-12853","1":"product","2":"type-product","3":"status-publish","4":"has-post-thumbnail","6":"product_brand-risa-hutwerkstatt-schweiz","7":"product_cat-western-cowboyhuete","8":"product_cat-westernhuete","9":"product_shipping_class-grosse-pakete","10":"pa_color-braun","11":"pa_color-hbeige","12":"pa_color-hgrau","13":"pa_color-ocker","14":"pa_color-schwarz","15":"pa_groesse-206","16":"pa_groesse-196","17":"pa_groesse-207","18":"pa_groesse-197","19":"pa_groesse-208","20":"pa_groesse-198","21":"pa_groesse-209","22":"pa_groesse-199","23":"pa_groesse-210","24":"pa_groesse-213","25":"yith_product_brand-risa-hutwerkstatt-schweiz","28":"outofstock","29":"taxable","30":"shipping-taxable","31":"purchasable","32":"product-type-variable","33":"wvs-archive-product-wrapper","34":"add-to-wishlist-after_add_to_cart"},"acf":[],"yoast_head":"<!-- This site is optimized with the Yoast SEO Premium plugin v27.3 (Yoast SEO v27.3) - https:\/\/yoast.com\/product\/yoast-seo-premium-wordpress\/ -->\n<title>WESTERNHUT GUS Premium BIBER<\/title>\n<meta name=\"description\" content=\"Der Old West Hut ist ein echtes Highlight f\u00fcr alle Western-Liebhaber. Der handgefertigte Biberhut zeichnet sich durch seine hochwertige Verarbeitung aus.\" \/>\n<meta name=\"robots\" content=\"index, follow, max-snippet:-1, max-image-preview:large, max-video-preview:-1\" \/>\n<link rel=\"canonical\" href=\"https:\/\/hutfactory.com\/?product=westernhut-gus-premium-biber-in-schwarz-braun-ocker-hgrau\" \/>\n<meta property=\"og:locale\" content=\"de_DE\" \/>\n<meta property=\"og:type\" content=\"article\" \/>\n<meta property=\"og:title\" content=\"WESTERNHUT GUS Premium BIBER\" \/>\n<meta property=\"og:description\" content=\"Der Old West Hut ist ein echtes Highlight f\u00fcr alle Western-Liebhaber. Der handgefertigte Biberhut zeichnet sich durch seine hochwertige Verarbeitung aus.\" \/>\n<meta property=\"og:url\" content=\"https:\/\/hutfactory.com\/?product=westernhut-gus-premium-biber-in-schwarz-braun-ocker-hgrau\" \/>\n<meta property=\"og:site_name\" content=\"Hut Factory\" \/>\n<meta property=\"article:modified_time\" content=\"2026-02-17T11:56:18+00:00\" \/>\n<meta property=\"og:image\" content=\"https:\/\/hutfactory.com\/wp-content\/uploads\/2026\/02\/Gus-Biber-1.png\" \/>\n\t<meta property=\"og:image:width\" content=\"960\" \/>\n\t<meta property=\"og:image:height\" content=\"720\" \/>\n\t<meta property=\"og:image:type\" content=\"image\/png\" \/>\n<meta name=\"twitter:card\" content=\"summary_large_image\" \/>\n<meta name=\"twitter:label1\" content=\"Gesch\u00e4tzte Lesezeit\" \/>\n\t<meta name=\"twitter:data1\" content=\"2\u00a0Minuten\" \/>\n<script type=\"application\/ld+json\" class=\"yoast-schema-graph\">{\"@context\":\"https:\\\/\\\/schema.org\",\"@graph\":[{\"@type\":\"WebPage\",\"@id\":\"https:\\\/\\\/hutfactory.com\\\/?product=westernhut-gus-premium-biber-in-schwarz-braun-ocker-hgrau\",\"url\":\"https:\\\/\\\/hutfactory.com\\\/?product=westernhut-gus-premium-biber-in-schwarz-braun-ocker-hgrau\",\"name\":\"WESTERNHUT GUS Premium BIBER\",\"isPartOf\":{\"@id\":\"https:\\\/\\\/hutfactory.com\\\/#website\"},\"primaryImageOfPage\":{\"@id\":\"https:\\\/\\\/hutfactory.com\\\/?product=westernhut-gus-premium-biber-in-schwarz-braun-ocker-hgrau#primaryimage\"},\"image\":{\"@id\":\"https:\\\/\\\/hutfactory.com\\\/?product=westernhut-gus-premium-biber-in-schwarz-braun-ocker-hgrau#primaryimage\"},\"thumbnailUrl\":\"https:\\\/\\\/hutfactory.com\\\/wp-content\\\/uploads\\\/2026\\\/02\\\/Gus-Biber-1.png\",\"datePublished\":\"2026-02-14T09:37:52+00:00\",\"dateModified\":\"2026-02-17T11:56:18+00:00\",\"description\":\"Der Old West Hut ist ein echtes Highlight f\u00fcr alle Western-Liebhaber. Der handgefertigte Biberhut zeichnet sich durch seine hochwertige Verarbeitung aus.\",\"breadcrumb\":{\"@id\":\"https:\\\/\\\/hutfactory.com\\\/?product=westernhut-gus-premium-biber-in-schwarz-braun-ocker-hgrau#breadcrumb\"},\"inLanguage\":\"de\",\"potentialAction\":[{\"@type\":\"ReadAction\",\"target\":[\"https:\\\/\\\/hutfactory.com\\\/?product=westernhut-gus-premium-biber-in-schwarz-braun-ocker-hgrau\"]}]},{\"@type\":\"ImageObject\",\"inLanguage\":\"de\",\"@id\":\"https:\\\/\\\/hutfactory.com\\\/?product=westernhut-gus-premium-biber-in-schwarz-braun-ocker-hgrau#primaryimage\",\"url\":\"https:\\\/\\\/hutfactory.com\\\/wp-content\\\/uploads\\\/2026\\\/02\\\/Gus-Biber-1.png\",\"contentUrl\":\"https:\\\/\\\/hutfactory.com\\\/wp-content\\\/uploads\\\/2026\\\/02\\\/Gus-Biber-1.png\",\"width\":960,\"height\":720,\"caption\":\"||||||\"},{\"@type\":\"BreadcrumbList\",\"@id\":\"https:\\\/\\\/hutfactory.com\\\/?product=westernhut-gus-premium-biber-in-schwarz-braun-ocker-hgrau#breadcrumb\",\"itemListElement\":[{\"@type\":\"ListItem\",\"position\":1,\"name\":\"Start\",\"item\":\"https:\\\/\\\/hutfactory.com\\\/\"},{\"@type\":\"ListItem\",\"position\":2,\"name\":\"Shop\",\"item\":\"https:\\\/\\\/hutfactory.com\\\/?page_id=10\"},{\"@type\":\"ListItem\",\"position\":3,\"name\":\"WESTERNHUT GUS Premium BIBER\"}]},{\"@type\":\"WebSite\",\"@id\":\"https:\\\/\\\/hutfactory.com\\\/#website\",\"url\":\"https:\\\/\\\/hutfactory.com\\\/\",\"name\":\"Hut Factory\",\"description\":\"H\u00fcte, Kappen &amp; M\u00fctzen in Top Swiss\\\/EU Qualit\u00e4t\",\"publisher\":{\"@id\":\"https:\\\/\\\/hutfactory.com\\\/#organization\"},\"alternateName\":\"Hut Shop\",\"potentialAction\":[{\"@type\":\"SearchAction\",\"target\":{\"@type\":\"EntryPoint\",\"urlTemplate\":\"https:\\\/\\\/hutfactory.com\\\/?s={search_term_string}\"},\"query-input\":{\"@type\":\"PropertyValueSpecification\",\"valueRequired\":true,\"valueName\":\"search_term_string\"}}],\"inLanguage\":\"de\"},{\"@type\":\"Organization\",\"@id\":\"https:\\\/\\\/hutfactory.com\\\/#organization\",\"name\":\"Hut Factory\",\"url\":\"https:\\\/\\\/hutfactory.com\\\/\",\"logo\":{\"@type\":\"ImageObject\",\"inLanguage\":\"de\",\"@id\":\"https:\\\/\\\/hutfactory.com\\\/#\\\/schema\\\/logo\\\/image\\\/\",\"url\":\"https:\\\/\\\/hutfactory.com\\\/wp-content\\\/uploads\\\/2026\\\/01\\\/Logo-hut-factory-1.webp\",\"contentUrl\":\"https:\\\/\\\/hutfactory.com\\\/wp-content\\\/uploads\\\/2026\\\/01\\\/Logo-hut-factory-1.webp\",\"width\":300,\"height\":262,\"caption\":\"Hut Factory\"},\"image\":{\"@id\":\"https:\\\/\\\/hutfactory.com\\\/#\\\/schema\\\/logo\\\/image\\\/\"}}]}<\/script>\n<!-- \/ Yoast SEO Premium plugin. -->","yoast_head_json":{"title":"WESTERNHUT GUS Premium BIBER","description":"Der Old West Hut ist ein echtes Highlight f\u00fcr alle Western-Liebhaber. Der handgefertigte Biberhut zeichnet sich durch seine hochwertige Verarbeitung aus.","robots":{"index":"index","follow":"follow","max-snippet":"max-snippet:-1","max-image-preview":"max-image-preview:large","max-video-preview":"max-video-preview:-1"},"canonical":"https:\/\/hutfactory.com\/?product=westernhut-gus-premium-biber-in-schwarz-braun-ocker-hgrau","og_locale":"de_DE","og_type":"article","og_title":"WESTERNHUT GUS Premium BIBER","og_description":"Der Old West Hut ist ein echtes Highlight f\u00fcr alle Western-Liebhaber. Der handgefertigte Biberhut zeichnet sich durch seine hochwertige Verarbeitung aus.","og_url":"https:\/\/hutfactory.com\/?product=westernhut-gus-premium-biber-in-schwarz-braun-ocker-hgrau","og_site_name":"Hut Factory","article_modified_time":"2026-02-17T11:56:18+00:00","og_image":[{"width":960,"height":720,"url":"https:\/\/hutfactory.com\/wp-content\/uploads\/2026\/02\/Gus-Biber-1.png","type":"image\/png"}],"twitter_card":"summary_large_image","twitter_misc":{"Gesch\u00e4tzte Lesezeit":"2\u00a0Minuten"},"schema":{"@context":"https:\/\/schema.org","@graph":[{"@type":"WebPage","@id":"https:\/\/hutfactory.com\/?product=westernhut-gus-premium-biber-in-schwarz-braun-ocker-hgrau","url":"https:\/\/hutfactory.com\/?product=westernhut-gus-premium-biber-in-schwarz-braun-ocker-hgrau","name":"WESTERNHUT GUS Premium BIBER","isPartOf":{"@id":"https:\/\/hutfactory.com\/#website"},"primaryImageOfPage":{"@id":"https:\/\/hutfactory.com\/?product=westernhut-gus-premium-biber-in-schwarz-braun-ocker-hgrau#primaryimage"},"image":{"@id":"https:\/\/hutfactory.com\/?product=westernhut-gus-premium-biber-in-schwarz-braun-ocker-hgrau#primaryimage"},"thumbnailUrl":"https:\/\/hutfactory.com\/wp-content\/uploads\/2026\/02\/Gus-Biber-1.png","datePublished":"2026-02-14T09:37:52+00:00","dateModified":"2026-02-17T11:56:18+00:00","description":"Der Old West Hut ist ein echtes Highlight f\u00fcr alle Western-Liebhaber. Der handgefertigte Biberhut zeichnet sich durch seine hochwertige Verarbeitung aus.","breadcrumb":{"@id":"https:\/\/hutfactory.com\/?product=westernhut-gus-premium-biber-in-schwarz-braun-ocker-hgrau#breadcrumb"},"inLanguage":"de","potentialAction":[{"@type":"ReadAction","target":["https:\/\/hutfactory.com\/?product=westernhut-gus-premium-biber-in-schwarz-braun-ocker-hgrau"]}]},{"@type":"ImageObject","inLanguage":"de","@id":"https:\/\/hutfactory.com\/?product=westernhut-gus-premium-biber-in-schwarz-braun-ocker-hgrau#primaryimage","url":"https:\/\/hutfactory.com\/wp-content\/uploads\/2026\/02\/Gus-Biber-1.png","contentUrl":"https:\/\/hutfactory.com\/wp-content\/uploads\/2026\/02\/Gus-Biber-1.png","width":960,"height":720,"caption":"||||||"},{"@type":"BreadcrumbList","@id":"https:\/\/hutfactory.com\/?product=westernhut-gus-premium-biber-in-schwarz-braun-ocker-hgrau#breadcrumb","itemListElement":[{"@type":"ListItem","position":1,"name":"Start","item":"https:\/\/hutfactory.com\/"},{"@type":"ListItem","position":2,"name":"Shop","item":"https:\/\/hutfactory.com\/?page_id=10"},{"@type":"ListItem","position":3,"name":"WESTERNHUT GUS Premium BIBER"}]},{"@type":"WebSite","@id":"https:\/\/hutfactory.com\/#website","url":"https:\/\/hutfactory.com\/","name":"Hut Factory","description":"H\u00fcte, Kappen &amp; M\u00fctzen in Top Swiss\/EU Qualit\u00e4t","publisher":{"@id":"https:\/\/hutfactory.com\/#organization"},"alternateName":"Hut Shop","potentialAction":[{"@type":"SearchAction","target":{"@type":"EntryPoint","urlTemplate":"https:\/\/hutfactory.com\/?s={search_term_string}"},"query-input":{"@type":"PropertyValueSpecification","valueRequired":true,"valueName":"search_term_string"}}],"inLanguage":"de"},{"@type":"Organization","@id":"https:\/\/hutfactory.com\/#organization","name":"Hut Factory","url":"https:\/\/hutfactory.com\/","logo":{"@type":"ImageObject","inLanguage":"de","@id":"https:\/\/hutfactory.com\/#\/schema\/logo\/image\/","url":"https:\/\/hutfactory.com\/wp-content\/uploads\/2026\/01\/Logo-hut-factory-1.webp","contentUrl":"https:\/\/hutfactory.com\/wp-content\/uploads\/2026\/01\/Logo-hut-factory-1.webp","width":300,"height":262,"caption":"Hut Factory"},"image":{"@id":"https:\/\/hutfactory.com\/#\/schema\/logo\/image\/"}}]}},"_links":{"self":[{"href":"https:\/\/hutfactory.com\/index.php?rest_route=\/wp\/v2\/product\/12853","targetHints":{"allow":["GET"]}}],"collection":[{"href":"https:\/\/hutfactory.com\/index.php?rest_route=\/wp\/v2\/product"}],"about":[{"href":"https:\/\/hutfactory.com\/index.php?rest_route=\/wp\/v2\/types\/product"}],"wp:featuredmedia":[{"embeddable":true,"href":"https:\/\/hutfactory.com\/index.php?rest_route=\/wp\/v2\/media\/12855"}],"wp:attachment":[{"href":"https:\/\/hutfactory.com\/index.php?rest_route=%2Fwp%2Fv2%2Fmedia&parent=12853"}],"wp:term":[{"taxonomy":"product_brand","embeddable":true,"href":"https:\/\/hutfactory.com\/index.php?rest_route=%2Fwp%2Fv2%2Fproduct_brand&post=12853"},{"taxonomy":"product_cat","embeddable":true,"href":"https:\/\/hutfactory.com\/index.php?rest_route=%2Fwp%2Fv2%2Fproduct_cat&post=12853"},{"taxonomy":"product_tag","embeddable":true,"href":"https:\/\/hutfactory.com\/index.php?rest_route=%2Fwp%2Fv2%2Fproduct_tag&post=12853"}],"curies":[{"name":"wp","href":"https:\/\/api.w.org\/{rel}","templated":true}]}}