{"id":12847,"date":"2026-02-14T09:37:52","date_gmt":"2026-02-14T09:37:52","guid":{"rendered":"https:\/\/hutfactory.com\/?product=gambler-westernhut-premium-biber"},"modified":"2026-02-17T11:14:18","modified_gmt":"2026-02-17T11:14:18","slug":"gambler-westernhut-premium-biber","status":"publish","type":"product","link":"https:\/\/hutfactory.com\/?product=gambler-westernhut-premium-biber","title":{"rendered":"Gambler Westernhut &#8211; Premium Biber"},"content":{"rendered":"<h3 data-start=\"0\" data-end=\"85\"><strong data-start=\"4\" data-end=\"85\">Hollywood trifft Western-Tradition: Gambler Premium Biberhut \u201eWild Wild West\u201c<\/strong><\/h3>\n<p data-start=\"87\" data-end=\"501\">Dieser Hut wurde nach dem Vorbild nach dem Hut den <a href=\"https:\/\/www.youtube.com\/watch?v=_zXKtfKnfT8\">Will Smith im Western Kinohit Wild, Wild West<\/a> tr\u00e4gt. Dieser <strong data-start=\"192\" data-end=\"220\">Premium Biberhut<\/strong> wurde von einem Meisterhutmacher mit h\u00f6chster Schweizer Handwerkskunst geformt . Ein Gambler Hut ist ein traditioneller Westernhut, der seinen Namen von dem typischen Westernspiel &#8220;Poker&#8221; ableitet. vDie flache Krone und die markant breite Krempe sorgen f\u00fcr einen charakteristischen Auftritt, w\u00e4hrend das edle Biberfilz-Material f\u00fcr au\u00dfergew\u00f6hnliche Langlebigkeit, Formstabilit\u00e4t und luxuri\u00f6sen Tragekomfort steht.<\/p>\n<p data-start=\"503\" data-end=\"819\">Das Design ist authentisch an die Filmvorlage angelehnt \u2013 wahlweise mit feinstem Rebsband oder einem aufwendig gearbeiteten Lederhutband. Jedes St\u00fcck wird in der traditionsreichen <strong data-start=\"683\" data-end=\"705\">Hutmanufaktur Risa<\/strong> im Herzen Europas individuell von Hand gefertigt \u2013 ein Sammlerst\u00fcck f\u00fcr Film- und Westernliebhaber gleicherma\u00dfen.<\/p>\n<h3 data-start=\"826\" data-end=\"849\"><strong data-start=\"830\" data-end=\"849\">Perfekt f\u00fcr\u2026\u00a0<\/strong><\/h3>\n<p data-start=\"1010\" data-end=\"1048\"><strong data-start=\"1014\" data-end=\"1048\"> \u00a0<\/strong>Westernreiten, Country-Konzerte, Old West Events, Film- und Cosplay-Auftritte oder als stilvolles Statement-Piece f\u00fcr Liebhaber seltener Kopfbedeckungen.<\/p>\n<p data-start=\"826\" data-end=\"849\">F\u00fcr Natur- und Stilbewusste &#8211; Ideal f\u00fcr alle, die Wert auf seltene Premium-Materialien, authentische Optik und nachhaltige Schweizer Handwerkskunst legen.<\/p>\n<p data-start=\"826\" data-end=\"849\"><strong>Achtung:<\/strong> Das Goldband \u00fcber dem Hutband aus Rebs ist Deko und deshalb nicht im Lieferumgang enthalten.<\/p>\n<div class=\"hf-accordions\">\n<hr class=\"hf-accordion-separator\" \/>\n<details class=\"hf-accordion\">\n<summary><strong>\u25b6\ufe0f Gut zu wissen \u2013 mehr erfahren<\/strong><\/summary>\n<div class=\"hf-accordion-content\">\n<h3>Produktdetails<\/h3>\n<h4>Material &amp; Design<\/h4>\n<ul>\n<li><strong>Material:<\/strong> aus Premium Biberfilz<\/li>\n<li><strong>Farben:<\/strong> Schwarz, Braun, Camel (Ockerfarben), Hellgrau, Hellbeige<\/li>\n<li><strong>Krempe:<\/strong> Leicht geschwungen, Randbreite ca. 9,0 cm<\/li>\n<li><strong>Kopfh\u00f6he:<\/strong> ca. 10,0 cm<\/li>\n<li><strong>Garnitur:<\/strong> Rebsband in diversen Farben, wahlweise mit Masche oder Traverse<\/li>\n<li><strong>Hutrand:<\/strong> Mit oder ohne Einfassung erh\u00e4ltlich<\/li>\n<li><strong>Innenband:<\/strong> Flexibles Stretchband (optional Kalbslederschwei\u00dfband)<\/li>\n<li><strong>Innenleben:<\/strong> Atmungsaktiv, ungef\u00fcttert; optional mit Innenhut in sechs Farben<\/li>\n<\/ul>\n<h4>Herstellung &amp; Lieferung<\/h4>\n<ul>\n<li><strong>Herstellungsort:<\/strong> Schweizer Hutmanufaktur Risa<\/li>\n<li><strong>Fertigungszeit:<\/strong> 10 bis 15 Arbeitstage nach Zahlungseingang<\/li>\n<li><strong>Versand:<\/strong> Innerhalb weniger Tage ab Fertigstellung<\/li>\n<\/ul>\n<h4>Handwerkskunst &amp; Nachhaltigkeit<\/h4>\n<ul>\n<li><strong>Tradition:<\/strong> \u00dcber ein Jahrhundert Handwerkskunst seit 1919<\/li>\n<li><strong>Nachhaltigkeit:<\/strong> Verwendung umweltfreundlicher Materialien und lokale Fertigung<\/li>\n<\/ul>\n<\/div>\n<\/details>\n<details class=\"hf-accordion\">\n<summary><strong>\u25b6\ufe0f FAQ \u2013 H\u00e4ufige Fragen<\/strong><\/summary>\n<div class=\"hf-accordion-content\">\n<h3>FAQ \u2013 H\u00e4ufige Fragen<\/h3>\n<ol>\n<li><strong>In welchen Gr\u00f6\u00dfen ist der Hut erh\u00e4ltlich?<\/strong><br \/>\nDer \u201eGambler\u201c ist in den Gr\u00f6\u00dfen 54 bis 62 verf\u00fcgbar.<\/li>\n<li><strong>Kann der Hut individuell angepasst werden?<\/strong><br \/>\nJa, er kann mit einem Innenhut in sechs Farben oder einem Kalbslederschwei\u00dfband ausgestattet werden.<\/li>\n<li><strong>Ist der Hut wetterfest?<\/strong><br \/>\nDer veredelte Wollfilz bietet Schutz vor leichtem Regen und Wind.<\/li>\n<li><strong>Wie lange dauert die Fertigung?<\/strong><br \/>\nDie Herstellung dauert 10 bis 15 Arbeitstage nach Zahlungseingang.<\/li>\n<li><strong>Gibt es eine R\u00fcckgabem\u00f6glichkeit?<\/strong><br \/>\nR\u00fcckgaben sind nur bei Material- oder Herstellungsfehlern m\u00f6glich, da der Hut individuell gefertigt wird.<\/li>\n<\/ol>\n<\/div>\n<\/details>\n<\/div>\n","protected":false},"excerpt":{"rendered":"<h3><strong data-start=\"1044\" data-end=\"1087\">Ein St\u00fcck Filmgeschichte f\u00fcr Ihren Kopf<\/strong><\/h3>\n<p>Mit dem Gambler Premium Biberhut \u201eWild Wild West\u201c tragen Sie nicht nur eine au\u00dfergew\u00f6hnliche Kopfbedeckung, sondern ein Symbol f\u00fcr Stil, Geschichte und Schweizer Handwerkskunst. Ob auf der Ranch, bei einem Western-Event oder als Sammlerst\u00fcck \u2013 dieser Hut wird Sie ein Leben lang begleiten.<\/p>\n","protected":false},"featured_media":13721,"template":"","meta":{"_acf_changed":false,"rs_blank_template":"","rs_page_bg_color":"","slide_template_v7":""},"product_brand":[250],"product_cat":[258,257],"product_tag":[],"class_list":{"0":"post-12847","1":"product","2":"type-product","3":"status-publish","4":"has-post-thumbnail","6":"product_brand-risa-hutwerkstatt-schweiz","7":"product_cat-western-cowboyhuete","8":"product_cat-westernhuete","9":"product_shipping_class-grosse-pakete","10":"pa_color-biber-braun","11":"pa_color-biber-hbeige","12":"pa_color-biber-hgrau","13":"pa_color-biber-ocker","14":"pa_color-biber-schwarz","15":"pa_color-textil-hutband-anthrazit-a08","16":"pa_color-textil-hutband-blau-a13","17":"pa_color-textil-hutband-braun-a63","18":"pa_color-textil-hutband-braun-a93","19":"pa_color-textil-hutband-creme-a04","20":"pa_color-textil-hutband-grau-a42","21":"pa_color-textil-hutband-graubraun-a63","22":"pa_color-textil-hutband-gruen-a113","23":"pa_color-textil-hutband-hbeige-k107","24":"pa_color-textil-hutband-hgrau-a165","25":"pa_color-textil-hutband-nougat-a136","26":"pa_color-textil-hutband-rot-a133","27":"pa_color-textil-hutband-schwarz-a02","28":"pa_groesse-206","29":"pa_groesse-196","30":"pa_groesse-207","31":"pa_groesse-197","32":"pa_groesse-208","33":"pa_groesse-198","34":"pa_groesse-209","35":"pa_groesse-199","36":"pa_groesse-210","37":"pa_groesse-213","38":"pa_krempe-randeinfassung-ja","39":"pa_krempe-randeinfassung-nein","40":"pa_masche-hutband-masche","41":"pa_masche-hutband-traverse-gerade","42":"yith_product_brand-risa-hutwerkstatt-schweiz","45":"instock","46":"taxable","47":"shipping-taxable","48":"purchasable","49":"product-type-variable","50":"wvs-archive-product-wrapper","51":"add-to-wishlist-after_add_to_cart"},"acf":[],"yoast_head":"<!-- This site is optimized with the Yoast SEO Premium plugin v27.3 (Yoast SEO v27.3) - https:\/\/yoast.com\/product\/yoast-seo-premium-wordpress\/ -->\n<title>Gambler Premium Biberhut \u2013 inspiriert von Wild Wild West<\/title>\n<meta name=\"description\" content=\"Dieser von Meisterhand gefertigte Western Biberhut Gambler in Schwarz, Braun, Hellgrau oder Camel bietet einen unvergleichlichen Tragekomfort.\" \/>\n<meta name=\"robots\" content=\"index, follow, max-snippet:-1, max-image-preview:large, max-video-preview:-1\" \/>\n<link rel=\"canonical\" href=\"https:\/\/hutfactory.com\/?product=gambler-westernhut-premium-biber\" \/>\n<meta property=\"og:locale\" content=\"de_DE\" \/>\n<meta property=\"og:type\" content=\"article\" \/>\n<meta property=\"og:title\" content=\"Gambler Westernhut - Premium Biber\" \/>\n<meta property=\"og:description\" content=\"Dieser von Meisterhand gefertigte Western Biberhut Gambler in Schwarz, Braun, Hellgrau oder Camel bietet einen unvergleichlichen Tragekomfort.\" \/>\n<meta property=\"og:url\" content=\"https:\/\/hutfactory.com\/?product=gambler-westernhut-premium-biber\" \/>\n<meta property=\"og:site_name\" content=\"Hut Factory\" \/>\n<meta property=\"article:modified_time\" content=\"2026-02-17T11:14:18+00:00\" \/>\n<meta property=\"og:image\" content=\"https:\/\/hutfactory.com\/wp-content\/uploads\/2026\/02\/Westernhut-Gambler-aus-Wollfilz-1.webp\" \/>\n\t<meta property=\"og:image:width\" content=\"1512\" \/>\n\t<meta property=\"og:image:height\" content=\"1134\" \/>\n\t<meta property=\"og:image:type\" content=\"image\/webp\" \/>\n<meta name=\"twitter:card\" content=\"summary_large_image\" \/>\n<meta name=\"twitter:label1\" content=\"Gesch\u00e4tzte Lesezeit\" \/>\n\t<meta name=\"twitter:data1\" content=\"3\u00a0Minuten\" \/>\n<script type=\"application\/ld+json\" class=\"yoast-schema-graph\">{\"@context\":\"https:\\\/\\\/schema.org\",\"@graph\":[{\"@type\":\"WebPage\",\"@id\":\"https:\\\/\\\/hutfactory.com\\\/?product=gambler-westernhut-premium-biber\",\"url\":\"https:\\\/\\\/hutfactory.com\\\/?product=gambler-westernhut-premium-biber\",\"name\":\"Gambler Premium Biberhut \u2013 inspiriert von Wild Wild West\",\"isPartOf\":{\"@id\":\"https:\\\/\\\/hutfactory.com\\\/#website\"},\"primaryImageOfPage\":{\"@id\":\"https:\\\/\\\/hutfactory.com\\\/?product=gambler-westernhut-premium-biber#primaryimage\"},\"image\":{\"@id\":\"https:\\\/\\\/hutfactory.com\\\/?product=gambler-westernhut-premium-biber#primaryimage\"},\"thumbnailUrl\":\"https:\\\/\\\/hutfactory.com\\\/wp-content\\\/uploads\\\/2026\\\/02\\\/Westernhut-Gambler-aus-Wollfilz-1.webp\",\"datePublished\":\"2026-02-14T09:37:52+00:00\",\"dateModified\":\"2026-02-17T11:14:18+00:00\",\"description\":\"Dieser von Meisterhand gefertigte Western Biberhut Gambler in Schwarz, Braun, Hellgrau oder Camel bietet einen unvergleichlichen Tragekomfort.\",\"breadcrumb\":{\"@id\":\"https:\\\/\\\/hutfactory.com\\\/?product=gambler-westernhut-premium-biber#breadcrumb\"},\"inLanguage\":\"de\",\"potentialAction\":[{\"@type\":\"ReadAction\",\"target\":[\"https:\\\/\\\/hutfactory.com\\\/?product=gambler-westernhut-premium-biber\"]}]},{\"@type\":\"ImageObject\",\"inLanguage\":\"de\",\"@id\":\"https:\\\/\\\/hutfactory.com\\\/?product=gambler-westernhut-premium-biber#primaryimage\",\"url\":\"https:\\\/\\\/hutfactory.com\\\/wp-content\\\/uploads\\\/2026\\\/02\\\/Westernhut-Gambler-aus-Wollfilz-1.webp\",\"contentUrl\":\"https:\\\/\\\/hutfactory.com\\\/wp-content\\\/uploads\\\/2026\\\/02\\\/Westernhut-Gambler-aus-Wollfilz-1.webp\",\"width\":1512,\"height\":1134},{\"@type\":\"BreadcrumbList\",\"@id\":\"https:\\\/\\\/hutfactory.com\\\/?product=gambler-westernhut-premium-biber#breadcrumb\",\"itemListElement\":[{\"@type\":\"ListItem\",\"position\":1,\"name\":\"Start\",\"item\":\"https:\\\/\\\/hutfactory.com\\\/\"},{\"@type\":\"ListItem\",\"position\":2,\"name\":\"Shop\",\"item\":\"https:\\\/\\\/hutfactory.com\\\/?page_id=10\"},{\"@type\":\"ListItem\",\"position\":3,\"name\":\"Gambler Westernhut &#8211; Premium Biber\"}]},{\"@type\":\"WebSite\",\"@id\":\"https:\\\/\\\/hutfactory.com\\\/#website\",\"url\":\"https:\\\/\\\/hutfactory.com\\\/\",\"name\":\"Hut Factory\",\"description\":\"H\u00fcte, Kappen &amp; M\u00fctzen in Top Swiss\\\/EU Qualit\u00e4t\",\"publisher\":{\"@id\":\"https:\\\/\\\/hutfactory.com\\\/#organization\"},\"alternateName\":\"Hut Shop\",\"potentialAction\":[{\"@type\":\"SearchAction\",\"target\":{\"@type\":\"EntryPoint\",\"urlTemplate\":\"https:\\\/\\\/hutfactory.com\\\/?s={search_term_string}\"},\"query-input\":{\"@type\":\"PropertyValueSpecification\",\"valueRequired\":true,\"valueName\":\"search_term_string\"}}],\"inLanguage\":\"de\"},{\"@type\":\"Organization\",\"@id\":\"https:\\\/\\\/hutfactory.com\\\/#organization\",\"name\":\"Hut Factory\",\"url\":\"https:\\\/\\\/hutfactory.com\\\/\",\"logo\":{\"@type\":\"ImageObject\",\"inLanguage\":\"de\",\"@id\":\"https:\\\/\\\/hutfactory.com\\\/#\\\/schema\\\/logo\\\/image\\\/\",\"url\":\"https:\\\/\\\/hutfactory.com\\\/wp-content\\\/uploads\\\/2026\\\/01\\\/Logo-hut-factory-1.webp\",\"contentUrl\":\"https:\\\/\\\/hutfactory.com\\\/wp-content\\\/uploads\\\/2026\\\/01\\\/Logo-hut-factory-1.webp\",\"width\":300,\"height\":262,\"caption\":\"Hut Factory\"},\"image\":{\"@id\":\"https:\\\/\\\/hutfactory.com\\\/#\\\/schema\\\/logo\\\/image\\\/\"}}]}<\/script>\n<!-- \/ Yoast SEO Premium plugin. -->","yoast_head_json":{"title":"Gambler Premium Biberhut \u2013 inspiriert von Wild Wild West","description":"Dieser von Meisterhand gefertigte Western Biberhut Gambler in Schwarz, Braun, Hellgrau oder Camel bietet einen unvergleichlichen Tragekomfort.","robots":{"index":"index","follow":"follow","max-snippet":"max-snippet:-1","max-image-preview":"max-image-preview:large","max-video-preview":"max-video-preview:-1"},"canonical":"https:\/\/hutfactory.com\/?product=gambler-westernhut-premium-biber","og_locale":"de_DE","og_type":"article","og_title":"Gambler Westernhut - Premium Biber","og_description":"Dieser von Meisterhand gefertigte Western Biberhut Gambler in Schwarz, Braun, Hellgrau oder Camel bietet einen unvergleichlichen Tragekomfort.","og_url":"https:\/\/hutfactory.com\/?product=gambler-westernhut-premium-biber","og_site_name":"Hut Factory","article_modified_time":"2026-02-17T11:14:18+00:00","og_image":[{"width":1512,"height":1134,"url":"https:\/\/hutfactory.com\/wp-content\/uploads\/2026\/02\/Westernhut-Gambler-aus-Wollfilz-1.webp","type":"image\/webp"}],"twitter_card":"summary_large_image","twitter_misc":{"Gesch\u00e4tzte Lesezeit":"3\u00a0Minuten"},"schema":{"@context":"https:\/\/schema.org","@graph":[{"@type":"WebPage","@id":"https:\/\/hutfactory.com\/?product=gambler-westernhut-premium-biber","url":"https:\/\/hutfactory.com\/?product=gambler-westernhut-premium-biber","name":"Gambler Premium Biberhut \u2013 inspiriert von Wild Wild West","isPartOf":{"@id":"https:\/\/hutfactory.com\/#website"},"primaryImageOfPage":{"@id":"https:\/\/hutfactory.com\/?product=gambler-westernhut-premium-biber#primaryimage"},"image":{"@id":"https:\/\/hutfactory.com\/?product=gambler-westernhut-premium-biber#primaryimage"},"thumbnailUrl":"https:\/\/hutfactory.com\/wp-content\/uploads\/2026\/02\/Westernhut-Gambler-aus-Wollfilz-1.webp","datePublished":"2026-02-14T09:37:52+00:00","dateModified":"2026-02-17T11:14:18+00:00","description":"Dieser von Meisterhand gefertigte Western Biberhut Gambler in Schwarz, Braun, Hellgrau oder Camel bietet einen unvergleichlichen Tragekomfort.","breadcrumb":{"@id":"https:\/\/hutfactory.com\/?product=gambler-westernhut-premium-biber#breadcrumb"},"inLanguage":"de","potentialAction":[{"@type":"ReadAction","target":["https:\/\/hutfactory.com\/?product=gambler-westernhut-premium-biber"]}]},{"@type":"ImageObject","inLanguage":"de","@id":"https:\/\/hutfactory.com\/?product=gambler-westernhut-premium-biber#primaryimage","url":"https:\/\/hutfactory.com\/wp-content\/uploads\/2026\/02\/Westernhut-Gambler-aus-Wollfilz-1.webp","contentUrl":"https:\/\/hutfactory.com\/wp-content\/uploads\/2026\/02\/Westernhut-Gambler-aus-Wollfilz-1.webp","width":1512,"height":1134},{"@type":"BreadcrumbList","@id":"https:\/\/hutfactory.com\/?product=gambler-westernhut-premium-biber#breadcrumb","itemListElement":[{"@type":"ListItem","position":1,"name":"Start","item":"https:\/\/hutfactory.com\/"},{"@type":"ListItem","position":2,"name":"Shop","item":"https:\/\/hutfactory.com\/?page_id=10"},{"@type":"ListItem","position":3,"name":"Gambler Westernhut &#8211; Premium Biber"}]},{"@type":"WebSite","@id":"https:\/\/hutfactory.com\/#website","url":"https:\/\/hutfactory.com\/","name":"Hut Factory","description":"H\u00fcte, Kappen &amp; M\u00fctzen in Top Swiss\/EU Qualit\u00e4t","publisher":{"@id":"https:\/\/hutfactory.com\/#organization"},"alternateName":"Hut Shop","potentialAction":[{"@type":"SearchAction","target":{"@type":"EntryPoint","urlTemplate":"https:\/\/hutfactory.com\/?s={search_term_string}"},"query-input":{"@type":"PropertyValueSpecification","valueRequired":true,"valueName":"search_term_string"}}],"inLanguage":"de"},{"@type":"Organization","@id":"https:\/\/hutfactory.com\/#organization","name":"Hut Factory","url":"https:\/\/hutfactory.com\/","logo":{"@type":"ImageObject","inLanguage":"de","@id":"https:\/\/hutfactory.com\/#\/schema\/logo\/image\/","url":"https:\/\/hutfactory.com\/wp-content\/uploads\/2026\/01\/Logo-hut-factory-1.webp","contentUrl":"https:\/\/hutfactory.com\/wp-content\/uploads\/2026\/01\/Logo-hut-factory-1.webp","width":300,"height":262,"caption":"Hut Factory"},"image":{"@id":"https:\/\/hutfactory.com\/#\/schema\/logo\/image\/"}}]}},"_links":{"self":[{"href":"https:\/\/hutfactory.com\/index.php?rest_route=\/wp\/v2\/product\/12847","targetHints":{"allow":["GET"]}}],"collection":[{"href":"https:\/\/hutfactory.com\/index.php?rest_route=\/wp\/v2\/product"}],"about":[{"href":"https:\/\/hutfactory.com\/index.php?rest_route=\/wp\/v2\/types\/product"}],"wp:featuredmedia":[{"embeddable":true,"href":"https:\/\/hutfactory.com\/index.php?rest_route=\/wp\/v2\/media\/13721"}],"wp:attachment":[{"href":"https:\/\/hutfactory.com\/index.php?rest_route=%2Fwp%2Fv2%2Fmedia&parent=12847"}],"wp:term":[{"taxonomy":"product_brand","embeddable":true,"href":"https:\/\/hutfactory.com\/index.php?rest_route=%2Fwp%2Fv2%2Fproduct_brand&post=12847"},{"taxonomy":"product_cat","embeddable":true,"href":"https:\/\/hutfactory.com\/index.php?rest_route=%2Fwp%2Fv2%2Fproduct_cat&post=12847"},{"taxonomy":"product_tag","embeddable":true,"href":"https:\/\/hutfactory.com\/index.php?rest_route=%2Fwp%2Fv2%2Fproduct_tag&post=12847"}],"curies":[{"name":"wp","href":"https:\/\/api.w.org\/{rel}","templated":true}]}}