{"id":12796,"date":"2026-02-14T09:37:03","date_gmt":"2026-02-14T09:37:03","guid":{"rendered":"https:\/\/hutfactory.com\/?product=western-filzhut-oklahoma-viele-anpassungsmoeglichkeiten"},"modified":"2026-02-17T08:35:34","modified_gmt":"2026-02-17T08:35:34","slug":"western-filzhut-oklahoma-viele-anpassungsmoeglichkeiten","status":"publish","type":"product","link":"https:\/\/hutfactory.com\/?product=western-filzhut-oklahoma-viele-anpassungsmoeglichkeiten","title":{"rendered":"Western Filzhut Oklahoma &#8211; div. Farbkombinationen"},"content":{"rendered":"<h3 data-start=\"0\" data-end=\"47\">Zeitloser Western-Charme mit edlem Finish<\/h3>\n<p data-start=\"49\" data-end=\"530\">Ein Klassiker der Premium Western Kollektion \u2013 dieser Hut vereint authentischen Cowboy-Stil mit feinster Schweizer Handwerkskunst. Die markante Form mit gleichm\u00e4\u00dfig geformter Krempe und der elegante Kontrast aus dunklem Wollfilz und farblich passendem Rebsband machen ihn zu einem Statement-Piece f\u00fcr Western-Liebhaber, Reiter und Modekenner. Ob beim Westernreiten, auf Country-Events oder als stilvoller Sonnenschutz \u2013 dieses Modell verleiht jedem Auftritt Charakter und Klasse.<\/p>\n<p data-start=\"532\" data-end=\"1031\">Gefertigt aus 100 % veredeltem Wollfilz, \u00fcberzeugt der Westernhut \u201eOklahoma\u201c nicht nur durch seine edle Optik, sondern auch durch seinen hohen Tragekomfort. Das atmungsaktive, ungef\u00fctterte Innere sorgt auch an w\u00e4rmeren Tagen f\u00fcr ein angenehmes Kopfklima, w\u00e4hrend die Option eines flexiblen Textil- oder luxuri\u00f6sen Kalbsleder-Schwei\u00dfbands individuellen Komfort garantiert. Die umlaufende Krempeneinfassung \u2013 wahlweise Ton in Ton mit dem Rebsband \u2013 verleiht dem Hut zus\u00e4tzliche Struktur und Eleganz. Als Option kann auch ein individuell gen\u00e4hter Innenhut in sechs Farben bestellt werden.<\/p>\n<p data-start=\"1033\" data-end=\"1266\">Jeder \u201eOklahoma\u201c wird in der traditionsreichen Schweizer Hutmanufaktur Risa auf Bestellung gefertigt. Er ist damit kein Massenprodukt, sondern ein Unikat, das mit h\u00f6chster Sorgfalt und Leidenschaft von erfahrenen Modisten entsteht.<\/p>\n<h4 data-start=\"1268\" data-end=\"1290\">Perfekt f\u00fcr\u2026<\/h4>\n<ul>\n<li data-start=\"1293\" data-end=\"1433\"><strong data-start=\"1293\" data-end=\"1317\">Sommerliche Anl\u00e4sse:<\/strong> Westernreiten, Country-Konzerte, Old-West-Events oder Cowboy Action Shooting \u2013 stilvoller Sonnenschutz inklusive.<\/li>\n<li data-start=\"1436\" data-end=\"1559\"><strong data-start=\"1436\" data-end=\"1447\">Events:<\/strong> Ideal f\u00fcr Line Dance, Westernreiten in diversen Disziplinen und alle Western-Anl\u00e4sse mit gehobenem Dresscode.<\/li>\n<li data-start=\"1562\" data-end=\"1700\"><strong data-start=\"1562\" data-end=\"1588\">Natur- &amp; Stilbewusste:<\/strong> F\u00fcr alle, die Wert auf nat\u00fcrliche Materialien, nachhaltige Handarbeit und Schweizer Qualit\u00e4tsfertigung legen.<\/li>\n<\/ul>\n<div class=\"hf-accordions\">\n<hr class=\"hf-accordion-separator\" \/>\n<details class=\"hf-accordion\">\n<summary><strong>\u25b6\ufe0f Gut zu wissen \u2013 mehr erfahren<\/strong><\/summary>\n<div class=\"hf-accordion-content\">\n<h3>Produktdetails<\/h3>\n<h4>Material &amp; Design<\/h4>\n<ul>\n<li><strong>Material:<\/strong>\u00a0100% Premium Biber<\/li>\n<li><strong>Farben:<\/strong>\u00a0Schwarz, Braun, Camel, Hellgrau, Hellbeige<\/li>\n<li><strong>Krempe:<\/strong>\u00a012,5 cm breit, vorne und hinten gleich<\/li>\n<li><strong>Kopfh\u00f6he:<\/strong>\u00a0ca. 8,2 cm<\/li>\n<li><strong>Garnitur:<\/strong>\u00a0Hutband aus feinstem Rebsband, wahlweise mit Masche oder Traverse<\/li>\n<li><strong>Hutrand:<\/strong>\u00a0Mit oder ohne Einfassung erh\u00e4ltlich<\/li>\n<li><strong>Innenband:<\/strong>\u00a0Flexibles Stretchband (optional Kalbslederschwei\u00dfband)<\/li>\n<li><strong>Innenleben:<\/strong>\u00a0Atmungsaktiv, ungef\u00fcttert; optional mit Innenhut in sechs Farben<\/li>\n<\/ul>\n<h4>Herstellung &amp; Lieferung<\/h4>\n<ul>\n<li><strong>Herstellungsort:<\/strong>\u00a0Schweizer Hutmanufaktur Risa, Europa<\/li>\n<li><strong>Fertigungszeit:<\/strong>\u00a010 bis 15 Arbeitstage nach Zahlungseingang<\/li>\n<li><strong>Versand:<\/strong>\u00a0Innerhalb weniger Tage ab Fertigstellung<\/li>\n<\/ul>\n<h4>Handwerkskunst &amp; Exklusivit\u00e4t<\/h4>\n<ul>\n<li><strong>Tradition:<\/strong>\u00a0Seit 1919 ein Synonym f\u00fcr erstklassige Handarbeit<\/li>\n<li><strong>Nachhaltigkeit:<\/strong>\u00a0Verwendung von umweltfreundlichen Materialien und Unterst\u00fctzung lokaler Gemeinschaften<\/li>\n<\/ul>\n<\/div>\n<\/details>\n<details class=\"hf-accordion\">\n<summary><strong>\u25b6\ufe0f FAQ \u2013 H\u00e4ufige Fragen<\/strong><\/summary>\n<div class=\"hf-accordion-content\">\n<h3>FAQ \u2013 H\u00e4ufige Fragen<\/h3>\n<ol>\n<li><strong>Welche Gr\u00f6\u00dfen sind erh\u00e4ltlich?<\/strong><br \/>\nDer \u201eOklahoma\u201c ist in den Gr\u00f6\u00dfen 54 bis 62 erh\u00e4ltlich.<\/li>\n<li><strong>Kann der Hut individuell angepasst werden?<\/strong><br \/>\nJa, der Hut kann mit einem Innenhut in sechs Farben oder einem Kalbslederschwei\u00dfband personalisiert werden. Zudem haben Sie die M\u00f6glichkeit mit Hutrandeinfassung oder ohne Einfassung zu bestellen.<\/li>\n<li><strong>Ist der Hut f\u00fcr warme Tage geeignet?<\/strong><br \/>\nJa, dank seines atmungsaktiven, ungef\u00fctterten Designs ist er auch bei warmen Temperaturen angenehm zu tragen.<\/li>\n<li><strong>Wie lange dauert die Fertigung?<\/strong><br \/>\nDie Fertigungszeit betr\u00e4gt 10 bis 15 Arbeitstage nach Zahlungseingang.<\/li>\n<li><strong>Kann ich den Hut zur\u00fcckgeben?<\/strong><br \/>\nR\u00fcckgaben sind nur bei Material- oder Herstellungsfehlern m\u00f6glich, da der Hut individuell gefertigt wird.<\/li>\n<\/ol>\n<\/div>\n<\/details>\n<\/div>\n","protected":false},"excerpt":{"rendered":"<h4>Ein Symbol f\u00fcr Eleganz und Tradition<\/h4>\n<p>Mit diesen Westernhut haben Sie Einfluss auf vielf\u00e4ltigen Anpassungsm\u00f6glichkeiten in Farbe und Ausstattung,\u00a0 entscheiden Sie sich f\u00fcr ein Accessoire, das Luxus, Funktionalit\u00e4t und zeitlose Eleganz vereint. Ob als stilvoller Begleiter f\u00fcr besondere Western Anl\u00e4sse oder als Ausdruck von Individualit\u00e4t \u2013 dieser Hut ist die perfekte Wahl. Bestellen Sie jetzt und erleben Sie Schweizer Handwerkskunst in ihrer sch\u00f6nsten Form! Optional: Innenhut in 6 Farben gegen Aufpreis als Zubeh\u00f6r bestellbar.<\/p>\n","protected":false},"featured_media":13686,"template":"","meta":{"_acf_changed":false,"rs_blank_template":"","rs_page_bg_color":"","slide_template_v7":""},"product_brand":[250],"product_cat":[258,257],"product_tag":[],"class_list":{"0":"post-12796","1":"product","2":"type-product","3":"status-publish","4":"has-post-thumbnail","6":"product_brand-risa-hutwerkstatt-schweiz","7":"product_cat-western-cowboyhuete","8":"product_cat-westernhuete","9":"product_shipping_class-grosse-pakete","10":"pa_color-filz-camel","11":"pa_color-filz-dunkelbraun","12":"pa_color-filz-hellgrau","13":"pa_color-filz-schwarz","14":"pa_color-textil-hutband-anthrazit-a08","15":"pa_color-textil-hutband-blau-a13","16":"pa_color-textil-hutband-braun-a63","17":"pa_color-textil-hutband-braun-a93","18":"pa_color-textil-hutband-creme-a04","19":"pa_color-textil-hutband-grau-a42","20":"pa_color-textil-hutband-graubraun-a63","21":"pa_color-textil-hutband-gruen-a113","22":"pa_color-textil-hutband-hbeige-k107","23":"pa_color-textil-hutband-hgrau-a165","24":"pa_color-textil-hutband-nougat-a136","25":"pa_color-textil-hutband-rot-a133","26":"pa_color-textil-hutband-schwarz-a02","27":"pa_groesse-206","28":"pa_groesse-196","29":"pa_groesse-207","30":"pa_groesse-197","31":"pa_groesse-208","32":"pa_groesse-198","33":"pa_groesse-209","34":"pa_groesse-199","35":"pa_groesse-210","36":"pa_krempe-randeinfassung-ja","37":"pa_krempe-randeinfassung-nein","38":"pa_masche-hutband-masche","39":"pa_masche-hutband-traverse-gerade","40":"pa_sturmband-ja","41":"pa_sturmband-nein","42":"yith_product_brand-risa-hutwerkstatt-schweiz","45":"instock","46":"taxable","47":"shipping-taxable","48":"purchasable","49":"product-type-variable","50":"wvs-archive-product-wrapper","51":"add-to-wishlist-after_add_to_cart"},"acf":[],"yoast_head":"<!-- This site is optimized with the Yoast SEO Premium plugin v27.3 (Yoast SEO v27.3) - https:\/\/yoast.com\/product\/yoast-seo-premium-wordpress\/ -->\n<title>Oklahoma Westernhut \u2013 Handgefertigt in der Schweiz<\/title>\n<meta name=\"description\" content=\"Entdecken Sie den handgefertigten Westernhut \u201eOklahoma\u201c aus 100 % Wollfilz. Schweizer Premiumqualit\u00e4t \u2013 stilvoll, langlebig &amp; nachhaltig.\" \/>\n<meta name=\"robots\" content=\"index, follow, max-snippet:-1, max-image-preview:large, max-video-preview:-1\" \/>\n<link rel=\"canonical\" href=\"https:\/\/hutfactory.com\/?product=western-filzhut-oklahoma-viele-anpassungsmoeglichkeiten\" \/>\n<meta property=\"og:locale\" content=\"de_DE\" \/>\n<meta property=\"og:type\" content=\"article\" \/>\n<meta property=\"og:title\" content=\"Western Filzhut Oklahoma - div. Farbkombinationen\" \/>\n<meta property=\"og:description\" content=\"Entdecken Sie den handgefertigten Westernhut \u201eOklahoma\u201c aus 100 % Wollfilz. Schweizer Premiumqualit\u00e4t \u2013 stilvoll, langlebig &amp; nachhaltig.\" \/>\n<meta property=\"og:url\" content=\"https:\/\/hutfactory.com\/?product=western-filzhut-oklahoma-viele-anpassungsmoeglichkeiten\" \/>\n<meta property=\"og:site_name\" content=\"Hut Factory\" \/>\n<meta property=\"article:modified_time\" content=\"2026-02-17T08:35:34+00:00\" \/>\n<meta property=\"og:image\" content=\"https:\/\/hutfactory.com\/wp-content\/uploads\/2026\/02\/72007300.3.2.a.Rebs_.webp\" \/>\n\t<meta property=\"og:image:width\" content=\"2016\" \/>\n\t<meta property=\"og:image:height\" content=\"1512\" \/>\n\t<meta property=\"og:image:type\" content=\"image\/webp\" \/>\n<meta name=\"twitter:card\" content=\"summary_large_image\" \/>\n<meta name=\"twitter:label1\" content=\"Gesch\u00e4tzte Lesezeit\" \/>\n\t<meta name=\"twitter:data1\" content=\"3\u00a0Minuten\" \/>\n<script type=\"application\/ld+json\" class=\"yoast-schema-graph\">{\"@context\":\"https:\\\/\\\/schema.org\",\"@graph\":[{\"@type\":\"WebPage\",\"@id\":\"https:\\\/\\\/hutfactory.com\\\/?product=western-filzhut-oklahoma-viele-anpassungsmoeglichkeiten\",\"url\":\"https:\\\/\\\/hutfactory.com\\\/?product=western-filzhut-oklahoma-viele-anpassungsmoeglichkeiten\",\"name\":\"Oklahoma Westernhut \u2013 Handgefertigt in der Schweiz\",\"isPartOf\":{\"@id\":\"https:\\\/\\\/hutfactory.com\\\/#website\"},\"primaryImageOfPage\":{\"@id\":\"https:\\\/\\\/hutfactory.com\\\/?product=western-filzhut-oklahoma-viele-anpassungsmoeglichkeiten#primaryimage\"},\"image\":{\"@id\":\"https:\\\/\\\/hutfactory.com\\\/?product=western-filzhut-oklahoma-viele-anpassungsmoeglichkeiten#primaryimage\"},\"thumbnailUrl\":\"https:\\\/\\\/hutfactory.com\\\/wp-content\\\/uploads\\\/2026\\\/02\\\/72007300.3.2.a.Rebs_.webp\",\"datePublished\":\"2026-02-14T09:37:03+00:00\",\"dateModified\":\"2026-02-17T08:35:34+00:00\",\"description\":\"Entdecken Sie den handgefertigten Westernhut \u201eOklahoma\u201c aus 100 % Wollfilz. Schweizer Premiumqualit\u00e4t \u2013 stilvoll, langlebig & nachhaltig.\",\"breadcrumb\":{\"@id\":\"https:\\\/\\\/hutfactory.com\\\/?product=western-filzhut-oklahoma-viele-anpassungsmoeglichkeiten#breadcrumb\"},\"inLanguage\":\"de\",\"potentialAction\":[{\"@type\":\"ReadAction\",\"target\":[\"https:\\\/\\\/hutfactory.com\\\/?product=western-filzhut-oklahoma-viele-anpassungsmoeglichkeiten\"]}]},{\"@type\":\"ImageObject\",\"inLanguage\":\"de\",\"@id\":\"https:\\\/\\\/hutfactory.com\\\/?product=western-filzhut-oklahoma-viele-anpassungsmoeglichkeiten#primaryimage\",\"url\":\"https:\\\/\\\/hutfactory.com\\\/wp-content\\\/uploads\\\/2026\\\/02\\\/72007300.3.2.a.Rebs_.webp\",\"contentUrl\":\"https:\\\/\\\/hutfactory.com\\\/wp-content\\\/uploads\\\/2026\\\/02\\\/72007300.3.2.a.Rebs_.webp\",\"width\":2016,\"height\":1512},{\"@type\":\"BreadcrumbList\",\"@id\":\"https:\\\/\\\/hutfactory.com\\\/?product=western-filzhut-oklahoma-viele-anpassungsmoeglichkeiten#breadcrumb\",\"itemListElement\":[{\"@type\":\"ListItem\",\"position\":1,\"name\":\"Start\",\"item\":\"https:\\\/\\\/hutfactory.com\\\/\"},{\"@type\":\"ListItem\",\"position\":2,\"name\":\"Shop\",\"item\":\"https:\\\/\\\/hutfactory.com\\\/?page_id=10\"},{\"@type\":\"ListItem\",\"position\":3,\"name\":\"Western Filzhut Oklahoma &#8211; div. Farbkombinationen\"}]},{\"@type\":\"WebSite\",\"@id\":\"https:\\\/\\\/hutfactory.com\\\/#website\",\"url\":\"https:\\\/\\\/hutfactory.com\\\/\",\"name\":\"Hut Factory\",\"description\":\"H\u00fcte, Kappen &amp; M\u00fctzen in Top Swiss\\\/EU Qualit\u00e4t\",\"publisher\":{\"@id\":\"https:\\\/\\\/hutfactory.com\\\/#organization\"},\"alternateName\":\"Hut Shop\",\"potentialAction\":[{\"@type\":\"SearchAction\",\"target\":{\"@type\":\"EntryPoint\",\"urlTemplate\":\"https:\\\/\\\/hutfactory.com\\\/?s={search_term_string}\"},\"query-input\":{\"@type\":\"PropertyValueSpecification\",\"valueRequired\":true,\"valueName\":\"search_term_string\"}}],\"inLanguage\":\"de\"},{\"@type\":\"Organization\",\"@id\":\"https:\\\/\\\/hutfactory.com\\\/#organization\",\"name\":\"Hut Factory\",\"url\":\"https:\\\/\\\/hutfactory.com\\\/\",\"logo\":{\"@type\":\"ImageObject\",\"inLanguage\":\"de\",\"@id\":\"https:\\\/\\\/hutfactory.com\\\/#\\\/schema\\\/logo\\\/image\\\/\",\"url\":\"https:\\\/\\\/hutfactory.com\\\/wp-content\\\/uploads\\\/2026\\\/01\\\/Logo-hut-factory-1.webp\",\"contentUrl\":\"https:\\\/\\\/hutfactory.com\\\/wp-content\\\/uploads\\\/2026\\\/01\\\/Logo-hut-factory-1.webp\",\"width\":300,\"height\":262,\"caption\":\"Hut Factory\"},\"image\":{\"@id\":\"https:\\\/\\\/hutfactory.com\\\/#\\\/schema\\\/logo\\\/image\\\/\"}}]}<\/script>\n<!-- \/ Yoast SEO Premium plugin. -->","yoast_head_json":{"title":"Oklahoma Westernhut \u2013 Handgefertigt in der Schweiz","description":"Entdecken Sie den handgefertigten Westernhut \u201eOklahoma\u201c aus 100 % Wollfilz. Schweizer Premiumqualit\u00e4t \u2013 stilvoll, langlebig & nachhaltig.","robots":{"index":"index","follow":"follow","max-snippet":"max-snippet:-1","max-image-preview":"max-image-preview:large","max-video-preview":"max-video-preview:-1"},"canonical":"https:\/\/hutfactory.com\/?product=western-filzhut-oklahoma-viele-anpassungsmoeglichkeiten","og_locale":"de_DE","og_type":"article","og_title":"Western Filzhut Oklahoma - div. Farbkombinationen","og_description":"Entdecken Sie den handgefertigten Westernhut \u201eOklahoma\u201c aus 100 % Wollfilz. Schweizer Premiumqualit\u00e4t \u2013 stilvoll, langlebig & nachhaltig.","og_url":"https:\/\/hutfactory.com\/?product=western-filzhut-oklahoma-viele-anpassungsmoeglichkeiten","og_site_name":"Hut Factory","article_modified_time":"2026-02-17T08:35:34+00:00","og_image":[{"width":2016,"height":1512,"url":"https:\/\/hutfactory.com\/wp-content\/uploads\/2026\/02\/72007300.3.2.a.Rebs_.webp","type":"image\/webp"}],"twitter_card":"summary_large_image","twitter_misc":{"Gesch\u00e4tzte Lesezeit":"3\u00a0Minuten"},"schema":{"@context":"https:\/\/schema.org","@graph":[{"@type":"WebPage","@id":"https:\/\/hutfactory.com\/?product=western-filzhut-oklahoma-viele-anpassungsmoeglichkeiten","url":"https:\/\/hutfactory.com\/?product=western-filzhut-oklahoma-viele-anpassungsmoeglichkeiten","name":"Oklahoma Westernhut \u2013 Handgefertigt in der Schweiz","isPartOf":{"@id":"https:\/\/hutfactory.com\/#website"},"primaryImageOfPage":{"@id":"https:\/\/hutfactory.com\/?product=western-filzhut-oklahoma-viele-anpassungsmoeglichkeiten#primaryimage"},"image":{"@id":"https:\/\/hutfactory.com\/?product=western-filzhut-oklahoma-viele-anpassungsmoeglichkeiten#primaryimage"},"thumbnailUrl":"https:\/\/hutfactory.com\/wp-content\/uploads\/2026\/02\/72007300.3.2.a.Rebs_.webp","datePublished":"2026-02-14T09:37:03+00:00","dateModified":"2026-02-17T08:35:34+00:00","description":"Entdecken Sie den handgefertigten Westernhut \u201eOklahoma\u201c aus 100 % Wollfilz. Schweizer Premiumqualit\u00e4t \u2013 stilvoll, langlebig & nachhaltig.","breadcrumb":{"@id":"https:\/\/hutfactory.com\/?product=western-filzhut-oklahoma-viele-anpassungsmoeglichkeiten#breadcrumb"},"inLanguage":"de","potentialAction":[{"@type":"ReadAction","target":["https:\/\/hutfactory.com\/?product=western-filzhut-oklahoma-viele-anpassungsmoeglichkeiten"]}]},{"@type":"ImageObject","inLanguage":"de","@id":"https:\/\/hutfactory.com\/?product=western-filzhut-oklahoma-viele-anpassungsmoeglichkeiten#primaryimage","url":"https:\/\/hutfactory.com\/wp-content\/uploads\/2026\/02\/72007300.3.2.a.Rebs_.webp","contentUrl":"https:\/\/hutfactory.com\/wp-content\/uploads\/2026\/02\/72007300.3.2.a.Rebs_.webp","width":2016,"height":1512},{"@type":"BreadcrumbList","@id":"https:\/\/hutfactory.com\/?product=western-filzhut-oklahoma-viele-anpassungsmoeglichkeiten#breadcrumb","itemListElement":[{"@type":"ListItem","position":1,"name":"Start","item":"https:\/\/hutfactory.com\/"},{"@type":"ListItem","position":2,"name":"Shop","item":"https:\/\/hutfactory.com\/?page_id=10"},{"@type":"ListItem","position":3,"name":"Western Filzhut Oklahoma &#8211; div. Farbkombinationen"}]},{"@type":"WebSite","@id":"https:\/\/hutfactory.com\/#website","url":"https:\/\/hutfactory.com\/","name":"Hut Factory","description":"H\u00fcte, Kappen &amp; M\u00fctzen in Top Swiss\/EU Qualit\u00e4t","publisher":{"@id":"https:\/\/hutfactory.com\/#organization"},"alternateName":"Hut Shop","potentialAction":[{"@type":"SearchAction","target":{"@type":"EntryPoint","urlTemplate":"https:\/\/hutfactory.com\/?s={search_term_string}"},"query-input":{"@type":"PropertyValueSpecification","valueRequired":true,"valueName":"search_term_string"}}],"inLanguage":"de"},{"@type":"Organization","@id":"https:\/\/hutfactory.com\/#organization","name":"Hut Factory","url":"https:\/\/hutfactory.com\/","logo":{"@type":"ImageObject","inLanguage":"de","@id":"https:\/\/hutfactory.com\/#\/schema\/logo\/image\/","url":"https:\/\/hutfactory.com\/wp-content\/uploads\/2026\/01\/Logo-hut-factory-1.webp","contentUrl":"https:\/\/hutfactory.com\/wp-content\/uploads\/2026\/01\/Logo-hut-factory-1.webp","width":300,"height":262,"caption":"Hut Factory"},"image":{"@id":"https:\/\/hutfactory.com\/#\/schema\/logo\/image\/"}}]}},"_links":{"self":[{"href":"https:\/\/hutfactory.com\/index.php?rest_route=\/wp\/v2\/product\/12796","targetHints":{"allow":["GET"]}}],"collection":[{"href":"https:\/\/hutfactory.com\/index.php?rest_route=\/wp\/v2\/product"}],"about":[{"href":"https:\/\/hutfactory.com\/index.php?rest_route=\/wp\/v2\/types\/product"}],"wp:featuredmedia":[{"embeddable":true,"href":"https:\/\/hutfactory.com\/index.php?rest_route=\/wp\/v2\/media\/13686"}],"wp:attachment":[{"href":"https:\/\/hutfactory.com\/index.php?rest_route=%2Fwp%2Fv2%2Fmedia&parent=12796"}],"wp:term":[{"taxonomy":"product_brand","embeddable":true,"href":"https:\/\/hutfactory.com\/index.php?rest_route=%2Fwp%2Fv2%2Fproduct_brand&post=12796"},{"taxonomy":"product_cat","embeddable":true,"href":"https:\/\/hutfactory.com\/index.php?rest_route=%2Fwp%2Fv2%2Fproduct_cat&post=12796"},{"taxonomy":"product_tag","embeddable":true,"href":"https:\/\/hutfactory.com\/index.php?rest_route=%2Fwp%2Fv2%2Fproduct_tag&post=12796"}],"curies":[{"name":"wp","href":"https:\/\/api.w.org\/{rel}","templated":true}]}}