{"id":12784,"date":"2026-02-14T09:37:03","date_gmt":"2026-02-14T09:37:03","guid":{"rendered":"https:\/\/hutfactory.com\/?product=westernhut-desperado-%e2%98%85-stone"},"modified":"2026-02-16T07:53:42","modified_gmt":"2026-02-16T07:53:42","slug":"westernhut-desperado-%e2%98%85-stone","status":"publish","type":"product","link":"https:\/\/hutfactory.com\/?product=westernhut-desperado-%e2%98%85-stone","title":{"rendered":"Westernhut Desperado \u2605 Stone"},"content":{"rendered":"<h3 data-start=\"0\" data-end=\"74\"><strong data-start=\"4\" data-end=\"74\">Markanter Auftritt garantiert: Westerncharme mit Stil und Substanz<\/strong><\/h3>\n<p data-start=\"76\" data-end=\"497\">Dieser handgefertigte Premium Westernhut vereint zeitlose Eleganz mit funktionaler Westerntradition \u2013 ein Must-have f\u00fcr Reiter, Country-Fans und stilbewusste Westernliebhaber. Die markant geformte Krempe und die klare Silhouette bringen den Spirit des Wilden Westens direkt in den Alltag. Seine edle Verarbeitung aus veredeltem Wollfilz macht ihn zum verl\u00e4sslichen Begleiter bei Wind, Wetter und Sonne \u2013 mit Stilgarantie.<\/p>\n<p data-start=\"542\" data-end=\"1160\">Mit seiner klassischen, symmetrischen Westernkrempe \u2013 vorn und hinten gleich geschwungen, seitlich elegant nach oben gezogen \u2013 strahlt der <strong data-start=\"681\" data-end=\"714\">Westernhut Desperado <\/strong>Selbstbewusstsein und Charakter aus. Die hohe, markante Krone (ca. 12.5 cm) sorgt f\u00fcr eine souver\u00e4ne Silhouette, w\u00e4hrend das braune Lederhutband mit dezenter Ziernaht f\u00fcr eine geschmackvolle Garnitur sorgt. Der Desperado ist aus robustem, veredeltem und wasserabweisendem Filzmaterial gefertigt, das auch bei starkem Regen trocken bleibt und schnell wieder trocknet. Durch die hohe Krone und breite Krempe bietet er zuverl\u00e4ssigen Schutz vor Sonne und h\u00e4lt den Kopf bei k\u00fchleren Temperaturen angenehm warm \u2013 perfekt f\u00fcr den Ranch-Alltag, das Westernreiten oder stilvolle Auftritte bei Country-Events.<\/p>\n<p data-start=\"1162\" data-end=\"1545\">Das angenehm zu tragende, sauber eingen\u00e4hte <strong data-start=\"1206\" data-end=\"1228\">Textil-Schwei\u00dfband<\/strong> passt sich ideal der Kopfform an \u2013 eine wichtige Eigenschaft f\u00fcr Reiter. Als Option ist der Hut auch mit <strong data-start=\"1334\" data-end=\"1360\">Kalbsleder-Schwei\u00dfband<\/strong> in Schwarz oder Dunkelbraun erh\u00e4ltlich und kann zus\u00e4tzlich als Option mit einer Wildschur bestellt werden, das Sturmband bietet zus\u00e4tzlichen Halt bei Wind und Wetter. <strong>Vier edle Farbvarianten \u2013 Steingrau,<\/strong> Dunkelbraun, Schwarz und Camel \u2013 bieten maximale Kombinationsfreiheit f\u00fcr Western- und Alltags-Outfits.<\/p>\n<p data-start=\"1547\" data-end=\"1710\">Jedes Modell wird individuell in der renommierten Schweizer Hutmanufaktur <strong data-start=\"1621\" data-end=\"1629\">Risa<\/strong> gefertigt \u2013 mit Liebe zum Detail und echter Handarbeit, die man sieht und sp\u00fcrt.<\/p>\n<h3 data-start=\"1716\" data-end=\"1739\"><strong data-start=\"1720\" data-end=\"1739\">Perfekt f\u00fcr\u2026 <\/strong><\/h3>\n<p data-start=\"1741\" data-end=\"2095\">Ob <strong data-start=\"1744\" data-end=\"1761\">Westernreiten <\/strong>(wie Cutting, Working Cow Horse, Reining, Trail, Western Pleasure, Western- &amp; Ranch Riding), <strong data-start=\"1763\" data-end=\"1789\">Cowboy Action Shooting<\/strong>, <strong data-start=\"1791\" data-end=\"1811\">Country-Konzerte<\/strong>, <strong data-start=\"1813\" data-end=\"1827\">Line Dance<\/strong> oder <strong data-start=\"1833\" data-end=\"1852\">Old West Events<\/strong> \u2013 dieser Westernhut verleiht jedem Auftritt eine authentische Note mit eleganter Pr\u00e4senz.<br data-start=\"1942\" data-end=\"1945\" \/>F\u00fcr Natur- und Traditionsliebhaber: Nachhaltige Handarbeit aus der Schweiz, keine Massenware, sondern ein Einzelst\u00fcck mit Geschichte und Charakter.<\/p>\n<div class=\"hf-accordions\">\n<hr class=\"hf-accordion-separator\" \/>\n<details class=\"hf-accordion\">\n<summary><strong>\u25b6\ufe0f Gut zu wissen \u2013 mehr erfahren<\/strong><\/summary>\n<div class=\"hf-accordion-content\">\n<p><strong>Wichtige Produktdetails:<\/strong><\/p>\n<ul>\n<li><strong>Material &amp; Design:<\/strong>\n<ul>\n<li>100 % veredelter Wollfilz in Hellgrau \u2013 robust, langlebig und formbest\u00e4ndig<\/li>\n<li>Schwarzes Lederband mit feiner Naht als stilvolle Garnitur<\/li>\n<li>Breite: ca. 8,6 cm; Kopfh\u00f6he: ca. 12,5 cm<\/li>\n<li><strong>Die Krempe ist vorne schmaler als hinten geschwungen<\/strong><\/li>\n<\/ul>\n<\/li>\n<\/ul>\n<ul>\n<li><strong>Handwerkskunst &amp; Exklusivit\u00e4t:<\/strong>\n<ul>\n<li>Hergestellt in der Schweizer Hutmanufaktur Risa<\/li>\n<li>Sorgf\u00e4ltige Verarbeitung und traditionelles Handwerk<\/li>\n<li>Individuelle Bestelloptionen f\u00fcr ein einzigartiges Trageerlebnis<\/li>\n<\/ul>\n<\/li>\n<li><strong>Herstellung und Lieferbedingungen:<\/strong>\n<ul>\n<li>Produktionszeit: 10-15 Arbeitstage nach Zahlungseingang<\/li>\n<li>Versand innerhalb weniger Tage ab Standort Schweiz<\/li>\n<li>Umtausch nur bei Material- oder Herstellungsfehlern<\/li>\n<\/ul>\n<\/li>\n<\/ul>\n<\/div>\n<\/details>\n<details class=\"hf-accordion\">\n<summary><strong>\u25b6\ufe0f FAQ \u2013 H\u00e4ufige Fragen<\/strong><\/summary>\n<div class=\"hf-accordion-content\">\n<div id=\"woocommerce-tabs\" class=\"woocommerce-tabs wc-tabs-wrapper tabs-v1 horizontal-tabs\">\n<div id=\"tab-ywtm_55986\" class=\"woocommerce-Tabs-panel woocommerce-Tabs-panel--ywtm_55986 panel entry-content wc-tab\" role=\"tabpanel\" aria-labelledby=\"tab-title-ywtm_55986\">\n<div class=\"tab-editor-container ywtm_content_tab\">\n<p><strong>FAQ:<\/strong><\/p>\n<ol>\n<li><strong>Ist der Desperado-Hut auch f\u00fcr den Outdoor-Einsatz geeignet?<\/strong><br \/>\nJa, der Wollfilz des Desperado-Hutes ist strapazierf\u00e4hig und bietet Schutz vor verschiedenen Witterungseinfl\u00fcssen. Perfekt f\u00fcr Outdoor-Abenteuer!<\/li>\n<li><strong>Welche Optionen gibt es beim Schwei\u00dfband?<\/strong><br \/>\nStandardm\u00e4\u00dfig wird ein flexibles Textil-Stretchband verwendet, ideal f\u00fcr Reiter. Auf Wunsch kann der Hut auch mit einem Kalbslederschwei\u00dfband gefertigt werden.<\/li>\n<li><strong>Kann der Hut aus Wildschur bestellt werden?<\/strong><br \/>\nJa, der Desperado ist auch in einer Variante aus reiner Wildschur erh\u00e4ltlich, was ihm ein besonders luxuri\u00f6ses Finish verleiht.<\/li>\n<li><strong>Ist der Hut wasserdicht?<\/strong><br \/>\nDer Wollfilz ist wasserabweisend und h\u00e4lt leichten Regen ab. Bei starkem Regen empfehlen wir einen zus\u00e4tzlichen Schutz.<\/li>\n<li><strong>Wie pflege ich den Hut richtig?<\/strong><br \/>\nDer Hut sollte an einem trockenen Ort aufbewahrt und regelm\u00e4\u00dfig mit einer weichen B\u00fcrste gereinigt werden. Weitere Pflegehinweise finden Sie unter:\u00a0<a href=\"https:\/\/hut-factory.com\/pflegehinweise\/\" target=\"_new\" rel=\"noopener\">Pflegehinweise<\/a>.<\/li>\n<li><strong>Kann ich den Hut zur\u00fcckgeben, wenn er nicht passt?<\/strong><br \/>\nDa der Westernhut\u00a0<em>Rodeo<\/em>\u00a0individuell auf Bestellung gefertigt wird, ist ein Umtausch nur bei Material- oder Herstellungsfehlern m\u00f6glich. Um sicherzustellen, dass der Hut perfekt passt, empfehlen wir Ihnen, bei der Bestellung Ihren genauen Kopfumfang in Zentimetern und Millimetern anzugeben. Zus\u00e4tzlich bieten wir ein\u00a0<strong><em><a href=\"https:\/\/hut-factory.com\/product\/mass-set-fuer-das-abbilden-ihrer-kopfform\/\" target=\"_blank\" rel=\"noopener\">Tool zur Ermittlung Ihrer individuellen Kopfform<\/a>\u00a0<\/em><\/strong>an, das Sie mitbestellen k\u00f6nnen. Damit passen wir den Hut exakt an Ihre Kopfform an, sodass er optimal sitzt.<\/li>\n<\/ol>\n<\/div>\n<\/div>\n<\/div>\n<div class=\"related upsells widget products\"><\/div>\n<\/div>\n<\/details>\n<\/div>\n","protected":false},"excerpt":{"rendered":"<h3><strong>Der perfekte Hut f\u00fcr Western-Fans und Westernreiter<\/strong><\/h3>\n<p>Mit dem Steingrauen Westernhut Desperado holen Sie sich ein St\u00fcck Wild West in Ihren Kleiderschrank \u2013 robust, elegant und mit echter Schweizer Handwerkskunst gefertigt. Ob beim Westernreiten oder als stilvolles Accessoire f\u00fcr jeden Tag, der Desperado begleitet Sie mit Stil und Komfort auf all Ihren Wegen. Greifen Sie zu und erleben Sie die Kombination aus Tradition und Abenteuer!<\/p>\n","protected":false},"featured_media":13190,"template":"","meta":{"_acf_changed":false,"rs_blank_template":"","rs_page_bg_color":"","slide_template_v7":""},"product_brand":[250],"product_cat":[258,257],"product_tag":[],"class_list":{"0":"post-12784","1":"product","2":"type-product","3":"status-publish","4":"has-post-thumbnail","6":"product_brand-risa-hutwerkstatt-schweiz","7":"product_cat-western-cowboyhuete","8":"product_cat-westernhuete","9":"product_shipping_class-grosse-pakete","10":"pa_color-filz-hellgrau","11":"pa_groesse-206","12":"pa_groesse-196","13":"pa_groesse-207","14":"pa_groesse-197","15":"pa_groesse-208","16":"pa_groesse-198","17":"pa_groesse-209","18":"pa_groesse-199","19":"pa_groesse-210","20":"pa_sturmband-ja","21":"pa_sturmband-nein","22":"yith_product_brand-risa-hutwerkstatt-schweiz","25":"instock","26":"taxable","27":"shipping-taxable","28":"purchasable","29":"product-type-variable","30":"wvs-archive-product-wrapper","31":"add-to-wishlist-after_add_to_cart"},"acf":[],"yoast_head":"<!-- This site is optimized with the Yoast SEO Premium plugin v27.3 (Yoast SEO v27.3) - https:\/\/yoast.com\/product\/yoast-seo-premium-wordpress\/ -->\n<title>Westernhut aus Wollfilz \u2013 Desperado Stone - Swiss Handmade<\/title>\n<meta name=\"description\" content=\"Westernhut Desperado Stone aus veredeltem Wollfilz. Handgefertigt in der Schweiz. Ideal f\u00fcr Reiten, Country Events &amp; Westernstil. Jetzt entdecken!\" \/>\n<meta name=\"robots\" content=\"index, follow, max-snippet:-1, max-image-preview:large, max-video-preview:-1\" \/>\n<link rel=\"canonical\" href=\"https:\/\/hutfactory.com\/?product=westernhut-desperado-\u2605-stone\" \/>\n<meta property=\"og:locale\" content=\"de_DE\" \/>\n<meta property=\"og:type\" content=\"article\" \/>\n<meta property=\"og:title\" content=\"Westernhut Desperado \u2605 Stone\" \/>\n<meta property=\"og:description\" content=\"Westernhut Desperado Stone aus veredeltem Wollfilz. Handgefertigt in der Schweiz. Ideal f\u00fcr Reiten, Country Events &amp; Westernstil. Jetzt entdecken!\" \/>\n<meta property=\"og:url\" content=\"https:\/\/hutfactory.com\/?product=westernhut-desperado-\u2605-stone\" \/>\n<meta property=\"og:site_name\" content=\"Hut Factory\" \/>\n<meta property=\"article:modified_time\" content=\"2026-02-16T07:53:42+00:00\" \/>\n<meta property=\"og:image\" content=\"https:\/\/hutfactory.com\/wp-content\/uploads\/2026\/02\/70600760.4-1.webp\" \/>\n\t<meta property=\"og:image:width\" content=\"2016\" \/>\n\t<meta property=\"og:image:height\" content=\"1512\" \/>\n\t<meta property=\"og:image:type\" content=\"image\/webp\" \/>\n<meta name=\"twitter:card\" content=\"summary_large_image\" \/>\n<meta name=\"twitter:label1\" content=\"Gesch\u00e4tzte Lesezeit\" \/>\n\t<meta name=\"twitter:data1\" content=\"4\u00a0Minuten\" \/>\n<script type=\"application\/ld+json\" class=\"yoast-schema-graph\">{\"@context\":\"https:\\\/\\\/schema.org\",\"@graph\":[{\"@type\":\"WebPage\",\"@id\":\"https:\\\/\\\/hutfactory.com\\\/?product=westernhut-desperado-%e2%98%85-stone\",\"url\":\"https:\\\/\\\/hutfactory.com\\\/?product=westernhut-desperado-%e2%98%85-stone\",\"name\":\"Westernhut aus Wollfilz \u2013 Desperado Stone - Swiss Handmade\",\"isPartOf\":{\"@id\":\"https:\\\/\\\/hutfactory.com\\\/#website\"},\"primaryImageOfPage\":{\"@id\":\"https:\\\/\\\/hutfactory.com\\\/?product=westernhut-desperado-%e2%98%85-stone#primaryimage\"},\"image\":{\"@id\":\"https:\\\/\\\/hutfactory.com\\\/?product=westernhut-desperado-%e2%98%85-stone#primaryimage\"},\"thumbnailUrl\":\"https:\\\/\\\/hutfactory.com\\\/wp-content\\\/uploads\\\/2026\\\/02\\\/70600760.4-1.webp\",\"datePublished\":\"2026-02-14T09:37:03+00:00\",\"dateModified\":\"2026-02-16T07:53:42+00:00\",\"description\":\"Westernhut Desperado Stone aus veredeltem Wollfilz. Handgefertigt in der Schweiz. Ideal f\u00fcr Reiten, Country Events & Westernstil. Jetzt entdecken!\",\"breadcrumb\":{\"@id\":\"https:\\\/\\\/hutfactory.com\\\/?product=westernhut-desperado-%e2%98%85-stone#breadcrumb\"},\"inLanguage\":\"de\",\"potentialAction\":[{\"@type\":\"ReadAction\",\"target\":[\"https:\\\/\\\/hutfactory.com\\\/?product=westernhut-desperado-%e2%98%85-stone\"]}]},{\"@type\":\"ImageObject\",\"inLanguage\":\"de\",\"@id\":\"https:\\\/\\\/hutfactory.com\\\/?product=westernhut-desperado-%e2%98%85-stone#primaryimage\",\"url\":\"https:\\\/\\\/hutfactory.com\\\/wp-content\\\/uploads\\\/2026\\\/02\\\/70600760.4-1.webp\",\"contentUrl\":\"https:\\\/\\\/hutfactory.com\\\/wp-content\\\/uploads\\\/2026\\\/02\\\/70600760.4-1.webp\",\"width\":2016,\"height\":1512},{\"@type\":\"BreadcrumbList\",\"@id\":\"https:\\\/\\\/hutfactory.com\\\/?product=westernhut-desperado-%e2%98%85-stone#breadcrumb\",\"itemListElement\":[{\"@type\":\"ListItem\",\"position\":1,\"name\":\"Start\",\"item\":\"https:\\\/\\\/hutfactory.com\\\/\"},{\"@type\":\"ListItem\",\"position\":2,\"name\":\"Shop\",\"item\":\"https:\\\/\\\/hutfactory.com\\\/?page_id=10\"},{\"@type\":\"ListItem\",\"position\":3,\"name\":\"Westernhut Desperado \u2605 Stone\"}]},{\"@type\":\"WebSite\",\"@id\":\"https:\\\/\\\/hutfactory.com\\\/#website\",\"url\":\"https:\\\/\\\/hutfactory.com\\\/\",\"name\":\"Hut Factory\",\"description\":\"H\u00fcte, Kappen &amp; M\u00fctzen in Top Swiss\\\/EU Qualit\u00e4t\",\"publisher\":{\"@id\":\"https:\\\/\\\/hutfactory.com\\\/#organization\"},\"alternateName\":\"Hut Shop\",\"potentialAction\":[{\"@type\":\"SearchAction\",\"target\":{\"@type\":\"EntryPoint\",\"urlTemplate\":\"https:\\\/\\\/hutfactory.com\\\/?s={search_term_string}\"},\"query-input\":{\"@type\":\"PropertyValueSpecification\",\"valueRequired\":true,\"valueName\":\"search_term_string\"}}],\"inLanguage\":\"de\"},{\"@type\":\"Organization\",\"@id\":\"https:\\\/\\\/hutfactory.com\\\/#organization\",\"name\":\"Hut Factory\",\"url\":\"https:\\\/\\\/hutfactory.com\\\/\",\"logo\":{\"@type\":\"ImageObject\",\"inLanguage\":\"de\",\"@id\":\"https:\\\/\\\/hutfactory.com\\\/#\\\/schema\\\/logo\\\/image\\\/\",\"url\":\"https:\\\/\\\/hutfactory.com\\\/wp-content\\\/uploads\\\/2026\\\/01\\\/Logo-hut-factory-1.webp\",\"contentUrl\":\"https:\\\/\\\/hutfactory.com\\\/wp-content\\\/uploads\\\/2026\\\/01\\\/Logo-hut-factory-1.webp\",\"width\":300,\"height\":262,\"caption\":\"Hut Factory\"},\"image\":{\"@id\":\"https:\\\/\\\/hutfactory.com\\\/#\\\/schema\\\/logo\\\/image\\\/\"}}]}<\/script>\n<!-- \/ Yoast SEO Premium plugin. -->","yoast_head_json":{"title":"Westernhut aus Wollfilz \u2013 Desperado Stone - Swiss Handmade","description":"Westernhut Desperado Stone aus veredeltem Wollfilz. Handgefertigt in der Schweiz. Ideal f\u00fcr Reiten, Country Events & Westernstil. Jetzt entdecken!","robots":{"index":"index","follow":"follow","max-snippet":"max-snippet:-1","max-image-preview":"max-image-preview:large","max-video-preview":"max-video-preview:-1"},"canonical":"https:\/\/hutfactory.com\/?product=westernhut-desperado-\u2605-stone","og_locale":"de_DE","og_type":"article","og_title":"Westernhut Desperado \u2605 Stone","og_description":"Westernhut Desperado Stone aus veredeltem Wollfilz. Handgefertigt in der Schweiz. Ideal f\u00fcr Reiten, Country Events & Westernstil. Jetzt entdecken!","og_url":"https:\/\/hutfactory.com\/?product=westernhut-desperado-\u2605-stone","og_site_name":"Hut Factory","article_modified_time":"2026-02-16T07:53:42+00:00","og_image":[{"width":2016,"height":1512,"url":"https:\/\/hutfactory.com\/wp-content\/uploads\/2026\/02\/70600760.4-1.webp","type":"image\/webp"}],"twitter_card":"summary_large_image","twitter_misc":{"Gesch\u00e4tzte Lesezeit":"4\u00a0Minuten"},"schema":{"@context":"https:\/\/schema.org","@graph":[{"@type":"WebPage","@id":"https:\/\/hutfactory.com\/?product=westernhut-desperado-%e2%98%85-stone","url":"https:\/\/hutfactory.com\/?product=westernhut-desperado-%e2%98%85-stone","name":"Westernhut aus Wollfilz \u2013 Desperado Stone - Swiss Handmade","isPartOf":{"@id":"https:\/\/hutfactory.com\/#website"},"primaryImageOfPage":{"@id":"https:\/\/hutfactory.com\/?product=westernhut-desperado-%e2%98%85-stone#primaryimage"},"image":{"@id":"https:\/\/hutfactory.com\/?product=westernhut-desperado-%e2%98%85-stone#primaryimage"},"thumbnailUrl":"https:\/\/hutfactory.com\/wp-content\/uploads\/2026\/02\/70600760.4-1.webp","datePublished":"2026-02-14T09:37:03+00:00","dateModified":"2026-02-16T07:53:42+00:00","description":"Westernhut Desperado Stone aus veredeltem Wollfilz. Handgefertigt in der Schweiz. Ideal f\u00fcr Reiten, Country Events & Westernstil. Jetzt entdecken!","breadcrumb":{"@id":"https:\/\/hutfactory.com\/?product=westernhut-desperado-%e2%98%85-stone#breadcrumb"},"inLanguage":"de","potentialAction":[{"@type":"ReadAction","target":["https:\/\/hutfactory.com\/?product=westernhut-desperado-%e2%98%85-stone"]}]},{"@type":"ImageObject","inLanguage":"de","@id":"https:\/\/hutfactory.com\/?product=westernhut-desperado-%e2%98%85-stone#primaryimage","url":"https:\/\/hutfactory.com\/wp-content\/uploads\/2026\/02\/70600760.4-1.webp","contentUrl":"https:\/\/hutfactory.com\/wp-content\/uploads\/2026\/02\/70600760.4-1.webp","width":2016,"height":1512},{"@type":"BreadcrumbList","@id":"https:\/\/hutfactory.com\/?product=westernhut-desperado-%e2%98%85-stone#breadcrumb","itemListElement":[{"@type":"ListItem","position":1,"name":"Start","item":"https:\/\/hutfactory.com\/"},{"@type":"ListItem","position":2,"name":"Shop","item":"https:\/\/hutfactory.com\/?page_id=10"},{"@type":"ListItem","position":3,"name":"Westernhut Desperado \u2605 Stone"}]},{"@type":"WebSite","@id":"https:\/\/hutfactory.com\/#website","url":"https:\/\/hutfactory.com\/","name":"Hut Factory","description":"H\u00fcte, Kappen &amp; M\u00fctzen in Top Swiss\/EU Qualit\u00e4t","publisher":{"@id":"https:\/\/hutfactory.com\/#organization"},"alternateName":"Hut Shop","potentialAction":[{"@type":"SearchAction","target":{"@type":"EntryPoint","urlTemplate":"https:\/\/hutfactory.com\/?s={search_term_string}"},"query-input":{"@type":"PropertyValueSpecification","valueRequired":true,"valueName":"search_term_string"}}],"inLanguage":"de"},{"@type":"Organization","@id":"https:\/\/hutfactory.com\/#organization","name":"Hut Factory","url":"https:\/\/hutfactory.com\/","logo":{"@type":"ImageObject","inLanguage":"de","@id":"https:\/\/hutfactory.com\/#\/schema\/logo\/image\/","url":"https:\/\/hutfactory.com\/wp-content\/uploads\/2026\/01\/Logo-hut-factory-1.webp","contentUrl":"https:\/\/hutfactory.com\/wp-content\/uploads\/2026\/01\/Logo-hut-factory-1.webp","width":300,"height":262,"caption":"Hut Factory"},"image":{"@id":"https:\/\/hutfactory.com\/#\/schema\/logo\/image\/"}}]}},"_links":{"self":[{"href":"https:\/\/hutfactory.com\/index.php?rest_route=\/wp\/v2\/product\/12784","targetHints":{"allow":["GET"]}}],"collection":[{"href":"https:\/\/hutfactory.com\/index.php?rest_route=\/wp\/v2\/product"}],"about":[{"href":"https:\/\/hutfactory.com\/index.php?rest_route=\/wp\/v2\/types\/product"}],"wp:featuredmedia":[{"embeddable":true,"href":"https:\/\/hutfactory.com\/index.php?rest_route=\/wp\/v2\/media\/13190"}],"wp:attachment":[{"href":"https:\/\/hutfactory.com\/index.php?rest_route=%2Fwp%2Fv2%2Fmedia&parent=12784"}],"wp:term":[{"taxonomy":"product_brand","embeddable":true,"href":"https:\/\/hutfactory.com\/index.php?rest_route=%2Fwp%2Fv2%2Fproduct_brand&post=12784"},{"taxonomy":"product_cat","embeddable":true,"href":"https:\/\/hutfactory.com\/index.php?rest_route=%2Fwp%2Fv2%2Fproduct_cat&post=12784"},{"taxonomy":"product_tag","embeddable":true,"href":"https:\/\/hutfactory.com\/index.php?rest_route=%2Fwp%2Fv2%2Fproduct_tag&post=12784"}],"curies":[{"name":"wp","href":"https:\/\/api.w.org\/{rel}","templated":true}]}}