{"id":11672,"date":"2026-02-09T13:49:57","date_gmt":"2026-02-09T13:49:57","guid":{"rendered":"https:\/\/hutfactory.com\/?product=outdoorhut-aus-robusten-wetterfesten-filz-2"},"modified":"2026-02-09T14:49:59","modified_gmt":"2026-02-09T14:49:59","slug":"outdoorhut-aus-robusten-wetterfesten-filz-2","status":"publish","type":"product","link":"https:\/\/hutfactory.com\/?product=outdoorhut-aus-robusten-wetterfesten-filz-2","title":{"rendered":"Cowboyhut aus robusten, wetterfesten Filz"},"content":{"rendered":"<div class=\"wpb-content-wrapper\"><p>[vc_row][vc_column][vc_column_text css=&#8221;&#8221;]<\/p>\n<h4><strong>Ein Meisterwerk f\u00fcr Sonne, Regen oder Schnee<\/strong><\/h4>\n<p>Der Cowboyhut Classic wird aus 100% hochwertigem Wollfilz gefertigt und in einem traditionellen italienischen Handwerksbetrieb f\u00fcr die Risa Hutwerkstatt hergestellt. Mit einer beeindruckenden Kopfh\u00f6he von 12.5 cm und einer Randbreite von 8-8.5 cm bietet er nicht nur optimalen Schutz, sondern auch eine markante Silhouette. Das hellbraune Lederband mit stilvollen Messingschnallen verleiht dem Hut eine besondere Note und betont seinen Abenteuer-Charakter. Ein eingen\u00e4htes Textil-Schwei\u00dfband sorgt f\u00fcr Komfort, auch bei l\u00e4ngerem Tragen. Der Hut ist in den Farben Hellbeige, Schwarz und Braun erh\u00e4ltlich und wird in limitierter Auflage produziert, was seine Exklusivit\u00e4t unterstreicht.<\/p>\n<h3 data-start=\"1807\" data-end=\"1825\">Perfekt f\u00fcr\u2026<\/h3>\n<p data-start=\"1826\" data-end=\"2051\"><strong data-start=\"1829\" data-end=\"1850\">Abenteuer-Liebhaber<\/strong> \u2013 authentischer Outdoor-Look f\u00fcr Alltag und Western-Events.<br data-start=\"1906\" data-end=\"1909\" \/><strong data-start=\"1912\" data-end=\"1932\">Outdoor &amp; Reisen<\/strong> \u2013 zuverl\u00e4ssiger Begleiter mit Schutzfunktion.<br data-start=\"1978\" data-end=\"1981\" \/><strong data-start=\"1984\" data-end=\"2000\">Modebewusste<\/strong> \u2013 eleganter Statement-Hut, der Outfits veredelt.<\/p>\n<div class=\"hf-accordions\">\n<hr class=\"hf-accordion-separator\" \/>\n<details class=\"hf-accordion\">\n<summary><strong>\u25b6\ufe0f Gut zu wissen \u2013 mehr erfahren<\/strong><\/summary>\n<div class=\"hf-accordion-content\"><\/div>\n<\/details>\n<details class=\"hf-accordion\">\n<summary><strong>\u25b6\ufe0f FAQ \u2013 H\u00e4ufige Fragen<\/strong><\/summary>\n<div class=\"hf-accordion-content\"><\/div>\n<\/details>\n<\/div>\n<p>[\/vc_column_text][\/vc_column][\/vc_row]<\/p>\n<\/div>","protected":false},"excerpt":{"rendered":"<h4 data-start=\"4953\" data-end=\"4999\"><strong>Ein Cowboyhut, der Stil und Funktion vereint:<\/strong><\/h4>\n<p data-start=\"5000\" data-end=\"5343\">Dieser Cowboyhut aus der Western Kollektion verk\u00f6rpert Handwerkskunst, Langlebigkeit und Eleganz. Mit wetterfestem Wollfilz, klassischem Design und sorgf\u00e4ltiger Verarbeitung wird er zum zeitlosen Begleiter. Entdecken Sie die Exklusivit\u00e4t von Risa und genie\u00dfen Sie Beratung, Qualit\u00e4t und Tradition \u2013 aus dem Herzen Europas.<\/p>\n","protected":false},"featured_media":11671,"template":"","meta":{"_acf_changed":false,"rs_blank_template":"","rs_page_bg_color":"","slide_template_v7":""},"product_brand":[250],"product_cat":[252,251,254,258,257,253],"product_tag":[],"class_list":{"0":"post-11672","1":"product","2":"type-product","3":"status-publish","4":"has-post-thumbnail","6":"product_brand-risa-hutwerkstatt-schweiz","7":"product_cat-country-all-saison-huete","8":"product_cat-huete-all-saison-huete","9":"product_cat-outdoor-winterhuete","10":"product_cat-western-cowboyhuete","11":"product_cat-westernhuete","12":"product_cat-winterhuete","13":"pa_color-braun","14":"pa_color-hbeige","15":"pa_color-schwarz","16":"pa_groesse-196","17":"pa_groesse-197","18":"pa_groesse-198","19":"pa_groesse-199","20":"yith_product_brand-risa-hutwerkstatt-schweiz","23":"instock","24":"taxable","25":"shipping-taxable","26":"purchasable","27":"product-type-variable","28":"wvs-archive-product-wrapper","29":"add-to-wishlist-after_add_to_cart"},"acf":[],"yoast_head":"<!-- This site is optimized with the Yoast SEO Premium plugin v27.3 (Yoast SEO v27.3) - https:\/\/yoast.com\/product\/yoast-seo-premium-wordpress\/ -->\n<title>Cowboyhut aus robusten, wetterfesten Filz - Hut Factory<\/title>\n<meta name=\"robots\" content=\"index, follow, max-snippet:-1, max-image-preview:large, max-video-preview:-1\" \/>\n<link rel=\"canonical\" href=\"https:\/\/hutfactory.com\/?product=outdoorhut-aus-robusten-wetterfesten-filz-2\" \/>\n<meta property=\"og:locale\" content=\"de_DE\" \/>\n<meta property=\"og:type\" content=\"article\" \/>\n<meta property=\"og:title\" content=\"Cowboyhut aus robusten, wetterfesten Filz\" \/>\n<meta property=\"og:description\" content=\"Ein Cowboyhut, der Stil und Funktion vereint: Dieser Cowboyhut aus der Western Kollektion verk\u00f6rpert Handwerkskunst, Langlebigkeit und Eleganz. Mit wetterfestem Wollfilz, klassischem Design und sorgf\u00e4ltiger Verarbeitung wird er zum zeitlosen Begleiter. Entdecken Sie die Exklusivit\u00e4t von Risa und genie\u00dfen Sie Beratung, Qualit\u00e4t und Tradition \u2013 aus dem Herzen Europas.\" \/>\n<meta property=\"og:url\" content=\"https:\/\/hutfactory.com\/?product=outdoorhut-aus-robusten-wetterfesten-filz-2\" \/>\n<meta property=\"og:site_name\" content=\"Hut Factory\" \/>\n<meta property=\"article:modified_time\" content=\"2026-02-09T14:49:59+00:00\" \/>\n<meta property=\"og:image\" content=\"https:\/\/hutfactory.com\/wp-content\/uploads\/2026\/02\/00945.webp\" \/>\n\t<meta property=\"og:image:width\" content=\"2016\" \/>\n\t<meta property=\"og:image:height\" content=\"1512\" \/>\n\t<meta property=\"og:image:type\" content=\"image\/webp\" \/>\n<meta name=\"twitter:card\" content=\"summary_large_image\" \/>\n<meta name=\"twitter:label1\" content=\"Gesch\u00e4tzte Lesezeit\" \/>\n\t<meta name=\"twitter:data1\" content=\"1\u00a0Minute\" \/>\n<script type=\"application\/ld+json\" class=\"yoast-schema-graph\">{\"@context\":\"https:\\\/\\\/schema.org\",\"@graph\":[{\"@type\":\"WebPage\",\"@id\":\"https:\\\/\\\/hutfactory.com\\\/?product=outdoorhut-aus-robusten-wetterfesten-filz-2\",\"url\":\"https:\\\/\\\/hutfactory.com\\\/?product=outdoorhut-aus-robusten-wetterfesten-filz-2\",\"name\":\"Cowboyhut aus robusten, wetterfesten Filz - Hut Factory\",\"isPartOf\":{\"@id\":\"https:\\\/\\\/hutfactory.com\\\/#website\"},\"primaryImageOfPage\":{\"@id\":\"https:\\\/\\\/hutfactory.com\\\/?product=outdoorhut-aus-robusten-wetterfesten-filz-2#primaryimage\"},\"image\":{\"@id\":\"https:\\\/\\\/hutfactory.com\\\/?product=outdoorhut-aus-robusten-wetterfesten-filz-2#primaryimage\"},\"thumbnailUrl\":\"https:\\\/\\\/hutfactory.com\\\/wp-content\\\/uploads\\\/2026\\\/02\\\/00945.webp\",\"datePublished\":\"2026-02-09T13:49:57+00:00\",\"dateModified\":\"2026-02-09T14:49:59+00:00\",\"breadcrumb\":{\"@id\":\"https:\\\/\\\/hutfactory.com\\\/?product=outdoorhut-aus-robusten-wetterfesten-filz-2#breadcrumb\"},\"inLanguage\":\"de\",\"potentialAction\":[{\"@type\":\"ReadAction\",\"target\":[\"https:\\\/\\\/hutfactory.com\\\/?product=outdoorhut-aus-robusten-wetterfesten-filz-2\"]}]},{\"@type\":\"ImageObject\",\"inLanguage\":\"de\",\"@id\":\"https:\\\/\\\/hutfactory.com\\\/?product=outdoorhut-aus-robusten-wetterfesten-filz-2#primaryimage\",\"url\":\"https:\\\/\\\/hutfactory.com\\\/wp-content\\\/uploads\\\/2026\\\/02\\\/00945.webp\",\"contentUrl\":\"https:\\\/\\\/hutfactory.com\\\/wp-content\\\/uploads\\\/2026\\\/02\\\/00945.webp\",\"width\":2016,\"height\":1512,\"caption\":\"Outdoorhut aus 100% Wollfilz mit Wildlederband und Schnalle|Outdoorhut aus 100% Wollfilz mit Wildlederband und Schnalle|Outdoorhut aus 100% Wollfilz mit Wildlederband und Schnalle|Outdoorhut aus 100% Wollfilz mit Wildlederband und Schnalle\"},{\"@type\":\"BreadcrumbList\",\"@id\":\"https:\\\/\\\/hutfactory.com\\\/?product=outdoorhut-aus-robusten-wetterfesten-filz-2#breadcrumb\",\"itemListElement\":[{\"@type\":\"ListItem\",\"position\":1,\"name\":\"Start\",\"item\":\"https:\\\/\\\/hutfactory.com\\\/\"},{\"@type\":\"ListItem\",\"position\":2,\"name\":\"Shop\",\"item\":\"https:\\\/\\\/hutfactory.com\\\/?page_id=10\"},{\"@type\":\"ListItem\",\"position\":3,\"name\":\"Cowboyhut aus robusten, wetterfesten Filz\"}]},{\"@type\":\"WebSite\",\"@id\":\"https:\\\/\\\/hutfactory.com\\\/#website\",\"url\":\"https:\\\/\\\/hutfactory.com\\\/\",\"name\":\"Hut Factory\",\"description\":\"H\u00fcte, Kappen &amp; M\u00fctzen in Top Swiss\\\/EU Qualit\u00e4t\",\"publisher\":{\"@id\":\"https:\\\/\\\/hutfactory.com\\\/#organization\"},\"alternateName\":\"Hut Shop\",\"potentialAction\":[{\"@type\":\"SearchAction\",\"target\":{\"@type\":\"EntryPoint\",\"urlTemplate\":\"https:\\\/\\\/hutfactory.com\\\/?s={search_term_string}\"},\"query-input\":{\"@type\":\"PropertyValueSpecification\",\"valueRequired\":true,\"valueName\":\"search_term_string\"}}],\"inLanguage\":\"de\"},{\"@type\":\"Organization\",\"@id\":\"https:\\\/\\\/hutfactory.com\\\/#organization\",\"name\":\"Hut Factory\",\"url\":\"https:\\\/\\\/hutfactory.com\\\/\",\"logo\":{\"@type\":\"ImageObject\",\"inLanguage\":\"de\",\"@id\":\"https:\\\/\\\/hutfactory.com\\\/#\\\/schema\\\/logo\\\/image\\\/\",\"url\":\"https:\\\/\\\/hutfactory.com\\\/wp-content\\\/uploads\\\/2026\\\/01\\\/Logo-hut-factory-1.webp\",\"contentUrl\":\"https:\\\/\\\/hutfactory.com\\\/wp-content\\\/uploads\\\/2026\\\/01\\\/Logo-hut-factory-1.webp\",\"width\":300,\"height\":262,\"caption\":\"Hut Factory\"},\"image\":{\"@id\":\"https:\\\/\\\/hutfactory.com\\\/#\\\/schema\\\/logo\\\/image\\\/\"}}]}<\/script>\n<!-- \/ Yoast SEO Premium plugin. -->","yoast_head_json":{"title":"Cowboyhut aus robusten, wetterfesten Filz - Hut Factory","robots":{"index":"index","follow":"follow","max-snippet":"max-snippet:-1","max-image-preview":"max-image-preview:large","max-video-preview":"max-video-preview:-1"},"canonical":"https:\/\/hutfactory.com\/?product=outdoorhut-aus-robusten-wetterfesten-filz-2","og_locale":"de_DE","og_type":"article","og_title":"Cowboyhut aus robusten, wetterfesten Filz","og_description":"Ein Cowboyhut, der Stil und Funktion vereint: Dieser Cowboyhut aus der Western Kollektion verk\u00f6rpert Handwerkskunst, Langlebigkeit und Eleganz. Mit wetterfestem Wollfilz, klassischem Design und sorgf\u00e4ltiger Verarbeitung wird er zum zeitlosen Begleiter. Entdecken Sie die Exklusivit\u00e4t von Risa und genie\u00dfen Sie Beratung, Qualit\u00e4t und Tradition \u2013 aus dem Herzen Europas.","og_url":"https:\/\/hutfactory.com\/?product=outdoorhut-aus-robusten-wetterfesten-filz-2","og_site_name":"Hut Factory","article_modified_time":"2026-02-09T14:49:59+00:00","og_image":[{"width":2016,"height":1512,"url":"https:\/\/hutfactory.com\/wp-content\/uploads\/2026\/02\/00945.webp","type":"image\/webp"}],"twitter_card":"summary_large_image","twitter_misc":{"Gesch\u00e4tzte Lesezeit":"1\u00a0Minute"},"schema":{"@context":"https:\/\/schema.org","@graph":[{"@type":"WebPage","@id":"https:\/\/hutfactory.com\/?product=outdoorhut-aus-robusten-wetterfesten-filz-2","url":"https:\/\/hutfactory.com\/?product=outdoorhut-aus-robusten-wetterfesten-filz-2","name":"Cowboyhut aus robusten, wetterfesten Filz - Hut Factory","isPartOf":{"@id":"https:\/\/hutfactory.com\/#website"},"primaryImageOfPage":{"@id":"https:\/\/hutfactory.com\/?product=outdoorhut-aus-robusten-wetterfesten-filz-2#primaryimage"},"image":{"@id":"https:\/\/hutfactory.com\/?product=outdoorhut-aus-robusten-wetterfesten-filz-2#primaryimage"},"thumbnailUrl":"https:\/\/hutfactory.com\/wp-content\/uploads\/2026\/02\/00945.webp","datePublished":"2026-02-09T13:49:57+00:00","dateModified":"2026-02-09T14:49:59+00:00","breadcrumb":{"@id":"https:\/\/hutfactory.com\/?product=outdoorhut-aus-robusten-wetterfesten-filz-2#breadcrumb"},"inLanguage":"de","potentialAction":[{"@type":"ReadAction","target":["https:\/\/hutfactory.com\/?product=outdoorhut-aus-robusten-wetterfesten-filz-2"]}]},{"@type":"ImageObject","inLanguage":"de","@id":"https:\/\/hutfactory.com\/?product=outdoorhut-aus-robusten-wetterfesten-filz-2#primaryimage","url":"https:\/\/hutfactory.com\/wp-content\/uploads\/2026\/02\/00945.webp","contentUrl":"https:\/\/hutfactory.com\/wp-content\/uploads\/2026\/02\/00945.webp","width":2016,"height":1512,"caption":"Outdoorhut aus 100% Wollfilz mit Wildlederband und Schnalle|Outdoorhut aus 100% Wollfilz mit Wildlederband und Schnalle|Outdoorhut aus 100% Wollfilz mit Wildlederband und Schnalle|Outdoorhut aus 100% Wollfilz mit Wildlederband und Schnalle"},{"@type":"BreadcrumbList","@id":"https:\/\/hutfactory.com\/?product=outdoorhut-aus-robusten-wetterfesten-filz-2#breadcrumb","itemListElement":[{"@type":"ListItem","position":1,"name":"Start","item":"https:\/\/hutfactory.com\/"},{"@type":"ListItem","position":2,"name":"Shop","item":"https:\/\/hutfactory.com\/?page_id=10"},{"@type":"ListItem","position":3,"name":"Cowboyhut aus robusten, wetterfesten Filz"}]},{"@type":"WebSite","@id":"https:\/\/hutfactory.com\/#website","url":"https:\/\/hutfactory.com\/","name":"Hut Factory","description":"H\u00fcte, Kappen &amp; M\u00fctzen in Top Swiss\/EU Qualit\u00e4t","publisher":{"@id":"https:\/\/hutfactory.com\/#organization"},"alternateName":"Hut Shop","potentialAction":[{"@type":"SearchAction","target":{"@type":"EntryPoint","urlTemplate":"https:\/\/hutfactory.com\/?s={search_term_string}"},"query-input":{"@type":"PropertyValueSpecification","valueRequired":true,"valueName":"search_term_string"}}],"inLanguage":"de"},{"@type":"Organization","@id":"https:\/\/hutfactory.com\/#organization","name":"Hut Factory","url":"https:\/\/hutfactory.com\/","logo":{"@type":"ImageObject","inLanguage":"de","@id":"https:\/\/hutfactory.com\/#\/schema\/logo\/image\/","url":"https:\/\/hutfactory.com\/wp-content\/uploads\/2026\/01\/Logo-hut-factory-1.webp","contentUrl":"https:\/\/hutfactory.com\/wp-content\/uploads\/2026\/01\/Logo-hut-factory-1.webp","width":300,"height":262,"caption":"Hut Factory"},"image":{"@id":"https:\/\/hutfactory.com\/#\/schema\/logo\/image\/"}}]}},"_links":{"self":[{"href":"https:\/\/hutfactory.com\/index.php?rest_route=\/wp\/v2\/product\/11672","targetHints":{"allow":["GET"]}}],"collection":[{"href":"https:\/\/hutfactory.com\/index.php?rest_route=\/wp\/v2\/product"}],"about":[{"href":"https:\/\/hutfactory.com\/index.php?rest_route=\/wp\/v2\/types\/product"}],"wp:featuredmedia":[{"embeddable":true,"href":"https:\/\/hutfactory.com\/index.php?rest_route=\/wp\/v2\/media\/11671"}],"wp:attachment":[{"href":"https:\/\/hutfactory.com\/index.php?rest_route=%2Fwp%2Fv2%2Fmedia&parent=11672"}],"wp:term":[{"taxonomy":"product_brand","embeddable":true,"href":"https:\/\/hutfactory.com\/index.php?rest_route=%2Fwp%2Fv2%2Fproduct_brand&post=11672"},{"taxonomy":"product_cat","embeddable":true,"href":"https:\/\/hutfactory.com\/index.php?rest_route=%2Fwp%2Fv2%2Fproduct_cat&post=11672"},{"taxonomy":"product_tag","embeddable":true,"href":"https:\/\/hutfactory.com\/index.php?rest_route=%2Fwp%2Fv2%2Fproduct_tag&post=11672"}],"curies":[{"name":"wp","href":"https:\/\/api.w.org\/{rel}","templated":true}]}}