{"id":11470,"date":"2026-02-09T13:46:28","date_gmt":"2026-02-09T13:46:28","guid":{"rendered":"https:\/\/hutfactory.com\/?product=fedora-wollfilz-mit-niederem-kopf"},"modified":"2026-02-12T10:31:07","modified_gmt":"2026-02-12T10:31:07","slug":"fedora-wollfilz-mit-niederem-kopf","status":"publish","type":"product","link":"https:\/\/hutfactory.com\/?product=fedora-wollfilz-mit-niederem-kopf","title":{"rendered":"Fedora Wollfilz mit niederem Kopf"},"content":{"rendered":"<h3 data-start=\"377\" data-end=\"423\"><strong>Zeitlose Eleganz f\u00fcr stilvolle Auftritte<\/strong><\/h3>\n<p data-start=\"424\" data-end=\"804\">Dieser Fedora mit seiner klassisch schmalen Krempe vereint Tradition, Qualit\u00e4t und moderne Eleganz. Gefertigt aus 100% impr\u00e4gniertem Wollfilz, \u00fcberzeugt er durch seine klare Linienf\u00fchrung, die pr\u00e4zise geformte Krone und das dezente Filzband mit Ziernaht. Das Ergebnis ist eine Kopfbedeckung, die sowohl im Alltag als auch zu besonderen Anl\u00e4ssen eine stilvolle Wirkung entfaltet.<\/p>\n<p data-start=\"806\" data-end=\"1137\">Die feine Oberfl\u00e4che und die weiche Haptik unterstreichen den luxuri\u00f6sen Charakter, w\u00e4hrend die impr\u00e4gnierte Verarbeitung Schutz vor Feuchtigkeit und Schmutz bietet. Mit einer Randbreite von vorne 6 cm und seitlich 5,5 cm sowie einer Kopfh\u00f6he von 10 cm ist dieser Hut die perfekte Balance aus Komfort, Eleganz und Funktionalit\u00e4t.<\/p>\n<h4 data-start=\"1443\" data-end=\"1465\"><strong data-start=\"1446\" data-end=\"1463\">Perfekt f\u00fcr\u2026\u26c4<\/strong><\/h4>\n<p data-start=\"1467\" data-end=\"1725\">\u2744\ufe0f <strong data-start=\"1470\" data-end=\"1497\">Herbst- und Wintertage:<\/strong> W\u00e4rmender Begleiter bei Wind und Wetter.<br data-start=\"1538\" data-end=\"1541\" \/><strong data-start=\"1544\" data-end=\"1567\">Elegante Auftritte:<\/strong> Ideal f\u00fcr gesellschaftliche Anl\u00e4sse mit Stil.<br data-start=\"1613\" data-end=\"1616\" \/><strong data-start=\"1619\" data-end=\"1647\">Nachhaltigkeitsbewusste:<\/strong> Gefertigt aus nat\u00fcrlichen, langlebigen Materialien in Schweizer Handarbeit.<\/p>\n<div class=\"hf-accordions\">\n<hr class=\"hf-accordion-separator\" \/>\n<details class=\"hf-accordion\">\n<summary><strong>\u25b6\ufe0f Gut zu wissen \u2013 mehr erfahren<\/strong><\/summary>\n<div class=\"hf-accordion-content\">\n<h3>Wichtige Produktdetails:<\/h3>\n<ul>\n<li><strong>Materialzusammensetzung:<\/strong>\u00a0100% Haarfilz \u2013 f\u00fcr Langlebigkeit und eine formstabile Struktur<\/li>\n<li><strong>Muster:<\/strong>\u00a0Auff\u00e4llige Ziern\u00e4hte links, rechts, vorne und hinten \u2013 ein extravagantes Detail f\u00fcr einen markanten<\/li>\n<li><strong>Randbreite:<\/strong>\u00a04,5 cm \u2013 f\u00fcr den klassischen Bowler-Look<\/li>\n<li><strong>Kopfh\u00f6he:<\/strong>\u00a012,0 cm \u2013 f\u00fcr eine markante, aber dennoch traditionelle Form<\/li>\n<li><strong>Farben:\u00a0<\/strong>1. Schwarz mit Rebsband &amp; Lederkordel, 2.\u00a0Salbei mit Rebsband &amp; Lederkordel<\/li>\n<li><strong>Gr\u00f6\u00dfen:<\/strong>\u00a0Verf\u00fcgbar in den Gr\u00f6\u00dfen 54-62 \u2013 f\u00fcr eine perfekte Passform<\/li>\n<li><strong>Hutband:<\/strong>\u00a0Rebsband mit Lederkordel und einem dekorativen Qualit\u00e4tsknopf auf der Masche \u2013 sorgt f\u00fcr ein stilvolles<\/li>\n<li><strong>Schwei\u00dfband:<\/strong>\u00a0Sauber eingen\u00e4htes Textilinnenband als Schwei\u00dfband \u2013 f\u00fcr h\u00f6chsten Tragekomfort und langanhaltende<\/li>\n<li><strong>Fertigungsort:<\/strong>\u00a0Handgefertigt in der renommierten\u00a0<strong>Schweizer Hutmanufaktur Risa<\/strong>. Diese Manufaktur steht seit Jahren f\u00fcr handwerkliche Perfektion und innovative Designs.<\/li>\n<li><strong>Fertigungszeit:<\/strong>\u00a0Jeder Hut wird auf Bestellung gefertigt, sodass Exklusivit\u00e4t und Individualit\u00e4t garantiert sind. Die Herstellung dauert in der Regel\u00a0<strong>10 bis 15 Arbeitstage nach Zahlungseingang<\/strong>.<\/li>\n<li><strong>Versand:<\/strong>\u00a0Nach Fertigstellung des Hutes wird dieser direkt ab Lager Schweiz versendet, sodass Sie Ihren Hut schnell und zuverl\u00e4ssig erhalten.<\/li>\n<li><strong>Garantie:<\/strong>\u00a0Umtausch ist nur bei Material- oder Herstellungsfehlern m\u00f6glich, da es sich um eine ma\u00dfgefertigte Sonderanfertigung handelt.<\/li>\n<li><strong>Verf\u00fcgbarkeit:<\/strong>\u00a0Da die H\u00fcte in limitierter Auflage produziert werden, empfehlen wir eine fr\u00fchzeitige Bestellung, um sich Ihr exklusives Modell zu sichern. Sollte das Rohmaterial ausverkauft sein, kann es zu Verz\u00f6gerungen kommen.<\/li>\n<\/ul>\n<\/div>\n<\/details>\n<details class=\"hf-accordion\">\n<summary><strong>\u25b6\ufe0f FAQ \u2013 H\u00e4ufige Fragen<\/strong><\/summary>\n<div class=\"hf-accordion-content\">\n<h3>H\u00e4ufige Fragen und Antworten (FAQ)<\/h3>\n<p><strong>1. Wie pflege ich meinen Bowler Rugged \u201csewn and burned\u201d richtig?<\/strong><br \/>\nEs wird empfohlen, den Hut regelm\u00e4\u00dfig mit einer weichen B\u00fcrste zu reinigen. Bei tiefer gehendem Schmutz sollte eine professionelle Hutreinigung in Anspruch genommen werden.<\/p>\n<p><strong>2. In welchen Gr\u00f6\u00dfen ist der Hut erh\u00e4ltlich?<\/strong><br \/>\nDer Bowler Rugged ist in den Gr\u00f6\u00dfen 54 bis 62 verf\u00fcgbar und bietet somit f\u00fcr jeden Tr\u00e4ger die perfekte Passform.<\/p>\n<p><strong>3. Kann ich den Hut umtauschen, wenn er mir nicht passt?<\/strong><br \/>\nDa der Hut auf Bestellung gefertigt wird, ist ein Umtausch nur bei Material- oder Herstellungsfehlern m\u00f6glich. Bitte beachten Sie dies bei Ihrer Bestellung.<\/p>\n<p><strong>4. Wo wird der Hut hergestellt?<\/strong><br \/>\nDer Bowler Rugged wird in der Schweizer Hutmanufaktur Risa, einem traditionsreichen Handwerksbetrieb, gefertigt.<\/p>\n<p><strong>5. Wie lange dauert der Versand?<\/strong><br \/>\nNachdem der Hut gefertigt wurde, erfolgt der Versand innerhalb weniger Tage ab Lager Schweiz. Je nach Zielort kann die Lieferung variieren.<\/p>\n<\/div>\n<\/details>\n<\/div>\n","protected":false},"excerpt":{"rendered":"<h3><strong>Impr\u00e4gnierter Wollfilz &#8211; Ideal f\u00fcr jede Wetterlage<\/strong><\/h3>\n<p>Ob beim Spaziergang durch die Stadt, auf Reisen oder als stilvolles Accessoire im Business \u2013 dieser Fedora verleiht jedem Outfit eine souver\u00e4ne Note. Tragen Sie ihn leger zu Mantel oder Jacke oder kombinieren Sie ihn als elegantes Statement-Piece bei besonderen Anl\u00e4ssen.<\/p>\n","protected":false},"featured_media":11472,"template":"","meta":{"_acf_changed":false,"rs_blank_template":"","rs_page_bg_color":"","slide_template_v7":""},"product_brand":[250],"product_cat":[353,253],"product_tag":[],"class_list":{"0":"post-11470","1":"product","2":"type-product","3":"status-publish","4":"has-post-thumbnail","6":"product_brand-risa-hutwerkstatt-schweiz","7":"product_cat-fedora-winterhuete","8":"product_cat-winterhuete","9":"product_shipping_class-mittlere-pakete","10":"pa_color-dgruen","11":"pa_color-dviola","12":"pa_color-hgrau","13":"pa_color-mbeige","14":"pa_color-mbraun","15":"pa_color-orange","16":"pa_color-schwarz","17":"pa_color-taupe","18":"pa_color-zimt","19":"pa_groesse-206","20":"pa_groesse-196","21":"pa_groesse-207","22":"pa_groesse-197","23":"pa_groesse-208","24":"pa_groesse-198","25":"pa_groesse-209","26":"pa_groesse-199","27":"yith_product_brand-risa-hutwerkstatt-schweiz","30":"instock","31":"taxable","32":"shipping-taxable","33":"purchasable","34":"product-type-variable","35":"wvs-archive-product-wrapper","36":"add-to-wishlist-after_add_to_cart"},"acf":[],"yoast_head":"<!-- This site is optimized with the Yoast SEO Premium plugin v27.3 (Yoast SEO v27.3) - https:\/\/yoast.com\/product\/yoast-seo-premium-wordpress\/ -->\n<title>Fedora Wollfilz Handarbeit \u2013 Eleganter Winterhut aus Schweiz<\/title>\n<meta name=\"description\" content=\"Eleganter Fedora aus impr\u00e4gniertem Wollfilz, handgefertigt in der Schweiz. Perfekt f\u00fcr Herbst &amp; Winter \u2013 stilvoll, zeitlos, nachhaltig.\" \/>\n<meta name=\"robots\" content=\"index, follow, max-snippet:-1, max-image-preview:large, max-video-preview:-1\" \/>\n<link rel=\"canonical\" href=\"https:\/\/hutfactory.com\/?product=fedora-wollfilz-mit-niederem-kopf\" \/>\n<meta property=\"og:locale\" content=\"de_DE\" \/>\n<meta property=\"og:type\" content=\"article\" \/>\n<meta property=\"og:title\" content=\"Fedora Wollfilz mit niederem Kopf\" \/>\n<meta property=\"og:description\" content=\"Eleganter Fedora aus impr\u00e4gniertem Wollfilz, handgefertigt in der Schweiz. Perfekt f\u00fcr Herbst &amp; Winter \u2013 stilvoll, zeitlos, nachhaltig.\" \/>\n<meta property=\"og:url\" content=\"https:\/\/hutfactory.com\/?product=fedora-wollfilz-mit-niederem-kopf\" \/>\n<meta property=\"og:site_name\" content=\"Hut Factory\" \/>\n<meta property=\"article:modified_time\" content=\"2026-02-12T10:31:07+00:00\" \/>\n<meta property=\"og:image\" content=\"https:\/\/hutfactory.com\/wp-content\/uploads\/2026\/02\/70505300.alle_-1.webp\" \/>\n\t<meta property=\"og:image:width\" content=\"2016\" \/>\n\t<meta property=\"og:image:height\" content=\"1512\" \/>\n\t<meta property=\"og:image:type\" content=\"image\/webp\" \/>\n<meta name=\"twitter:card\" content=\"summary_large_image\" \/>\n<meta name=\"twitter:label1\" content=\"Gesch\u00e4tzte Lesezeit\" \/>\n\t<meta name=\"twitter:data1\" content=\"3\u00a0Minuten\" \/>\n<script type=\"application\/ld+json\" class=\"yoast-schema-graph\">{\"@context\":\"https:\\\/\\\/schema.org\",\"@graph\":[{\"@type\":\"WebPage\",\"@id\":\"https:\\\/\\\/hutfactory.com\\\/?product=fedora-wollfilz-mit-niederem-kopf\",\"url\":\"https:\\\/\\\/hutfactory.com\\\/?product=fedora-wollfilz-mit-niederem-kopf\",\"name\":\"Fedora Wollfilz Handarbeit \u2013 Eleganter Winterhut aus Schweiz\",\"isPartOf\":{\"@id\":\"https:\\\/\\\/hutfactory.com\\\/#website\"},\"primaryImageOfPage\":{\"@id\":\"https:\\\/\\\/hutfactory.com\\\/?product=fedora-wollfilz-mit-niederem-kopf#primaryimage\"},\"image\":{\"@id\":\"https:\\\/\\\/hutfactory.com\\\/?product=fedora-wollfilz-mit-niederem-kopf#primaryimage\"},\"thumbnailUrl\":\"https:\\\/\\\/hutfactory.com\\\/wp-content\\\/uploads\\\/2026\\\/02\\\/70505300.alle_-1.webp\",\"datePublished\":\"2026-02-09T13:46:28+00:00\",\"dateModified\":\"2026-02-12T10:31:07+00:00\",\"description\":\"Eleganter Fedora aus impr\u00e4gniertem Wollfilz, handgefertigt in der Schweiz. Perfekt f\u00fcr Herbst & Winter \u2013 stilvoll, zeitlos, nachhaltig.\",\"breadcrumb\":{\"@id\":\"https:\\\/\\\/hutfactory.com\\\/?product=fedora-wollfilz-mit-niederem-kopf#breadcrumb\"},\"inLanguage\":\"de\",\"potentialAction\":[{\"@type\":\"ReadAction\",\"target\":[\"https:\\\/\\\/hutfactory.com\\\/?product=fedora-wollfilz-mit-niederem-kopf\"]}]},{\"@type\":\"ImageObject\",\"inLanguage\":\"de\",\"@id\":\"https:\\\/\\\/hutfactory.com\\\/?product=fedora-wollfilz-mit-niederem-kopf#primaryimage\",\"url\":\"https:\\\/\\\/hutfactory.com\\\/wp-content\\\/uploads\\\/2026\\\/02\\\/70505300.alle_-1.webp\",\"contentUrl\":\"https:\\\/\\\/hutfactory.com\\\/wp-content\\\/uploads\\\/2026\\\/02\\\/70505300.alle_-1.webp\",\"width\":2016,\"height\":1512,\"caption\":\"Eleganter Fedora mit feiner Ziernaht|Eleganter Fedora in Schwarz mit feiner Ziernaht|Eleganter Fedora in Mittelbraun mit feiner Ziernaht|Eleganter Fedora in Orange mit feiner Ziernaht|Eleganter Fedora in Viola mit feiner Ziernaht|Eleganter Fedora in Gr\u00fcna mit feiner Ziernaht|Eleganter Fedora in Grau mit feiner Ziernaht|Eleganter Fedora in Beige mit feiner Ziernaht|Eleganter Fedora in Zimt mit feiner Ziernaht|Eleganter Fedora in Taupe mit feiner Ziernaht\"},{\"@type\":\"BreadcrumbList\",\"@id\":\"https:\\\/\\\/hutfactory.com\\\/?product=fedora-wollfilz-mit-niederem-kopf#breadcrumb\",\"itemListElement\":[{\"@type\":\"ListItem\",\"position\":1,\"name\":\"Start\",\"item\":\"https:\\\/\\\/hutfactory.com\\\/\"},{\"@type\":\"ListItem\",\"position\":2,\"name\":\"Shop\",\"item\":\"https:\\\/\\\/hutfactory.com\\\/?page_id=10\"},{\"@type\":\"ListItem\",\"position\":3,\"name\":\"Fedora Wollfilz mit niederem Kopf\"}]},{\"@type\":\"WebSite\",\"@id\":\"https:\\\/\\\/hutfactory.com\\\/#website\",\"url\":\"https:\\\/\\\/hutfactory.com\\\/\",\"name\":\"Hut Factory\",\"description\":\"H\u00fcte, Kappen &amp; M\u00fctzen in Top Swiss\\\/EU Qualit\u00e4t\",\"publisher\":{\"@id\":\"https:\\\/\\\/hutfactory.com\\\/#organization\"},\"alternateName\":\"Hut Shop\",\"potentialAction\":[{\"@type\":\"SearchAction\",\"target\":{\"@type\":\"EntryPoint\",\"urlTemplate\":\"https:\\\/\\\/hutfactory.com\\\/?s={search_term_string}\"},\"query-input\":{\"@type\":\"PropertyValueSpecification\",\"valueRequired\":true,\"valueName\":\"search_term_string\"}}],\"inLanguage\":\"de\"},{\"@type\":\"Organization\",\"@id\":\"https:\\\/\\\/hutfactory.com\\\/#organization\",\"name\":\"Hut Factory\",\"url\":\"https:\\\/\\\/hutfactory.com\\\/\",\"logo\":{\"@type\":\"ImageObject\",\"inLanguage\":\"de\",\"@id\":\"https:\\\/\\\/hutfactory.com\\\/#\\\/schema\\\/logo\\\/image\\\/\",\"url\":\"https:\\\/\\\/hutfactory.com\\\/wp-content\\\/uploads\\\/2026\\\/01\\\/Logo-hut-factory-1.webp\",\"contentUrl\":\"https:\\\/\\\/hutfactory.com\\\/wp-content\\\/uploads\\\/2026\\\/01\\\/Logo-hut-factory-1.webp\",\"width\":300,\"height\":262,\"caption\":\"Hut Factory\"},\"image\":{\"@id\":\"https:\\\/\\\/hutfactory.com\\\/#\\\/schema\\\/logo\\\/image\\\/\"}}]}<\/script>\n<!-- \/ Yoast SEO Premium plugin. -->","yoast_head_json":{"title":"Fedora Wollfilz Handarbeit \u2013 Eleganter Winterhut aus Schweiz","description":"Eleganter Fedora aus impr\u00e4gniertem Wollfilz, handgefertigt in der Schweiz. Perfekt f\u00fcr Herbst & Winter \u2013 stilvoll, zeitlos, nachhaltig.","robots":{"index":"index","follow":"follow","max-snippet":"max-snippet:-1","max-image-preview":"max-image-preview:large","max-video-preview":"max-video-preview:-1"},"canonical":"https:\/\/hutfactory.com\/?product=fedora-wollfilz-mit-niederem-kopf","og_locale":"de_DE","og_type":"article","og_title":"Fedora Wollfilz mit niederem Kopf","og_description":"Eleganter Fedora aus impr\u00e4gniertem Wollfilz, handgefertigt in der Schweiz. Perfekt f\u00fcr Herbst & Winter \u2013 stilvoll, zeitlos, nachhaltig.","og_url":"https:\/\/hutfactory.com\/?product=fedora-wollfilz-mit-niederem-kopf","og_site_name":"Hut Factory","article_modified_time":"2026-02-12T10:31:07+00:00","og_image":[{"width":2016,"height":1512,"url":"https:\/\/hutfactory.com\/wp-content\/uploads\/2026\/02\/70505300.alle_-1.webp","type":"image\/webp"}],"twitter_card":"summary_large_image","twitter_misc":{"Gesch\u00e4tzte Lesezeit":"3\u00a0Minuten"},"schema":{"@context":"https:\/\/schema.org","@graph":[{"@type":"WebPage","@id":"https:\/\/hutfactory.com\/?product=fedora-wollfilz-mit-niederem-kopf","url":"https:\/\/hutfactory.com\/?product=fedora-wollfilz-mit-niederem-kopf","name":"Fedora Wollfilz Handarbeit \u2013 Eleganter Winterhut aus Schweiz","isPartOf":{"@id":"https:\/\/hutfactory.com\/#website"},"primaryImageOfPage":{"@id":"https:\/\/hutfactory.com\/?product=fedora-wollfilz-mit-niederem-kopf#primaryimage"},"image":{"@id":"https:\/\/hutfactory.com\/?product=fedora-wollfilz-mit-niederem-kopf#primaryimage"},"thumbnailUrl":"https:\/\/hutfactory.com\/wp-content\/uploads\/2026\/02\/70505300.alle_-1.webp","datePublished":"2026-02-09T13:46:28+00:00","dateModified":"2026-02-12T10:31:07+00:00","description":"Eleganter Fedora aus impr\u00e4gniertem Wollfilz, handgefertigt in der Schweiz. Perfekt f\u00fcr Herbst & Winter \u2013 stilvoll, zeitlos, nachhaltig.","breadcrumb":{"@id":"https:\/\/hutfactory.com\/?product=fedora-wollfilz-mit-niederem-kopf#breadcrumb"},"inLanguage":"de","potentialAction":[{"@type":"ReadAction","target":["https:\/\/hutfactory.com\/?product=fedora-wollfilz-mit-niederem-kopf"]}]},{"@type":"ImageObject","inLanguage":"de","@id":"https:\/\/hutfactory.com\/?product=fedora-wollfilz-mit-niederem-kopf#primaryimage","url":"https:\/\/hutfactory.com\/wp-content\/uploads\/2026\/02\/70505300.alle_-1.webp","contentUrl":"https:\/\/hutfactory.com\/wp-content\/uploads\/2026\/02\/70505300.alle_-1.webp","width":2016,"height":1512,"caption":"Eleganter Fedora mit feiner Ziernaht|Eleganter Fedora in Schwarz mit feiner Ziernaht|Eleganter Fedora in Mittelbraun mit feiner Ziernaht|Eleganter Fedora in Orange mit feiner Ziernaht|Eleganter Fedora in Viola mit feiner Ziernaht|Eleganter Fedora in Gr\u00fcna mit feiner Ziernaht|Eleganter Fedora in Grau mit feiner Ziernaht|Eleganter Fedora in Beige mit feiner Ziernaht|Eleganter Fedora in Zimt mit feiner Ziernaht|Eleganter Fedora in Taupe mit feiner Ziernaht"},{"@type":"BreadcrumbList","@id":"https:\/\/hutfactory.com\/?product=fedora-wollfilz-mit-niederem-kopf#breadcrumb","itemListElement":[{"@type":"ListItem","position":1,"name":"Start","item":"https:\/\/hutfactory.com\/"},{"@type":"ListItem","position":2,"name":"Shop","item":"https:\/\/hutfactory.com\/?page_id=10"},{"@type":"ListItem","position":3,"name":"Fedora Wollfilz mit niederem Kopf"}]},{"@type":"WebSite","@id":"https:\/\/hutfactory.com\/#website","url":"https:\/\/hutfactory.com\/","name":"Hut Factory","description":"H\u00fcte, Kappen &amp; M\u00fctzen in Top Swiss\/EU Qualit\u00e4t","publisher":{"@id":"https:\/\/hutfactory.com\/#organization"},"alternateName":"Hut Shop","potentialAction":[{"@type":"SearchAction","target":{"@type":"EntryPoint","urlTemplate":"https:\/\/hutfactory.com\/?s={search_term_string}"},"query-input":{"@type":"PropertyValueSpecification","valueRequired":true,"valueName":"search_term_string"}}],"inLanguage":"de"},{"@type":"Organization","@id":"https:\/\/hutfactory.com\/#organization","name":"Hut Factory","url":"https:\/\/hutfactory.com\/","logo":{"@type":"ImageObject","inLanguage":"de","@id":"https:\/\/hutfactory.com\/#\/schema\/logo\/image\/","url":"https:\/\/hutfactory.com\/wp-content\/uploads\/2026\/01\/Logo-hut-factory-1.webp","contentUrl":"https:\/\/hutfactory.com\/wp-content\/uploads\/2026\/01\/Logo-hut-factory-1.webp","width":300,"height":262,"caption":"Hut Factory"},"image":{"@id":"https:\/\/hutfactory.com\/#\/schema\/logo\/image\/"}}]}},"_links":{"self":[{"href":"https:\/\/hutfactory.com\/index.php?rest_route=\/wp\/v2\/product\/11470","targetHints":{"allow":["GET"]}}],"collection":[{"href":"https:\/\/hutfactory.com\/index.php?rest_route=\/wp\/v2\/product"}],"about":[{"href":"https:\/\/hutfactory.com\/index.php?rest_route=\/wp\/v2\/types\/product"}],"wp:featuredmedia":[{"embeddable":true,"href":"https:\/\/hutfactory.com\/index.php?rest_route=\/wp\/v2\/media\/11472"}],"wp:attachment":[{"href":"https:\/\/hutfactory.com\/index.php?rest_route=%2Fwp%2Fv2%2Fmedia&parent=11470"}],"wp:term":[{"taxonomy":"product_brand","embeddable":true,"href":"https:\/\/hutfactory.com\/index.php?rest_route=%2Fwp%2Fv2%2Fproduct_brand&post=11470"},{"taxonomy":"product_cat","embeddable":true,"href":"https:\/\/hutfactory.com\/index.php?rest_route=%2Fwp%2Fv2%2Fproduct_cat&post=11470"},{"taxonomy":"product_tag","embeddable":true,"href":"https:\/\/hutfactory.com\/index.php?rest_route=%2Fwp%2Fv2%2Fproduct_tag&post=11470"}],"curies":[{"name":"wp","href":"https:\/\/api.w.org\/{rel}","templated":true}]}}