{"id":11395,"date":"2026-02-09T13:45:41","date_gmt":"2026-02-09T13:45:41","guid":{"rendered":"https:\/\/hutfactory.com\/?product=fedora-bogart-peacock-flair"},"modified":"2026-02-12T04:00:52","modified_gmt":"2026-02-12T04:00:52","slug":"fedora-bogart-peacock-flair","status":"publish","type":"product","link":"https:\/\/hutfactory.com\/?product=fedora-bogart-peacock-flair","title":{"rendered":"Fedora Bogart &#8220;Peacock-Flair&#8221;"},"content":{"rendered":"<h3 data-start=\"160\" data-end=\"220\"><strong>Art-d\u00e9co-Eleganz trifft auf Schweizer Handwerkskunst<\/strong><\/h3>\n<p data-start=\"221\" data-end=\"644\">Der <strong data-start=\"225\" data-end=\"258\">Fedora\/Bogart \u201ePeacock-Flair\u201c<\/strong> vereint den mond\u00e4nen Charme der 20er Jahre mit moderner Raffinesse. Sein besonderes Merkmal ist der <strong data-start=\"359\" data-end=\"381\">variable Klapprand<\/strong>: Mit der Krempe vorne nach oben getragen zeigt er sich als eleganter Fedora, nach unten geklappt verwandelt er sich in den ikonischen Bogart-Stil. So k\u00f6nnen Sie je nach Anlass und Stimmung spielend zwischen formeller Eleganz und l\u00e4ssiger Ausstrahlung wechseln.<\/p>\n<p data-start=\"646\" data-end=\"1033\">Die Krone von 10,5 cm H\u00f6he und die fein proportionierte Krempe von 6 cm verleihen dem Hut eine klare, charakterstarke Silhouette. Gefertigt aus einer Kombination von <strong data-start=\"812\" data-end=\"843\">50% Haarfilz und 50% Textil<\/strong>, begeistert dieses Modell durch seine extravagante Struktur: Die Krone ist mit einem detailreichen Poispoil-Muster versehen, das subtile Art-d\u00e9co-\u00c4sthetik mit zeitloser Eleganz verbindet.<\/p>\n<p data-start=\"1035\" data-end=\"1401\">Die Garnitur besteht aus einem edlen Rebsband mit Poispoil-Einsatz und Traverse, geschm\u00fcckt durch den ikonischen Qualit\u00e4tsknopf <strong data-start=\"1163\" data-end=\"1183\">\u201eRisa seit 1919\u201c<\/strong>. Das eingen\u00e4hte Textilinnenband sorgt f\u00fcr h\u00f6chsten Tragekomfort. Jedes Exemplar wird in der <strong data-start=\"1276\" data-end=\"1308\">Schweizer Hutmanufaktur Risa<\/strong> in exakter Handarbeit gefertigt \u2013 ein Unikat, das Luxus, Tradition und Innovation vereint.<\/p>\n<h4 data-start=\"1403\" data-end=\"1423\">Perfekt f\u00fcr\u2026\u26c4<\/h4>\n<p data-start=\"1424\" data-end=\"1750\">\u2744\ufe0f <strong data-start=\"1427\" data-end=\"1449\">Herbst und Winter:<\/strong> W\u00e4rmender Begleiter, der modische Akzente setzt.<br data-start=\"1498\" data-end=\"1501\" \/><strong data-start=\"1504\" data-end=\"1525\">Stilvolle Events:<\/strong> Von der Oper \u00fcber Dinner-Abende bis hin zu Vernissagen \u2013 der Peacock-Flair ist ein Blickfang.<br data-start=\"1619\" data-end=\"1622\" \/><strong data-start=\"1625\" data-end=\"1653\">Design &amp; Nachhaltigkeit:<\/strong> F\u00fcr alle, die zeitlose Eleganz, exzellente Verarbeitung und Schweizer Handwerkskunst sch\u00e4tzen.<\/p>\n<div class=\"hf-accordions\">\n<hr class=\"hf-accordion-separator\" \/>\n<details class=\"hf-accordion\">\n<summary><strong>\u25b6\ufe0f Gut zu wissen \u2013 mehr erfahren<\/strong><\/summary>\n<div class=\"hf-accordion-content\">\n<h3>Wichtige Produktdetails:<\/h3>\n<ul>\n<li><strong>Materialzusammensetzung:<\/strong>\u00a0100% Haarfilz \u2013 f\u00fcr Langlebigkeit und eine formstabile Struktur<\/li>\n<li><strong>Muster:<\/strong>\u00a0Auff\u00e4llige Ziern\u00e4hte links, rechts, vorne und hinten \u2013 ein extravagantes Detail f\u00fcr einen markanten<\/li>\n<li><strong>Randbreite:<\/strong>\u00a04,5 cm \u2013 f\u00fcr den klassischen Bowler-Look<\/li>\n<li><strong>Kopfh\u00f6he:<\/strong>\u00a012,0 cm \u2013 f\u00fcr eine markante, aber dennoch traditionelle Form<\/li>\n<li><strong>Farben:\u00a0<\/strong>1. Schwarz mit Rebsband &amp; Lederkordel, 2.\u00a0Salbei mit Rebsband &amp; Lederkordel<\/li>\n<li><strong>Gr\u00f6\u00dfen:<\/strong>\u00a0Verf\u00fcgbar in den Gr\u00f6\u00dfen 54-62 \u2013 f\u00fcr eine perfekte Passform<\/li>\n<li><strong>Hutband:<\/strong>\u00a0Rebsband mit Lederkordel und einem dekorativen Qualit\u00e4tsknopf auf der Masche \u2013 sorgt f\u00fcr ein stilvolles<\/li>\n<li><strong>Schwei\u00dfband:<\/strong>\u00a0Sauber eingen\u00e4htes Textilinnenband als Schwei\u00dfband \u2013 f\u00fcr h\u00f6chsten Tragekomfort und langanhaltende<\/li>\n<li><strong>Fertigungsort:<\/strong>\u00a0Handgefertigt in der renommierten\u00a0<strong>Schweizer Hutmanufaktur Risa<\/strong>. Diese Manufaktur steht seit Jahren f\u00fcr handwerkliche Perfektion und innovative Designs.<\/li>\n<li><strong>Fertigungszeit:<\/strong>\u00a0Jeder Hut wird auf Bestellung gefertigt, sodass Exklusivit\u00e4t und Individualit\u00e4t garantiert sind. Die Herstellung dauert in der Regel\u00a0<strong>10 bis 15 Arbeitstage nach Zahlungseingang<\/strong>.<\/li>\n<li><strong>Versand:<\/strong>\u00a0Nach Fertigstellung des Hutes wird dieser direkt ab Lager Schweiz versendet, sodass Sie Ihren Hut schnell und zuverl\u00e4ssig erhalten.<\/li>\n<li><strong>Garantie:<\/strong>\u00a0Umtausch ist nur bei Material- oder Herstellungsfehlern m\u00f6glich, da es sich um eine ma\u00dfgefertigte Sonderanfertigung handelt.<\/li>\n<li><strong>Verf\u00fcgbarkeit:<\/strong>\u00a0Da die H\u00fcte in limitierter Auflage produziert werden, empfehlen wir eine fr\u00fchzeitige Bestellung, um sich Ihr exklusives Modell zu sichern. Sollte das Rohmaterial ausverkauft sein, kann es zu Verz\u00f6gerungen kommen.<\/li>\n<\/ul>\n<\/div>\n<\/details>\n<details class=\"hf-accordion\">\n<summary><strong>\u25b6\ufe0f FAQ \u2013 H\u00e4ufige Fragen<\/strong><\/summary>\n<div class=\"hf-accordion-content\">\n<h3>H\u00e4ufige Fragen und Antworten (FAQ)<\/h3>\n<p><strong>1. Wie pflege ich meinen Bowler Rugged \u201csewn and burned\u201d richtig?<\/strong><br \/>\nEs wird empfohlen, den Hut regelm\u00e4\u00dfig mit einer weichen B\u00fcrste zu reinigen. Bei tiefer gehendem Schmutz sollte eine professionelle Hutreinigung in Anspruch genommen werden.<\/p>\n<p><strong>2. In welchen Gr\u00f6\u00dfen ist der Hut erh\u00e4ltlich?<\/strong><br \/>\nDer Bowler Rugged ist in den Gr\u00f6\u00dfen 54 bis 62 verf\u00fcgbar und bietet somit f\u00fcr jeden Tr\u00e4ger die perfekte Passform.<\/p>\n<p><strong>3. Kann ich den Hut umtauschen, wenn er mir nicht passt?<\/strong><br \/>\nDa der Hut auf Bestellung gefertigt wird, ist ein Umtausch nur bei Material- oder Herstellungsfehlern m\u00f6glich. Bitte beachten Sie dies bei Ihrer Bestellung.<\/p>\n<p><strong>4. Wo wird der Hut hergestellt?<\/strong><br \/>\nDer Bowler Rugged wird in der Schweizer Hutmanufaktur Risa, einem traditionsreichen Handwerksbetrieb, gefertigt.<\/p>\n<p><strong>5. Wie lange dauert der Versand?<\/strong><br \/>\nNachdem der Hut gefertigt wurde, erfolgt der Versand innerhalb weniger Tage ab Lager Schweiz. Je nach Zielort kann die Lieferung variieren.<\/p>\n<\/div>\n<\/details>\n<\/div>\n","protected":false},"excerpt":{"rendered":"<h3 data-start=\"287\" data-end=\"316\"><strong>Im Alltag und am Abend<\/strong><\/h3>\n<p data-start=\"317\" data-end=\"751\">Ob beim Stadtbummel an einem klaren Herbstmorgen oder beim stilvollen Auftritt im Theater \u2013 der <strong data-start=\"413\" data-end=\"430\">Peacock-Flair<\/strong> passt sich jeder Situation an. Mit aufgestellter Krempe verleiht er Ihrem Outfit eine kultivierte Leichtigkeit, w\u00e4hrend er mit nach unten geklappter Krempe den klassischen Bogart-Charme entfaltet. Ein Hut, der zwei Gesichter hat \u2013 l\u00e4ssig und zugleich formell \u2013 und damit zum treuen Begleiter f\u00fcr jede Gelegenheit wird.<\/p>\n","protected":false},"featured_media":11397,"template":"","meta":{"_acf_changed":false,"rs_blank_template":"","rs_page_bg_color":"","slide_template_v7":""},"product_brand":[250],"product_cat":[362,353,253],"product_tag":[],"class_list":{"0":"post-11395","1":"product","2":"type-product","3":"status-publish","4":"has-post-thumbnail","6":"product_brand-risa-hutwerkstatt-schweiz","7":"product_cat-bogart-winterhuete","8":"product_cat-fedora-winterhuete","9":"product_cat-winterhuete","10":"product_shipping_class-mittlere-pakete","11":"pa_color-braun","12":"pa_color-ecru","13":"pa_groesse-206","14":"pa_groesse-196","15":"pa_groesse-207","16":"pa_groesse-197","17":"pa_groesse-208","18":"pa_groesse-198","19":"pa_groesse-209","20":"pa_groesse-199","21":"pa_groesse-210","22":"yith_product_brand-risa-hutwerkstatt-schweiz","25":"instock","26":"taxable","27":"shipping-taxable","28":"purchasable","29":"product-type-variable","30":"wvs-archive-product-wrapper","31":"add-to-wishlist-after_add_to_cart"},"acf":[],"yoast_head":"<!-- This site is optimized with the Yoast SEO Premium plugin v27.3 (Yoast SEO v27.3) - https:\/\/yoast.com\/product\/yoast-seo-premium-wordpress\/ -->\n<title>Fedora Bogart Peacock-Flair Hut \u2013 Handgefertigt in der Schweiz<\/title>\n<meta name=\"description\" content=\"Fedora Bogart \u201ePeacock-Flair\u201c mit Klapprand und Art-d\u00e9co-Muster. 50% Haarfilz, 50% Textil. Handgefertigt in der Schweiz \u2013 wandelbar &amp; exklusiv.\" \/>\n<meta name=\"robots\" content=\"index, follow, max-snippet:-1, max-image-preview:large, max-video-preview:-1\" \/>\n<link rel=\"canonical\" href=\"https:\/\/hutfactory.com\/?product=fedora-bogart-peacock-flair\" \/>\n<meta property=\"og:locale\" content=\"de_DE\" \/>\n<meta property=\"og:type\" content=\"article\" \/>\n<meta property=\"og:title\" content=\"Fedora Bogart &quot;Peacock-Flair&quot;\" \/>\n<meta property=\"og:description\" content=\"Fedora Bogart \u201ePeacock-Flair\u201c mit Klapprand und Art-d\u00e9co-Muster. 50% Haarfilz, 50% Textil. Handgefertigt in der Schweiz \u2013 wandelbar &amp; exklusiv.\" \/>\n<meta property=\"og:url\" content=\"https:\/\/hutfactory.com\/?product=fedora-bogart-peacock-flair\" \/>\n<meta property=\"og:site_name\" content=\"Hut Factory\" \/>\n<meta property=\"article:modified_time\" content=\"2026-02-12T04:00:52+00:00\" \/>\n<meta property=\"og:image\" content=\"https:\/\/hutfactory.com\/wp-content\/uploads\/2026\/02\/57504860.alle_.webp\" \/>\n\t<meta property=\"og:image:width\" content=\"2000\" \/>\n\t<meta property=\"og:image:height\" content=\"1500\" \/>\n\t<meta property=\"og:image:type\" content=\"image\/webp\" \/>\n<meta name=\"twitter:card\" content=\"summary_large_image\" \/>\n<meta name=\"twitter:label1\" content=\"Gesch\u00e4tzte Lesezeit\" \/>\n\t<meta name=\"twitter:data1\" content=\"4\u00a0Minuten\" \/>\n<script type=\"application\/ld+json\" class=\"yoast-schema-graph\">{\"@context\":\"https:\\\/\\\/schema.org\",\"@graph\":[{\"@type\":\"WebPage\",\"@id\":\"https:\\\/\\\/hutfactory.com\\\/?product=fedora-bogart-peacock-flair\",\"url\":\"https:\\\/\\\/hutfactory.com\\\/?product=fedora-bogart-peacock-flair\",\"name\":\"Fedora Bogart Peacock-Flair Hut \u2013 Handgefertigt in der Schweiz\",\"isPartOf\":{\"@id\":\"https:\\\/\\\/hutfactory.com\\\/#website\"},\"primaryImageOfPage\":{\"@id\":\"https:\\\/\\\/hutfactory.com\\\/?product=fedora-bogart-peacock-flair#primaryimage\"},\"image\":{\"@id\":\"https:\\\/\\\/hutfactory.com\\\/?product=fedora-bogart-peacock-flair#primaryimage\"},\"thumbnailUrl\":\"https:\\\/\\\/hutfactory.com\\\/wp-content\\\/uploads\\\/2026\\\/02\\\/57504860.alle_.webp\",\"datePublished\":\"2026-02-09T13:45:41+00:00\",\"dateModified\":\"2026-02-12T04:00:52+00:00\",\"description\":\"Fedora Bogart \u201ePeacock-Flair\u201c mit Klapprand und Art-d\u00e9co-Muster. 50% Haarfilz, 50% Textil. Handgefertigt in der Schweiz \u2013 wandelbar & exklusiv.\",\"breadcrumb\":{\"@id\":\"https:\\\/\\\/hutfactory.com\\\/?product=fedora-bogart-peacock-flair#breadcrumb\"},\"inLanguage\":\"de\",\"potentialAction\":[{\"@type\":\"ReadAction\",\"target\":[\"https:\\\/\\\/hutfactory.com\\\/?product=fedora-bogart-peacock-flair\"]}]},{\"@type\":\"ImageObject\",\"inLanguage\":\"de\",\"@id\":\"https:\\\/\\\/hutfactory.com\\\/?product=fedora-bogart-peacock-flair#primaryimage\",\"url\":\"https:\\\/\\\/hutfactory.com\\\/wp-content\\\/uploads\\\/2026\\\/02\\\/57504860.alle_.webp\",\"contentUrl\":\"https:\\\/\\\/hutfactory.com\\\/wp-content\\\/uploads\\\/2026\\\/02\\\/57504860.alle_.webp\",\"width\":2000,\"height\":1500,\"caption\":\"Handgefertigter Fedora\\\/Bogart aus Haarfilz und Textil mit Poispoil-Musterung|Handgefertigter Fedora\\\/Bogart aus Haarfilz und Textil mit Poispoil-Musterung|||Handgefertigter Fedora\\\/Bogart aus Haarfilz und Textil mit Poispoil-Musterung||||\"},{\"@type\":\"BreadcrumbList\",\"@id\":\"https:\\\/\\\/hutfactory.com\\\/?product=fedora-bogart-peacock-flair#breadcrumb\",\"itemListElement\":[{\"@type\":\"ListItem\",\"position\":1,\"name\":\"Start\",\"item\":\"https:\\\/\\\/hutfactory.com\\\/\"},{\"@type\":\"ListItem\",\"position\":2,\"name\":\"Shop\",\"item\":\"https:\\\/\\\/hutfactory.com\\\/?page_id=10\"},{\"@type\":\"ListItem\",\"position\":3,\"name\":\"Fedora Bogart &#8220;Peacock-Flair&#8221;\"}]},{\"@type\":\"WebSite\",\"@id\":\"https:\\\/\\\/hutfactory.com\\\/#website\",\"url\":\"https:\\\/\\\/hutfactory.com\\\/\",\"name\":\"Hut Factory\",\"description\":\"H\u00fcte, Kappen &amp; M\u00fctzen in Top Swiss\\\/EU Qualit\u00e4t\",\"publisher\":{\"@id\":\"https:\\\/\\\/hutfactory.com\\\/#organization\"},\"alternateName\":\"Hut Shop\",\"potentialAction\":[{\"@type\":\"SearchAction\",\"target\":{\"@type\":\"EntryPoint\",\"urlTemplate\":\"https:\\\/\\\/hutfactory.com\\\/?s={search_term_string}\"},\"query-input\":{\"@type\":\"PropertyValueSpecification\",\"valueRequired\":true,\"valueName\":\"search_term_string\"}}],\"inLanguage\":\"de\"},{\"@type\":\"Organization\",\"@id\":\"https:\\\/\\\/hutfactory.com\\\/#organization\",\"name\":\"Hut Factory\",\"url\":\"https:\\\/\\\/hutfactory.com\\\/\",\"logo\":{\"@type\":\"ImageObject\",\"inLanguage\":\"de\",\"@id\":\"https:\\\/\\\/hutfactory.com\\\/#\\\/schema\\\/logo\\\/image\\\/\",\"url\":\"https:\\\/\\\/hutfactory.com\\\/wp-content\\\/uploads\\\/2026\\\/01\\\/Logo-hut-factory-1.webp\",\"contentUrl\":\"https:\\\/\\\/hutfactory.com\\\/wp-content\\\/uploads\\\/2026\\\/01\\\/Logo-hut-factory-1.webp\",\"width\":300,\"height\":262,\"caption\":\"Hut Factory\"},\"image\":{\"@id\":\"https:\\\/\\\/hutfactory.com\\\/#\\\/schema\\\/logo\\\/image\\\/\"}}]}<\/script>\n<!-- \/ Yoast SEO Premium plugin. -->","yoast_head_json":{"title":"Fedora Bogart Peacock-Flair Hut \u2013 Handgefertigt in der Schweiz","description":"Fedora Bogart \u201ePeacock-Flair\u201c mit Klapprand und Art-d\u00e9co-Muster. 50% Haarfilz, 50% Textil. Handgefertigt in der Schweiz \u2013 wandelbar & exklusiv.","robots":{"index":"index","follow":"follow","max-snippet":"max-snippet:-1","max-image-preview":"max-image-preview:large","max-video-preview":"max-video-preview:-1"},"canonical":"https:\/\/hutfactory.com\/?product=fedora-bogart-peacock-flair","og_locale":"de_DE","og_type":"article","og_title":"Fedora Bogart \"Peacock-Flair\"","og_description":"Fedora Bogart \u201ePeacock-Flair\u201c mit Klapprand und Art-d\u00e9co-Muster. 50% Haarfilz, 50% Textil. Handgefertigt in der Schweiz \u2013 wandelbar & exklusiv.","og_url":"https:\/\/hutfactory.com\/?product=fedora-bogart-peacock-flair","og_site_name":"Hut Factory","article_modified_time":"2026-02-12T04:00:52+00:00","og_image":[{"width":2000,"height":1500,"url":"https:\/\/hutfactory.com\/wp-content\/uploads\/2026\/02\/57504860.alle_.webp","type":"image\/webp"}],"twitter_card":"summary_large_image","twitter_misc":{"Gesch\u00e4tzte Lesezeit":"4\u00a0Minuten"},"schema":{"@context":"https:\/\/schema.org","@graph":[{"@type":"WebPage","@id":"https:\/\/hutfactory.com\/?product=fedora-bogart-peacock-flair","url":"https:\/\/hutfactory.com\/?product=fedora-bogart-peacock-flair","name":"Fedora Bogart Peacock-Flair Hut \u2013 Handgefertigt in der Schweiz","isPartOf":{"@id":"https:\/\/hutfactory.com\/#website"},"primaryImageOfPage":{"@id":"https:\/\/hutfactory.com\/?product=fedora-bogart-peacock-flair#primaryimage"},"image":{"@id":"https:\/\/hutfactory.com\/?product=fedora-bogart-peacock-flair#primaryimage"},"thumbnailUrl":"https:\/\/hutfactory.com\/wp-content\/uploads\/2026\/02\/57504860.alle_.webp","datePublished":"2026-02-09T13:45:41+00:00","dateModified":"2026-02-12T04:00:52+00:00","description":"Fedora Bogart \u201ePeacock-Flair\u201c mit Klapprand und Art-d\u00e9co-Muster. 50% Haarfilz, 50% Textil. Handgefertigt in der Schweiz \u2013 wandelbar & exklusiv.","breadcrumb":{"@id":"https:\/\/hutfactory.com\/?product=fedora-bogart-peacock-flair#breadcrumb"},"inLanguage":"de","potentialAction":[{"@type":"ReadAction","target":["https:\/\/hutfactory.com\/?product=fedora-bogart-peacock-flair"]}]},{"@type":"ImageObject","inLanguage":"de","@id":"https:\/\/hutfactory.com\/?product=fedora-bogart-peacock-flair#primaryimage","url":"https:\/\/hutfactory.com\/wp-content\/uploads\/2026\/02\/57504860.alle_.webp","contentUrl":"https:\/\/hutfactory.com\/wp-content\/uploads\/2026\/02\/57504860.alle_.webp","width":2000,"height":1500,"caption":"Handgefertigter Fedora\/Bogart aus Haarfilz und Textil mit Poispoil-Musterung|Handgefertigter Fedora\/Bogart aus Haarfilz und Textil mit Poispoil-Musterung|||Handgefertigter Fedora\/Bogart aus Haarfilz und Textil mit Poispoil-Musterung||||"},{"@type":"BreadcrumbList","@id":"https:\/\/hutfactory.com\/?product=fedora-bogart-peacock-flair#breadcrumb","itemListElement":[{"@type":"ListItem","position":1,"name":"Start","item":"https:\/\/hutfactory.com\/"},{"@type":"ListItem","position":2,"name":"Shop","item":"https:\/\/hutfactory.com\/?page_id=10"},{"@type":"ListItem","position":3,"name":"Fedora Bogart &#8220;Peacock-Flair&#8221;"}]},{"@type":"WebSite","@id":"https:\/\/hutfactory.com\/#website","url":"https:\/\/hutfactory.com\/","name":"Hut Factory","description":"H\u00fcte, Kappen &amp; M\u00fctzen in Top Swiss\/EU Qualit\u00e4t","publisher":{"@id":"https:\/\/hutfactory.com\/#organization"},"alternateName":"Hut Shop","potentialAction":[{"@type":"SearchAction","target":{"@type":"EntryPoint","urlTemplate":"https:\/\/hutfactory.com\/?s={search_term_string}"},"query-input":{"@type":"PropertyValueSpecification","valueRequired":true,"valueName":"search_term_string"}}],"inLanguage":"de"},{"@type":"Organization","@id":"https:\/\/hutfactory.com\/#organization","name":"Hut Factory","url":"https:\/\/hutfactory.com\/","logo":{"@type":"ImageObject","inLanguage":"de","@id":"https:\/\/hutfactory.com\/#\/schema\/logo\/image\/","url":"https:\/\/hutfactory.com\/wp-content\/uploads\/2026\/01\/Logo-hut-factory-1.webp","contentUrl":"https:\/\/hutfactory.com\/wp-content\/uploads\/2026\/01\/Logo-hut-factory-1.webp","width":300,"height":262,"caption":"Hut Factory"},"image":{"@id":"https:\/\/hutfactory.com\/#\/schema\/logo\/image\/"}}]}},"_links":{"self":[{"href":"https:\/\/hutfactory.com\/index.php?rest_route=\/wp\/v2\/product\/11395","targetHints":{"allow":["GET"]}}],"collection":[{"href":"https:\/\/hutfactory.com\/index.php?rest_route=\/wp\/v2\/product"}],"about":[{"href":"https:\/\/hutfactory.com\/index.php?rest_route=\/wp\/v2\/types\/product"}],"wp:featuredmedia":[{"embeddable":true,"href":"https:\/\/hutfactory.com\/index.php?rest_route=\/wp\/v2\/media\/11397"}],"wp:attachment":[{"href":"https:\/\/hutfactory.com\/index.php?rest_route=%2Fwp%2Fv2%2Fmedia&parent=11395"}],"wp:term":[{"taxonomy":"product_brand","embeddable":true,"href":"https:\/\/hutfactory.com\/index.php?rest_route=%2Fwp%2Fv2%2Fproduct_brand&post=11395"},{"taxonomy":"product_cat","embeddable":true,"href":"https:\/\/hutfactory.com\/index.php?rest_route=%2Fwp%2Fv2%2Fproduct_cat&post=11395"},{"taxonomy":"product_tag","embeddable":true,"href":"https:\/\/hutfactory.com\/index.php?rest_route=%2Fwp%2Fv2%2Fproduct_tag&post=11395"}],"curies":[{"name":"wp","href":"https:\/\/api.w.org\/{rel}","templated":true}]}}