{"id":11351,"date":"2026-02-09T13:44:55","date_gmt":"2026-02-09T13:44:55","guid":{"rendered":"https:\/\/hutfactory.com\/?product=fedora-hut-20er-jahre-style-haarfilz-mit-aufschlag"},"modified":"2026-02-12T06:46:47","modified_gmt":"2026-02-12T06:46:47","slug":"fedora-hut-20er-jahre-style-haarfilz-mit-aufschlag","status":"publish","type":"product","link":"https:\/\/hutfactory.com\/?product=fedora-hut-20er-jahre-style-haarfilz-mit-aufschlag","title":{"rendered":"Fedora Hut 20er Jahre Style Haarfilz mit Aufschlag"},"content":{"rendered":"<h3 data-start=\"154\" data-end=\"202\"><strong>Eleganz der 20er Jahre neu interpretiert<\/strong><\/h3>\n<p data-start=\"203\" data-end=\"450\">Dieser Fedora im ikonischen 20er-Jahre-Stil mit Aufschlag vereint mond\u00e4ne Retro-Eleganz mit zeitloser Moderne. Die markante Krempe mit 7 cm Breite und die klassische Krone von 11 cm H\u00f6he verleihen der Kopfbedeckung Charakter und Stilbewusstsein.<\/p>\n<p data-start=\"452\" data-end=\"814\">Gefertigt aus 100% impr\u00e4gniertem Haarfilz, bietet dieser Hut nicht nur eine edle Haptik, sondern auch Formstabilit\u00e4t und Schutz vor N\u00e4sse. Das edle Rebsband mit Masche und dem ikonischen Qualit\u00e4tsknopf \u201eRisa seit 1919\u201c rundet das Design luxuri\u00f6s ab. Das saubere, eingen\u00e4hte Textil-Schwei\u00dfband sorgt f\u00fcr angenehmen Tragekomfort \u2013 auch \u00fcber viele Stunden hinweg.<\/p>\n<p data-start=\"816\" data-end=\"1080\">Jeder Hut wird in der Schweizer Traditionsmanufaktur Risa in aufwendiger Handarbeit hergestellt. Die exklusive Verarbeitung, die Liebe zum Detail und die Wahl bester Rohstoffe machen diesen Fedora zu einem langlebigen Begleiter, der Generationen \u00fcberdauern kann.<\/p>\n<h4 data-start=\"1082\" data-end=\"1102\">Perfekt f\u00fcr\u2026\u26c4<\/h4>\n<p data-start=\"1103\" data-end=\"1496\">\u2744\ufe0f <strong data-start=\"1106\" data-end=\"1128\">Herbst und Winter:<\/strong> Ob beim Stadtbummel, im Grand Caf\u00e9 oder beim Ap\u00e9ro \u2013 dieser Hut setzt immer ein modisches Statement.<br data-start=\"1229\" data-end=\"1232\" \/><strong data-start=\"1235\" data-end=\"1255\">Elegante Events:<\/strong> Sein distinguiertes Design macht ihn zum idealen Begleiter f\u00fcr Oper, Theater oder festliche Anl\u00e4sse.<br data-start=\"1356\" data-end=\"1359\" \/><strong data-start=\"1362\" data-end=\"1392\">Nachhaltigkeit &amp; Qualit\u00e4t:<\/strong> F\u00fcr Liebhaber nat\u00fcrlicher Materialien, die Schweizer Handwerkskunst und Tradition zu sch\u00e4tzen wissen.<\/p>\n<div class=\"hf-accordions\">\n<hr class=\"hf-accordion-separator\" \/>\n<details class=\"hf-accordion\">\n<summary><strong>\u25b6\ufe0f Gut zu wissen \u2013 mehr erfahren<\/strong><\/summary>\n<div class=\"hf-accordion-content\">\n<h3>Wichtige Produktdetails:<\/h3>\n<ul>\n<li><strong>Materialzusammensetzung:<\/strong>\u00a0100% Haarfilz \u2013 f\u00fcr Langlebigkeit und eine formstabile Struktur<\/li>\n<li><strong>Muster:<\/strong>\u00a0Auff\u00e4llige Ziern\u00e4hte links, rechts, vorne und hinten \u2013 ein extravagantes Detail f\u00fcr einen markanten<\/li>\n<li><strong>Randbreite:<\/strong>\u00a04,5 cm \u2013 f\u00fcr den klassischen Bowler-Look<\/li>\n<li><strong>Kopfh\u00f6he:<\/strong>\u00a012,0 cm \u2013 f\u00fcr eine markante, aber dennoch traditionelle Form<\/li>\n<li><strong>Farben:\u00a0<\/strong>1. Schwarz mit Rebsband &amp; Lederkordel, 2.\u00a0Salbei mit Rebsband &amp; Lederkordel<\/li>\n<li><strong>Gr\u00f6\u00dfen:<\/strong>\u00a0Verf\u00fcgbar in den Gr\u00f6\u00dfen 54-62 \u2013 f\u00fcr eine perfekte Passform<\/li>\n<li><strong>Hutband:<\/strong>\u00a0Rebsband mit Lederkordel und einem dekorativen Qualit\u00e4tsknopf auf der Masche \u2013 sorgt f\u00fcr ein stilvolles<\/li>\n<li><strong>Schwei\u00dfband:<\/strong>\u00a0Sauber eingen\u00e4htes Textilinnenband als Schwei\u00dfband \u2013 f\u00fcr h\u00f6chsten Tragekomfort und langanhaltende<\/li>\n<li><strong>Fertigungsort:<\/strong>\u00a0Handgefertigt in der renommierten\u00a0<strong>Schweizer Hutmanufaktur Risa<\/strong>. Diese Manufaktur steht seit Jahren f\u00fcr handwerkliche Perfektion und innovative Designs.<\/li>\n<li><strong>Fertigungszeit:<\/strong>\u00a0Jeder Hut wird auf Bestellung gefertigt, sodass Exklusivit\u00e4t und Individualit\u00e4t garantiert sind. Die Herstellung dauert in der Regel\u00a0<strong>10 bis 15 Arbeitstage nach Zahlungseingang<\/strong>.<\/li>\n<li><strong>Versand:<\/strong>\u00a0Nach Fertigstellung des Hutes wird dieser direkt ab Lager Schweiz versendet, sodass Sie Ihren Hut schnell und zuverl\u00e4ssig erhalten.<\/li>\n<li><strong>Garantie:<\/strong>\u00a0Umtausch ist nur bei Material- oder Herstellungsfehlern m\u00f6glich, da es sich um eine ma\u00dfgefertigte Sonderanfertigung handelt.<\/li>\n<li><strong>Verf\u00fcgbarkeit:<\/strong>\u00a0Da die H\u00fcte in limitierter Auflage produziert werden, empfehlen wir eine fr\u00fchzeitige Bestellung, um sich Ihr exklusives Modell zu sichern. Sollte das Rohmaterial ausverkauft sein, kann es zu Verz\u00f6gerungen kommen.<\/li>\n<\/ul>\n<\/div>\n<\/details>\n<details class=\"hf-accordion\">\n<summary><strong>\u25b6\ufe0f FAQ \u2013 H\u00e4ufige Fragen<\/strong><\/summary>\n<div class=\"hf-accordion-content\">\n<h3>H\u00e4ufige Fragen und Antworten (FAQ)<\/h3>\n<p><strong>1. Wie pflege ich meinen Bowler Rugged \u201csewn and burned\u201d richtig?<\/strong><br \/>\nEs wird empfohlen, den Hut regelm\u00e4\u00dfig mit einer weichen B\u00fcrste zu reinigen. Bei tiefer gehendem Schmutz sollte eine professionelle Hutreinigung in Anspruch genommen werden.<\/p>\n<p><strong>2. In welchen Gr\u00f6\u00dfen ist der Hut erh\u00e4ltlich?<\/strong><br \/>\nDer Bowler Rugged ist in den Gr\u00f6\u00dfen 54 bis 62 verf\u00fcgbar und bietet somit f\u00fcr jeden Tr\u00e4ger die perfekte Passform.<\/p>\n<p><strong>3. Kann ich den Hut umtauschen, wenn er mir nicht passt?<\/strong><br \/>\nDa der Hut auf Bestellung gefertigt wird, ist ein Umtausch nur bei Material- oder Herstellungsfehlern m\u00f6glich. Bitte beachten Sie dies bei Ihrer Bestellung.<\/p>\n<p><strong>4. Wo wird der Hut hergestellt?<\/strong><br \/>\nDer Bowler Rugged wird in der Schweizer Hutmanufaktur Risa, einem traditionsreichen Handwerksbetrieb, gefertigt.<\/p>\n<p><strong>5. Wie lange dauert der Versand?<\/strong><br \/>\nNachdem der Hut gefertigt wurde, erfolgt der Versand innerhalb weniger Tage ab Lager Schweiz. Je nach Zielort kann die Lieferung variieren.<\/p>\n<\/div>\n<\/details>\n<\/div>\n","protected":false},"excerpt":{"rendered":"<h4 data-start=\"1536\" data-end=\"1568\"><strong>Klassischer Retro-Charme<\/strong><\/h4>\n<p data-start=\"1569\" data-end=\"1794\">Ein Fedora, der die Eleganz der 20er Jahre zur\u00fcckbringt \u2013 handgefertigt in der Schweiz aus 100% Haarfilz. Mit Aufschlag-Krempe, edlem Rebsband und ikonischem \u201eRisa seit 1919\u201c-Knopf. Stilvoller Schutz mit hohem Tragekomfort.<\/p>\n","protected":false},"featured_media":11353,"template":"","meta":{"_acf_changed":false,"rs_blank_template":"","rs_page_bg_color":"","slide_template_v7":""},"product_brand":[250],"product_cat":[353,253],"product_tag":[],"class_list":{"0":"post-11351","1":"product","2":"type-product","3":"status-publish","4":"has-post-thumbnail","6":"product_brand-risa-hutwerkstatt-schweiz","7":"product_cat-fedora-winterhuete","8":"product_cat-winterhuete","9":"product_shipping_class-mittlere-pakete","10":"pa_color-anthrazit","11":"pa_color-aubergine","12":"pa_color-burgund","13":"pa_color-dbraun","14":"pa_color-dgruen","15":"pa_color-grau","16":"pa_color-mbeige","17":"pa_color-marine","18":"pa_color-schwarz","19":"pa_color-taupe","20":"pa_groesse-206","21":"pa_groesse-196","22":"pa_groesse-207","23":"pa_groesse-197","24":"pa_groesse-208","25":"pa_groesse-198","26":"pa_groesse-209","27":"pa_groesse-199","28":"pa_groesse-210","29":"yith_product_brand-risa-hutwerkstatt-schweiz","32":"instock","33":"taxable","34":"shipping-taxable","35":"purchasable","36":"product-type-variable","37":"wvs-archive-product-wrapper","38":"add-to-wishlist-after_add_to_cart"},"acf":[],"yoast_head":"<!-- This site is optimized with the Yoast SEO Premium plugin v27.3 (Yoast SEO v27.3) - https:\/\/yoast.com\/product\/yoast-seo-premium-wordpress\/ -->\n<title>Fedora Hut 20er Jahre Style Haarfilz \u2013 Handgefertigt Schweiz<\/title>\n<meta name=\"description\" content=\"Exklusiver Fedora im 20er Jahre Style mit Aufschlag. Handgefertigt aus 100% Haarfilz bei Risa in der Schweiz. Luxuri\u00f6s, langlebig &amp; zeitlos elegant.\" \/>\n<meta name=\"robots\" content=\"index, follow, max-snippet:-1, max-image-preview:large, max-video-preview:-1\" \/>\n<link rel=\"canonical\" href=\"https:\/\/hutfactory.com\/?product=fedora-hut-20er-jahre-style-haarfilz-mit-aufschlag\" \/>\n<meta property=\"og:locale\" content=\"de_DE\" \/>\n<meta property=\"og:type\" content=\"article\" \/>\n<meta property=\"og:title\" content=\"Fedora Hut 20er Jahre Style Haarfilz mit Aufschlag\" \/>\n<meta property=\"og:description\" content=\"Exklusiver Fedora im 20er Jahre Style mit Aufschlag. Handgefertigt aus 100% Haarfilz bei Risa in der Schweiz. Luxuri\u00f6s, langlebig &amp; zeitlos elegant.\" \/>\n<meta property=\"og:url\" content=\"https:\/\/hutfactory.com\/?product=fedora-hut-20er-jahre-style-haarfilz-mit-aufschlag\" \/>\n<meta property=\"og:site_name\" content=\"Hut Factory\" \/>\n<meta property=\"article:modified_time\" content=\"2026-02-12T06:46:47+00:00\" \/>\n<meta property=\"og:image\" content=\"https:\/\/hutfactory.com\/wp-content\/uploads\/2026\/02\/66502570.alle_-1.webp\" \/>\n\t<meta property=\"og:image:width\" content=\"2016\" \/>\n\t<meta property=\"og:image:height\" content=\"1512\" \/>\n\t<meta property=\"og:image:type\" content=\"image\/webp\" \/>\n<meta name=\"twitter:card\" content=\"summary_large_image\" \/>\n<meta name=\"twitter:label1\" content=\"Gesch\u00e4tzte Lesezeit\" \/>\n\t<meta name=\"twitter:data1\" content=\"4\u00a0Minuten\" \/>\n<script type=\"application\/ld+json\" class=\"yoast-schema-graph\">{\"@context\":\"https:\\\/\\\/schema.org\",\"@graph\":[{\"@type\":\"WebPage\",\"@id\":\"https:\\\/\\\/hutfactory.com\\\/?product=fedora-hut-20er-jahre-style-haarfilz-mit-aufschlag\",\"url\":\"https:\\\/\\\/hutfactory.com\\\/?product=fedora-hut-20er-jahre-style-haarfilz-mit-aufschlag\",\"name\":\"Fedora Hut 20er Jahre Style Haarfilz \u2013 Handgefertigt Schweiz\",\"isPartOf\":{\"@id\":\"https:\\\/\\\/hutfactory.com\\\/#website\"},\"primaryImageOfPage\":{\"@id\":\"https:\\\/\\\/hutfactory.com\\\/?product=fedora-hut-20er-jahre-style-haarfilz-mit-aufschlag#primaryimage\"},\"image\":{\"@id\":\"https:\\\/\\\/hutfactory.com\\\/?product=fedora-hut-20er-jahre-style-haarfilz-mit-aufschlag#primaryimage\"},\"thumbnailUrl\":\"https:\\\/\\\/hutfactory.com\\\/wp-content\\\/uploads\\\/2026\\\/02\\\/66502570.alle_-1.webp\",\"datePublished\":\"2026-02-09T13:44:55+00:00\",\"dateModified\":\"2026-02-12T06:46:47+00:00\",\"description\":\"Exklusiver Fedora im 20er Jahre Style mit Aufschlag. Handgefertigt aus 100% Haarfilz bei Risa in der Schweiz. Luxuri\u00f6s, langlebig & zeitlos elegant.\",\"breadcrumb\":{\"@id\":\"https:\\\/\\\/hutfactory.com\\\/?product=fedora-hut-20er-jahre-style-haarfilz-mit-aufschlag#breadcrumb\"},\"inLanguage\":\"de\",\"potentialAction\":[{\"@type\":\"ReadAction\",\"target\":[\"https:\\\/\\\/hutfactory.com\\\/?product=fedora-hut-20er-jahre-style-haarfilz-mit-aufschlag\"]}]},{\"@type\":\"ImageObject\",\"inLanguage\":\"de\",\"@id\":\"https:\\\/\\\/hutfactory.com\\\/?product=fedora-hut-20er-jahre-style-haarfilz-mit-aufschlag#primaryimage\",\"url\":\"https:\\\/\\\/hutfactory.com\\\/wp-content\\\/uploads\\\/2026\\\/02\\\/66502570.alle_-1.webp\",\"contentUrl\":\"https:\\\/\\\/hutfactory.com\\\/wp-content\\\/uploads\\\/2026\\\/02\\\/66502570.alle_-1.webp\",\"width\":2016,\"height\":1512,\"caption\":\"Fedora Hut aus 100% Haarfilz\"},{\"@type\":\"BreadcrumbList\",\"@id\":\"https:\\\/\\\/hutfactory.com\\\/?product=fedora-hut-20er-jahre-style-haarfilz-mit-aufschlag#breadcrumb\",\"itemListElement\":[{\"@type\":\"ListItem\",\"position\":1,\"name\":\"Start\",\"item\":\"https:\\\/\\\/hutfactory.com\\\/\"},{\"@type\":\"ListItem\",\"position\":2,\"name\":\"Shop\",\"item\":\"https:\\\/\\\/hutfactory.com\\\/?page_id=10\"},{\"@type\":\"ListItem\",\"position\":3,\"name\":\"Fedora Hut 20er Jahre Style Haarfilz mit Aufschlag\"}]},{\"@type\":\"WebSite\",\"@id\":\"https:\\\/\\\/hutfactory.com\\\/#website\",\"url\":\"https:\\\/\\\/hutfactory.com\\\/\",\"name\":\"Hut Factory\",\"description\":\"H\u00fcte, Kappen &amp; M\u00fctzen in Top Swiss\\\/EU Qualit\u00e4t\",\"publisher\":{\"@id\":\"https:\\\/\\\/hutfactory.com\\\/#organization\"},\"alternateName\":\"Hut Shop\",\"potentialAction\":[{\"@type\":\"SearchAction\",\"target\":{\"@type\":\"EntryPoint\",\"urlTemplate\":\"https:\\\/\\\/hutfactory.com\\\/?s={search_term_string}\"},\"query-input\":{\"@type\":\"PropertyValueSpecification\",\"valueRequired\":true,\"valueName\":\"search_term_string\"}}],\"inLanguage\":\"de\"},{\"@type\":\"Organization\",\"@id\":\"https:\\\/\\\/hutfactory.com\\\/#organization\",\"name\":\"Hut Factory\",\"url\":\"https:\\\/\\\/hutfactory.com\\\/\",\"logo\":{\"@type\":\"ImageObject\",\"inLanguage\":\"de\",\"@id\":\"https:\\\/\\\/hutfactory.com\\\/#\\\/schema\\\/logo\\\/image\\\/\",\"url\":\"https:\\\/\\\/hutfactory.com\\\/wp-content\\\/uploads\\\/2026\\\/01\\\/Logo-hut-factory-1.webp\",\"contentUrl\":\"https:\\\/\\\/hutfactory.com\\\/wp-content\\\/uploads\\\/2026\\\/01\\\/Logo-hut-factory-1.webp\",\"width\":300,\"height\":262,\"caption\":\"Hut Factory\"},\"image\":{\"@id\":\"https:\\\/\\\/hutfactory.com\\\/#\\\/schema\\\/logo\\\/image\\\/\"}}]}<\/script>\n<!-- \/ Yoast SEO Premium plugin. -->","yoast_head_json":{"title":"Fedora Hut 20er Jahre Style Haarfilz \u2013 Handgefertigt Schweiz","description":"Exklusiver Fedora im 20er Jahre Style mit Aufschlag. Handgefertigt aus 100% Haarfilz bei Risa in der Schweiz. Luxuri\u00f6s, langlebig & zeitlos elegant.","robots":{"index":"index","follow":"follow","max-snippet":"max-snippet:-1","max-image-preview":"max-image-preview:large","max-video-preview":"max-video-preview:-1"},"canonical":"https:\/\/hutfactory.com\/?product=fedora-hut-20er-jahre-style-haarfilz-mit-aufschlag","og_locale":"de_DE","og_type":"article","og_title":"Fedora Hut 20er Jahre Style Haarfilz mit Aufschlag","og_description":"Exklusiver Fedora im 20er Jahre Style mit Aufschlag. Handgefertigt aus 100% Haarfilz bei Risa in der Schweiz. Luxuri\u00f6s, langlebig & zeitlos elegant.","og_url":"https:\/\/hutfactory.com\/?product=fedora-hut-20er-jahre-style-haarfilz-mit-aufschlag","og_site_name":"Hut Factory","article_modified_time":"2026-02-12T06:46:47+00:00","og_image":[{"width":2016,"height":1512,"url":"https:\/\/hutfactory.com\/wp-content\/uploads\/2026\/02\/66502570.alle_-1.webp","type":"image\/webp"}],"twitter_card":"summary_large_image","twitter_misc":{"Gesch\u00e4tzte Lesezeit":"4\u00a0Minuten"},"schema":{"@context":"https:\/\/schema.org","@graph":[{"@type":"WebPage","@id":"https:\/\/hutfactory.com\/?product=fedora-hut-20er-jahre-style-haarfilz-mit-aufschlag","url":"https:\/\/hutfactory.com\/?product=fedora-hut-20er-jahre-style-haarfilz-mit-aufschlag","name":"Fedora Hut 20er Jahre Style Haarfilz \u2013 Handgefertigt Schweiz","isPartOf":{"@id":"https:\/\/hutfactory.com\/#website"},"primaryImageOfPage":{"@id":"https:\/\/hutfactory.com\/?product=fedora-hut-20er-jahre-style-haarfilz-mit-aufschlag#primaryimage"},"image":{"@id":"https:\/\/hutfactory.com\/?product=fedora-hut-20er-jahre-style-haarfilz-mit-aufschlag#primaryimage"},"thumbnailUrl":"https:\/\/hutfactory.com\/wp-content\/uploads\/2026\/02\/66502570.alle_-1.webp","datePublished":"2026-02-09T13:44:55+00:00","dateModified":"2026-02-12T06:46:47+00:00","description":"Exklusiver Fedora im 20er Jahre Style mit Aufschlag. Handgefertigt aus 100% Haarfilz bei Risa in der Schweiz. Luxuri\u00f6s, langlebig & zeitlos elegant.","breadcrumb":{"@id":"https:\/\/hutfactory.com\/?product=fedora-hut-20er-jahre-style-haarfilz-mit-aufschlag#breadcrumb"},"inLanguage":"de","potentialAction":[{"@type":"ReadAction","target":["https:\/\/hutfactory.com\/?product=fedora-hut-20er-jahre-style-haarfilz-mit-aufschlag"]}]},{"@type":"ImageObject","inLanguage":"de","@id":"https:\/\/hutfactory.com\/?product=fedora-hut-20er-jahre-style-haarfilz-mit-aufschlag#primaryimage","url":"https:\/\/hutfactory.com\/wp-content\/uploads\/2026\/02\/66502570.alle_-1.webp","contentUrl":"https:\/\/hutfactory.com\/wp-content\/uploads\/2026\/02\/66502570.alle_-1.webp","width":2016,"height":1512,"caption":"Fedora Hut aus 100% Haarfilz"},{"@type":"BreadcrumbList","@id":"https:\/\/hutfactory.com\/?product=fedora-hut-20er-jahre-style-haarfilz-mit-aufschlag#breadcrumb","itemListElement":[{"@type":"ListItem","position":1,"name":"Start","item":"https:\/\/hutfactory.com\/"},{"@type":"ListItem","position":2,"name":"Shop","item":"https:\/\/hutfactory.com\/?page_id=10"},{"@type":"ListItem","position":3,"name":"Fedora Hut 20er Jahre Style Haarfilz mit Aufschlag"}]},{"@type":"WebSite","@id":"https:\/\/hutfactory.com\/#website","url":"https:\/\/hutfactory.com\/","name":"Hut Factory","description":"H\u00fcte, Kappen &amp; M\u00fctzen in Top Swiss\/EU Qualit\u00e4t","publisher":{"@id":"https:\/\/hutfactory.com\/#organization"},"alternateName":"Hut Shop","potentialAction":[{"@type":"SearchAction","target":{"@type":"EntryPoint","urlTemplate":"https:\/\/hutfactory.com\/?s={search_term_string}"},"query-input":{"@type":"PropertyValueSpecification","valueRequired":true,"valueName":"search_term_string"}}],"inLanguage":"de"},{"@type":"Organization","@id":"https:\/\/hutfactory.com\/#organization","name":"Hut Factory","url":"https:\/\/hutfactory.com\/","logo":{"@type":"ImageObject","inLanguage":"de","@id":"https:\/\/hutfactory.com\/#\/schema\/logo\/image\/","url":"https:\/\/hutfactory.com\/wp-content\/uploads\/2026\/01\/Logo-hut-factory-1.webp","contentUrl":"https:\/\/hutfactory.com\/wp-content\/uploads\/2026\/01\/Logo-hut-factory-1.webp","width":300,"height":262,"caption":"Hut Factory"},"image":{"@id":"https:\/\/hutfactory.com\/#\/schema\/logo\/image\/"}}]}},"_links":{"self":[{"href":"https:\/\/hutfactory.com\/index.php?rest_route=\/wp\/v2\/product\/11351","targetHints":{"allow":["GET"]}}],"collection":[{"href":"https:\/\/hutfactory.com\/index.php?rest_route=\/wp\/v2\/product"}],"about":[{"href":"https:\/\/hutfactory.com\/index.php?rest_route=\/wp\/v2\/types\/product"}],"wp:featuredmedia":[{"embeddable":true,"href":"https:\/\/hutfactory.com\/index.php?rest_route=\/wp\/v2\/media\/11353"}],"wp:attachment":[{"href":"https:\/\/hutfactory.com\/index.php?rest_route=%2Fwp%2Fv2%2Fmedia&parent=11351"}],"wp:term":[{"taxonomy":"product_brand","embeddable":true,"href":"https:\/\/hutfactory.com\/index.php?rest_route=%2Fwp%2Fv2%2Fproduct_brand&post=11351"},{"taxonomy":"product_cat","embeddable":true,"href":"https:\/\/hutfactory.com\/index.php?rest_route=%2Fwp%2Fv2%2Fproduct_cat&post=11351"},{"taxonomy":"product_tag","embeddable":true,"href":"https:\/\/hutfactory.com\/index.php?rest_route=%2Fwp%2Fv2%2Fproduct_tag&post=11351"}],"curies":[{"name":"wp","href":"https:\/\/api.w.org\/{rel}","templated":true}]}}