{"id":11319,"date":"2026-02-09T13:44:22","date_gmt":"2026-02-09T13:44:22","guid":{"rendered":"https:\/\/hutfactory.com\/?product=filzhut-pure-kaschmir-mit-klapprand"},"modified":"2026-02-13T16:40:42","modified_gmt":"2026-02-13T16:40:42","slug":"filzhut-pure-kaschmir-mit-klapprand","status":"publish","type":"product","link":"https:\/\/hutfactory.com\/?product=filzhut-pure-kaschmir-mit-klapprand","title":{"rendered":"Filzhut Pure Kaschmir mit Klapprand"},"content":{"rendered":"<h3 data-start=\"121\" data-end=\"180\"><strong data-start=\"125\" data-end=\"178\">Eleganz, Wandelbarkeit &amp; Schweizer Handwerkskunst<\/strong><\/h3>\n<p data-start=\"181\" data-end=\"599\">Dieser Hut verk\u00f6rpert zeitlose Raffinesse und h\u00f6chste Handwerkskunst. Die Verbindung von edelstem Kaschmir und traditioneller Fertigung macht ihn zu einem unvergleichlich luxuri\u00f6sen Begleiter. Dank seines innovativen Klapprands verwandelt sich die Kopfbedeckung im Handumdrehen: Elegant als Fedora getragen oder klassisch als Bogart mit nach vorn geklappter Krempe \u2013 dieser Hut passt sich stilvoll Ihrem Auftritt an.<\/p>\n<p data-start=\"601\" data-end=\"966\">Die klar definierte Krone mit 10.5 cm H\u00f6he und die harmonische Randbreite von 6.2 cm verleihen dem Modell eine markante Silhouette. Ein Hutband aus feinem Rebs und Loden mit einer dezenten Traverse wird durch den ikonischen Qualit\u00e4tsknopf mit \u201eRisa seit 1919\u201c-Pr\u00e4gung veredelt. Das saubere Textilinnenband sorgt f\u00fcr h\u00f6chsten Tragekomfort \u2013 von morgens bis abends.<\/p>\n<p data-start=\"973\" data-end=\"1433\"><strong data-start=\"973\" data-end=\"989\">Perfekt f\u00fcr\u2026<\/strong><br data-start=\"989\" data-end=\"992\" \/>\u26c4 <strong data-start=\"994\" data-end=\"1014\">Herbst &amp; Winter:<\/strong> Ob beim Spaziergang durch die Altstadt, beim After-Work oder im Chalet \u2013 dieser Hut verleiht jedem Outfit einen Hauch von Luxus.<br data-start=\"1143\" data-end=\"1146\" \/><strong data-start=\"1149\" data-end=\"1170\">Elegante Anl\u00e4sse:<\/strong> Sein klassisch-modernes Design macht ihn zum idealen Begleiter f\u00fcr Business-Events, Opernbesuche oder festliche Dinner.<br data-start=\"1290\" data-end=\"1293\" \/><strong data-start=\"1296\" data-end=\"1325\">Nachhaltig &amp; stilbewusst:<\/strong> F\u00fcr alle, die auf nat\u00fcrliche Materialien, exzellente Schweizer Handarbeit und langlebige Qualit\u00e4t setzen.<\/p>\n<div class=\"hf-accordions\">\n<hr class=\"hf-accordion-separator\" \/>\n<details class=\"hf-accordion\">\n<summary><strong>\u25b6\ufe0f Gut zu wissen \u2013 mehr erfahren<\/strong><\/summary>\n<div class=\"hf-accordion-content\">\n<h3>Wichtige Produktdetails:<\/h3>\n<ul>\n<li><strong>Materialzusammensetzung:<\/strong>\u00a0100% Haarfilz \u2013 f\u00fcr Langlebigkeit und eine formstabile Struktur<\/li>\n<li><strong>Muster:<\/strong>\u00a0Auff\u00e4llige Ziern\u00e4hte links, rechts, vorne und hinten \u2013 ein extravagantes Detail f\u00fcr einen markanten<\/li>\n<li><strong>Randbreite:<\/strong>\u00a04,5 cm \u2013 f\u00fcr den klassischen Bowler-Look<\/li>\n<li><strong>Kopfh\u00f6he:<\/strong>\u00a012,0 cm \u2013 f\u00fcr eine markante, aber dennoch traditionelle Form<\/li>\n<li><strong>Farben:\u00a0<\/strong>1. Schwarz mit Rebsband &amp; Lederkordel, 2.\u00a0Salbei mit Rebsband &amp; Lederkordel<\/li>\n<li><strong>Gr\u00f6\u00dfen:<\/strong>\u00a0Verf\u00fcgbar in den Gr\u00f6\u00dfen 54-62 \u2013 f\u00fcr eine perfekte Passform<\/li>\n<li><strong>Hutband:<\/strong>\u00a0Rebsband mit Lederkordel und einem dekorativen Qualit\u00e4tsknopf auf der Masche \u2013 sorgt f\u00fcr ein stilvolles<\/li>\n<li><strong>Schwei\u00dfband:<\/strong>\u00a0Sauber eingen\u00e4htes Textilinnenband als Schwei\u00dfband \u2013 f\u00fcr h\u00f6chsten Tragekomfort und langanhaltende<\/li>\n<li><strong>Fertigungsort:<\/strong>\u00a0Handgefertigt in der renommierten\u00a0<strong>Schweizer Hutmanufaktur Risa<\/strong>. Diese Manufaktur steht seit Jahren f\u00fcr handwerkliche Perfektion und innovative Designs.<\/li>\n<li><strong>Fertigungszeit:<\/strong>\u00a0Jeder Hut wird auf Bestellung gefertigt, sodass Exklusivit\u00e4t und Individualit\u00e4t garantiert sind. Die Herstellung dauert in der Regel\u00a0<strong>10 bis 15 Arbeitstage nach Zahlungseingang<\/strong>.<\/li>\n<li><strong>Versand:<\/strong>\u00a0Nach Fertigstellung des Hutes wird dieser direkt ab Lager Schweiz versendet, sodass Sie Ihren Hut schnell und zuverl\u00e4ssig erhalten.<\/li>\n<li><strong>Garantie:<\/strong>\u00a0Umtausch ist nur bei Material- oder Herstellungsfehlern m\u00f6glich, da es sich um eine ma\u00dfgefertigte Sonderanfertigung handelt.<\/li>\n<li><strong>Verf\u00fcgbarkeit:<\/strong>\u00a0Da die H\u00fcte in limitierter Auflage produziert werden, empfehlen wir eine fr\u00fchzeitige Bestellung, um sich Ihr exklusives Modell zu sichern. Sollte das Rohmaterial ausverkauft sein, kann es zu Verz\u00f6gerungen kommen.<\/li>\n<\/ul>\n<\/div>\n<\/details>\n<details class=\"hf-accordion\">\n<summary><strong>\u25b6\ufe0f FAQ \u2013 H\u00e4ufige Fragen<\/strong><\/summary>\n<div class=\"hf-accordion-content\">\n<h3>H\u00e4ufige Fragen und Antworten (FAQ)<\/h3>\n<p><strong>1. Wie pflege ich meinen Bowler Rugged \u201csewn and burned\u201d richtig?<\/strong><br \/>\nEs wird empfohlen, den Hut regelm\u00e4\u00dfig mit einer weichen B\u00fcrste zu reinigen. Bei tiefer gehendem Schmutz sollte eine professionelle Hutreinigung in Anspruch genommen werden.<\/p>\n<p><strong>2. In welchen Gr\u00f6\u00dfen ist der Hut erh\u00e4ltlich?<\/strong><br \/>\nDer Bowler Rugged ist in den Gr\u00f6\u00dfen 54 bis 62 verf\u00fcgbar und bietet somit f\u00fcr jeden Tr\u00e4ger die perfekte Passform.<\/p>\n<p><strong>3. Kann ich den Hut umtauschen, wenn er mir nicht passt?<\/strong><br \/>\nDa der Hut auf Bestellung gefertigt wird, ist ein Umtausch nur bei Material- oder Herstellungsfehlern m\u00f6glich. Bitte beachten Sie dies bei Ihrer Bestellung.<\/p>\n<p><strong>4. Wo wird der Hut hergestellt?<\/strong><br \/>\nDer Bowler Rugged wird in der Schweizer Hutmanufaktur Risa, einem traditionsreichen Handwerksbetrieb, gefertigt.<\/p>\n<p><strong>5. Wie lange dauert der Versand?<\/strong><br \/>\nNachdem der Hut gefertigt wurde, erfolgt der Versand innerhalb weniger Tage ab Lager Schweiz. Je nach Zielort kann die Lieferung variieren.<\/p>\n<\/div>\n<\/details>\n<\/div>\n","protected":false},"excerpt":{"rendered":"<h3><strong data-start=\"4654\" data-end=\"4687\">Ein Meisterwerk aus Kaschmir<\/strong><\/h3>\n<p>Dieser Fedora verk\u00f6rpert Schweizer Handwerkskunst in Vollendung. Luxuri\u00f6s, wandelbar in einem Bogart (Krempe vorne nach unten klappen) und nachhaltig \u2013 ein Hut f\u00fcr Kenner und Individualisten, die Wert auf Eleganz und h\u00f6chste Qualit\u00e4t legen.<\/p>\n","protected":false},"featured_media":11321,"template":"","meta":{"_acf_changed":false,"rs_blank_template":"","rs_page_bg_color":"","slide_template_v7":""},"product_brand":[250],"product_cat":[362,353,253],"product_tag":[],"class_list":{"0":"post-11319","1":"product","2":"type-product","3":"status-publish","4":"has-post-thumbnail","6":"product_brand-risa-hutwerkstatt-schweiz","7":"product_cat-bogart-winterhuete","8":"product_cat-fedora-winterhuete","9":"product_cat-winterhuete","10":"product_shipping_class-mittlere-pakete","11":"pa_color-hbeige","12":"pa_color-mbraun","13":"pa_color-schlamm","14":"pa_color-schwarz","15":"pa_groesse-206","16":"pa_groesse-196","17":"pa_groesse-207","18":"pa_groesse-197","19":"pa_groesse-208","20":"pa_groesse-198","21":"pa_groesse-209","22":"pa_groesse-199","23":"pa_groesse-210","24":"yith_product_brand-risa-hutwerkstatt-schweiz","27":"instock","28":"taxable","29":"shipping-taxable","30":"purchasable","31":"product-type-variable","32":"wvs-archive-product-wrapper","33":"add-to-wishlist-after_add_to_cart"},"acf":[],"yoast_head":"<!-- This site is optimized with the Yoast SEO Premium plugin v27.3 (Yoast SEO v27.3) - https:\/\/yoast.com\/product\/yoast-seo-premium-wordpress\/ -->\n<title>Fedora Bogart Kaschmir \u2013 Klapprand, handgefertigt in der Schweiz<\/title>\n<meta name=\"description\" content=\"Exklusiver Fedora Bogart aus 100% Kaschmir mit Klapprand. Handgefertigt in der Schweiz \u2013 wandelbar, luxuri\u00f6s und nachhaltig.\" \/>\n<meta name=\"robots\" content=\"index, follow, max-snippet:-1, max-image-preview:large, max-video-preview:-1\" \/>\n<link rel=\"canonical\" href=\"https:\/\/hutfactory.com\/?product=filzhut-pure-kaschmir-mit-klapprand\" \/>\n<meta property=\"og:locale\" content=\"de_DE\" \/>\n<meta property=\"og:type\" content=\"article\" \/>\n<meta property=\"og:title\" content=\"Filzhut Pure Kaschmir mit Klapprand\" \/>\n<meta property=\"og:description\" content=\"Exklusiver Fedora Bogart aus 100% Kaschmir mit Klapprand. Handgefertigt in der Schweiz \u2013 wandelbar, luxuri\u00f6s und nachhaltig.\" \/>\n<meta property=\"og:url\" content=\"https:\/\/hutfactory.com\/?product=filzhut-pure-kaschmir-mit-klapprand\" \/>\n<meta property=\"og:site_name\" content=\"Hut Factory\" \/>\n<meta property=\"article:modified_time\" content=\"2026-02-13T16:40:42+00:00\" \/>\n<meta property=\"og:image\" content=\"https:\/\/hutfactory.com\/wp-content\/uploads\/2026\/02\/96103470.alle_-2.webp\" \/>\n\t<meta property=\"og:image:width\" content=\"2016\" \/>\n\t<meta property=\"og:image:height\" content=\"1512\" \/>\n\t<meta property=\"og:image:type\" content=\"image\/webp\" \/>\n<meta name=\"twitter:card\" content=\"summary_large_image\" \/>\n<meta name=\"twitter:label1\" content=\"Gesch\u00e4tzte Lesezeit\" \/>\n\t<meta name=\"twitter:data1\" content=\"4\u00a0Minuten\" \/>\n<script type=\"application\/ld+json\" class=\"yoast-schema-graph\">{\"@context\":\"https:\\\/\\\/schema.org\",\"@graph\":[{\"@type\":\"WebPage\",\"@id\":\"https:\\\/\\\/hutfactory.com\\\/?product=filzhut-pure-kaschmir-mit-klapprand\",\"url\":\"https:\\\/\\\/hutfactory.com\\\/?product=filzhut-pure-kaschmir-mit-klapprand\",\"name\":\"Fedora Bogart Kaschmir \u2013 Klapprand, handgefertigt in der Schweiz\",\"isPartOf\":{\"@id\":\"https:\\\/\\\/hutfactory.com\\\/#website\"},\"primaryImageOfPage\":{\"@id\":\"https:\\\/\\\/hutfactory.com\\\/?product=filzhut-pure-kaschmir-mit-klapprand#primaryimage\"},\"image\":{\"@id\":\"https:\\\/\\\/hutfactory.com\\\/?product=filzhut-pure-kaschmir-mit-klapprand#primaryimage\"},\"thumbnailUrl\":\"https:\\\/\\\/hutfactory.com\\\/wp-content\\\/uploads\\\/2026\\\/02\\\/96103470.alle_-2.webp\",\"datePublished\":\"2026-02-09T13:44:22+00:00\",\"dateModified\":\"2026-02-13T16:40:42+00:00\",\"description\":\"Exklusiver Fedora Bogart aus 100% Kaschmir mit Klapprand. Handgefertigt in der Schweiz \u2013 wandelbar, luxuri\u00f6s und nachhaltig.\",\"breadcrumb\":{\"@id\":\"https:\\\/\\\/hutfactory.com\\\/?product=filzhut-pure-kaschmir-mit-klapprand#breadcrumb\"},\"inLanguage\":\"de\",\"potentialAction\":[{\"@type\":\"ReadAction\",\"target\":[\"https:\\\/\\\/hutfactory.com\\\/?product=filzhut-pure-kaschmir-mit-klapprand\"]}]},{\"@type\":\"ImageObject\",\"inLanguage\":\"de\",\"@id\":\"https:\\\/\\\/hutfactory.com\\\/?product=filzhut-pure-kaschmir-mit-klapprand#primaryimage\",\"url\":\"https:\\\/\\\/hutfactory.com\\\/wp-content\\\/uploads\\\/2026\\\/02\\\/96103470.alle_-2.webp\",\"contentUrl\":\"https:\\\/\\\/hutfactory.com\\\/wp-content\\\/uploads\\\/2026\\\/02\\\/96103470.alle_-2.webp\",\"width\":2016,\"height\":1512,\"caption\":\"Luxuri\u00f6ser Kaschmirhut mit Klapprand \u2013 wandelbar von Fedora zu Bogart|Luxuri\u00f6ser Kaschmirhut mit Klapprand \u2013 wandelbar von Fedora zu Bogart|Luxuri\u00f6ser Kaschmirhut mit Klapprand \u2013 wandelbar von Fedora zu Bogart|Luxuri\u00f6ser Kaschmirhut mit Klapprand \u2013 wandelbar von Fedora zu Bogart|Luxuri\u00f6ser Kaschmirhut mit Klapprand \u2013 wandelbar von Fedora zu Bogart\"},{\"@type\":\"BreadcrumbList\",\"@id\":\"https:\\\/\\\/hutfactory.com\\\/?product=filzhut-pure-kaschmir-mit-klapprand#breadcrumb\",\"itemListElement\":[{\"@type\":\"ListItem\",\"position\":1,\"name\":\"Start\",\"item\":\"https:\\\/\\\/hutfactory.com\\\/\"},{\"@type\":\"ListItem\",\"position\":2,\"name\":\"Shop\",\"item\":\"https:\\\/\\\/hutfactory.com\\\/?page_id=10\"},{\"@type\":\"ListItem\",\"position\":3,\"name\":\"Filzhut Pure Kaschmir mit Klapprand\"}]},{\"@type\":\"WebSite\",\"@id\":\"https:\\\/\\\/hutfactory.com\\\/#website\",\"url\":\"https:\\\/\\\/hutfactory.com\\\/\",\"name\":\"Hut Factory\",\"description\":\"H\u00fcte, Kappen &amp; M\u00fctzen in Top Swiss\\\/EU Qualit\u00e4t\",\"publisher\":{\"@id\":\"https:\\\/\\\/hutfactory.com\\\/#organization\"},\"alternateName\":\"Hut Shop\",\"potentialAction\":[{\"@type\":\"SearchAction\",\"target\":{\"@type\":\"EntryPoint\",\"urlTemplate\":\"https:\\\/\\\/hutfactory.com\\\/?s={search_term_string}\"},\"query-input\":{\"@type\":\"PropertyValueSpecification\",\"valueRequired\":true,\"valueName\":\"search_term_string\"}}],\"inLanguage\":\"de\"},{\"@type\":\"Organization\",\"@id\":\"https:\\\/\\\/hutfactory.com\\\/#organization\",\"name\":\"Hut Factory\",\"url\":\"https:\\\/\\\/hutfactory.com\\\/\",\"logo\":{\"@type\":\"ImageObject\",\"inLanguage\":\"de\",\"@id\":\"https:\\\/\\\/hutfactory.com\\\/#\\\/schema\\\/logo\\\/image\\\/\",\"url\":\"https:\\\/\\\/hutfactory.com\\\/wp-content\\\/uploads\\\/2026\\\/01\\\/Logo-hut-factory-1.webp\",\"contentUrl\":\"https:\\\/\\\/hutfactory.com\\\/wp-content\\\/uploads\\\/2026\\\/01\\\/Logo-hut-factory-1.webp\",\"width\":300,\"height\":262,\"caption\":\"Hut Factory\"},\"image\":{\"@id\":\"https:\\\/\\\/hutfactory.com\\\/#\\\/schema\\\/logo\\\/image\\\/\"}}]}<\/script>\n<!-- \/ Yoast SEO Premium plugin. -->","yoast_head_json":{"title":"Fedora Bogart Kaschmir \u2013 Klapprand, handgefertigt in der Schweiz","description":"Exklusiver Fedora Bogart aus 100% Kaschmir mit Klapprand. Handgefertigt in der Schweiz \u2013 wandelbar, luxuri\u00f6s und nachhaltig.","robots":{"index":"index","follow":"follow","max-snippet":"max-snippet:-1","max-image-preview":"max-image-preview:large","max-video-preview":"max-video-preview:-1"},"canonical":"https:\/\/hutfactory.com\/?product=filzhut-pure-kaschmir-mit-klapprand","og_locale":"de_DE","og_type":"article","og_title":"Filzhut Pure Kaschmir mit Klapprand","og_description":"Exklusiver Fedora Bogart aus 100% Kaschmir mit Klapprand. Handgefertigt in der Schweiz \u2013 wandelbar, luxuri\u00f6s und nachhaltig.","og_url":"https:\/\/hutfactory.com\/?product=filzhut-pure-kaschmir-mit-klapprand","og_site_name":"Hut Factory","article_modified_time":"2026-02-13T16:40:42+00:00","og_image":[{"width":2016,"height":1512,"url":"https:\/\/hutfactory.com\/wp-content\/uploads\/2026\/02\/96103470.alle_-2.webp","type":"image\/webp"}],"twitter_card":"summary_large_image","twitter_misc":{"Gesch\u00e4tzte Lesezeit":"4\u00a0Minuten"},"schema":{"@context":"https:\/\/schema.org","@graph":[{"@type":"WebPage","@id":"https:\/\/hutfactory.com\/?product=filzhut-pure-kaschmir-mit-klapprand","url":"https:\/\/hutfactory.com\/?product=filzhut-pure-kaschmir-mit-klapprand","name":"Fedora Bogart Kaschmir \u2013 Klapprand, handgefertigt in der Schweiz","isPartOf":{"@id":"https:\/\/hutfactory.com\/#website"},"primaryImageOfPage":{"@id":"https:\/\/hutfactory.com\/?product=filzhut-pure-kaschmir-mit-klapprand#primaryimage"},"image":{"@id":"https:\/\/hutfactory.com\/?product=filzhut-pure-kaschmir-mit-klapprand#primaryimage"},"thumbnailUrl":"https:\/\/hutfactory.com\/wp-content\/uploads\/2026\/02\/96103470.alle_-2.webp","datePublished":"2026-02-09T13:44:22+00:00","dateModified":"2026-02-13T16:40:42+00:00","description":"Exklusiver Fedora Bogart aus 100% Kaschmir mit Klapprand. Handgefertigt in der Schweiz \u2013 wandelbar, luxuri\u00f6s und nachhaltig.","breadcrumb":{"@id":"https:\/\/hutfactory.com\/?product=filzhut-pure-kaschmir-mit-klapprand#breadcrumb"},"inLanguage":"de","potentialAction":[{"@type":"ReadAction","target":["https:\/\/hutfactory.com\/?product=filzhut-pure-kaschmir-mit-klapprand"]}]},{"@type":"ImageObject","inLanguage":"de","@id":"https:\/\/hutfactory.com\/?product=filzhut-pure-kaschmir-mit-klapprand#primaryimage","url":"https:\/\/hutfactory.com\/wp-content\/uploads\/2026\/02\/96103470.alle_-2.webp","contentUrl":"https:\/\/hutfactory.com\/wp-content\/uploads\/2026\/02\/96103470.alle_-2.webp","width":2016,"height":1512,"caption":"Luxuri\u00f6ser Kaschmirhut mit Klapprand \u2013 wandelbar von Fedora zu Bogart|Luxuri\u00f6ser Kaschmirhut mit Klapprand \u2013 wandelbar von Fedora zu Bogart|Luxuri\u00f6ser Kaschmirhut mit Klapprand \u2013 wandelbar von Fedora zu Bogart|Luxuri\u00f6ser Kaschmirhut mit Klapprand \u2013 wandelbar von Fedora zu Bogart|Luxuri\u00f6ser Kaschmirhut mit Klapprand \u2013 wandelbar von Fedora zu Bogart"},{"@type":"BreadcrumbList","@id":"https:\/\/hutfactory.com\/?product=filzhut-pure-kaschmir-mit-klapprand#breadcrumb","itemListElement":[{"@type":"ListItem","position":1,"name":"Start","item":"https:\/\/hutfactory.com\/"},{"@type":"ListItem","position":2,"name":"Shop","item":"https:\/\/hutfactory.com\/?page_id=10"},{"@type":"ListItem","position":3,"name":"Filzhut Pure Kaschmir mit Klapprand"}]},{"@type":"WebSite","@id":"https:\/\/hutfactory.com\/#website","url":"https:\/\/hutfactory.com\/","name":"Hut Factory","description":"H\u00fcte, Kappen &amp; M\u00fctzen in Top Swiss\/EU Qualit\u00e4t","publisher":{"@id":"https:\/\/hutfactory.com\/#organization"},"alternateName":"Hut Shop","potentialAction":[{"@type":"SearchAction","target":{"@type":"EntryPoint","urlTemplate":"https:\/\/hutfactory.com\/?s={search_term_string}"},"query-input":{"@type":"PropertyValueSpecification","valueRequired":true,"valueName":"search_term_string"}}],"inLanguage":"de"},{"@type":"Organization","@id":"https:\/\/hutfactory.com\/#organization","name":"Hut Factory","url":"https:\/\/hutfactory.com\/","logo":{"@type":"ImageObject","inLanguage":"de","@id":"https:\/\/hutfactory.com\/#\/schema\/logo\/image\/","url":"https:\/\/hutfactory.com\/wp-content\/uploads\/2026\/01\/Logo-hut-factory-1.webp","contentUrl":"https:\/\/hutfactory.com\/wp-content\/uploads\/2026\/01\/Logo-hut-factory-1.webp","width":300,"height":262,"caption":"Hut Factory"},"image":{"@id":"https:\/\/hutfactory.com\/#\/schema\/logo\/image\/"}}]}},"_links":{"self":[{"href":"https:\/\/hutfactory.com\/index.php?rest_route=\/wp\/v2\/product\/11319","targetHints":{"allow":["GET"]}}],"collection":[{"href":"https:\/\/hutfactory.com\/index.php?rest_route=\/wp\/v2\/product"}],"about":[{"href":"https:\/\/hutfactory.com\/index.php?rest_route=\/wp\/v2\/types\/product"}],"wp:featuredmedia":[{"embeddable":true,"href":"https:\/\/hutfactory.com\/index.php?rest_route=\/wp\/v2\/media\/11321"}],"wp:attachment":[{"href":"https:\/\/hutfactory.com\/index.php?rest_route=%2Fwp%2Fv2%2Fmedia&parent=11319"}],"wp:term":[{"taxonomy":"product_brand","embeddable":true,"href":"https:\/\/hutfactory.com\/index.php?rest_route=%2Fwp%2Fv2%2Fproduct_brand&post=11319"},{"taxonomy":"product_cat","embeddable":true,"href":"https:\/\/hutfactory.com\/index.php?rest_route=%2Fwp%2Fv2%2Fproduct_cat&post=11319"},{"taxonomy":"product_tag","embeddable":true,"href":"https:\/\/hutfactory.com\/index.php?rest_route=%2Fwp%2Fv2%2Fproduct_tag&post=11319"}],"curies":[{"name":"wp","href":"https:\/\/api.w.org\/{rel}","templated":true}]}}