{"id":11315,"date":"2026-02-09T13:44:22","date_gmt":"2026-02-09T13:44:22","guid":{"rendered":"https:\/\/hutfactory.com\/?product=bogart-wollstoff-haarfilz-mit-klapprand"},"modified":"2026-02-12T07:31:34","modified_gmt":"2026-02-12T07:31:34","slug":"bogart-wollstoff-haarfilz-mit-klapprand","status":"publish","type":"product","link":"https:\/\/hutfactory.com\/?product=bogart-wollstoff-haarfilz-mit-klapprand","title":{"rendered":"Bogart\/Fedora aus Wollstoff und Haarfilz mit Klapprand"},"content":{"rendered":"<h3 data-start=\"119\" data-end=\"148\"><strong>Zwei Looks in einem Hut<\/strong><\/h3>\n<p data-start=\"149\" data-end=\"558\">Der Bogart aus Wollstoff und Haarfilz aus der Premium Freiamt Herbst- und Winter-Kollektion vereint traditionelle Handwerkskunst mit moderner Vielseitigkeit. Seine Besonderheit liegt in der klappbaren Krempe: Tragen Sie den Hut vorne nach unten geklappt im ikonischen <strong data-start=\"424\" data-end=\"439\">Bogart-Stil<\/strong> oder rundherum nach oben geschlagen als eleganten <strong data-start=\"490\" data-end=\"500\">Fedora<\/strong>. Ein Meisterst\u00fcck, das Stil und Flexibilit\u00e4t verbindet.<\/p>\n<p data-start=\"560\" data-end=\"887\">Die Kombination aus <strong data-start=\"580\" data-end=\"610\">50% Haarfilz in der Krempe<\/strong> und <strong data-start=\"615\" data-end=\"650\">50% feinem Wollstoff im Hutkopf<\/strong> verleiht diesem Modell seine unverwechselbare Struktur und Leichtigkeit. Mit einer Krempenbreite von 6,5 cm und einer Kopfh\u00f6he von ca. 10,5 cm bietet er eine harmonische Balance zwischen klassischem Chic und alltagstauglicher Eleganz.<\/p>\n<p data-start=\"889\" data-end=\"1170\">Das dunkelblaue Rebsband mit Masche und dem ikonischen <strong data-start=\"944\" data-end=\"970\">\u201eRisa seit 1919\u201c-Knopf<\/strong> setzt ein dezentes, stilvolles Detail. In der Farbvariante <strong data-start=\"1030\" data-end=\"1045\">Braun-Taupe<\/strong> \u00fcberzeugt er als vielseitiger Begleiter f\u00fcr Herbst und Winter \u2013 ob im Business-Look oder bei entspannten Freizeitmomenten.<\/p>\n<p data-start=\"1172\" data-end=\"1481\">Perfekt f\u00fcr\u2026\u26c4<br data-start=\"1185\" data-end=\"1188\" \/>\u2744\ufe0f <strong data-start=\"1191\" data-end=\"1211\">Herbst &amp; Winter:<\/strong> Ein zuverl\u00e4ssiger Begleiter bei Spazierg\u00e4ngen, Reisen und urbanen Anl\u00e4ssen.<br data-start=\"1287\" data-end=\"1290\" \/><strong data-start=\"1293\" data-end=\"1312\">Flexible Stile:<\/strong> Zwei Tragevarianten \u2013 elegant als Fedora oder markant im Bogart-Stil.<br data-start=\"1382\" data-end=\"1385\" \/><strong data-start=\"1388\" data-end=\"1407\">Nachhaltigkeit:<\/strong> Ein Hut aus nat\u00fcrlichen Materialien, gefertigt in Schweizer Handarbeit.<\/p>\n<div class=\"hf-accordions\">\n<hr class=\"hf-accordion-separator\" \/>\n<details class=\"hf-accordion\">\n<summary><strong>\u25b6\ufe0f Gut zu wissen \u2013 mehr erfahren<\/strong><\/summary>\n<div class=\"hf-accordion-content\">\n<h3>Wichtige Produktdetails:<\/h3>\n<ul>\n<li><strong>Materialzusammensetzung:<\/strong>\u00a0100% Haarfilz \u2013 f\u00fcr Langlebigkeit und eine formstabile Struktur<\/li>\n<li><strong>Muster:<\/strong>\u00a0Auff\u00e4llige Ziern\u00e4hte links, rechts, vorne und hinten \u2013 ein extravagantes Detail f\u00fcr einen markanten<\/li>\n<li><strong>Randbreite:<\/strong>\u00a04,5 cm \u2013 f\u00fcr den klassischen Bowler-Look<\/li>\n<li><strong>Kopfh\u00f6he:<\/strong>\u00a012,0 cm \u2013 f\u00fcr eine markante, aber dennoch traditionelle Form<\/li>\n<li><strong>Farben:\u00a0<\/strong>1. Schwarz mit Rebsband &amp; Lederkordel, 2.\u00a0Salbei mit Rebsband &amp; Lederkordel<\/li>\n<li><strong>Gr\u00f6\u00dfen:<\/strong>\u00a0Verf\u00fcgbar in den Gr\u00f6\u00dfen 54-62 \u2013 f\u00fcr eine perfekte Passform<\/li>\n<li><strong>Hutband:<\/strong>\u00a0Rebsband mit Lederkordel und einem dekorativen Qualit\u00e4tsknopf auf der Masche \u2013 sorgt f\u00fcr ein stilvolles<\/li>\n<li><strong>Schwei\u00dfband:<\/strong>\u00a0Sauber eingen\u00e4htes Textilinnenband als Schwei\u00dfband \u2013 f\u00fcr h\u00f6chsten Tragekomfort und langanhaltende<\/li>\n<li><strong>Fertigungsort:<\/strong>\u00a0Handgefertigt in der renommierten\u00a0<strong>Schweizer Hutmanufaktur Risa<\/strong>. Diese Manufaktur steht seit Jahren f\u00fcr handwerkliche Perfektion und innovative Designs.<\/li>\n<li><strong>Fertigungszeit:<\/strong>\u00a0Jeder Hut wird auf Bestellung gefertigt, sodass Exklusivit\u00e4t und Individualit\u00e4t garantiert sind. Die Herstellung dauert in der Regel\u00a0<strong>10 bis 15 Arbeitstage nach Zahlungseingang<\/strong>.<\/li>\n<li><strong>Versand:<\/strong>\u00a0Nach Fertigstellung des Hutes wird dieser direkt ab Lager Schweiz versendet, sodass Sie Ihren Hut schnell und zuverl\u00e4ssig erhalten.<\/li>\n<li><strong>Garantie:<\/strong>\u00a0Umtausch ist nur bei Material- oder Herstellungsfehlern m\u00f6glich, da es sich um eine ma\u00dfgefertigte Sonderanfertigung handelt.<\/li>\n<li><strong>Verf\u00fcgbarkeit:<\/strong>\u00a0Da die H\u00fcte in limitierter Auflage produziert werden, empfehlen wir eine fr\u00fchzeitige Bestellung, um sich Ihr exklusives Modell zu sichern. Sollte das Rohmaterial ausverkauft sein, kann es zu Verz\u00f6gerungen kommen.<\/li>\n<\/ul>\n<\/div>\n<\/details>\n<details class=\"hf-accordion\">\n<summary><strong>\u25b6\ufe0f FAQ \u2013 H\u00e4ufige Fragen<\/strong><\/summary>\n<div class=\"hf-accordion-content\">\n<h3>H\u00e4ufige Fragen und Antworten (FAQ)<\/h3>\n<p><strong>1. Wie pflege ich meinen Bowler Rugged \u201csewn and burned\u201d richtig?<\/strong><br \/>\nEs wird empfohlen, den Hut regelm\u00e4\u00dfig mit einer weichen B\u00fcrste zu reinigen. Bei tiefer gehendem Schmutz sollte eine professionelle Hutreinigung in Anspruch genommen werden.<\/p>\n<p><strong>2. In welchen Gr\u00f6\u00dfen ist der Hut erh\u00e4ltlich?<\/strong><br \/>\nDer Bowler Rugged ist in den Gr\u00f6\u00dfen 54 bis 62 verf\u00fcgbar und bietet somit f\u00fcr jeden Tr\u00e4ger die perfekte Passform.<\/p>\n<p><strong>3. Kann ich den Hut umtauschen, wenn er mir nicht passt?<\/strong><br \/>\nDa der Hut auf Bestellung gefertigt wird, ist ein Umtausch nur bei Material- oder Herstellungsfehlern m\u00f6glich. Bitte beachten Sie dies bei Ihrer Bestellung.<\/p>\n<p><strong>4. Wo wird der Hut hergestellt?<\/strong><br \/>\nDer Bowler Rugged wird in der Schweizer Hutmanufaktur Risa, einem traditionsreichen Handwerksbetrieb, gefertigt.<\/p>\n<p><strong>5. Wie lange dauert der Versand?<\/strong><br \/>\nNachdem der Hut gefertigt wurde, erfolgt der Versand innerhalb weniger Tage ab Lager Schweiz. Je nach Zielort kann die Lieferung variieren.<\/p>\n<\/div>\n<\/details>\n<\/div>\n","protected":false},"excerpt":{"rendered":"<h3><strong data-start=\"4376\" data-end=\"4423\">Ein Hut, zwei Charaktere \u2013 ein Meisterwerk<\/strong><\/h3>\n<p>Dieser Bogart aus Wollstoff und Haarfilz verbindet Tradition und Innovation. Dank Klapprand bietet er zwei Stilrichtungen in einem Modell. Ein exklusives St\u00fcck Schweizer Handwerkskunst, gefertigt f\u00fcr h\u00f6chste Anspr\u00fcche.<\/p>\n","protected":false},"featured_media":11314,"template":"","meta":{"_acf_changed":false,"rs_blank_template":"","rs_page_bg_color":"","slide_template_v7":""},"product_brand":[250],"product_cat":[362,353,253],"product_tag":[],"class_list":{"0":"post-11315","1":"product","2":"type-product","3":"status-publish","4":"has-post-thumbnail","6":"product_brand-risa-hutwerkstatt-schweiz","7":"product_cat-bogart-winterhuete","8":"product_cat-fedora-winterhuete","9":"product_cat-winterhuete","10":"product_shipping_class-mittlere-pakete","11":"pa_color-braun","12":"pa_groesse-206","13":"pa_groesse-196","14":"pa_groesse-207","15":"pa_groesse-197","16":"pa_groesse-208","17":"pa_groesse-198","18":"pa_groesse-209","19":"pa_groesse-199","20":"pa_groesse-210","21":"yith_product_brand-risa-hutwerkstatt-schweiz","24":"instock","25":"taxable","26":"shipping-taxable","27":"purchasable","28":"product-type-variable","29":"wvs-archive-product-wrapper","30":"add-to-wishlist-after_add_to_cart"},"acf":[],"yoast_head":"<!-- This site is optimized with the Yoast SEO Premium plugin v27.3 (Yoast SEO v27.3) - https:\/\/yoast.com\/product\/yoast-seo-premium-wordpress\/ -->\n<title>Fedora Bogart Wollstoff\/Haarfilz \u2013 Handarbeit mit Klapprand<\/title>\n<meta name=\"description\" content=\"Fedora Bogart aus Wollstoff &amp; Haarfilz mit Klapprand. Handgefertigt in der Schweiz \u2013 zwei Stile in einem Hut, langlebig, nachhaltig &amp; elegant.\" \/>\n<meta name=\"robots\" content=\"index, follow, max-snippet:-1, max-image-preview:large, max-video-preview:-1\" \/>\n<link rel=\"canonical\" href=\"https:\/\/hutfactory.com\/?product=bogart-wollstoff-haarfilz-mit-klapprand\" \/>\n<meta property=\"og:locale\" content=\"de_DE\" \/>\n<meta property=\"og:type\" content=\"article\" \/>\n<meta property=\"og:title\" content=\"Bogart\/Fedora aus Wollstoff und Haarfilz mit Klapprand\" \/>\n<meta property=\"og:description\" content=\"Fedora Bogart aus Wollstoff &amp; Haarfilz mit Klapprand. Handgefertigt in der Schweiz \u2013 zwei Stile in einem Hut, langlebig, nachhaltig &amp; elegant.\" \/>\n<meta property=\"og:url\" content=\"https:\/\/hutfactory.com\/?product=bogart-wollstoff-haarfilz-mit-klapprand\" \/>\n<meta property=\"og:site_name\" content=\"Hut Factory\" \/>\n<meta property=\"article:modified_time\" content=\"2026-02-12T07:31:34+00:00\" \/>\n<meta property=\"og:image\" content=\"https:\/\/hutfactory.com\/wp-content\/uploads\/2026\/02\/66504860.1_2-e1600954617427-scaled-1.webp\" \/>\n\t<meta property=\"og:image:width\" content=\"2016\" \/>\n\t<meta property=\"og:image:height\" content=\"1512\" \/>\n\t<meta property=\"og:image:type\" content=\"image\/webp\" \/>\n<meta name=\"twitter:card\" content=\"summary_large_image\" \/>\n<meta name=\"twitter:label1\" content=\"Gesch\u00e4tzte Lesezeit\" \/>\n\t<meta name=\"twitter:data1\" content=\"4\u00a0Minuten\" \/>\n<script type=\"application\/ld+json\" class=\"yoast-schema-graph\">{\"@context\":\"https:\\\/\\\/schema.org\",\"@graph\":[{\"@type\":\"WebPage\",\"@id\":\"https:\\\/\\\/hutfactory.com\\\/?product=bogart-wollstoff-haarfilz-mit-klapprand\",\"url\":\"https:\\\/\\\/hutfactory.com\\\/?product=bogart-wollstoff-haarfilz-mit-klapprand\",\"name\":\"Fedora Bogart Wollstoff\\\/Haarfilz \u2013 Handarbeit mit Klapprand\",\"isPartOf\":{\"@id\":\"https:\\\/\\\/hutfactory.com\\\/#website\"},\"primaryImageOfPage\":{\"@id\":\"https:\\\/\\\/hutfactory.com\\\/?product=bogart-wollstoff-haarfilz-mit-klapprand#primaryimage\"},\"image\":{\"@id\":\"https:\\\/\\\/hutfactory.com\\\/?product=bogart-wollstoff-haarfilz-mit-klapprand#primaryimage\"},\"thumbnailUrl\":\"https:\\\/\\\/hutfactory.com\\\/wp-content\\\/uploads\\\/2026\\\/02\\\/66504860.1_2-e1600954617427-scaled-1.webp\",\"datePublished\":\"2026-02-09T13:44:22+00:00\",\"dateModified\":\"2026-02-12T07:31:34+00:00\",\"description\":\"Fedora Bogart aus Wollstoff & Haarfilz mit Klapprand. Handgefertigt in der Schweiz \u2013 zwei Stile in einem Hut, langlebig, nachhaltig & elegant.\",\"breadcrumb\":{\"@id\":\"https:\\\/\\\/hutfactory.com\\\/?product=bogart-wollstoff-haarfilz-mit-klapprand#breadcrumb\"},\"inLanguage\":\"de\",\"potentialAction\":[{\"@type\":\"ReadAction\",\"target\":[\"https:\\\/\\\/hutfactory.com\\\/?product=bogart-wollstoff-haarfilz-mit-klapprand\"]}]},{\"@type\":\"ImageObject\",\"inLanguage\":\"de\",\"@id\":\"https:\\\/\\\/hutfactory.com\\\/?product=bogart-wollstoff-haarfilz-mit-klapprand#primaryimage\",\"url\":\"https:\\\/\\\/hutfactory.com\\\/wp-content\\\/uploads\\\/2026\\\/02\\\/66504860.1_2-e1600954617427-scaled-1.webp\",\"contentUrl\":\"https:\\\/\\\/hutfactory.com\\\/wp-content\\\/uploads\\\/2026\\\/02\\\/66504860.1_2-e1600954617427-scaled-1.webp\",\"width\":2016,\"height\":1512,\"caption\":\"Handgefertigter Fedora Bogart mit klappbarer Krempe|Handgefertigter Fedora Bogart mit klappbarer Krempe\"},{\"@type\":\"BreadcrumbList\",\"@id\":\"https:\\\/\\\/hutfactory.com\\\/?product=bogart-wollstoff-haarfilz-mit-klapprand#breadcrumb\",\"itemListElement\":[{\"@type\":\"ListItem\",\"position\":1,\"name\":\"Start\",\"item\":\"https:\\\/\\\/hutfactory.com\\\/\"},{\"@type\":\"ListItem\",\"position\":2,\"name\":\"Shop\",\"item\":\"https:\\\/\\\/hutfactory.com\\\/?page_id=10\"},{\"@type\":\"ListItem\",\"position\":3,\"name\":\"Bogart\\\/Fedora aus Wollstoff und Haarfilz mit Klapprand\"}]},{\"@type\":\"WebSite\",\"@id\":\"https:\\\/\\\/hutfactory.com\\\/#website\",\"url\":\"https:\\\/\\\/hutfactory.com\\\/\",\"name\":\"Hut Factory\",\"description\":\"H\u00fcte, Kappen &amp; M\u00fctzen in Top Swiss\\\/EU Qualit\u00e4t\",\"publisher\":{\"@id\":\"https:\\\/\\\/hutfactory.com\\\/#organization\"},\"alternateName\":\"Hut Shop\",\"potentialAction\":[{\"@type\":\"SearchAction\",\"target\":{\"@type\":\"EntryPoint\",\"urlTemplate\":\"https:\\\/\\\/hutfactory.com\\\/?s={search_term_string}\"},\"query-input\":{\"@type\":\"PropertyValueSpecification\",\"valueRequired\":true,\"valueName\":\"search_term_string\"}}],\"inLanguage\":\"de\"},{\"@type\":\"Organization\",\"@id\":\"https:\\\/\\\/hutfactory.com\\\/#organization\",\"name\":\"Hut Factory\",\"url\":\"https:\\\/\\\/hutfactory.com\\\/\",\"logo\":{\"@type\":\"ImageObject\",\"inLanguage\":\"de\",\"@id\":\"https:\\\/\\\/hutfactory.com\\\/#\\\/schema\\\/logo\\\/image\\\/\",\"url\":\"https:\\\/\\\/hutfactory.com\\\/wp-content\\\/uploads\\\/2026\\\/01\\\/Logo-hut-factory-1.webp\",\"contentUrl\":\"https:\\\/\\\/hutfactory.com\\\/wp-content\\\/uploads\\\/2026\\\/01\\\/Logo-hut-factory-1.webp\",\"width\":300,\"height\":262,\"caption\":\"Hut Factory\"},\"image\":{\"@id\":\"https:\\\/\\\/hutfactory.com\\\/#\\\/schema\\\/logo\\\/image\\\/\"}}]}<\/script>\n<!-- \/ Yoast SEO Premium plugin. -->","yoast_head_json":{"title":"Fedora Bogart Wollstoff\/Haarfilz \u2013 Handarbeit mit Klapprand","description":"Fedora Bogart aus Wollstoff & Haarfilz mit Klapprand. Handgefertigt in der Schweiz \u2013 zwei Stile in einem Hut, langlebig, nachhaltig & elegant.","robots":{"index":"index","follow":"follow","max-snippet":"max-snippet:-1","max-image-preview":"max-image-preview:large","max-video-preview":"max-video-preview:-1"},"canonical":"https:\/\/hutfactory.com\/?product=bogart-wollstoff-haarfilz-mit-klapprand","og_locale":"de_DE","og_type":"article","og_title":"Bogart\/Fedora aus Wollstoff und Haarfilz mit Klapprand","og_description":"Fedora Bogart aus Wollstoff & Haarfilz mit Klapprand. Handgefertigt in der Schweiz \u2013 zwei Stile in einem Hut, langlebig, nachhaltig & elegant.","og_url":"https:\/\/hutfactory.com\/?product=bogart-wollstoff-haarfilz-mit-klapprand","og_site_name":"Hut Factory","article_modified_time":"2026-02-12T07:31:34+00:00","og_image":[{"width":2016,"height":1512,"url":"https:\/\/hutfactory.com\/wp-content\/uploads\/2026\/02\/66504860.1_2-e1600954617427-scaled-1.webp","type":"image\/webp"}],"twitter_card":"summary_large_image","twitter_misc":{"Gesch\u00e4tzte Lesezeit":"4\u00a0Minuten"},"schema":{"@context":"https:\/\/schema.org","@graph":[{"@type":"WebPage","@id":"https:\/\/hutfactory.com\/?product=bogart-wollstoff-haarfilz-mit-klapprand","url":"https:\/\/hutfactory.com\/?product=bogart-wollstoff-haarfilz-mit-klapprand","name":"Fedora Bogart Wollstoff\/Haarfilz \u2013 Handarbeit mit Klapprand","isPartOf":{"@id":"https:\/\/hutfactory.com\/#website"},"primaryImageOfPage":{"@id":"https:\/\/hutfactory.com\/?product=bogart-wollstoff-haarfilz-mit-klapprand#primaryimage"},"image":{"@id":"https:\/\/hutfactory.com\/?product=bogart-wollstoff-haarfilz-mit-klapprand#primaryimage"},"thumbnailUrl":"https:\/\/hutfactory.com\/wp-content\/uploads\/2026\/02\/66504860.1_2-e1600954617427-scaled-1.webp","datePublished":"2026-02-09T13:44:22+00:00","dateModified":"2026-02-12T07:31:34+00:00","description":"Fedora Bogart aus Wollstoff & Haarfilz mit Klapprand. Handgefertigt in der Schweiz \u2013 zwei Stile in einem Hut, langlebig, nachhaltig & elegant.","breadcrumb":{"@id":"https:\/\/hutfactory.com\/?product=bogart-wollstoff-haarfilz-mit-klapprand#breadcrumb"},"inLanguage":"de","potentialAction":[{"@type":"ReadAction","target":["https:\/\/hutfactory.com\/?product=bogart-wollstoff-haarfilz-mit-klapprand"]}]},{"@type":"ImageObject","inLanguage":"de","@id":"https:\/\/hutfactory.com\/?product=bogart-wollstoff-haarfilz-mit-klapprand#primaryimage","url":"https:\/\/hutfactory.com\/wp-content\/uploads\/2026\/02\/66504860.1_2-e1600954617427-scaled-1.webp","contentUrl":"https:\/\/hutfactory.com\/wp-content\/uploads\/2026\/02\/66504860.1_2-e1600954617427-scaled-1.webp","width":2016,"height":1512,"caption":"Handgefertigter Fedora Bogart mit klappbarer Krempe|Handgefertigter Fedora Bogart mit klappbarer Krempe"},{"@type":"BreadcrumbList","@id":"https:\/\/hutfactory.com\/?product=bogart-wollstoff-haarfilz-mit-klapprand#breadcrumb","itemListElement":[{"@type":"ListItem","position":1,"name":"Start","item":"https:\/\/hutfactory.com\/"},{"@type":"ListItem","position":2,"name":"Shop","item":"https:\/\/hutfactory.com\/?page_id=10"},{"@type":"ListItem","position":3,"name":"Bogart\/Fedora aus Wollstoff und Haarfilz mit Klapprand"}]},{"@type":"WebSite","@id":"https:\/\/hutfactory.com\/#website","url":"https:\/\/hutfactory.com\/","name":"Hut Factory","description":"H\u00fcte, Kappen &amp; M\u00fctzen in Top Swiss\/EU Qualit\u00e4t","publisher":{"@id":"https:\/\/hutfactory.com\/#organization"},"alternateName":"Hut Shop","potentialAction":[{"@type":"SearchAction","target":{"@type":"EntryPoint","urlTemplate":"https:\/\/hutfactory.com\/?s={search_term_string}"},"query-input":{"@type":"PropertyValueSpecification","valueRequired":true,"valueName":"search_term_string"}}],"inLanguage":"de"},{"@type":"Organization","@id":"https:\/\/hutfactory.com\/#organization","name":"Hut Factory","url":"https:\/\/hutfactory.com\/","logo":{"@type":"ImageObject","inLanguage":"de","@id":"https:\/\/hutfactory.com\/#\/schema\/logo\/image\/","url":"https:\/\/hutfactory.com\/wp-content\/uploads\/2026\/01\/Logo-hut-factory-1.webp","contentUrl":"https:\/\/hutfactory.com\/wp-content\/uploads\/2026\/01\/Logo-hut-factory-1.webp","width":300,"height":262,"caption":"Hut Factory"},"image":{"@id":"https:\/\/hutfactory.com\/#\/schema\/logo\/image\/"}}]}},"_links":{"self":[{"href":"https:\/\/hutfactory.com\/index.php?rest_route=\/wp\/v2\/product\/11315","targetHints":{"allow":["GET"]}}],"collection":[{"href":"https:\/\/hutfactory.com\/index.php?rest_route=\/wp\/v2\/product"}],"about":[{"href":"https:\/\/hutfactory.com\/index.php?rest_route=\/wp\/v2\/types\/product"}],"wp:featuredmedia":[{"embeddable":true,"href":"https:\/\/hutfactory.com\/index.php?rest_route=\/wp\/v2\/media\/11314"}],"wp:attachment":[{"href":"https:\/\/hutfactory.com\/index.php?rest_route=%2Fwp%2Fv2%2Fmedia&parent=11315"}],"wp:term":[{"taxonomy":"product_brand","embeddable":true,"href":"https:\/\/hutfactory.com\/index.php?rest_route=%2Fwp%2Fv2%2Fproduct_brand&post=11315"},{"taxonomy":"product_cat","embeddable":true,"href":"https:\/\/hutfactory.com\/index.php?rest_route=%2Fwp%2Fv2%2Fproduct_cat&post=11315"},{"taxonomy":"product_tag","embeddable":true,"href":"https:\/\/hutfactory.com\/index.php?rest_route=%2Fwp%2Fv2%2Fproduct_tag&post=11315"}],"curies":[{"name":"wp","href":"https:\/\/api.w.org\/{rel}","templated":true}]}}