{"id":11297,"date":"2026-02-09T13:44:22","date_gmt":"2026-02-09T13:44:22","guid":{"rendered":"https:\/\/hutfactory.com\/?product=bogart-filzhut-klapprand"},"modified":"2026-02-12T09:02:17","modified_gmt":"2026-02-12T09:02:17","slug":"bogart-filzhut-klapprand","status":"publish","type":"product","link":"https:\/\/hutfactory.com\/?product=bogart-filzhut-klapprand","title":{"rendered":"Filzhut Bogart und Fedora mit Klapprand"},"content":{"rendered":"<h3 data-start=\"120\" data-end=\"167\"><strong>Vielseitige Eleganz mit klappbarer Krempe<\/strong><\/h3>\n<p data-start=\"168\" data-end=\"596\">Dieser Fedora\/Bogart Filzhut aus der Premium Freiamt Herbst- und Winter-Kollektion ist mehr als eine Kopfbedeckung \u2013 er ist ein Statement. Die Besonderheit: Mit seiner klappbaren Krempe l\u00e4sst sich der vordere Hutrand variieren. Nach unten geklappt pr\u00e4sentiert er sich im klassischen <strong data-start=\"451\" data-end=\"466\">Bogart-Stil<\/strong>, nach oben getragen zeigt er sich als markanter <strong data-start=\"515\" data-end=\"525\">Fedora<\/strong>. So k\u00f6nnen Sie Ihrem pers\u00f6nlichen Stil jederzeit Ausdruck verleihen.<\/p>\n<p data-start=\"598\" data-end=\"950\">Gefertigt aus 100% hochwertigem Wollfilz und zus\u00e4tzlich impr\u00e4gniert, vereint dieser Hut Eleganz, Funktionalit\u00e4t und Widerstandskraft. Die klare Form mit 6 cm Krempenbreite und einer Kopfh\u00f6he von 10,5 cm verleiht ihm eine zeitlose Ausstrahlung. Das feine Rebsband mit Masche und dem ikonischen <strong data-start=\"891\" data-end=\"917\">\u201eRisa seit 1919\u201c-Knopf<\/strong> rundet das Design stilvoll ab.<\/p>\n<p data-start=\"952\" data-end=\"1203\">Mit seiner Farbvielfalt \u2013 von warmem Beige, Zimt und Taupe \u00fcber klassisches Mittelbraun bis zu ausdrucksstarken T\u00f6nen wie Orange, Dunkelviolett, Dunkelgr\u00fcn und Hellgrau \u2013 bietet dieses Modell zahlreiche M\u00f6glichkeiten, individuelle Akzente zu setzen.<\/p>\n<p data-start=\"1205\" data-end=\"1532\"><strong>Perfekt f\u00fcr\u2026<\/strong>\u26c4<br data-start=\"1218\" data-end=\"1221\" \/>\u2744\ufe0f <strong data-start=\"1224\" data-end=\"1244\">Herbst &amp; Winter:<\/strong> Ideal f\u00fcr Spazierg\u00e4nge, Reisen oder den eleganten Auftritt in der Stadt.<br data-start=\"1317\" data-end=\"1320\" \/><strong data-start=\"1323\" data-end=\"1342\">Variable Stile:<\/strong> Ob im l\u00e4ssigen Fedora- oder im markanten Bogart-Look \u2013 dieser Hut passt sich Ihrem Outfit an.<br data-start=\"1436\" data-end=\"1439\" \/><strong data-start=\"1442\" data-end=\"1469\">Nachhaltige Handarbeit:<\/strong> Gefertigt aus nat\u00fcrlichen Rohstoffen in Schweizer Pr\u00e4zision.<\/p>\n<div class=\"hf-accordions\">\n<hr class=\"hf-accordion-separator\" \/>\n<details class=\"hf-accordion\">\n<summary><strong>\u25b6\ufe0f Gut zu wissen \u2013 mehr erfahren<\/strong><\/summary>\n<div class=\"hf-accordion-content\">\n<h3>Wichtige Produktdetails:<\/h3>\n<ul>\n<li><strong>Materialzusammensetzung:<\/strong>\u00a0100% Haarfilz \u2013 f\u00fcr Langlebigkeit und eine formstabile Struktur<\/li>\n<li><strong>Muster:<\/strong>\u00a0Auff\u00e4llige Ziern\u00e4hte links, rechts, vorne und hinten \u2013 ein extravagantes Detail f\u00fcr einen markanten<\/li>\n<li><strong>Randbreite:<\/strong>\u00a04,5 cm \u2013 f\u00fcr den klassischen Bowler-Look<\/li>\n<li><strong>Kopfh\u00f6he:<\/strong>\u00a012,0 cm \u2013 f\u00fcr eine markante, aber dennoch traditionelle Form<\/li>\n<li><strong>Farben:\u00a0<\/strong>1. Schwarz mit Rebsband &amp; Lederkordel, 2.\u00a0Salbei mit Rebsband &amp; Lederkordel<\/li>\n<li><strong>Gr\u00f6\u00dfen:<\/strong>\u00a0Verf\u00fcgbar in den Gr\u00f6\u00dfen 54-62 \u2013 f\u00fcr eine perfekte Passform<\/li>\n<li><strong>Hutband:<\/strong>\u00a0Rebsband mit Lederkordel und einem dekorativen Qualit\u00e4tsknopf auf der Masche \u2013 sorgt f\u00fcr ein stilvolles<\/li>\n<li><strong>Schwei\u00dfband:<\/strong>\u00a0Sauber eingen\u00e4htes Textilinnenband als Schwei\u00dfband \u2013 f\u00fcr h\u00f6chsten Tragekomfort und langanhaltende<\/li>\n<li><strong>Fertigungsort:<\/strong>\u00a0Handgefertigt in der renommierten\u00a0<strong>Schweizer Hutmanufaktur Risa<\/strong>. Diese Manufaktur steht seit Jahren f\u00fcr handwerkliche Perfektion und innovative Designs.<\/li>\n<li><strong>Fertigungszeit:<\/strong>\u00a0Jeder Hut wird auf Bestellung gefertigt, sodass Exklusivit\u00e4t und Individualit\u00e4t garantiert sind. Die Herstellung dauert in der Regel\u00a0<strong>10 bis 15 Arbeitstage nach Zahlungseingang<\/strong>.<\/li>\n<li><strong>Versand:<\/strong>\u00a0Nach Fertigstellung des Hutes wird dieser direkt ab Lager Schweiz versendet, sodass Sie Ihren Hut schnell und zuverl\u00e4ssig erhalten.<\/li>\n<li><strong>Garantie:<\/strong>\u00a0Umtausch ist nur bei Material- oder Herstellungsfehlern m\u00f6glich, da es sich um eine ma\u00dfgefertigte Sonderanfertigung handelt.<\/li>\n<li><strong>Verf\u00fcgbarkeit:<\/strong>\u00a0Da die H\u00fcte in limitierter Auflage produziert werden, empfehlen wir eine fr\u00fchzeitige Bestellung, um sich Ihr exklusives Modell zu sichern. Sollte das Rohmaterial ausverkauft sein, kann es zu Verz\u00f6gerungen kommen.<\/li>\n<\/ul>\n<\/div>\n<\/details>\n<details class=\"hf-accordion\">\n<summary><strong>\u25b6\ufe0f FAQ \u2013 H\u00e4ufige Fragen<\/strong><\/summary>\n<div class=\"hf-accordion-content\">\n<h3>H\u00e4ufige Fragen und Antworten (FAQ)<\/h3>\n<p><strong>1. Wie pflege ich meinen Bowler Rugged \u201csewn and burned\u201d richtig?<\/strong><br \/>\nEs wird empfohlen, den Hut regelm\u00e4\u00dfig mit einer weichen B\u00fcrste zu reinigen. Bei tiefer gehendem Schmutz sollte eine professionelle Hutreinigung in Anspruch genommen werden.<\/p>\n<p><strong>2. In welchen Gr\u00f6\u00dfen ist der Hut erh\u00e4ltlich?<\/strong><br \/>\nDer Bowler Rugged ist in den Gr\u00f6\u00dfen 54 bis 62 verf\u00fcgbar und bietet somit f\u00fcr jeden Tr\u00e4ger die perfekte Passform.<\/p>\n<p><strong>3. Kann ich den Hut umtauschen, wenn er mir nicht passt?<\/strong><br \/>\nDa der Hut auf Bestellung gefertigt wird, ist ein Umtausch nur bei Material- oder Herstellungsfehlern m\u00f6glich. Bitte beachten Sie dies bei Ihrer Bestellung.<\/p>\n<p><strong>4. Wo wird der Hut hergestellt?<\/strong><br \/>\nDer Bowler Rugged wird in der Schweizer Hutmanufaktur Risa, einem traditionsreichen Handwerksbetrieb, gefertigt.<\/p>\n<p><strong>5. Wie lange dauert der Versand?<\/strong><br \/>\nNachdem der Hut gefertigt wurde, erfolgt der Versand innerhalb weniger Tage ab Lager Schweiz. Je nach Zielort kann die Lieferung variieren.<\/p>\n<\/div>\n<\/details>\n<\/div>\n","protected":false},"excerpt":{"rendered":"<h3><strong data-start=\"1570\" data-end=\"1595\">Ein Hut \u2013 zwei Looks<\/strong><\/h3>\n<p>Der Bogart mit Klapprand verbindet Eleganz und Flexibilit\u00e4t. Mit dem Klapprand vorne nach oben geklappt wird aus dem Bogart ein Fedora Hut, ob klassisch oder modern \u2013 Sie entscheiden, wie er wirkt. Handgefertigt in der Schweiz, nachhaltig, langlebig und exklusiv.<\/p>\n","protected":false},"featured_media":11299,"template":"","meta":{"_acf_changed":false,"rs_blank_template":"","rs_page_bg_color":"","slide_template_v7":""},"product_brand":[250],"product_cat":[351,362,251,253],"product_tag":[],"class_list":{"0":"post-11297","1":"product","2":"type-product","3":"status-publish","4":"has-post-thumbnail","6":"product_brand-risa-hutwerkstatt-schweiz","7":"product_cat-bogart-all-saison-huete","8":"product_cat-bogart-winterhuete","9":"product_cat-huete-all-saison-huete","10":"product_cat-winterhuete","11":"product_shipping_class-mittlere-pakete","12":"pa_color-dgruen","13":"pa_color-dviola","14":"pa_color-hgrau","15":"pa_color-mbeige","16":"pa_color-mbraun","17":"pa_color-orange","18":"pa_color-taupe","19":"pa_color-zimt","20":"pa_groesse-206","21":"pa_groesse-196","22":"pa_groesse-207","23":"pa_groesse-197","24":"pa_groesse-208","25":"pa_groesse-198","26":"pa_groesse-209","27":"pa_groesse-199","28":"pa_groesse-210","29":"yith_product_brand-risa-hutwerkstatt-schweiz","32":"instock","33":"taxable","34":"shipping-taxable","35":"purchasable","36":"product-type-variable","37":"wvs-archive-product-wrapper","38":"add-to-wishlist-after_add_to_cart"},"acf":[],"yoast_head":"<!-- This site is optimized with the Yoast SEO Premium plugin v27.3 (Yoast SEO v27.3) - https:\/\/yoast.com\/product\/yoast-seo-premium-wordpress\/ -->\n<title>Fedora &amp; Bogart Filzhut \u2013 Klapprand, impr\u00e4gniert, Handarbeit<\/title>\n<meta name=\"description\" content=\"Fedora &amp; Bogart Filzhut mit klappbarer Krempe \u2013 aus impr\u00e4gniertem Wollfilz. Handgefertigt in der Schweiz. Vielseitig, stilvoll &amp; nachhaltig.\" \/>\n<meta name=\"robots\" content=\"index, follow, max-snippet:-1, max-image-preview:large, max-video-preview:-1\" \/>\n<link rel=\"canonical\" href=\"https:\/\/hutfactory.com\/?product=bogart-filzhut-klapprand\" \/>\n<meta property=\"og:locale\" content=\"de_DE\" \/>\n<meta property=\"og:type\" content=\"article\" \/>\n<meta property=\"og:title\" content=\"Filzhut Bogart und Fedora mit Klapprand\" \/>\n<meta property=\"og:description\" content=\"Fedora &amp; Bogart Filzhut mit klappbarer Krempe \u2013 aus impr\u00e4gniertem Wollfilz. Handgefertigt in der Schweiz. Vielseitig, stilvoll &amp; nachhaltig.\" \/>\n<meta property=\"og:url\" content=\"https:\/\/hutfactory.com\/?product=bogart-filzhut-klapprand\" \/>\n<meta property=\"og:site_name\" content=\"Hut Factory\" \/>\n<meta property=\"article:modified_time\" content=\"2026-02-12T09:02:17+00:00\" \/>\n<meta property=\"og:image\" content=\"https:\/\/hutfactory.com\/wp-content\/uploads\/2026\/02\/70503470.alle-B.webp\" \/>\n\t<meta property=\"og:image:width\" content=\"2000\" \/>\n\t<meta property=\"og:image:height\" content=\"1500\" \/>\n\t<meta property=\"og:image:type\" content=\"image\/webp\" \/>\n<meta name=\"twitter:card\" content=\"summary_large_image\" \/>\n<meta name=\"twitter:label1\" content=\"Gesch\u00e4tzte Lesezeit\" \/>\n\t<meta name=\"twitter:data1\" content=\"4\u00a0Minuten\" \/>\n<script type=\"application\/ld+json\" class=\"yoast-schema-graph\">{\"@context\":\"https:\\\/\\\/schema.org\",\"@graph\":[{\"@type\":\"WebPage\",\"@id\":\"https:\\\/\\\/hutfactory.com\\\/?product=bogart-filzhut-klapprand\",\"url\":\"https:\\\/\\\/hutfactory.com\\\/?product=bogart-filzhut-klapprand\",\"name\":\"Fedora & Bogart Filzhut \u2013 Klapprand, impr\u00e4gniert, Handarbeit\",\"isPartOf\":{\"@id\":\"https:\\\/\\\/hutfactory.com\\\/#website\"},\"primaryImageOfPage\":{\"@id\":\"https:\\\/\\\/hutfactory.com\\\/?product=bogart-filzhut-klapprand#primaryimage\"},\"image\":{\"@id\":\"https:\\\/\\\/hutfactory.com\\\/?product=bogart-filzhut-klapprand#primaryimage\"},\"thumbnailUrl\":\"https:\\\/\\\/hutfactory.com\\\/wp-content\\\/uploads\\\/2026\\\/02\\\/70503470.alle-B.webp\",\"datePublished\":\"2026-02-09T13:44:22+00:00\",\"dateModified\":\"2026-02-12T09:02:17+00:00\",\"description\":\"Fedora & Bogart Filzhut mit klappbarer Krempe \u2013 aus impr\u00e4gniertem Wollfilz. Handgefertigt in der Schweiz. Vielseitig, stilvoll & nachhaltig.\",\"breadcrumb\":{\"@id\":\"https:\\\/\\\/hutfactory.com\\\/?product=bogart-filzhut-klapprand#breadcrumb\"},\"inLanguage\":\"de\",\"potentialAction\":[{\"@type\":\"ReadAction\",\"target\":[\"https:\\\/\\\/hutfactory.com\\\/?product=bogart-filzhut-klapprand\"]}]},{\"@type\":\"ImageObject\",\"inLanguage\":\"de\",\"@id\":\"https:\\\/\\\/hutfactory.com\\\/?product=bogart-filzhut-klapprand#primaryimage\",\"url\":\"https:\\\/\\\/hutfactory.com\\\/wp-content\\\/uploads\\\/2026\\\/02\\\/70503470.alle-B.webp\",\"contentUrl\":\"https:\\\/\\\/hutfactory.com\\\/wp-content\\\/uploads\\\/2026\\\/02\\\/70503470.alle-B.webp\",\"width\":2000,\"height\":1500,\"caption\":\"Handgefertigter Fedora\\\/Bogart-Hut mit klappbarer Krempe|Handgefertigter Fedora\\\/Bogart-Hut mit klappbarer Krempe|Handgefertigter Fedora\\\/Bogart-Hut mit klappbarer Krempe|Handgefertigter Fedora\\\/Bogart-Hut mit klappbarer Krempe|Handgefertigter Fedora\\\/Bogart-Hut mit klappbarer Krempe|Handgefertigter Fedora\\\/Bogart-Hut mit klappbarer Krempe|Handgefertigter Fedora\\\/Bogart-Hut mit klappbarer Krempe|Handgefertigter Fedora\\\/Bogart-Hut mit klappbarer Krempe|Handgefertigter Fedora\\\/Bogart-Hut mit klappbarer Krempe|Handgefertigter Fedora\\\/Bogart-Hut mit klappbarer Krempe|Handgefertigter Fedora\\\/Bogart-Hut mit klappbarer Krempe|Handgefertigter Fedora\\\/Bogart-Hut mit klappbarer Krempe|Handgefertigter Fedora\\\/Bogart-Hut mit klappbarer Krempe|Handgefertigter Fedora\\\/Bogart-Hut mit klappbarer Krempe|Handgefertigter Fedora\\\/Bogart-Hut mit klappbarer Krempe|Handgefertigter Fedora\\\/Bogart-Hut mit klappbarer Krempe|Handgefertigter Fedora\\\/Bogart-Hut mit klappbarer Krempe\"},{\"@type\":\"BreadcrumbList\",\"@id\":\"https:\\\/\\\/hutfactory.com\\\/?product=bogart-filzhut-klapprand#breadcrumb\",\"itemListElement\":[{\"@type\":\"ListItem\",\"position\":1,\"name\":\"Start\",\"item\":\"https:\\\/\\\/hutfactory.com\\\/\"},{\"@type\":\"ListItem\",\"position\":2,\"name\":\"Shop\",\"item\":\"https:\\\/\\\/hutfactory.com\\\/?page_id=10\"},{\"@type\":\"ListItem\",\"position\":3,\"name\":\"Filzhut Bogart und Fedora mit Klapprand\"}]},{\"@type\":\"WebSite\",\"@id\":\"https:\\\/\\\/hutfactory.com\\\/#website\",\"url\":\"https:\\\/\\\/hutfactory.com\\\/\",\"name\":\"Hut Factory\",\"description\":\"H\u00fcte, Kappen &amp; M\u00fctzen in Top Swiss\\\/EU Qualit\u00e4t\",\"publisher\":{\"@id\":\"https:\\\/\\\/hutfactory.com\\\/#organization\"},\"alternateName\":\"Hut Shop\",\"potentialAction\":[{\"@type\":\"SearchAction\",\"target\":{\"@type\":\"EntryPoint\",\"urlTemplate\":\"https:\\\/\\\/hutfactory.com\\\/?s={search_term_string}\"},\"query-input\":{\"@type\":\"PropertyValueSpecification\",\"valueRequired\":true,\"valueName\":\"search_term_string\"}}],\"inLanguage\":\"de\"},{\"@type\":\"Organization\",\"@id\":\"https:\\\/\\\/hutfactory.com\\\/#organization\",\"name\":\"Hut Factory\",\"url\":\"https:\\\/\\\/hutfactory.com\\\/\",\"logo\":{\"@type\":\"ImageObject\",\"inLanguage\":\"de\",\"@id\":\"https:\\\/\\\/hutfactory.com\\\/#\\\/schema\\\/logo\\\/image\\\/\",\"url\":\"https:\\\/\\\/hutfactory.com\\\/wp-content\\\/uploads\\\/2026\\\/01\\\/Logo-hut-factory-1.webp\",\"contentUrl\":\"https:\\\/\\\/hutfactory.com\\\/wp-content\\\/uploads\\\/2026\\\/01\\\/Logo-hut-factory-1.webp\",\"width\":300,\"height\":262,\"caption\":\"Hut Factory\"},\"image\":{\"@id\":\"https:\\\/\\\/hutfactory.com\\\/#\\\/schema\\\/logo\\\/image\\\/\"}}]}<\/script>\n<!-- \/ Yoast SEO Premium plugin. -->","yoast_head_json":{"title":"Fedora & Bogart Filzhut \u2013 Klapprand, impr\u00e4gniert, Handarbeit","description":"Fedora & Bogart Filzhut mit klappbarer Krempe \u2013 aus impr\u00e4gniertem Wollfilz. Handgefertigt in der Schweiz. Vielseitig, stilvoll & nachhaltig.","robots":{"index":"index","follow":"follow","max-snippet":"max-snippet:-1","max-image-preview":"max-image-preview:large","max-video-preview":"max-video-preview:-1"},"canonical":"https:\/\/hutfactory.com\/?product=bogart-filzhut-klapprand","og_locale":"de_DE","og_type":"article","og_title":"Filzhut Bogart und Fedora mit Klapprand","og_description":"Fedora & Bogart Filzhut mit klappbarer Krempe \u2013 aus impr\u00e4gniertem Wollfilz. Handgefertigt in der Schweiz. Vielseitig, stilvoll & nachhaltig.","og_url":"https:\/\/hutfactory.com\/?product=bogart-filzhut-klapprand","og_site_name":"Hut Factory","article_modified_time":"2026-02-12T09:02:17+00:00","og_image":[{"width":2000,"height":1500,"url":"https:\/\/hutfactory.com\/wp-content\/uploads\/2026\/02\/70503470.alle-B.webp","type":"image\/webp"}],"twitter_card":"summary_large_image","twitter_misc":{"Gesch\u00e4tzte Lesezeit":"4\u00a0Minuten"},"schema":{"@context":"https:\/\/schema.org","@graph":[{"@type":"WebPage","@id":"https:\/\/hutfactory.com\/?product=bogart-filzhut-klapprand","url":"https:\/\/hutfactory.com\/?product=bogart-filzhut-klapprand","name":"Fedora & Bogart Filzhut \u2013 Klapprand, impr\u00e4gniert, Handarbeit","isPartOf":{"@id":"https:\/\/hutfactory.com\/#website"},"primaryImageOfPage":{"@id":"https:\/\/hutfactory.com\/?product=bogart-filzhut-klapprand#primaryimage"},"image":{"@id":"https:\/\/hutfactory.com\/?product=bogart-filzhut-klapprand#primaryimage"},"thumbnailUrl":"https:\/\/hutfactory.com\/wp-content\/uploads\/2026\/02\/70503470.alle-B.webp","datePublished":"2026-02-09T13:44:22+00:00","dateModified":"2026-02-12T09:02:17+00:00","description":"Fedora & Bogart Filzhut mit klappbarer Krempe \u2013 aus impr\u00e4gniertem Wollfilz. Handgefertigt in der Schweiz. Vielseitig, stilvoll & nachhaltig.","breadcrumb":{"@id":"https:\/\/hutfactory.com\/?product=bogart-filzhut-klapprand#breadcrumb"},"inLanguage":"de","potentialAction":[{"@type":"ReadAction","target":["https:\/\/hutfactory.com\/?product=bogart-filzhut-klapprand"]}]},{"@type":"ImageObject","inLanguage":"de","@id":"https:\/\/hutfactory.com\/?product=bogart-filzhut-klapprand#primaryimage","url":"https:\/\/hutfactory.com\/wp-content\/uploads\/2026\/02\/70503470.alle-B.webp","contentUrl":"https:\/\/hutfactory.com\/wp-content\/uploads\/2026\/02\/70503470.alle-B.webp","width":2000,"height":1500,"caption":"Handgefertigter Fedora\/Bogart-Hut mit klappbarer Krempe|Handgefertigter Fedora\/Bogart-Hut mit klappbarer Krempe|Handgefertigter Fedora\/Bogart-Hut mit klappbarer Krempe|Handgefertigter Fedora\/Bogart-Hut mit klappbarer Krempe|Handgefertigter Fedora\/Bogart-Hut mit klappbarer Krempe|Handgefertigter Fedora\/Bogart-Hut mit klappbarer Krempe|Handgefertigter Fedora\/Bogart-Hut mit klappbarer Krempe|Handgefertigter Fedora\/Bogart-Hut mit klappbarer Krempe|Handgefertigter Fedora\/Bogart-Hut mit klappbarer Krempe|Handgefertigter Fedora\/Bogart-Hut mit klappbarer Krempe|Handgefertigter Fedora\/Bogart-Hut mit klappbarer Krempe|Handgefertigter Fedora\/Bogart-Hut mit klappbarer Krempe|Handgefertigter Fedora\/Bogart-Hut mit klappbarer Krempe|Handgefertigter Fedora\/Bogart-Hut mit klappbarer Krempe|Handgefertigter Fedora\/Bogart-Hut mit klappbarer Krempe|Handgefertigter Fedora\/Bogart-Hut mit klappbarer Krempe|Handgefertigter Fedora\/Bogart-Hut mit klappbarer Krempe"},{"@type":"BreadcrumbList","@id":"https:\/\/hutfactory.com\/?product=bogart-filzhut-klapprand#breadcrumb","itemListElement":[{"@type":"ListItem","position":1,"name":"Start","item":"https:\/\/hutfactory.com\/"},{"@type":"ListItem","position":2,"name":"Shop","item":"https:\/\/hutfactory.com\/?page_id=10"},{"@type":"ListItem","position":3,"name":"Filzhut Bogart und Fedora mit Klapprand"}]},{"@type":"WebSite","@id":"https:\/\/hutfactory.com\/#website","url":"https:\/\/hutfactory.com\/","name":"Hut Factory","description":"H\u00fcte, Kappen &amp; M\u00fctzen in Top Swiss\/EU Qualit\u00e4t","publisher":{"@id":"https:\/\/hutfactory.com\/#organization"},"alternateName":"Hut Shop","potentialAction":[{"@type":"SearchAction","target":{"@type":"EntryPoint","urlTemplate":"https:\/\/hutfactory.com\/?s={search_term_string}"},"query-input":{"@type":"PropertyValueSpecification","valueRequired":true,"valueName":"search_term_string"}}],"inLanguage":"de"},{"@type":"Organization","@id":"https:\/\/hutfactory.com\/#organization","name":"Hut Factory","url":"https:\/\/hutfactory.com\/","logo":{"@type":"ImageObject","inLanguage":"de","@id":"https:\/\/hutfactory.com\/#\/schema\/logo\/image\/","url":"https:\/\/hutfactory.com\/wp-content\/uploads\/2026\/01\/Logo-hut-factory-1.webp","contentUrl":"https:\/\/hutfactory.com\/wp-content\/uploads\/2026\/01\/Logo-hut-factory-1.webp","width":300,"height":262,"caption":"Hut Factory"},"image":{"@id":"https:\/\/hutfactory.com\/#\/schema\/logo\/image\/"}}]}},"_links":{"self":[{"href":"https:\/\/hutfactory.com\/index.php?rest_route=\/wp\/v2\/product\/11297","targetHints":{"allow":["GET"]}}],"collection":[{"href":"https:\/\/hutfactory.com\/index.php?rest_route=\/wp\/v2\/product"}],"about":[{"href":"https:\/\/hutfactory.com\/index.php?rest_route=\/wp\/v2\/types\/product"}],"wp:featuredmedia":[{"embeddable":true,"href":"https:\/\/hutfactory.com\/index.php?rest_route=\/wp\/v2\/media\/11299"}],"wp:attachment":[{"href":"https:\/\/hutfactory.com\/index.php?rest_route=%2Fwp%2Fv2%2Fmedia&parent=11297"}],"wp:term":[{"taxonomy":"product_brand","embeddable":true,"href":"https:\/\/hutfactory.com\/index.php?rest_route=%2Fwp%2Fv2%2Fproduct_brand&post=11297"},{"taxonomy":"product_cat","embeddable":true,"href":"https:\/\/hutfactory.com\/index.php?rest_route=%2Fwp%2Fv2%2Fproduct_cat&post=11297"},{"taxonomy":"product_tag","embeddable":true,"href":"https:\/\/hutfactory.com\/index.php?rest_route=%2Fwp%2Fv2%2Fproduct_tag&post=11297"}],"curies":[{"name":"wp","href":"https:\/\/api.w.org\/{rel}","templated":true}]}}