{"id":11239,"date":"2026-02-09T13:42:52","date_gmt":"2026-02-09T13:42:52","guid":{"rendered":"https:\/\/hutfactory.com\/?product=fedora-bogart-cashmere"},"modified":"2026-02-13T17:09:23","modified_gmt":"2026-02-13T17:09:23","slug":"fedora-bogart-cashmere","status":"publish","type":"product","link":"https:\/\/hutfactory.com\/?product=fedora-bogart-cashmere","title":{"rendered":"Fedora Bogart Cashmere"},"content":{"rendered":"<h3 data-start=\"155\" data-end=\"551\"><strong>Kaschmir Eleganz mit breiter Krempe<\/strong><\/h3>\n<p data-start=\"155\" data-end=\"551\">Der <strong data-start=\"159\" data-end=\"185\">Fedora Bogart Cashmere<\/strong> vereint zeitlose Eleganz mit luxuri\u00f6sem Tragekomfort. Gefertigt aus <strong data-start=\"254\" data-end=\"285\">100 % edelstem Kaschmirfilz<\/strong>, begeistert dieser Hut durch seine weiche Haptik, seine pr\u00e4zise Formgebung und die charakteristische Krempenf\u00fchrung. Mit hochgestellter Krempe zeigt er die klassische Fedora-Linie, w\u00e4hrend die nach vorne geklappte Variante den markanten Bogart-Look unterstreicht.<\/p>\n<p data-start=\"155\" data-end=\"551\"><strong data-start=\"1024\" data-end=\"1042\">Perfekt f\u00fcr\u2026 \u26c4<\/strong><br data-start=\"1042\" data-end=\"1045\" \/>\u2744\ufe0f <strong data-start=\"1048\" data-end=\"1068\">Herbst &amp; Winter:<\/strong> W\u00e4rmend und stilvoll bei Spazierg\u00e4ngen, im Business oder beim Stadtbummel.<br data-start=\"1143\" data-end=\"1146\" \/><strong data-start=\"1149\" data-end=\"1172\">Elegante Auftritte:<\/strong> Durch seine breite Krempe und drei edlen Farbnuancen ideal f\u00fcr gehobene Anl\u00e4sse.<br data-start=\"1248\" data-end=\"1251\" \/><strong data-start=\"1254\" data-end=\"1283\">Nachhaltige Modebewusste:<\/strong> Handarbeit in der Schweiz, nat\u00fcrliche Materialien, langlebig und exklusiv.<\/p>\n<div class=\"hf-accordions\">\n<hr class=\"hf-accordion-separator\" \/>\n<details class=\"hf-accordion\">\n<summary><strong>\u25b6\ufe0f Gut zu wissen \u2013 mehr erfahren<\/strong><\/summary>\n<div class=\"hf-accordion-content\">\n<h3>Wichtige Produktdetails:<\/h3>\n<ul>\n<li><strong>Materialzusammensetzung:<\/strong>\u00a0100% Haarfilz \u2013 f\u00fcr Langlebigkeit und eine formstabile Struktur<\/li>\n<li><strong>Muster:<\/strong>\u00a0Auff\u00e4llige Ziern\u00e4hte links, rechts, vorne und hinten \u2013 ein extravagantes Detail f\u00fcr einen markanten<\/li>\n<li><strong>Randbreite:<\/strong>\u00a04,5 cm \u2013 f\u00fcr den klassischen Bowler-Look<\/li>\n<li><strong>Kopfh\u00f6he:<\/strong>\u00a012,0 cm \u2013 f\u00fcr eine markante, aber dennoch traditionelle Form<\/li>\n<li><strong>Farben:\u00a0<\/strong>1. Schwarz mit Rebsband &amp; Lederkordel, 2.\u00a0Salbei mit Rebsband &amp; Lederkordel<\/li>\n<li><strong>Gr\u00f6\u00dfen:<\/strong>\u00a0Verf\u00fcgbar in den Gr\u00f6\u00dfen 54-62 \u2013 f\u00fcr eine perfekte Passform<\/li>\n<li><strong>Hutband:<\/strong>\u00a0Rebsband mit Lederkordel und einem dekorativen Qualit\u00e4tsknopf auf der Masche \u2013 sorgt f\u00fcr ein stilvolles<\/li>\n<li><strong>Schwei\u00dfband:<\/strong>\u00a0Sauber eingen\u00e4htes Textilinnenband als Schwei\u00dfband \u2013 f\u00fcr h\u00f6chsten Tragekomfort und langanhaltende<\/li>\n<li><strong>Fertigungsort:<\/strong>\u00a0Handgefertigt in der renommierten\u00a0<strong>Schweizer Hutmanufaktur Risa<\/strong>. Diese Manufaktur steht seit Jahren f\u00fcr handwerkliche Perfektion und innovative Designs.<\/li>\n<li><strong>Fertigungszeit:<\/strong>\u00a0Jeder Hut wird auf Bestellung gefertigt, sodass Exklusivit\u00e4t und Individualit\u00e4t garantiert sind. Die Herstellung dauert in der Regel\u00a0<strong>10 bis 15 Arbeitstage nach Zahlungseingang<\/strong>.<\/li>\n<li><strong>Versand:<\/strong>\u00a0Nach Fertigstellung des Hutes wird dieser direkt ab Lager Schweiz versendet, sodass Sie Ihren Hut schnell und zuverl\u00e4ssig erhalten.<\/li>\n<li><strong>Garantie:<\/strong>\u00a0Umtausch ist nur bei Material- oder Herstellungsfehlern m\u00f6glich, da es sich um eine ma\u00dfgefertigte Sonderanfertigung handelt.<\/li>\n<li><strong>Verf\u00fcgbarkeit:<\/strong>\u00a0Da die H\u00fcte in limitierter Auflage produziert werden, empfehlen wir eine fr\u00fchzeitige Bestellung, um sich Ihr exklusives Modell zu sichern. Sollte das Rohmaterial ausverkauft sein, kann es zu Verz\u00f6gerungen kommen.<\/li>\n<\/ul>\n<\/div>\n<\/details>\n<details class=\"hf-accordion\">\n<summary><strong>\u25b6\ufe0f FAQ \u2013 H\u00e4ufige Fragen<\/strong><\/summary>\n<div class=\"hf-accordion-content\">\n<h3>H\u00e4ufige Fragen und Antworten (FAQ)<\/h3>\n<p><strong>1. Wie pflege ich meinen Bowler Rugged \u201csewn and burned\u201d richtig?<\/strong><br \/>\nEs wird empfohlen, den Hut regelm\u00e4\u00dfig mit einer weichen B\u00fcrste zu reinigen. Bei tiefer gehendem Schmutz sollte eine professionelle Hutreinigung in Anspruch genommen werden.<\/p>\n<p><strong>2. In welchen Gr\u00f6\u00dfen ist der Hut erh\u00e4ltlich?<\/strong><br \/>\nDer Bowler Rugged ist in den Gr\u00f6\u00dfen 54 bis 62 verf\u00fcgbar und bietet somit f\u00fcr jeden Tr\u00e4ger die perfekte Passform.<\/p>\n<p><strong>3. Kann ich den Hut umtauschen, wenn er mir nicht passt?<\/strong><br \/>\nDa der Hut auf Bestellung gefertigt wird, ist ein Umtausch nur bei Material- oder Herstellungsfehlern m\u00f6glich. Bitte beachten Sie dies bei Ihrer Bestellung.<\/p>\n<p><strong>4. Wo wird der Hut hergestellt?<\/strong><br \/>\nDer Bowler Rugged wird in der Schweizer Hutmanufaktur Risa, einem traditionsreichen Handwerksbetrieb, gefertigt.<\/p>\n<p><strong>5. Wie lange dauert der Versand?<\/strong><br \/>\nNachdem der Hut gefertigt wurde, erfolgt der Versand innerhalb weniger Tage ab Lager Schweiz. Je nach Zielort kann die Lieferung variieren.<\/p>\n<\/div>\n<\/details>\n<\/div>\n","protected":false},"excerpt":{"rendered":"<h3><strong>Urbaner Chic in Vollendung<\/strong><\/h3>\n<p>Dieser Hut aus der <strong data-start=\"964\" data-end=\"1013\">Premium Freiamt Herbst- und Winter-Kollektion<\/strong> verk\u00f6rpert h\u00f6chste Handwerkskunst. Der Fedora Bogart Cashmere wird aus reinem Kaschmir gefertigt und verbindet unvergleichliche Weichheit mit eleganter Struktur. Seine wandelbare Krempenform erlaubt sowohl den klassischen Fedora-Look als auch die ikonische Bogart-Silhouette.<\/p>\n","protected":false},"featured_media":11241,"template":"","meta":{"_acf_changed":false,"rs_blank_template":"","rs_page_bg_color":"","slide_template_v7":""},"product_brand":[250],"product_cat":[362,253],"product_tag":[],"class_list":{"0":"post-11239","1":"product","2":"type-product","3":"status-publish","4":"has-post-thumbnail","6":"product_brand-risa-hutwerkstatt-schweiz","7":"product_cat-bogart-winterhuete","8":"product_cat-winterhuete","9":"product_shipping_class-mittlere-pakete","10":"pa_color-atlantik-blau","11":"pa_color-mole","12":"pa_color-schwarz","13":"pa_groesse-206","14":"pa_groesse-196","15":"pa_groesse-207","16":"pa_groesse-197","17":"pa_groesse-208","18":"pa_groesse-198","19":"pa_groesse-209","20":"pa_groesse-199","21":"pa_groesse-210","22":"yith_product_brand-risa-hutwerkstatt-schweiz","25":"instock","26":"taxable","27":"shipping-taxable","28":"purchasable","29":"product-type-variable","30":"wvs-archive-product-wrapper","31":"add-to-wishlist-after_add_to_cart"},"acf":[],"yoast_head":"<!-- This site is optimized with the Yoast SEO Premium plugin v27.3 (Yoast SEO v27.3) - https:\/\/yoast.com\/product\/yoast-seo-premium-wordpress\/ -->\n<title>Fedora Bogart Cashmere \u2013 Luxushut aus 100 % Kaschmir<\/title>\n<meta name=\"description\" content=\"Handgefertigter Fedora-Bogart Hut aus 100 % Kaschmir. Premium Freiamt Kollektion, Schweizer Manufaktur \u2013 zeitlos, elegant &amp; exklusiv.\" \/>\n<meta name=\"robots\" content=\"index, follow, max-snippet:-1, max-image-preview:large, max-video-preview:-1\" \/>\n<link rel=\"canonical\" href=\"https:\/\/hutfactory.com\/?product=fedora-bogart-cashmere\" \/>\n<meta property=\"og:locale\" content=\"de_DE\" \/>\n<meta property=\"og:type\" content=\"article\" \/>\n<meta property=\"og:title\" content=\"Fedora Bogart Cashmere\" \/>\n<meta property=\"og:description\" content=\"Handgefertigter Fedora-Bogart Hut aus 100 % Kaschmir. Premium Freiamt Kollektion, Schweizer Manufaktur \u2013 zeitlos, elegant &amp; exklusiv.\" \/>\n<meta property=\"og:url\" content=\"https:\/\/hutfactory.com\/?product=fedora-bogart-cashmere\" \/>\n<meta property=\"og:site_name\" content=\"Hut Factory\" \/>\n<meta property=\"article:modified_time\" content=\"2026-02-13T17:09:23+00:00\" \/>\n<meta property=\"og:image\" content=\"https:\/\/hutfactory.com\/wp-content\/uploads\/2026\/02\/96206110.alle_-1.webp\" \/>\n\t<meta property=\"og:image:width\" content=\"2016\" \/>\n\t<meta property=\"og:image:height\" content=\"1512\" \/>\n\t<meta property=\"og:image:type\" content=\"image\/webp\" \/>\n<meta name=\"twitter:card\" content=\"summary_large_image\" \/>\n<meta name=\"twitter:label1\" content=\"Gesch\u00e4tzte Lesezeit\" \/>\n\t<meta name=\"twitter:data1\" content=\"3\u00a0Minuten\" \/>\n<script type=\"application\/ld+json\" class=\"yoast-schema-graph\">{\"@context\":\"https:\\\/\\\/schema.org\",\"@graph\":[{\"@type\":\"WebPage\",\"@id\":\"https:\\\/\\\/hutfactory.com\\\/?product=fedora-bogart-cashmere\",\"url\":\"https:\\\/\\\/hutfactory.com\\\/?product=fedora-bogart-cashmere\",\"name\":\"Fedora Bogart Cashmere \u2013 Luxushut aus 100 % Kaschmir\",\"isPartOf\":{\"@id\":\"https:\\\/\\\/hutfactory.com\\\/#website\"},\"primaryImageOfPage\":{\"@id\":\"https:\\\/\\\/hutfactory.com\\\/?product=fedora-bogart-cashmere#primaryimage\"},\"image\":{\"@id\":\"https:\\\/\\\/hutfactory.com\\\/?product=fedora-bogart-cashmere#primaryimage\"},\"thumbnailUrl\":\"https:\\\/\\\/hutfactory.com\\\/wp-content\\\/uploads\\\/2026\\\/02\\\/96206110.alle_-1.webp\",\"datePublished\":\"2026-02-09T13:42:52+00:00\",\"dateModified\":\"2026-02-13T17:09:23+00:00\",\"description\":\"Handgefertigter Fedora-Bogart Hut aus 100 % Kaschmir. Premium Freiamt Kollektion, Schweizer Manufaktur \u2013 zeitlos, elegant & exklusiv.\",\"breadcrumb\":{\"@id\":\"https:\\\/\\\/hutfactory.com\\\/?product=fedora-bogart-cashmere#breadcrumb\"},\"inLanguage\":\"de\",\"potentialAction\":[{\"@type\":\"ReadAction\",\"target\":[\"https:\\\/\\\/hutfactory.com\\\/?product=fedora-bogart-cashmere\"]}]},{\"@type\":\"ImageObject\",\"inLanguage\":\"de\",\"@id\":\"https:\\\/\\\/hutfactory.com\\\/?product=fedora-bogart-cashmere#primaryimage\",\"url\":\"https:\\\/\\\/hutfactory.com\\\/wp-content\\\/uploads\\\/2026\\\/02\\\/96206110.alle_-1.webp\",\"contentUrl\":\"https:\\\/\\\/hutfactory.com\\\/wp-content\\\/uploads\\\/2026\\\/02\\\/96206110.alle_-1.webp\",\"width\":2016,\"height\":1512,\"caption\":\"Handgefertigter Fedora Bogart aus 100% Kaschmir|Handgefertigter Fedora Bogart aus 100% Kaschmir|Handgefertigter Fedora Bogart aus 100% Kaschmir|Handgefertigter Fedora Bogart aus 100% Kaschmir\"},{\"@type\":\"BreadcrumbList\",\"@id\":\"https:\\\/\\\/hutfactory.com\\\/?product=fedora-bogart-cashmere#breadcrumb\",\"itemListElement\":[{\"@type\":\"ListItem\",\"position\":1,\"name\":\"Start\",\"item\":\"https:\\\/\\\/hutfactory.com\\\/\"},{\"@type\":\"ListItem\",\"position\":2,\"name\":\"Shop\",\"item\":\"https:\\\/\\\/hutfactory.com\\\/?page_id=10\"},{\"@type\":\"ListItem\",\"position\":3,\"name\":\"Fedora Bogart Cashmere\"}]},{\"@type\":\"WebSite\",\"@id\":\"https:\\\/\\\/hutfactory.com\\\/#website\",\"url\":\"https:\\\/\\\/hutfactory.com\\\/\",\"name\":\"Hut Factory\",\"description\":\"H\u00fcte, Kappen &amp; M\u00fctzen in Top Swiss\\\/EU Qualit\u00e4t\",\"publisher\":{\"@id\":\"https:\\\/\\\/hutfactory.com\\\/#organization\"},\"alternateName\":\"Hut Shop\",\"potentialAction\":[{\"@type\":\"SearchAction\",\"target\":{\"@type\":\"EntryPoint\",\"urlTemplate\":\"https:\\\/\\\/hutfactory.com\\\/?s={search_term_string}\"},\"query-input\":{\"@type\":\"PropertyValueSpecification\",\"valueRequired\":true,\"valueName\":\"search_term_string\"}}],\"inLanguage\":\"de\"},{\"@type\":\"Organization\",\"@id\":\"https:\\\/\\\/hutfactory.com\\\/#organization\",\"name\":\"Hut Factory\",\"url\":\"https:\\\/\\\/hutfactory.com\\\/\",\"logo\":{\"@type\":\"ImageObject\",\"inLanguage\":\"de\",\"@id\":\"https:\\\/\\\/hutfactory.com\\\/#\\\/schema\\\/logo\\\/image\\\/\",\"url\":\"https:\\\/\\\/hutfactory.com\\\/wp-content\\\/uploads\\\/2026\\\/01\\\/Logo-hut-factory-1.webp\",\"contentUrl\":\"https:\\\/\\\/hutfactory.com\\\/wp-content\\\/uploads\\\/2026\\\/01\\\/Logo-hut-factory-1.webp\",\"width\":300,\"height\":262,\"caption\":\"Hut Factory\"},\"image\":{\"@id\":\"https:\\\/\\\/hutfactory.com\\\/#\\\/schema\\\/logo\\\/image\\\/\"}}]}<\/script>\n<!-- \/ Yoast SEO Premium plugin. -->","yoast_head_json":{"title":"Fedora Bogart Cashmere \u2013 Luxushut aus 100 % Kaschmir","description":"Handgefertigter Fedora-Bogart Hut aus 100 % Kaschmir. Premium Freiamt Kollektion, Schweizer Manufaktur \u2013 zeitlos, elegant & exklusiv.","robots":{"index":"index","follow":"follow","max-snippet":"max-snippet:-1","max-image-preview":"max-image-preview:large","max-video-preview":"max-video-preview:-1"},"canonical":"https:\/\/hutfactory.com\/?product=fedora-bogart-cashmere","og_locale":"de_DE","og_type":"article","og_title":"Fedora Bogart Cashmere","og_description":"Handgefertigter Fedora-Bogart Hut aus 100 % Kaschmir. Premium Freiamt Kollektion, Schweizer Manufaktur \u2013 zeitlos, elegant & exklusiv.","og_url":"https:\/\/hutfactory.com\/?product=fedora-bogart-cashmere","og_site_name":"Hut Factory","article_modified_time":"2026-02-13T17:09:23+00:00","og_image":[{"width":2016,"height":1512,"url":"https:\/\/hutfactory.com\/wp-content\/uploads\/2026\/02\/96206110.alle_-1.webp","type":"image\/webp"}],"twitter_card":"summary_large_image","twitter_misc":{"Gesch\u00e4tzte Lesezeit":"3\u00a0Minuten"},"schema":{"@context":"https:\/\/schema.org","@graph":[{"@type":"WebPage","@id":"https:\/\/hutfactory.com\/?product=fedora-bogart-cashmere","url":"https:\/\/hutfactory.com\/?product=fedora-bogart-cashmere","name":"Fedora Bogart Cashmere \u2013 Luxushut aus 100 % Kaschmir","isPartOf":{"@id":"https:\/\/hutfactory.com\/#website"},"primaryImageOfPage":{"@id":"https:\/\/hutfactory.com\/?product=fedora-bogart-cashmere#primaryimage"},"image":{"@id":"https:\/\/hutfactory.com\/?product=fedora-bogart-cashmere#primaryimage"},"thumbnailUrl":"https:\/\/hutfactory.com\/wp-content\/uploads\/2026\/02\/96206110.alle_-1.webp","datePublished":"2026-02-09T13:42:52+00:00","dateModified":"2026-02-13T17:09:23+00:00","description":"Handgefertigter Fedora-Bogart Hut aus 100 % Kaschmir. Premium Freiamt Kollektion, Schweizer Manufaktur \u2013 zeitlos, elegant & exklusiv.","breadcrumb":{"@id":"https:\/\/hutfactory.com\/?product=fedora-bogart-cashmere#breadcrumb"},"inLanguage":"de","potentialAction":[{"@type":"ReadAction","target":["https:\/\/hutfactory.com\/?product=fedora-bogart-cashmere"]}]},{"@type":"ImageObject","inLanguage":"de","@id":"https:\/\/hutfactory.com\/?product=fedora-bogart-cashmere#primaryimage","url":"https:\/\/hutfactory.com\/wp-content\/uploads\/2026\/02\/96206110.alle_-1.webp","contentUrl":"https:\/\/hutfactory.com\/wp-content\/uploads\/2026\/02\/96206110.alle_-1.webp","width":2016,"height":1512,"caption":"Handgefertigter Fedora Bogart aus 100% Kaschmir|Handgefertigter Fedora Bogart aus 100% Kaschmir|Handgefertigter Fedora Bogart aus 100% Kaschmir|Handgefertigter Fedora Bogart aus 100% Kaschmir"},{"@type":"BreadcrumbList","@id":"https:\/\/hutfactory.com\/?product=fedora-bogart-cashmere#breadcrumb","itemListElement":[{"@type":"ListItem","position":1,"name":"Start","item":"https:\/\/hutfactory.com\/"},{"@type":"ListItem","position":2,"name":"Shop","item":"https:\/\/hutfactory.com\/?page_id=10"},{"@type":"ListItem","position":3,"name":"Fedora Bogart Cashmere"}]},{"@type":"WebSite","@id":"https:\/\/hutfactory.com\/#website","url":"https:\/\/hutfactory.com\/","name":"Hut Factory","description":"H\u00fcte, Kappen &amp; M\u00fctzen in Top Swiss\/EU Qualit\u00e4t","publisher":{"@id":"https:\/\/hutfactory.com\/#organization"},"alternateName":"Hut Shop","potentialAction":[{"@type":"SearchAction","target":{"@type":"EntryPoint","urlTemplate":"https:\/\/hutfactory.com\/?s={search_term_string}"},"query-input":{"@type":"PropertyValueSpecification","valueRequired":true,"valueName":"search_term_string"}}],"inLanguage":"de"},{"@type":"Organization","@id":"https:\/\/hutfactory.com\/#organization","name":"Hut Factory","url":"https:\/\/hutfactory.com\/","logo":{"@type":"ImageObject","inLanguage":"de","@id":"https:\/\/hutfactory.com\/#\/schema\/logo\/image\/","url":"https:\/\/hutfactory.com\/wp-content\/uploads\/2026\/01\/Logo-hut-factory-1.webp","contentUrl":"https:\/\/hutfactory.com\/wp-content\/uploads\/2026\/01\/Logo-hut-factory-1.webp","width":300,"height":262,"caption":"Hut Factory"},"image":{"@id":"https:\/\/hutfactory.com\/#\/schema\/logo\/image\/"}}]}},"_links":{"self":[{"href":"https:\/\/hutfactory.com\/index.php?rest_route=\/wp\/v2\/product\/11239","targetHints":{"allow":["GET"]}}],"collection":[{"href":"https:\/\/hutfactory.com\/index.php?rest_route=\/wp\/v2\/product"}],"about":[{"href":"https:\/\/hutfactory.com\/index.php?rest_route=\/wp\/v2\/types\/product"}],"wp:featuredmedia":[{"embeddable":true,"href":"https:\/\/hutfactory.com\/index.php?rest_route=\/wp\/v2\/media\/11241"}],"wp:attachment":[{"href":"https:\/\/hutfactory.com\/index.php?rest_route=%2Fwp%2Fv2%2Fmedia&parent=11239"}],"wp:term":[{"taxonomy":"product_brand","embeddable":true,"href":"https:\/\/hutfactory.com\/index.php?rest_route=%2Fwp%2Fv2%2Fproduct_brand&post=11239"},{"taxonomy":"product_cat","embeddable":true,"href":"https:\/\/hutfactory.com\/index.php?rest_route=%2Fwp%2Fv2%2Fproduct_cat&post=11239"},{"taxonomy":"product_tag","embeddable":true,"href":"https:\/\/hutfactory.com\/index.php?rest_route=%2Fwp%2Fv2%2Fproduct_tag&post=11239"}],"curies":[{"name":"wp","href":"https:\/\/api.w.org\/{rel}","templated":true}]}}