{"id":11197,"date":"2026-02-09T13:42:07","date_gmt":"2026-02-09T13:42:07","guid":{"rendered":"https:\/\/hutfactory.com\/?product=bogart-kaschmir-hut"},"modified":"2026-02-13T16:33:00","modified_gmt":"2026-02-13T16:33:00","slug":"bogart-kaschmir-hut","status":"publish","type":"product","link":"https:\/\/hutfactory.com\/?product=bogart-kaschmir-hut","title":{"rendered":"Bogart Kaschmir Hut"},"content":{"rendered":"<div class=\"wpb-content-wrapper\"><p>[vc_row][vc_column][vc_column_text css=&#8221;&#8221;]<\/p>\n<h3 data-start=\"113\" data-end=\"153\"><strong>Pure Eleganz aus feinstem Kaschmir<\/strong><\/h3>\n<p data-start=\"154\" data-end=\"602\">Dieser exklusive Hut aus der <strong data-start=\"183\" data-end=\"232\">Premium Freiamt Herbst- und Winter-Kollektion<\/strong> verbindet feinste Materialien mit meisterhafter Handwerkskunst. Gefertigt aus 100% Kaschmir, besticht er durch seine samtweiche Haptik, luxuri\u00f6se Optik und au\u00dfergew\u00f6hnliche Leichtigkeit. Mit seiner charakteristischen Bogart-Form, 4.5 cm Krempe und einer Kopfh\u00f6he von 10.5 cm strahlt er zeitlose Eleganz aus \u2013 ein Accessoire, das Stil und Pers\u00f6nlichkeit unterstreicht.<\/p>\n<p data-start=\"604\" data-end=\"975\">Das feine Rebsband mit Masche und dem ikonischen Qualit\u00e4tsknopf \u201eRisa seit 1919\u201c verleiht dem Hut seine unverwechselbare Signatur. F\u00fcr h\u00f6chsten Tragekomfort sorgt das sorgf\u00e4ltig eingen\u00e4hte Textilinnenband. Dank edler Farbvarianten \u2013 von klassischem Schwarz \u00fcber warmes Camel bis hin zu ausdrucksstarkem Rostbraun \u2013 wird er zum stilvollen Begleiter f\u00fcr jede Gelegenheit.<\/p>\n<p data-start=\"982\" data-end=\"1337\"><strong data-start=\"982\" data-end=\"1000\">Perfekt f\u00fcr\u2026 \u26c4<\/strong><br data-start=\"1000\" data-end=\"1003\" \/>\u2744\ufe0f <strong data-start=\"1006\" data-end=\"1026\">Herbst &amp; Winter:<\/strong> Ein warmer und zugleich federleichter Begleiter \u2013 ob in der Stadt oder auf Reisen.<br data-start=\"1109\" data-end=\"1112\" \/><strong data-start=\"1115\" data-end=\"1138\">Elegante Auftritte:<\/strong> Ideal f\u00fcr Oper, Dinner oder Gesch\u00e4ftsessen \u2013 ein Statement von Luxus und Stilsicherheit.<br data-start=\"1227\" data-end=\"1230\" \/><strong data-start=\"1233\" data-end=\"1262\">Nachhaltige Modebewusste:<\/strong> Aus 100% Kaschmir, handgefertigt in der Schweiz, langlebig und exklusiv.<\/p>\n<div class=\"hf-accordions\">\n<hr class=\"hf-accordion-separator\" \/>\n<details class=\"hf-accordion\">\n<summary><strong>\u25b6\ufe0f Gut zu wissen \u2013 mehr erfahren<\/strong><\/summary>\n<div class=\"hf-accordion-content\">\n<h3>Wichtige Produktdetails:<\/h3>\n<ul>\n<li><strong>Materialzusammensetzung:<\/strong>\u00a0100% Haarfilz \u2013 f\u00fcr Langlebigkeit und eine formstabile Struktur<\/li>\n<li><strong>Muster:<\/strong>\u00a0Auff\u00e4llige Ziern\u00e4hte links, rechts, vorne und hinten \u2013 ein extravagantes Detail f\u00fcr einen markanten<\/li>\n<li><strong>Randbreite:<\/strong>\u00a04,5 cm \u2013 f\u00fcr den klassischen Bowler-Look<\/li>\n<li><strong>Kopfh\u00f6he:<\/strong>\u00a012,0 cm \u2013 f\u00fcr eine markante, aber dennoch traditionelle Form<\/li>\n<li><strong>Farben:\u00a0<\/strong>1. Schwarz mit Rebsband &amp; Lederkordel, 2.\u00a0Salbei mit Rebsband &amp; Lederkordel<\/li>\n<li><strong>Gr\u00f6\u00dfen:<\/strong>\u00a0Verf\u00fcgbar in den Gr\u00f6\u00dfen 54-62 \u2013 f\u00fcr eine perfekte Passform<\/li>\n<li><strong>Hutband:<\/strong>\u00a0Rebsband mit Lederkordel und einem dekorativen Qualit\u00e4tsknopf auf der Masche \u2013 sorgt f\u00fcr ein stilvolles<\/li>\n<li><strong>Schwei\u00dfband:<\/strong>\u00a0Sauber eingen\u00e4htes Textilinnenband als Schwei\u00dfband \u2013 f\u00fcr h\u00f6chsten Tragekomfort und langanhaltende<\/li>\n<li><strong>Fertigungsort:<\/strong>\u00a0Handgefertigt in der renommierten\u00a0<strong>Schweizer Hutmanufaktur Risa<\/strong>. Diese Manufaktur steht seit Jahren f\u00fcr handwerkliche Perfektion und innovative Designs.<\/li>\n<li><strong>Fertigungszeit:<\/strong>\u00a0Jeder Hut wird auf Bestellung gefertigt, sodass Exklusivit\u00e4t und Individualit\u00e4t garantiert sind. Die Herstellung dauert in der Regel\u00a0<strong>10 bis 15 Arbeitstage nach Zahlungseingang<\/strong>.<\/li>\n<li><strong>Versand:<\/strong>\u00a0Nach Fertigstellung des Hutes wird dieser direkt ab Lager Schweiz versendet, sodass Sie Ihren Hut schnell und zuverl\u00e4ssig erhalten.<\/li>\n<li><strong>Garantie:<\/strong>\u00a0Umtausch ist nur bei Material- oder Herstellungsfehlern m\u00f6glich, da es sich um eine ma\u00dfgefertigte Sonderanfertigung handelt.<\/li>\n<li><strong>Verf\u00fcgbarkeit:<\/strong>\u00a0Da die H\u00fcte in limitierter Auflage produziert werden, empfehlen wir eine fr\u00fchzeitige Bestellung, um sich Ihr exklusives Modell zu sichern. Sollte das Rohmaterial ausverkauft sein, kann es zu Verz\u00f6gerungen kommen.<\/li>\n<\/ul>\n<\/div>\n<\/details>\n<details class=\"hf-accordion\">\n<summary><strong>\u25b6\ufe0f FAQ \u2013 H\u00e4ufige Fragen<\/strong><\/summary>\n<div class=\"hf-accordion-content\">\n<h3>H\u00e4ufige Fragen und Antworten (FAQ)<\/h3>\n<p><strong>1. Wie pflege ich meinen Bowler Rugged \u201csewn and burned\u201d richtig?<\/strong><br \/>\nEs wird empfohlen, den Hut regelm\u00e4\u00dfig mit einer weichen B\u00fcrste zu reinigen. Bei tiefer gehendem Schmutz sollte eine professionelle Hutreinigung in Anspruch genommen werden.<\/p>\n<p><strong>2. In welchen Gr\u00f6\u00dfen ist der Hut erh\u00e4ltlich?<\/strong><br \/>\nDer Bowler Rugged ist in den Gr\u00f6\u00dfen 54 bis 62 verf\u00fcgbar und bietet somit f\u00fcr jeden Tr\u00e4ger die perfekte Passform.<\/p>\n<p><strong>3. Kann ich den Hut umtauschen, wenn er mir nicht passt?<\/strong><br \/>\nDa der Hut auf Bestellung gefertigt wird, ist ein Umtausch nur bei Material- oder Herstellungsfehlern m\u00f6glich. Bitte beachten Sie dies bei Ihrer Bestellung.<\/p>\n<p><strong>4. Wo wird der Hut hergestellt?<\/strong><br \/>\nDer Bowler Rugged wird in der Schweizer Hutmanufaktur Risa, einem traditionsreichen Handwerksbetrieb, gefertigt.<\/p>\n<p><strong>5. Wie lange dauert der Versand?<\/strong><br \/>\nNachdem der Hut gefertigt wurde, erfolgt der Versand innerhalb weniger Tage ab Lager Schweiz. Je nach Zielort kann die Lieferung variieren.<\/p>\n<\/div>\n<\/details>\n<\/div>\n<p>[\/vc_column_text][\/vc_column][\/vc_row]<\/p>\n<\/div>","protected":false},"excerpt":{"rendered":"<h3><strong data-start=\"4275\" data-end=\"4308\">Luxus in seiner reinsten Form<\/strong><\/h3>\n<p>Der Bogart Kaschmir vereint das Feinste aus Natur und Handwerk \u2013 luxuri\u00f6s, elegant und nachhaltig gefertigt in der Schweiz. Jede Anfertigung ist ein Unikat, das Eleganz, Komfort und Exklusivit\u00e4t verk\u00f6rpert. Ein Hut f\u00fcr Kenner, die das Au\u00dfergew\u00f6hnliche suchen.<\/p>\n","protected":false},"featured_media":11199,"template":"","meta":{"_acf_changed":false,"rs_blank_template":"","rs_page_bg_color":"","slide_template_v7":""},"product_brand":[250],"product_cat":[362,253],"product_tag":[],"class_list":{"0":"post-11197","1":"product","2":"type-product","3":"status-publish","4":"has-post-thumbnail","6":"product_brand-risa-hutwerkstatt-schweiz","7":"product_cat-bogart-winterhuete","8":"product_cat-winterhuete","9":"product_shipping_class-mittlere-pakete","10":"pa_color-camel","11":"pa_color-dbraun","12":"pa_color-mbraun","13":"pa_color-rost","14":"pa_color-schwarz","15":"pa_groesse-206","16":"pa_groesse-196","17":"pa_groesse-207","18":"pa_groesse-197","19":"pa_groesse-208","20":"pa_groesse-198","21":"pa_groesse-209","22":"pa_groesse-199","23":"pa_groesse-210","24":"yith_product_brand-risa-hutwerkstatt-schweiz","27":"instock","28":"taxable","29":"shipping-taxable","30":"purchasable","31":"product-type-variable","32":"wvs-archive-product-wrapper","33":"add-to-wishlist-after_add_to_cart"},"acf":[],"yoast_head":"<!-- This site is optimized with the Yoast SEO Premium plugin v27.3 (Yoast SEO v27.3) - https:\/\/yoast.com\/product\/yoast-seo-premium-wordpress\/ -->\n<title>Bogart Kaschmir Hut \u2013 Premium Handarbeit Schweiz<\/title>\n<meta name=\"description\" content=\"Exklusiver Bogart Hut aus 100% Kaschmir. Handgefertigt in der Schweiz. Luxus, Eleganz und h\u00f6chste Qualit\u00e4t \u2013 ein Meisterst\u00fcck der Hutmacherkunst.\" \/>\n<meta name=\"robots\" content=\"index, follow, max-snippet:-1, max-image-preview:large, max-video-preview:-1\" \/>\n<link rel=\"canonical\" href=\"https:\/\/hutfactory.com\/?product=bogart-kaschmir-hut\" \/>\n<meta property=\"og:locale\" content=\"de_DE\" \/>\n<meta property=\"og:type\" content=\"article\" \/>\n<meta property=\"og:title\" content=\"Bogart Kaschmir Hut\" \/>\n<meta property=\"og:description\" content=\"Exklusiver Bogart Hut aus 100% Kaschmir. Handgefertigt in der Schweiz. Luxus, Eleganz und h\u00f6chste Qualit\u00e4t \u2013 ein Meisterst\u00fcck der Hutmacherkunst.\" \/>\n<meta property=\"og:url\" content=\"https:\/\/hutfactory.com\/?product=bogart-kaschmir-hut\" \/>\n<meta property=\"og:site_name\" content=\"Hut Factory\" \/>\n<meta property=\"article:modified_time\" content=\"2026-02-13T16:33:00+00:00\" \/>\n<meta property=\"og:image\" content=\"https:\/\/hutfactory.com\/wp-content\/uploads\/2026\/02\/96102700.webp\" \/>\n\t<meta property=\"og:image:width\" content=\"2000\" \/>\n\t<meta property=\"og:image:height\" content=\"1335\" \/>\n\t<meta property=\"og:image:type\" content=\"image\/webp\" \/>\n<meta name=\"twitter:card\" content=\"summary_large_image\" \/>\n<meta name=\"twitter:label1\" content=\"Gesch\u00e4tzte Lesezeit\" \/>\n\t<meta name=\"twitter:data1\" content=\"4\u00a0Minuten\" \/>\n<script type=\"application\/ld+json\" class=\"yoast-schema-graph\">{\"@context\":\"https:\\\/\\\/schema.org\",\"@graph\":[{\"@type\":\"WebPage\",\"@id\":\"https:\\\/\\\/hutfactory.com\\\/?product=bogart-kaschmir-hut\",\"url\":\"https:\\\/\\\/hutfactory.com\\\/?product=bogart-kaschmir-hut\",\"name\":\"Bogart Kaschmir Hut \u2013 Premium Handarbeit Schweiz\",\"isPartOf\":{\"@id\":\"https:\\\/\\\/hutfactory.com\\\/#website\"},\"primaryImageOfPage\":{\"@id\":\"https:\\\/\\\/hutfactory.com\\\/?product=bogart-kaschmir-hut#primaryimage\"},\"image\":{\"@id\":\"https:\\\/\\\/hutfactory.com\\\/?product=bogart-kaschmir-hut#primaryimage\"},\"thumbnailUrl\":\"https:\\\/\\\/hutfactory.com\\\/wp-content\\\/uploads\\\/2026\\\/02\\\/96102700.webp\",\"datePublished\":\"2026-02-09T13:42:07+00:00\",\"dateModified\":\"2026-02-13T16:33:00+00:00\",\"description\":\"Exklusiver Bogart Hut aus 100% Kaschmir. Handgefertigt in der Schweiz. Luxus, Eleganz und h\u00f6chste Qualit\u00e4t \u2013 ein Meisterst\u00fcck der Hutmacherkunst.\",\"breadcrumb\":{\"@id\":\"https:\\\/\\\/hutfactory.com\\\/?product=bogart-kaschmir-hut#breadcrumb\"},\"inLanguage\":\"de\",\"potentialAction\":[{\"@type\":\"ReadAction\",\"target\":[\"https:\\\/\\\/hutfactory.com\\\/?product=bogart-kaschmir-hut\"]}]},{\"@type\":\"ImageObject\",\"inLanguage\":\"de\",\"@id\":\"https:\\\/\\\/hutfactory.com\\\/?product=bogart-kaschmir-hut#primaryimage\",\"url\":\"https:\\\/\\\/hutfactory.com\\\/wp-content\\\/uploads\\\/2026\\\/02\\\/96102700.webp\",\"contentUrl\":\"https:\\\/\\\/hutfactory.com\\\/wp-content\\\/uploads\\\/2026\\\/02\\\/96102700.webp\",\"width\":2000,\"height\":1335,\"caption\":\"Premium Bogart Hut aus 100% Kaschmir mit Rebsband und Qualit\u00e4tsknopf|Premium Bogart Hut aus 100% Kaschmir mit Rebsband und Qualit\u00e4tsknopf|Premium Bogart Hut aus 100% Kaschmir mit Rebsband und Qualit\u00e4tsknopf|Premium Bogart Hut aus 100% Kaschmir mit Rebsband und Qualit\u00e4tsknopf|Premium Bogart Hut aus 100% Kaschmir mit Rebsband und Qualit\u00e4tsknopf|Premium Bogart Hut aus 100% Kaschmir mit Rebsband und Qualit\u00e4tsknopf\"},{\"@type\":\"BreadcrumbList\",\"@id\":\"https:\\\/\\\/hutfactory.com\\\/?product=bogart-kaschmir-hut#breadcrumb\",\"itemListElement\":[{\"@type\":\"ListItem\",\"position\":1,\"name\":\"Start\",\"item\":\"https:\\\/\\\/hutfactory.com\\\/\"},{\"@type\":\"ListItem\",\"position\":2,\"name\":\"Shop\",\"item\":\"https:\\\/\\\/hutfactory.com\\\/?page_id=10\"},{\"@type\":\"ListItem\",\"position\":3,\"name\":\"Bogart Kaschmir Hut\"}]},{\"@type\":\"WebSite\",\"@id\":\"https:\\\/\\\/hutfactory.com\\\/#website\",\"url\":\"https:\\\/\\\/hutfactory.com\\\/\",\"name\":\"Hut Factory\",\"description\":\"H\u00fcte, Kappen &amp; M\u00fctzen in Top Swiss\\\/EU Qualit\u00e4t\",\"publisher\":{\"@id\":\"https:\\\/\\\/hutfactory.com\\\/#organization\"},\"alternateName\":\"Hut Shop\",\"potentialAction\":[{\"@type\":\"SearchAction\",\"target\":{\"@type\":\"EntryPoint\",\"urlTemplate\":\"https:\\\/\\\/hutfactory.com\\\/?s={search_term_string}\"},\"query-input\":{\"@type\":\"PropertyValueSpecification\",\"valueRequired\":true,\"valueName\":\"search_term_string\"}}],\"inLanguage\":\"de\"},{\"@type\":\"Organization\",\"@id\":\"https:\\\/\\\/hutfactory.com\\\/#organization\",\"name\":\"Hut Factory\",\"url\":\"https:\\\/\\\/hutfactory.com\\\/\",\"logo\":{\"@type\":\"ImageObject\",\"inLanguage\":\"de\",\"@id\":\"https:\\\/\\\/hutfactory.com\\\/#\\\/schema\\\/logo\\\/image\\\/\",\"url\":\"https:\\\/\\\/hutfactory.com\\\/wp-content\\\/uploads\\\/2026\\\/01\\\/Logo-hut-factory-1.webp\",\"contentUrl\":\"https:\\\/\\\/hutfactory.com\\\/wp-content\\\/uploads\\\/2026\\\/01\\\/Logo-hut-factory-1.webp\",\"width\":300,\"height\":262,\"caption\":\"Hut Factory\"},\"image\":{\"@id\":\"https:\\\/\\\/hutfactory.com\\\/#\\\/schema\\\/logo\\\/image\\\/\"}}]}<\/script>\n<!-- \/ Yoast SEO Premium plugin. -->","yoast_head_json":{"title":"Bogart Kaschmir Hut \u2013 Premium Handarbeit Schweiz","description":"Exklusiver Bogart Hut aus 100% Kaschmir. Handgefertigt in der Schweiz. Luxus, Eleganz und h\u00f6chste Qualit\u00e4t \u2013 ein Meisterst\u00fcck der Hutmacherkunst.","robots":{"index":"index","follow":"follow","max-snippet":"max-snippet:-1","max-image-preview":"max-image-preview:large","max-video-preview":"max-video-preview:-1"},"canonical":"https:\/\/hutfactory.com\/?product=bogart-kaschmir-hut","og_locale":"de_DE","og_type":"article","og_title":"Bogart Kaschmir Hut","og_description":"Exklusiver Bogart Hut aus 100% Kaschmir. Handgefertigt in der Schweiz. Luxus, Eleganz und h\u00f6chste Qualit\u00e4t \u2013 ein Meisterst\u00fcck der Hutmacherkunst.","og_url":"https:\/\/hutfactory.com\/?product=bogart-kaschmir-hut","og_site_name":"Hut Factory","article_modified_time":"2026-02-13T16:33:00+00:00","og_image":[{"width":2000,"height":1335,"url":"https:\/\/hutfactory.com\/wp-content\/uploads\/2026\/02\/96102700.webp","type":"image\/webp"}],"twitter_card":"summary_large_image","twitter_misc":{"Gesch\u00e4tzte Lesezeit":"4\u00a0Minuten"},"schema":{"@context":"https:\/\/schema.org","@graph":[{"@type":"WebPage","@id":"https:\/\/hutfactory.com\/?product=bogart-kaschmir-hut","url":"https:\/\/hutfactory.com\/?product=bogart-kaschmir-hut","name":"Bogart Kaschmir Hut \u2013 Premium Handarbeit Schweiz","isPartOf":{"@id":"https:\/\/hutfactory.com\/#website"},"primaryImageOfPage":{"@id":"https:\/\/hutfactory.com\/?product=bogart-kaschmir-hut#primaryimage"},"image":{"@id":"https:\/\/hutfactory.com\/?product=bogart-kaschmir-hut#primaryimage"},"thumbnailUrl":"https:\/\/hutfactory.com\/wp-content\/uploads\/2026\/02\/96102700.webp","datePublished":"2026-02-09T13:42:07+00:00","dateModified":"2026-02-13T16:33:00+00:00","description":"Exklusiver Bogart Hut aus 100% Kaschmir. Handgefertigt in der Schweiz. Luxus, Eleganz und h\u00f6chste Qualit\u00e4t \u2013 ein Meisterst\u00fcck der Hutmacherkunst.","breadcrumb":{"@id":"https:\/\/hutfactory.com\/?product=bogart-kaschmir-hut#breadcrumb"},"inLanguage":"de","potentialAction":[{"@type":"ReadAction","target":["https:\/\/hutfactory.com\/?product=bogart-kaschmir-hut"]}]},{"@type":"ImageObject","inLanguage":"de","@id":"https:\/\/hutfactory.com\/?product=bogart-kaschmir-hut#primaryimage","url":"https:\/\/hutfactory.com\/wp-content\/uploads\/2026\/02\/96102700.webp","contentUrl":"https:\/\/hutfactory.com\/wp-content\/uploads\/2026\/02\/96102700.webp","width":2000,"height":1335,"caption":"Premium Bogart Hut aus 100% Kaschmir mit Rebsband und Qualit\u00e4tsknopf|Premium Bogart Hut aus 100% Kaschmir mit Rebsband und Qualit\u00e4tsknopf|Premium Bogart Hut aus 100% Kaschmir mit Rebsband und Qualit\u00e4tsknopf|Premium Bogart Hut aus 100% Kaschmir mit Rebsband und Qualit\u00e4tsknopf|Premium Bogart Hut aus 100% Kaschmir mit Rebsband und Qualit\u00e4tsknopf|Premium Bogart Hut aus 100% Kaschmir mit Rebsband und Qualit\u00e4tsknopf"},{"@type":"BreadcrumbList","@id":"https:\/\/hutfactory.com\/?product=bogart-kaschmir-hut#breadcrumb","itemListElement":[{"@type":"ListItem","position":1,"name":"Start","item":"https:\/\/hutfactory.com\/"},{"@type":"ListItem","position":2,"name":"Shop","item":"https:\/\/hutfactory.com\/?page_id=10"},{"@type":"ListItem","position":3,"name":"Bogart Kaschmir Hut"}]},{"@type":"WebSite","@id":"https:\/\/hutfactory.com\/#website","url":"https:\/\/hutfactory.com\/","name":"Hut Factory","description":"H\u00fcte, Kappen &amp; M\u00fctzen in Top Swiss\/EU Qualit\u00e4t","publisher":{"@id":"https:\/\/hutfactory.com\/#organization"},"alternateName":"Hut Shop","potentialAction":[{"@type":"SearchAction","target":{"@type":"EntryPoint","urlTemplate":"https:\/\/hutfactory.com\/?s={search_term_string}"},"query-input":{"@type":"PropertyValueSpecification","valueRequired":true,"valueName":"search_term_string"}}],"inLanguage":"de"},{"@type":"Organization","@id":"https:\/\/hutfactory.com\/#organization","name":"Hut Factory","url":"https:\/\/hutfactory.com\/","logo":{"@type":"ImageObject","inLanguage":"de","@id":"https:\/\/hutfactory.com\/#\/schema\/logo\/image\/","url":"https:\/\/hutfactory.com\/wp-content\/uploads\/2026\/01\/Logo-hut-factory-1.webp","contentUrl":"https:\/\/hutfactory.com\/wp-content\/uploads\/2026\/01\/Logo-hut-factory-1.webp","width":300,"height":262,"caption":"Hut Factory"},"image":{"@id":"https:\/\/hutfactory.com\/#\/schema\/logo\/image\/"}}]}},"_links":{"self":[{"href":"https:\/\/hutfactory.com\/index.php?rest_route=\/wp\/v2\/product\/11197","targetHints":{"allow":["GET"]}}],"collection":[{"href":"https:\/\/hutfactory.com\/index.php?rest_route=\/wp\/v2\/product"}],"about":[{"href":"https:\/\/hutfactory.com\/index.php?rest_route=\/wp\/v2\/types\/product"}],"wp:featuredmedia":[{"embeddable":true,"href":"https:\/\/hutfactory.com\/index.php?rest_route=\/wp\/v2\/media\/11199"}],"wp:attachment":[{"href":"https:\/\/hutfactory.com\/index.php?rest_route=%2Fwp%2Fv2%2Fmedia&parent=11197"}],"wp:term":[{"taxonomy":"product_brand","embeddable":true,"href":"https:\/\/hutfactory.com\/index.php?rest_route=%2Fwp%2Fv2%2Fproduct_brand&post=11197"},{"taxonomy":"product_cat","embeddable":true,"href":"https:\/\/hutfactory.com\/index.php?rest_route=%2Fwp%2Fv2%2Fproduct_cat&post=11197"},{"taxonomy":"product_tag","embeddable":true,"href":"https:\/\/hutfactory.com\/index.php?rest_route=%2Fwp%2Fv2%2Fproduct_tag&post=11197"}],"curies":[{"name":"wp","href":"https:\/\/api.w.org\/{rel}","templated":true}]}}