{"id":11119,"date":"2026-02-09T13:41:23","date_gmt":"2026-02-09T13:41:23","guid":{"rendered":"https:\/\/hutfactory.com\/?product=bogart-haarfilz-mit-klapprand-impraegniert"},"modified":"2026-02-12T07:13:58","modified_gmt":"2026-02-12T07:13:58","slug":"bogart-haarfilz-mit-klapprand-impraegniert","status":"publish","type":"product","link":"https:\/\/hutfactory.com\/?product=bogart-haarfilz-mit-klapprand-impraegniert","title":{"rendered":"Bogart Haarfilz mit Klapprand (impr\u00e4gniert)"},"content":{"rendered":"<h3 data-start=\"111\" data-end=\"176\"><strong>Ein Hut \u2013 zwei Stile: Eleganz mit kluger Wandlungsf\u00e4higkeit<\/strong><\/h3>\n<p data-start=\"177\" data-end=\"488\">Dieser exklusive Haarfilzhut aus der <strong data-start=\"214\" data-end=\"263\">Premium Freiamt Herbst- und Winter-Kollektion<\/strong> vereint zeitlose Eleganz mit h\u00f6chster Funktionalit\u00e4t. Dank der wandelbaren Krempe wird er im Handumdrehen zum stilvollen Fedora (Krempe rundum nach oben) oder klassischen Bogart (Krempe vorne nach unten geklappt) \u2013 ein Meisterst\u00fcck f\u00fcr alle, die Vielseitigkeit und Qualit\u00e4t sch\u00e4tzen.<\/p>\n<p data-start=\"490\" data-end=\"856\">Gefertigt aus 100% hochwertigem Haarfilz, besticht er durch seine edle Haptik, klare Linienf\u00fchrung und eine traditionsbewusste Fertigung in der Schweiz. Die harmonische Garnitur mit einem Rebsband und dem ikonischen Qualit\u00e4tsknopf \u201eRisa seit 1919\u201c rundet das Design luxuri\u00f6s ab. Das saubere Textilinnenband sorgt f\u00fcr angenehmen Tragekomfort, auch bei langen Tagen.<\/p>\n<p data-start=\"858\" data-end=\"1067\">Die Auswahl aus zehn eleganten Farbvarianten \u2013 von tiefem Schwarz \u00fcber sanftes Beige bis hin zu charakterstarkem Kaperngr\u00fcn oder Burgund \u2013 macht diesen Hut zu einem echten Statement-Piece f\u00fcr jede Garderobe.<\/p>\n<p data-start=\"1074\" data-end=\"1500\"><strong data-start=\"1074\" data-end=\"1092\">Perfekt f\u00fcr\u2026 \u26c4<\/strong><br data-start=\"1092\" data-end=\"1095\" \/>\u2744\ufe0f <strong data-start=\"1098\" data-end=\"1118\">Herbst &amp; Winter:<\/strong> Beim Stadtbummel, auf Reisen oder beim eleganten Dinner \u2013 dieser Hut schenkt W\u00e4rme, Schutz und Stil.<br data-start=\"1219\" data-end=\"1222\" \/><strong data-start=\"1225\" data-end=\"1246\">Elegante Anl\u00e4sse:<\/strong> Die klare Linienf\u00fchrung und luxuri\u00f6se Ausstrahlung machen ihn zum unverzichtbaren Begleiter f\u00fcr gehobene Events.<br data-start=\"1359\" data-end=\"1362\" \/><strong data-start=\"1365\" data-end=\"1390\">Natur &amp; Modebewusste:<\/strong> F\u00fcr alle, die Wert auf nachhaltige Materialien, europ\u00e4ische Handarbeit und exklusive Kopfbedeckungen legen.<\/p>\n<div class=\"hf-accordions\">\n<hr class=\"hf-accordion-separator\" \/>\n<details class=\"hf-accordion\">\n<summary><strong>\u25b6\ufe0f Gut zu wissen \u2013 mehr erfahren<\/strong><\/summary>\n<div class=\"hf-accordion-content\">\n<h3><strong>Material &amp; Design<\/strong><\/h3>\n<ul>\n<li><strong>Materialzusammensetzung:<\/strong>\n<ul>\n<li>100% Wolle (WO) \u2013 sorgt f\u00fcr ein angenehmes Tragegef\u00fchl und Schutz vor K\u00e4lte<\/li>\n<\/ul>\n<\/li>\n<li><strong>Farben:<\/strong><\/li>\n<\/ul>\n<ol>\n<li>Schwarz<\/li>\n<li>Dunkelbraun<\/li>\n<\/ol>\n<ul>\n<li><strong>Gr\u00f6\u00dfen:<\/strong>\n<ul>\n<li>53-62 \u2013 verschiedene Gr\u00f6\u00dfen f\u00fcr optimalen Sitz und Komfort<\/li>\n<\/ul>\n<\/li>\n<li><strong>Hutband:<\/strong>\n<ul>\n<li>Rustikales Lederband mit Ziernaht und messingfarbenen Elementen \u2013 verleiht dem Hut einen individuellen und markanten Look<\/li>\n<\/ul>\n<\/li>\n<\/ul>\n<h3><strong>Handwerkskunst &amp; Exklusivit\u00e4t<\/strong><\/h3>\n<ul>\n<li><strong>Traditionelle Fertigung:<\/strong>\u00a0Jeder\u00a0<strong>Filzhut Traveler Style<\/strong>\u00a0wird auf Bestellung von\u00a0<strong>italienischen Handwerksmeistern<\/strong>\u00a0gefertigt, die f\u00fcr ihre Pr\u00e4zision und Leidenschaft f\u00fcr das Detail bekannt sind.<\/li>\n<li><strong>Limitierte Auflage:<\/strong>\u00a0Dieser Hut wird nur in begrenzter St\u00fcckzahl produziert, was ihm Exklusivit\u00e4t verleiht. Durch die Kombination aus italienischer Handwerkskunst und Schweizer Qualit\u00e4tsanspruch entsteht ein unverwechselbares Modeaccessoire.<\/li>\n<\/ul>\n<h3><strong>Pflegehinweise<\/strong><\/h3>\n<ul>\n<li><strong>Reinigung:<\/strong>\u00a0Der Hut sollte ausschlie\u00dflich mit einer weichen B\u00fcrste oder einem feuchten Tuch gereinigt werden, um das Material nicht zu besch\u00e4digen. Vermeiden Sie den Kontakt mit Chemikalien oder Wasser, da dies die Form und das Lederband beeintr\u00e4chtigen k\u00f6nnte.<\/li>\n<li><strong>Trocknung:<\/strong>\u00a0Lassen Sie den Hut an der Luft trocknen, wenn er feucht wird. Direkte Sonneneinstrahlung und starke Hitze sollten vermieden werden.<\/li>\n<li><strong>Aufbewahrung:<\/strong>\u00a0Lagern Sie den Hut an einem k\u00fchlen, trockenen Ort, um die Form zu bewahren. Ein Hutst\u00e4nder oder -kasten eignet sich besonders gut f\u00fcr die Aufbewahrung.<\/li>\n<\/ul>\n<h3><strong>Lieferbedingungen<\/strong><\/h3>\n<ul>\n<li><strong>Versand:<\/strong>\u00a0Innerhalb weniger Tage nach Zahlungseingang erfolgt der Versand ab Lager Schweiz. So erhalten Sie Ihren Hut zeitnah und sicher.<\/li>\n<li><strong>Garantie:<\/strong>\u00a0Umtausch ist nur bei Material- oder Herstellungsfehlern m\u00f6glich, da der Hut in limitierter Auflage handgefertigt wird.<\/li>\n<li><strong>Verf\u00fcgbarkeit:<\/strong>\u00a0Aufgrund der limitierten Auflage empfehlen wir eine\u00a0<strong>fr\u00fchzeitige Bestellung<\/strong>, um sicherzustellen, dass Ihr Wunschmodell noch verf\u00fcgbar ist.<\/li>\n<\/ul>\n<\/div>\n<\/details>\n<details class=\"hf-accordion\">\n<summary><strong>\u25b6\ufe0f FAQ \u2013 H\u00e4ufige Fragen<\/strong><\/summary>\n<div class=\"hf-accordion-content\">\n<h3><strong>H\u00e4ufig gestellte Fragen (FAQ)<\/strong><\/h3>\n<p><strong>1. Wie pflege ich den Filzhut Traveler Style richtig?<\/strong><br \/>\nVerwenden Sie eine weiche B\u00fcrste oder ein feuchtes Tuch, um den Hut zu reinigen. Maschinenw\u00e4sche oder chemische Reinigung sollte vermieden werden.<\/p>\n<p><strong>2. Welche Gr\u00f6\u00dfen sind erh\u00e4ltlich?<\/strong><br \/>\nDer Hut ist in den Gr\u00f6\u00dfen 53 bis 62 verf\u00fcgbar und passt somit auf verschiedene Kopfformen.<\/p>\n<p><strong>3. Ist ein Umtausch m\u00f6glich?<\/strong><br \/>\nEin Umtausch ist nur bei Material- oder Herstellungsfehlern m\u00f6glich, da jeder Hut individuell und in limitierter Auflage gefertigt wird.<\/p>\n<p><strong>4. Wie lange dauert der Versand?<\/strong><br \/>\nNach Zahlungseingang erfolgt der Versand innerhalb weniger Tage ab Lager Schweiz.<\/p>\n<p><strong>5. Was macht diesen Hut besonders?<\/strong><br \/>\nDer Filzhut Traveler Style vereint italienische Handwerkskunst mit rustikalem Design. Das Lederhutband mit messingfarbenen Details und die limitierte Auflage machen ihn zu einem einzigartigen Modeaccessoire.<\/p>\n<\/div>\n<\/details>\n<\/div>\n","protected":false},"excerpt":{"rendered":"<h3><strong data-start=\"4619\" data-end=\"4660\">Ihr Meisterst\u00fcck f\u00fcr jede Gelegenheit<\/strong><\/h3>\n<p>Dieser Hut vereint die zeitlose Eleganz des Fedora mit der markanten Pr\u00e4senz des Bogart \u2013 gefertigt in sorgf\u00e4ltiger Schweizer Handarbeit. Jede Anfertigung ist ein Unikat, das Tradition, Nachhaltigkeit und Exklusivit\u00e4t in sich tr\u00e4gt. Entdecken Sie ein Accessoire, das Ihren Stil unterstreicht und Generationen \u00fcberdauert.<\/p>\n","protected":false},"featured_media":11121,"template":"","meta":{"_acf_changed":false,"rs_blank_template":"","rs_page_bg_color":"","slide_template_v7":""},"product_brand":[250],"product_cat":[362,353,253],"product_tag":[],"class_list":{"0":"post-11119","1":"product","2":"type-product","3":"status-publish","4":"has-post-thumbnail","6":"product_brand-risa-hutwerkstatt-schweiz","7":"product_cat-bogart-winterhuete","8":"product_cat-fedora-winterhuete","9":"product_cat-winterhuete","10":"product_shipping_class-mittlere-pakete","11":"pa_color-anthrazit","12":"pa_color-aubergine","13":"pa_color-burgund","14":"pa_color-camel","15":"pa_color-dbraun","16":"pa_color-dgruen","17":"pa_color-grau","18":"pa_color-hbeige","19":"pa_color-kaffeegrau","20":"pa_color-kaperngruen","21":"pa_color-marine","22":"pa_color-schlamm","23":"pa_color-schwarz","24":"pa_color-taupe","25":"pa_groesse-302","26":"pa_groesse-206","27":"pa_groesse-196","28":"pa_groesse-207","29":"pa_groesse-197","30":"pa_groesse-208","31":"pa_groesse-198","32":"pa_groesse-209","33":"pa_groesse-199","34":"pa_groesse-210","35":"yith_product_brand-risa-hutwerkstatt-schweiz","38":"instock","39":"taxable","40":"shipping-taxable","41":"purchasable","42":"product-type-variable","43":"wvs-archive-product-wrapper","44":"add-to-wishlist-after_add_to_cart"},"acf":[],"yoast_head":"<!-- This site is optimized with the Yoast SEO Premium plugin v27.3 (Yoast SEO v27.3) - https:\/\/yoast.com\/product\/yoast-seo-premium-wordpress\/ -->\n<title>Bogart Fedora Haarfilz Klapprand \u2013 Handgefertigt Schweiz<\/title>\n<meta name=\"description\" content=\"Exklusiver Haarfilzhut mit Klapprand \u2013 als Fedora oder Bogart tragbar. Handgefertigt in der Schweiz. Eleganz, Komfort &amp; Premium-Handwerk.\" \/>\n<meta name=\"robots\" content=\"index, follow, max-snippet:-1, max-image-preview:large, max-video-preview:-1\" \/>\n<link rel=\"canonical\" href=\"https:\/\/hutfactory.com\/?product=bogart-haarfilz-mit-klapprand-impraegniert\" \/>\n<meta property=\"og:locale\" content=\"de_DE\" \/>\n<meta property=\"og:type\" content=\"article\" \/>\n<meta property=\"og:title\" content=\"Bogart Haarfilz mit Klapprand (impr\u00e4gniert)\" \/>\n<meta property=\"og:description\" content=\"Exklusiver Haarfilzhut mit Klapprand \u2013 als Fedora oder Bogart tragbar. Handgefertigt in der Schweiz. Eleganz, Komfort &amp; Premium-Handwerk.\" \/>\n<meta property=\"og:url\" content=\"https:\/\/hutfactory.com\/?product=bogart-haarfilz-mit-klapprand-impraegniert\" \/>\n<meta property=\"og:site_name\" content=\"Hut Factory\" \/>\n<meta property=\"article:modified_time\" content=\"2026-02-12T07:13:58+00:00\" \/>\n<meta property=\"og:image\" content=\"https:\/\/hutfactory.com\/wp-content\/uploads\/2026\/02\/66503470.1_2-e1602772729576-scaled-2.webp\" \/>\n\t<meta property=\"og:image:width\" content=\"2016\" \/>\n\t<meta property=\"og:image:height\" content=\"1512\" \/>\n\t<meta property=\"og:image:type\" content=\"image\/webp\" \/>\n<meta name=\"twitter:card\" content=\"summary_large_image\" \/>\n<meta name=\"twitter:label1\" content=\"Gesch\u00e4tzte Lesezeit\" \/>\n\t<meta name=\"twitter:data1\" content=\"4\u00a0Minuten\" \/>\n<script type=\"application\/ld+json\" class=\"yoast-schema-graph\">{\"@context\":\"https:\\\/\\\/schema.org\",\"@graph\":[{\"@type\":\"WebPage\",\"@id\":\"https:\\\/\\\/hutfactory.com\\\/?product=bogart-haarfilz-mit-klapprand-impraegniert\",\"url\":\"https:\\\/\\\/hutfactory.com\\\/?product=bogart-haarfilz-mit-klapprand-impraegniert\",\"name\":\"Bogart Fedora Haarfilz Klapprand \u2013 Handgefertigt Schweiz\",\"isPartOf\":{\"@id\":\"https:\\\/\\\/hutfactory.com\\\/#website\"},\"primaryImageOfPage\":{\"@id\":\"https:\\\/\\\/hutfactory.com\\\/?product=bogart-haarfilz-mit-klapprand-impraegniert#primaryimage\"},\"image\":{\"@id\":\"https:\\\/\\\/hutfactory.com\\\/?product=bogart-haarfilz-mit-klapprand-impraegniert#primaryimage\"},\"thumbnailUrl\":\"https:\\\/\\\/hutfactory.com\\\/wp-content\\\/uploads\\\/2026\\\/02\\\/66503470.1_2-e1602772729576-scaled-2.webp\",\"datePublished\":\"2026-02-09T13:41:23+00:00\",\"dateModified\":\"2026-02-12T07:13:58+00:00\",\"description\":\"Exklusiver Haarfilzhut mit Klapprand \u2013 als Fedora oder Bogart tragbar. Handgefertigt in der Schweiz. Eleganz, Komfort & Premium-Handwerk.\",\"breadcrumb\":{\"@id\":\"https:\\\/\\\/hutfactory.com\\\/?product=bogart-haarfilz-mit-klapprand-impraegniert#breadcrumb\"},\"inLanguage\":\"de\",\"potentialAction\":[{\"@type\":\"ReadAction\",\"target\":[\"https:\\\/\\\/hutfactory.com\\\/?product=bogart-haarfilz-mit-klapprand-impraegniert\"]}]},{\"@type\":\"ImageObject\",\"inLanguage\":\"de\",\"@id\":\"https:\\\/\\\/hutfactory.com\\\/?product=bogart-haarfilz-mit-klapprand-impraegniert#primaryimage\",\"url\":\"https:\\\/\\\/hutfactory.com\\\/wp-content\\\/uploads\\\/2026\\\/02\\\/66503470.1_2-e1602772729576-scaled-2.webp\",\"contentUrl\":\"https:\\\/\\\/hutfactory.com\\\/wp-content\\\/uploads\\\/2026\\\/02\\\/66503470.1_2-e1602772729576-scaled-2.webp\",\"width\":2016,\"height\":1512,\"caption\":\"Handgefertigter Fedora\\\/Bogart Hut mit Klapprand aus Haarfilz|Handgefertigter Fedora\\\/Bogart Hut mit Klapprand aus Haarfilz|Handgefertigter Fedora\\\/Bogart Hut mit Klapprand aus Haarfilz|Handgefertigter Fedora\\\/Bogart Hut mit Klapprand aus Haarfilz|Handgefertigter Fedora\\\/Bogart Hut mit Klapprand aus Haarfilz|Handgefertigter Fedora\\\/Bogart Hut mit Klapprand aus Haarfilz|Handgefertigter Fedora\\\/Bogart Hut mit Klapprand aus Haarfilz|Handgefertigter Fedora\\\/Bogart Hut mit Klapprand aus Haarfilz|Handgefertigter Fedora\\\/Bogart Hut mit Klapprand aus Haarfilz|Handgefertigter Fedora\\\/Bogart Hut mit Klapprand aus Haarfilz|Handgefertigter Fedora\\\/Bogart Hut mit Klapprand aus Haarfilz|Handgefertigter Fedora\\\/Bogart Hut mit Klapprand aus Haarfilz|Handgefertigter Fedora\\\/Bogart Hut mit Klapprand aus Haarfilz|Handgefertigter Fedora\\\/Bogart Hut mit Klapprand aus Haarfilz|Handgefertigter Fedora\\\/Bogart Hut mit Klapprand aus Haarfilz|Handgefertigter Fedora\\\/Bogart Hut mit Klapprand aus Haarfilz|Handgefertigter Fedora\\\/Bogart Hut mit Klapprand aus Haarfilz|Handgefertigter Fedora\\\/Bogart Hut mit Klapprand aus Haarfilz|Handgefertigter Fedora\\\/Bogart Hut mit Klapprand aus Haarfilz|Handgefertigter Fedora\\\/Bogart Hut mit Klapprand aus Haarfilz|Handgefertigter Fedora\\\/Bogart Hut mit Klapprand aus Haarfilz|Handgefertigter Fedora\\\/Bogart Hut mit Klapprand aus Haarfilz|Handgefertigter Fedora\\\/Bogart Hut mit Klapprand aus Haarfilz|Handgefertigter Fedora\\\/Bogart Hut mit Klapprand aus Haarfilz|Handgefertigter Fedora\\\/Bogart Hut mit Klapprand aus Haarfilz|Handgefertigter Fedora\\\/Bogart Hut mit Klapprand aus Haarfilz|Handgefertigter Fedora\\\/Bogart Hut mit Klapprand aus Haarfilz|Handgefertigter Fedora\\\/Bogart Hut mit Klapprand aus Haarfilz||||||||||\"},{\"@type\":\"BreadcrumbList\",\"@id\":\"https:\\\/\\\/hutfactory.com\\\/?product=bogart-haarfilz-mit-klapprand-impraegniert#breadcrumb\",\"itemListElement\":[{\"@type\":\"ListItem\",\"position\":1,\"name\":\"Start\",\"item\":\"https:\\\/\\\/hutfactory.com\\\/\"},{\"@type\":\"ListItem\",\"position\":2,\"name\":\"Shop\",\"item\":\"https:\\\/\\\/hutfactory.com\\\/?page_id=10\"},{\"@type\":\"ListItem\",\"position\":3,\"name\":\"Bogart Haarfilz mit Klapprand (impr\u00e4gniert)\"}]},{\"@type\":\"WebSite\",\"@id\":\"https:\\\/\\\/hutfactory.com\\\/#website\",\"url\":\"https:\\\/\\\/hutfactory.com\\\/\",\"name\":\"Hut Factory\",\"description\":\"H\u00fcte, Kappen &amp; M\u00fctzen in Top Swiss\\\/EU Qualit\u00e4t\",\"publisher\":{\"@id\":\"https:\\\/\\\/hutfactory.com\\\/#organization\"},\"alternateName\":\"Hut Shop\",\"potentialAction\":[{\"@type\":\"SearchAction\",\"target\":{\"@type\":\"EntryPoint\",\"urlTemplate\":\"https:\\\/\\\/hutfactory.com\\\/?s={search_term_string}\"},\"query-input\":{\"@type\":\"PropertyValueSpecification\",\"valueRequired\":true,\"valueName\":\"search_term_string\"}}],\"inLanguage\":\"de\"},{\"@type\":\"Organization\",\"@id\":\"https:\\\/\\\/hutfactory.com\\\/#organization\",\"name\":\"Hut Factory\",\"url\":\"https:\\\/\\\/hutfactory.com\\\/\",\"logo\":{\"@type\":\"ImageObject\",\"inLanguage\":\"de\",\"@id\":\"https:\\\/\\\/hutfactory.com\\\/#\\\/schema\\\/logo\\\/image\\\/\",\"url\":\"https:\\\/\\\/hutfactory.com\\\/wp-content\\\/uploads\\\/2026\\\/01\\\/Logo-hut-factory-1.webp\",\"contentUrl\":\"https:\\\/\\\/hutfactory.com\\\/wp-content\\\/uploads\\\/2026\\\/01\\\/Logo-hut-factory-1.webp\",\"width\":300,\"height\":262,\"caption\":\"Hut Factory\"},\"image\":{\"@id\":\"https:\\\/\\\/hutfactory.com\\\/#\\\/schema\\\/logo\\\/image\\\/\"}}]}<\/script>\n<!-- \/ Yoast SEO Premium plugin. -->","yoast_head_json":{"title":"Bogart Fedora Haarfilz Klapprand \u2013 Handgefertigt Schweiz","description":"Exklusiver Haarfilzhut mit Klapprand \u2013 als Fedora oder Bogart tragbar. Handgefertigt in der Schweiz. Eleganz, Komfort & Premium-Handwerk.","robots":{"index":"index","follow":"follow","max-snippet":"max-snippet:-1","max-image-preview":"max-image-preview:large","max-video-preview":"max-video-preview:-1"},"canonical":"https:\/\/hutfactory.com\/?product=bogart-haarfilz-mit-klapprand-impraegniert","og_locale":"de_DE","og_type":"article","og_title":"Bogart Haarfilz mit Klapprand (impr\u00e4gniert)","og_description":"Exklusiver Haarfilzhut mit Klapprand \u2013 als Fedora oder Bogart tragbar. Handgefertigt in der Schweiz. Eleganz, Komfort & Premium-Handwerk.","og_url":"https:\/\/hutfactory.com\/?product=bogart-haarfilz-mit-klapprand-impraegniert","og_site_name":"Hut Factory","article_modified_time":"2026-02-12T07:13:58+00:00","og_image":[{"width":2016,"height":1512,"url":"https:\/\/hutfactory.com\/wp-content\/uploads\/2026\/02\/66503470.1_2-e1602772729576-scaled-2.webp","type":"image\/webp"}],"twitter_card":"summary_large_image","twitter_misc":{"Gesch\u00e4tzte Lesezeit":"4\u00a0Minuten"},"schema":{"@context":"https:\/\/schema.org","@graph":[{"@type":"WebPage","@id":"https:\/\/hutfactory.com\/?product=bogart-haarfilz-mit-klapprand-impraegniert","url":"https:\/\/hutfactory.com\/?product=bogart-haarfilz-mit-klapprand-impraegniert","name":"Bogart Fedora Haarfilz Klapprand \u2013 Handgefertigt Schweiz","isPartOf":{"@id":"https:\/\/hutfactory.com\/#website"},"primaryImageOfPage":{"@id":"https:\/\/hutfactory.com\/?product=bogart-haarfilz-mit-klapprand-impraegniert#primaryimage"},"image":{"@id":"https:\/\/hutfactory.com\/?product=bogart-haarfilz-mit-klapprand-impraegniert#primaryimage"},"thumbnailUrl":"https:\/\/hutfactory.com\/wp-content\/uploads\/2026\/02\/66503470.1_2-e1602772729576-scaled-2.webp","datePublished":"2026-02-09T13:41:23+00:00","dateModified":"2026-02-12T07:13:58+00:00","description":"Exklusiver Haarfilzhut mit Klapprand \u2013 als Fedora oder Bogart tragbar. Handgefertigt in der Schweiz. Eleganz, Komfort & Premium-Handwerk.","breadcrumb":{"@id":"https:\/\/hutfactory.com\/?product=bogart-haarfilz-mit-klapprand-impraegniert#breadcrumb"},"inLanguage":"de","potentialAction":[{"@type":"ReadAction","target":["https:\/\/hutfactory.com\/?product=bogart-haarfilz-mit-klapprand-impraegniert"]}]},{"@type":"ImageObject","inLanguage":"de","@id":"https:\/\/hutfactory.com\/?product=bogart-haarfilz-mit-klapprand-impraegniert#primaryimage","url":"https:\/\/hutfactory.com\/wp-content\/uploads\/2026\/02\/66503470.1_2-e1602772729576-scaled-2.webp","contentUrl":"https:\/\/hutfactory.com\/wp-content\/uploads\/2026\/02\/66503470.1_2-e1602772729576-scaled-2.webp","width":2016,"height":1512,"caption":"Handgefertigter Fedora\/Bogart Hut mit Klapprand aus Haarfilz|Handgefertigter Fedora\/Bogart Hut mit Klapprand aus Haarfilz|Handgefertigter Fedora\/Bogart Hut mit Klapprand aus Haarfilz|Handgefertigter Fedora\/Bogart Hut mit Klapprand aus Haarfilz|Handgefertigter Fedora\/Bogart Hut mit Klapprand aus Haarfilz|Handgefertigter Fedora\/Bogart Hut mit Klapprand aus Haarfilz|Handgefertigter Fedora\/Bogart Hut mit Klapprand aus Haarfilz|Handgefertigter Fedora\/Bogart Hut mit Klapprand aus Haarfilz|Handgefertigter Fedora\/Bogart Hut mit Klapprand aus Haarfilz|Handgefertigter Fedora\/Bogart Hut mit Klapprand aus Haarfilz|Handgefertigter Fedora\/Bogart Hut mit Klapprand aus Haarfilz|Handgefertigter Fedora\/Bogart Hut mit Klapprand aus Haarfilz|Handgefertigter Fedora\/Bogart Hut mit Klapprand aus Haarfilz|Handgefertigter Fedora\/Bogart Hut mit Klapprand aus Haarfilz|Handgefertigter Fedora\/Bogart Hut mit Klapprand aus Haarfilz|Handgefertigter Fedora\/Bogart Hut mit Klapprand aus Haarfilz|Handgefertigter Fedora\/Bogart Hut mit Klapprand aus Haarfilz|Handgefertigter Fedora\/Bogart Hut mit Klapprand aus Haarfilz|Handgefertigter Fedora\/Bogart Hut mit Klapprand aus Haarfilz|Handgefertigter Fedora\/Bogart Hut mit Klapprand aus Haarfilz|Handgefertigter Fedora\/Bogart Hut mit Klapprand aus Haarfilz|Handgefertigter Fedora\/Bogart Hut mit Klapprand aus Haarfilz|Handgefertigter Fedora\/Bogart Hut mit Klapprand aus Haarfilz|Handgefertigter Fedora\/Bogart Hut mit Klapprand aus Haarfilz|Handgefertigter Fedora\/Bogart Hut mit Klapprand aus Haarfilz|Handgefertigter Fedora\/Bogart Hut mit Klapprand aus Haarfilz|Handgefertigter Fedora\/Bogart Hut mit Klapprand aus Haarfilz|Handgefertigter Fedora\/Bogart Hut mit Klapprand aus Haarfilz||||||||||"},{"@type":"BreadcrumbList","@id":"https:\/\/hutfactory.com\/?product=bogart-haarfilz-mit-klapprand-impraegniert#breadcrumb","itemListElement":[{"@type":"ListItem","position":1,"name":"Start","item":"https:\/\/hutfactory.com\/"},{"@type":"ListItem","position":2,"name":"Shop","item":"https:\/\/hutfactory.com\/?page_id=10"},{"@type":"ListItem","position":3,"name":"Bogart Haarfilz mit Klapprand (impr\u00e4gniert)"}]},{"@type":"WebSite","@id":"https:\/\/hutfactory.com\/#website","url":"https:\/\/hutfactory.com\/","name":"Hut Factory","description":"H\u00fcte, Kappen &amp; M\u00fctzen in Top Swiss\/EU Qualit\u00e4t","publisher":{"@id":"https:\/\/hutfactory.com\/#organization"},"alternateName":"Hut Shop","potentialAction":[{"@type":"SearchAction","target":{"@type":"EntryPoint","urlTemplate":"https:\/\/hutfactory.com\/?s={search_term_string}"},"query-input":{"@type":"PropertyValueSpecification","valueRequired":true,"valueName":"search_term_string"}}],"inLanguage":"de"},{"@type":"Organization","@id":"https:\/\/hutfactory.com\/#organization","name":"Hut Factory","url":"https:\/\/hutfactory.com\/","logo":{"@type":"ImageObject","inLanguage":"de","@id":"https:\/\/hutfactory.com\/#\/schema\/logo\/image\/","url":"https:\/\/hutfactory.com\/wp-content\/uploads\/2026\/01\/Logo-hut-factory-1.webp","contentUrl":"https:\/\/hutfactory.com\/wp-content\/uploads\/2026\/01\/Logo-hut-factory-1.webp","width":300,"height":262,"caption":"Hut Factory"},"image":{"@id":"https:\/\/hutfactory.com\/#\/schema\/logo\/image\/"}}]}},"_links":{"self":[{"href":"https:\/\/hutfactory.com\/index.php?rest_route=\/wp\/v2\/product\/11119","targetHints":{"allow":["GET"]}}],"collection":[{"href":"https:\/\/hutfactory.com\/index.php?rest_route=\/wp\/v2\/product"}],"about":[{"href":"https:\/\/hutfactory.com\/index.php?rest_route=\/wp\/v2\/types\/product"}],"wp:featuredmedia":[{"embeddable":true,"href":"https:\/\/hutfactory.com\/index.php?rest_route=\/wp\/v2\/media\/11121"}],"wp:attachment":[{"href":"https:\/\/hutfactory.com\/index.php?rest_route=%2Fwp%2Fv2%2Fmedia&parent=11119"}],"wp:term":[{"taxonomy":"product_brand","embeddable":true,"href":"https:\/\/hutfactory.com\/index.php?rest_route=%2Fwp%2Fv2%2Fproduct_brand&post=11119"},{"taxonomy":"product_cat","embeddable":true,"href":"https:\/\/hutfactory.com\/index.php?rest_route=%2Fwp%2Fv2%2Fproduct_cat&post=11119"},{"taxonomy":"product_tag","embeddable":true,"href":"https:\/\/hutfactory.com\/index.php?rest_route=%2Fwp%2Fv2%2Fproduct_tag&post=11119"}],"curies":[{"name":"wp","href":"https:\/\/api.w.org\/{rel}","templated":true}]}}