{"id":11031,"date":"2026-02-09T13:39:53","date_gmt":"2026-02-09T13:39:53","guid":{"rendered":"https:\/\/hutfactory.com\/?product=fedora-nieder-mohair-pied-de-poule"},"modified":"2026-02-12T13:32:27","modified_gmt":"2026-02-12T13:32:27","slug":"fedora-nieder-mohair-pied-de-poule","status":"publish","type":"product","link":"https:\/\/hutfactory.com\/?product=fedora-nieder-mohair-pied-de-poule","title":{"rendered":"Fedora nieder &#8220;Mohair Pied de Poule&#8221;"},"content":{"rendered":"<h3 data-start=\"163\" data-end=\"226\"><strong>Ein Hut, der zeitlose Eleganz und Handwerkskunst vereint<\/strong><\/h3>\n<p data-start=\"227\" data-end=\"619\">Dieser exklusive Fedora der <strong data-start=\"255\" data-end=\"304\">Premium Freiamt Herbst- und Winter-Kollektion<\/strong> verk\u00f6rpert die perfekte Symbiose aus klassischem Stil und moderner Raffinesse. Gefertigt aus <strong data-start=\"398\" data-end=\"424\">100% feinstem Wollfilz<\/strong>, \u00fcberzeugt er mit einer klaren, markanten Form: eine <strong data-start=\"478\" data-end=\"500\">Kopfh\u00f6he von 10 cm<\/strong> und eine <strong data-start=\"510\" data-end=\"533\">Randbreite von 6 cm<\/strong> schaffen eine harmonische Silhouette, die jedem Outfit einen edlen Akzent verleiht.<\/p>\n<p data-start=\"621\" data-end=\"880\">Die edle <strong data-start=\"630\" data-end=\"680\">Garnitur aus Rebsband und Pied de Poule Mohair<\/strong> mit einer schr\u00e4g gesetzten Traverse und dem ikonischen Qualit\u00e4tsknopf \u201eRisa seit 1919\u201c setzt ein stilvolles Statement. Ein <strong data-start=\"804\" data-end=\"845\">sauber eingen\u00e4htes Textil-Schwei\u00dfband<\/strong> sorgt f\u00fcr h\u00f6chsten Tragekomfort.<\/p>\n<p data-start=\"882\" data-end=\"1064\">Erh\u00e4ltlich in drei charakterstarken Farbvarianten \u2013 <strong data-start=\"934\" data-end=\"973\">camel, leucht-marine und kaperngr\u00fcn<\/strong> \u2013 unterstreicht dieser Hut sowohl individuelle Eleganz als auch zeitlose Vielseitigkeit.<\/p>\n<p data-start=\"1066\" data-end=\"1248\">Gefertigt wird jedes Modell in sorgf\u00e4ltiger Handarbeit in der <strong data-start=\"1128\" data-end=\"1160\">Schweizer Hutmanufaktur Risa<\/strong>, wo jahrzehntelange Tradition und nachhaltige Fertigung h\u00f6chste Qualit\u00e4t garantieren.<\/p>\n<p data-start=\"1255\" data-end=\"1276\"><strong>Perfekt f\u00fcr\u2026 <\/strong><\/p>\n<ul>\n<li data-start=\"1278\" data-end=\"1417\">\u2600\ufe0f <strong data-start=\"1281\" data-end=\"1315\">Stilvolle Auftritte im Herbst- und Winteralltag:<\/strong> Ob beim Stadtbummel, im Caf\u00e9 oder auf Reisen \u2013 dieser Fedora verleiht jedem Look das gewisse Etwas.<\/li>\n<li data-start=\"1419\" data-end=\"1576\"><strong data-start=\"1422\" data-end=\"1443\">Elegante Anl\u00e4sse:<\/strong> Seine markante Form und die edle Garnitur machen ihn zum idealen Begleiter f\u00fcr Theater, Abendveranstaltungen oder besondere Feste.<\/li>\n<li data-start=\"1578\" data-end=\"1744\"><strong data-start=\"1581\" data-end=\"1609\">Natur- und Modebewusste:<\/strong> Gefertigt aus reinen, langlebigen Naturmaterialien und mit kurzen Lieferwegen in der Schweiz \u2013 ein Statement f\u00fcr nachhaltigen Luxus.<\/li>\n<\/ul>\n<div class=\"hf-accordions\">\n<hr class=\"hf-accordion-separator\" \/>\n<details class=\"hf-accordion\">\n<summary><strong>\u25b6\ufe0f Gut zu wissen \u2013 mehr erfahren<\/strong><\/summary>\n<div class=\"hf-accordion-content\">\n<h3>Wichtige Produktdetails:<\/h3>\n<ul>\n<li><strong>Materialzusammensetzung:<\/strong>\u00a0100% Haarfilz \u2013 f\u00fcr Langlebigkeit und eine formstabile Struktur<\/li>\n<li><strong>Muster:<\/strong>\u00a0Auff\u00e4llige Ziern\u00e4hte links, rechts, vorne und hinten \u2013 ein extravagantes Detail f\u00fcr einen markanten<\/li>\n<li><strong>Randbreite:<\/strong>\u00a04,5 cm \u2013 f\u00fcr den klassischen Bowler-Look<\/li>\n<li><strong>Kopfh\u00f6he:<\/strong>\u00a012,0 cm \u2013 f\u00fcr eine markante, aber dennoch traditionelle Form<\/li>\n<li><strong>Farben:\u00a0<\/strong>1. Schwarz mit Rebsband &amp; Lederkordel, 2.\u00a0Salbei mit Rebsband &amp; Lederkordel<\/li>\n<li><strong>Gr\u00f6\u00dfen:<\/strong>\u00a0Verf\u00fcgbar in den Gr\u00f6\u00dfen 54-62 \u2013 f\u00fcr eine perfekte Passform<\/li>\n<li><strong>Hutband:<\/strong>\u00a0Rebsband mit Lederkordel und einem dekorativen Qualit\u00e4tsknopf auf der Masche \u2013 sorgt f\u00fcr ein stilvolles<\/li>\n<li><strong>Schwei\u00dfband:<\/strong>\u00a0Sauber eingen\u00e4htes Textilinnenband als Schwei\u00dfband \u2013 f\u00fcr h\u00f6chsten Tragekomfort und langanhaltende<\/li>\n<li><strong>Fertigungsort:<\/strong>\u00a0Handgefertigt in der renommierten\u00a0<strong>Schweizer Hutmanufaktur Risa<\/strong>. Diese Manufaktur steht seit Jahren f\u00fcr handwerkliche Perfektion und innovative Designs.<\/li>\n<li><strong>Fertigungszeit:<\/strong>\u00a0Jeder Hut wird auf Bestellung gefertigt, sodass Exklusivit\u00e4t und Individualit\u00e4t garantiert sind. Die Herstellung dauert in der Regel\u00a0<strong>10 bis 15 Arbeitstage nach Zahlungseingang<\/strong>.<\/li>\n<li><strong>Versand:<\/strong>\u00a0Nach Fertigstellung des Hutes wird dieser direkt ab Lager Schweiz versendet, sodass Sie Ihren Hut schnell und zuverl\u00e4ssig erhalten.<\/li>\n<li><strong>Garantie:<\/strong>\u00a0Umtausch ist nur bei Material- oder Herstellungsfehlern m\u00f6glich, da es sich um eine ma\u00dfgefertigte Sonderanfertigung handelt.<\/li>\n<li><strong>Verf\u00fcgbarkeit:<\/strong>\u00a0Da die H\u00fcte in limitierter Auflage produziert werden, empfehlen wir eine fr\u00fchzeitige Bestellung, um sich Ihr exklusives Modell zu sichern. Sollte das Rohmaterial ausverkauft sein, kann es zu Verz\u00f6gerungen kommen.<\/li>\n<\/ul>\n<\/div>\n<\/details>\n<details class=\"hf-accordion\">\n<summary><strong>\u25b6\ufe0f FAQ \u2013 H\u00e4ufige Fragen<\/strong><\/summary>\n<div class=\"hf-accordion-content\">\n<h3>H\u00e4ufige Fragen und Antworten (FAQ)<\/h3>\n<p><strong>1. Wie pflege ich meinen Bowler Rugged \u201csewn and burned\u201d richtig?<\/strong><br \/>\nEs wird empfohlen, den Hut regelm\u00e4\u00dfig mit einer weichen B\u00fcrste zu reinigen. Bei tiefer gehendem Schmutz sollte eine professionelle Hutreinigung in Anspruch genommen werden.<\/p>\n<p><strong>2. In welchen Gr\u00f6\u00dfen ist der Hut erh\u00e4ltlich?<\/strong><br \/>\nDer Bowler Rugged ist in den Gr\u00f6\u00dfen 54 bis 62 verf\u00fcgbar und bietet somit f\u00fcr jeden Tr\u00e4ger die perfekte Passform.<\/p>\n<p><strong>3. Kann ich den Hut umtauschen, wenn er mir nicht passt?<\/strong><br \/>\nDa der Hut auf Bestellung gefertigt wird, ist ein Umtausch nur bei Material- oder Herstellungsfehlern m\u00f6glich. Bitte beachten Sie dies bei Ihrer Bestellung.<\/p>\n<p><strong>4. Wo wird der Hut hergestellt?<\/strong><br \/>\nDer Bowler Rugged wird in der Schweizer Hutmanufaktur Risa, einem traditionsreichen Handwerksbetrieb, gefertigt.<\/p>\n<p><strong>5. Wie lange dauert der Versand?<\/strong><br \/>\nNachdem der Hut gefertigt wurde, erfolgt der Versand innerhalb weniger Tage ab Lager Schweiz. Je nach Zielort kann die Lieferung variieren.<\/p>\n<\/div>\n<\/details>\n<\/div>\n","protected":false},"excerpt":{"rendered":"<h4 data-start=\"1784\" data-end=\"1828\">Stilvolle Eleganz f\u00fcr jede Jahreszeit<\/h4>\n<p data-start=\"1829\" data-end=\"2122\">Dieser exklusive Fedora aus 100% Wollfilz kombiniert klassisches Design mit modernem Chic. Mit 6 cm Krempe, 10 cm Krone und edlem Pied de Poule Mohair-Hutband ist er ein Meisterwerk Schweizer Handwerkskunst. Nachhaltig gefertigt, bietet er Komfort, Eleganz und unverwechselbare Ausstrahlung.<\/p>\n","protected":false},"featured_media":11033,"template":"","meta":{"_acf_changed":false,"rs_blank_template":"","rs_page_bg_color":"","slide_template_v7":""},"product_brand":[250],"product_cat":[353,253],"product_tag":[],"class_list":{"0":"post-11031","1":"product","2":"type-product","3":"status-publish","4":"has-post-thumbnail","6":"product_brand-risa-hutwerkstatt-schweiz","7":"product_cat-fedora-winterhuete","8":"product_cat-winterhuete","9":"product_shipping_class-mittlere-pakete","10":"pa_color-camel","11":"pa_color-kaperngruen","12":"pa_color-leucht-marine","13":"pa_groesse-206","14":"pa_groesse-196","15":"pa_groesse-207","16":"pa_groesse-197","17":"pa_groesse-208","18":"pa_groesse-198","19":"pa_groesse-209","20":"pa_groesse-199","21":"pa_groesse-210","22":"yith_product_brand-risa-hutwerkstatt-schweiz","25":"instock","26":"taxable","27":"shipping-taxable","28":"purchasable","29":"product-type-variable","30":"wvs-archive-product-wrapper","31":"add-to-wishlist-after_add_to_cart"},"acf":[],"yoast_head":"<!-- This site is optimized with the Yoast SEO Premium plugin v27.3 (Yoast SEO v27.3) - https:\/\/yoast.com\/product\/yoast-seo-premium-wordpress\/ -->\n<title>Fedora Wollfilz \u201eMohair Pied de Poule\u201c \u2013 Premium Hut aus Schweiz<\/title>\n<meta name=\"description\" content=\"Luxuri\u00f6ser Fedora aus 100% Wollfilz mit Pied de Poule Hutband. Handgefertigt in der Schweiz \u2013 nachhaltig, elegant, exklusiv. Jetzt bestellen!\" \/>\n<meta name=\"robots\" content=\"index, follow, max-snippet:-1, max-image-preview:large, max-video-preview:-1\" \/>\n<link rel=\"canonical\" href=\"https:\/\/hutfactory.com\/?product=fedora-nieder-mohair-pied-de-poule\" \/>\n<meta property=\"og:locale\" content=\"de_DE\" \/>\n<meta property=\"og:type\" content=\"article\" \/>\n<meta property=\"og:title\" content=\"Fedora nieder &quot;Mohair Pied de Poule&quot;\" \/>\n<meta property=\"og:description\" content=\"Luxuri\u00f6ser Fedora aus 100% Wollfilz mit Pied de Poule Hutband. Handgefertigt in der Schweiz \u2013 nachhaltig, elegant, exklusiv. Jetzt bestellen!\" \/>\n<meta property=\"og:url\" content=\"https:\/\/hutfactory.com\/?product=fedora-nieder-mohair-pied-de-poule\" \/>\n<meta property=\"og:site_name\" content=\"Hut Factory\" \/>\n<meta property=\"article:modified_time\" content=\"2026-02-12T13:32:27+00:00\" \/>\n<meta property=\"og:image\" content=\"https:\/\/hutfactory.com\/wp-content\/uploads\/2026\/02\/70506280.alle_-1.webp\" \/>\n\t<meta property=\"og:image:width\" content=\"2016\" \/>\n\t<meta property=\"og:image:height\" content=\"1512\" \/>\n\t<meta property=\"og:image:type\" content=\"image\/webp\" \/>\n<meta name=\"twitter:card\" content=\"summary_large_image\" \/>\n<meta name=\"twitter:label1\" content=\"Gesch\u00e4tzte Lesezeit\" \/>\n\t<meta name=\"twitter:data1\" content=\"4\u00a0Minuten\" \/>\n<script type=\"application\/ld+json\" class=\"yoast-schema-graph\">{\"@context\":\"https:\\\/\\\/schema.org\",\"@graph\":[{\"@type\":\"WebPage\",\"@id\":\"https:\\\/\\\/hutfactory.com\\\/?product=fedora-nieder-mohair-pied-de-poule\",\"url\":\"https:\\\/\\\/hutfactory.com\\\/?product=fedora-nieder-mohair-pied-de-poule\",\"name\":\"Fedora Wollfilz \u201eMohair Pied de Poule\u201c \u2013 Premium Hut aus Schweiz\",\"isPartOf\":{\"@id\":\"https:\\\/\\\/hutfactory.com\\\/#website\"},\"primaryImageOfPage\":{\"@id\":\"https:\\\/\\\/hutfactory.com\\\/?product=fedora-nieder-mohair-pied-de-poule#primaryimage\"},\"image\":{\"@id\":\"https:\\\/\\\/hutfactory.com\\\/?product=fedora-nieder-mohair-pied-de-poule#primaryimage\"},\"thumbnailUrl\":\"https:\\\/\\\/hutfactory.com\\\/wp-content\\\/uploads\\\/2026\\\/02\\\/70506280.alle_-1.webp\",\"datePublished\":\"2026-02-09T13:39:53+00:00\",\"dateModified\":\"2026-02-12T13:32:27+00:00\",\"description\":\"Luxuri\u00f6ser Fedora aus 100% Wollfilz mit Pied de Poule Hutband. Handgefertigt in der Schweiz \u2013 nachhaltig, elegant, exklusiv. Jetzt bestellen!\",\"breadcrumb\":{\"@id\":\"https:\\\/\\\/hutfactory.com\\\/?product=fedora-nieder-mohair-pied-de-poule#breadcrumb\"},\"inLanguage\":\"de\",\"potentialAction\":[{\"@type\":\"ReadAction\",\"target\":[\"https:\\\/\\\/hutfactory.com\\\/?product=fedora-nieder-mohair-pied-de-poule\"]}]},{\"@type\":\"ImageObject\",\"inLanguage\":\"de\",\"@id\":\"https:\\\/\\\/hutfactory.com\\\/?product=fedora-nieder-mohair-pied-de-poule#primaryimage\",\"url\":\"https:\\\/\\\/hutfactory.com\\\/wp-content\\\/uploads\\\/2026\\\/02\\\/70506280.alle_-1.webp\",\"contentUrl\":\"https:\\\/\\\/hutfactory.com\\\/wp-content\\\/uploads\\\/2026\\\/02\\\/70506280.alle_-1.webp\",\"width\":2016,\"height\":1512,\"caption\":\"Eleganter Fedora aus 100% Wollfilz mit Rebsband & Pied de Poule Mohair|Eleganter Fedora aus 100% Wollfilz mit Rebsband & Pied de Poule Mohair|Eleganter Fedora aus 100% Wollfilz mit Rebsband & Pied de Poule Mohair|Eleganter Fedora aus 100% Wollfilz mit Rebsband & Pied de Poule Mohair\"},{\"@type\":\"BreadcrumbList\",\"@id\":\"https:\\\/\\\/hutfactory.com\\\/?product=fedora-nieder-mohair-pied-de-poule#breadcrumb\",\"itemListElement\":[{\"@type\":\"ListItem\",\"position\":1,\"name\":\"Start\",\"item\":\"https:\\\/\\\/hutfactory.com\\\/\"},{\"@type\":\"ListItem\",\"position\":2,\"name\":\"Shop\",\"item\":\"https:\\\/\\\/hutfactory.com\\\/?page_id=10\"},{\"@type\":\"ListItem\",\"position\":3,\"name\":\"Fedora nieder &#8220;Mohair Pied de Poule&#8221;\"}]},{\"@type\":\"WebSite\",\"@id\":\"https:\\\/\\\/hutfactory.com\\\/#website\",\"url\":\"https:\\\/\\\/hutfactory.com\\\/\",\"name\":\"Hut Factory\",\"description\":\"H\u00fcte, Kappen &amp; M\u00fctzen in Top Swiss\\\/EU Qualit\u00e4t\",\"publisher\":{\"@id\":\"https:\\\/\\\/hutfactory.com\\\/#organization\"},\"alternateName\":\"Hut Shop\",\"potentialAction\":[{\"@type\":\"SearchAction\",\"target\":{\"@type\":\"EntryPoint\",\"urlTemplate\":\"https:\\\/\\\/hutfactory.com\\\/?s={search_term_string}\"},\"query-input\":{\"@type\":\"PropertyValueSpecification\",\"valueRequired\":true,\"valueName\":\"search_term_string\"}}],\"inLanguage\":\"de\"},{\"@type\":\"Organization\",\"@id\":\"https:\\\/\\\/hutfactory.com\\\/#organization\",\"name\":\"Hut Factory\",\"url\":\"https:\\\/\\\/hutfactory.com\\\/\",\"logo\":{\"@type\":\"ImageObject\",\"inLanguage\":\"de\",\"@id\":\"https:\\\/\\\/hutfactory.com\\\/#\\\/schema\\\/logo\\\/image\\\/\",\"url\":\"https:\\\/\\\/hutfactory.com\\\/wp-content\\\/uploads\\\/2026\\\/01\\\/Logo-hut-factory-1.webp\",\"contentUrl\":\"https:\\\/\\\/hutfactory.com\\\/wp-content\\\/uploads\\\/2026\\\/01\\\/Logo-hut-factory-1.webp\",\"width\":300,\"height\":262,\"caption\":\"Hut Factory\"},\"image\":{\"@id\":\"https:\\\/\\\/hutfactory.com\\\/#\\\/schema\\\/logo\\\/image\\\/\"}}]}<\/script>\n<!-- \/ Yoast SEO Premium plugin. -->","yoast_head_json":{"title":"Fedora Wollfilz \u201eMohair Pied de Poule\u201c \u2013 Premium Hut aus Schweiz","description":"Luxuri\u00f6ser Fedora aus 100% Wollfilz mit Pied de Poule Hutband. Handgefertigt in der Schweiz \u2013 nachhaltig, elegant, exklusiv. Jetzt bestellen!","robots":{"index":"index","follow":"follow","max-snippet":"max-snippet:-1","max-image-preview":"max-image-preview:large","max-video-preview":"max-video-preview:-1"},"canonical":"https:\/\/hutfactory.com\/?product=fedora-nieder-mohair-pied-de-poule","og_locale":"de_DE","og_type":"article","og_title":"Fedora nieder \"Mohair Pied de Poule\"","og_description":"Luxuri\u00f6ser Fedora aus 100% Wollfilz mit Pied de Poule Hutband. Handgefertigt in der Schweiz \u2013 nachhaltig, elegant, exklusiv. Jetzt bestellen!","og_url":"https:\/\/hutfactory.com\/?product=fedora-nieder-mohair-pied-de-poule","og_site_name":"Hut Factory","article_modified_time":"2026-02-12T13:32:27+00:00","og_image":[{"width":2016,"height":1512,"url":"https:\/\/hutfactory.com\/wp-content\/uploads\/2026\/02\/70506280.alle_-1.webp","type":"image\/webp"}],"twitter_card":"summary_large_image","twitter_misc":{"Gesch\u00e4tzte Lesezeit":"4\u00a0Minuten"},"schema":{"@context":"https:\/\/schema.org","@graph":[{"@type":"WebPage","@id":"https:\/\/hutfactory.com\/?product=fedora-nieder-mohair-pied-de-poule","url":"https:\/\/hutfactory.com\/?product=fedora-nieder-mohair-pied-de-poule","name":"Fedora Wollfilz \u201eMohair Pied de Poule\u201c \u2013 Premium Hut aus Schweiz","isPartOf":{"@id":"https:\/\/hutfactory.com\/#website"},"primaryImageOfPage":{"@id":"https:\/\/hutfactory.com\/?product=fedora-nieder-mohair-pied-de-poule#primaryimage"},"image":{"@id":"https:\/\/hutfactory.com\/?product=fedora-nieder-mohair-pied-de-poule#primaryimage"},"thumbnailUrl":"https:\/\/hutfactory.com\/wp-content\/uploads\/2026\/02\/70506280.alle_-1.webp","datePublished":"2026-02-09T13:39:53+00:00","dateModified":"2026-02-12T13:32:27+00:00","description":"Luxuri\u00f6ser Fedora aus 100% Wollfilz mit Pied de Poule Hutband. Handgefertigt in der Schweiz \u2013 nachhaltig, elegant, exklusiv. Jetzt bestellen!","breadcrumb":{"@id":"https:\/\/hutfactory.com\/?product=fedora-nieder-mohair-pied-de-poule#breadcrumb"},"inLanguage":"de","potentialAction":[{"@type":"ReadAction","target":["https:\/\/hutfactory.com\/?product=fedora-nieder-mohair-pied-de-poule"]}]},{"@type":"ImageObject","inLanguage":"de","@id":"https:\/\/hutfactory.com\/?product=fedora-nieder-mohair-pied-de-poule#primaryimage","url":"https:\/\/hutfactory.com\/wp-content\/uploads\/2026\/02\/70506280.alle_-1.webp","contentUrl":"https:\/\/hutfactory.com\/wp-content\/uploads\/2026\/02\/70506280.alle_-1.webp","width":2016,"height":1512,"caption":"Eleganter Fedora aus 100% Wollfilz mit Rebsband & Pied de Poule Mohair|Eleganter Fedora aus 100% Wollfilz mit Rebsband & Pied de Poule Mohair|Eleganter Fedora aus 100% Wollfilz mit Rebsband & Pied de Poule Mohair|Eleganter Fedora aus 100% Wollfilz mit Rebsband & Pied de Poule Mohair"},{"@type":"BreadcrumbList","@id":"https:\/\/hutfactory.com\/?product=fedora-nieder-mohair-pied-de-poule#breadcrumb","itemListElement":[{"@type":"ListItem","position":1,"name":"Start","item":"https:\/\/hutfactory.com\/"},{"@type":"ListItem","position":2,"name":"Shop","item":"https:\/\/hutfactory.com\/?page_id=10"},{"@type":"ListItem","position":3,"name":"Fedora nieder &#8220;Mohair Pied de Poule&#8221;"}]},{"@type":"WebSite","@id":"https:\/\/hutfactory.com\/#website","url":"https:\/\/hutfactory.com\/","name":"Hut Factory","description":"H\u00fcte, Kappen &amp; M\u00fctzen in Top Swiss\/EU Qualit\u00e4t","publisher":{"@id":"https:\/\/hutfactory.com\/#organization"},"alternateName":"Hut Shop","potentialAction":[{"@type":"SearchAction","target":{"@type":"EntryPoint","urlTemplate":"https:\/\/hutfactory.com\/?s={search_term_string}"},"query-input":{"@type":"PropertyValueSpecification","valueRequired":true,"valueName":"search_term_string"}}],"inLanguage":"de"},{"@type":"Organization","@id":"https:\/\/hutfactory.com\/#organization","name":"Hut Factory","url":"https:\/\/hutfactory.com\/","logo":{"@type":"ImageObject","inLanguage":"de","@id":"https:\/\/hutfactory.com\/#\/schema\/logo\/image\/","url":"https:\/\/hutfactory.com\/wp-content\/uploads\/2026\/01\/Logo-hut-factory-1.webp","contentUrl":"https:\/\/hutfactory.com\/wp-content\/uploads\/2026\/01\/Logo-hut-factory-1.webp","width":300,"height":262,"caption":"Hut Factory"},"image":{"@id":"https:\/\/hutfactory.com\/#\/schema\/logo\/image\/"}}]}},"_links":{"self":[{"href":"https:\/\/hutfactory.com\/index.php?rest_route=\/wp\/v2\/product\/11031","targetHints":{"allow":["GET"]}}],"collection":[{"href":"https:\/\/hutfactory.com\/index.php?rest_route=\/wp\/v2\/product"}],"about":[{"href":"https:\/\/hutfactory.com\/index.php?rest_route=\/wp\/v2\/types\/product"}],"wp:featuredmedia":[{"embeddable":true,"href":"https:\/\/hutfactory.com\/index.php?rest_route=\/wp\/v2\/media\/11033"}],"wp:attachment":[{"href":"https:\/\/hutfactory.com\/index.php?rest_route=%2Fwp%2Fv2%2Fmedia&parent=11031"}],"wp:term":[{"taxonomy":"product_brand","embeddable":true,"href":"https:\/\/hutfactory.com\/index.php?rest_route=%2Fwp%2Fv2%2Fproduct_brand&post=11031"},{"taxonomy":"product_cat","embeddable":true,"href":"https:\/\/hutfactory.com\/index.php?rest_route=%2Fwp%2Fv2%2Fproduct_cat&post=11031"},{"taxonomy":"product_tag","embeddable":true,"href":"https:\/\/hutfactory.com\/index.php?rest_route=%2Fwp%2Fv2%2Fproduct_tag&post=11031"}],"curies":[{"name":"wp","href":"https:\/\/api.w.org\/{rel}","templated":true}]}}