{"id":10971,"date":"2026-02-09T13:39:07","date_gmt":"2026-02-09T13:39:07","guid":{"rendered":"https:\/\/hutfactory.com\/?product=haarfilzhut-velours-bogart-folly-dot-mit-klapprand"},"modified":"2026-02-11T13:02:09","modified_gmt":"2026-02-11T13:02:09","slug":"haarfilzhut-velours-bogart-folly-dot-mit-klapprand","status":"publish","type":"product","link":"https:\/\/hutfactory.com\/?product=haarfilzhut-velours-bogart-folly-dot-mit-klapprand","title":{"rendered":"Haarfilzhut Velours \u201eFolly Dot\u201c mit Klapprand"},"content":{"rendered":"<h3 data-start=\"272\" data-end=\"321\"><strong>Vielseitiger Klassiker mit wandelbarem Stil<\/strong><\/h3>\n<p data-start=\"323\" data-end=\"806\">Der Haarfilzhut Velours \u201eFolly Dot\u201c ist ein Meisterst\u00fcck traditioneller Schweizer Hutmacherkunst \u2013 ein Hut, drei Styles. Mit seinem flexiblen Klapprand passt er sich jeder Gelegenheit an: mit vorne nach unten geklappter Krempe und hinten noch oben f\u00fcr einen modernen Look\u00a0 im <strong data-start=\"687\" data-end=\"703\">Bogart Style, im <\/strong><strong data-start=\"515\" data-end=\"531\">Fedora Style<\/strong> mit rundum nach oben gestellter Krempe f\u00fcr elegante Auftritte oder im <strong data-start=\"598\" data-end=\"612\">City Style, wenn die Krempe komplett nach unten getragen wird<\/strong>\u00a0\u2013 der ikonische Gentleman-Look.<\/p>\n<p data-start=\"808\" data-end=\"947\">Gefertigt aus luxuri\u00f6sem 100% Haarfilz Velours vereint er zeitlose Eleganz, modische Vielseitigkeit und h\u00f6chste Schweizer Handwerkskunst.<\/p>\n<p data-start=\"954\" data-end=\"975\"><strong data-start=\"954\" data-end=\"973\">Perfekt f\u00fcr\u2026 <\/strong><\/p>\n<p data-start=\"977\" data-end=\"1278\">\u2600\ufe0f <strong data-start=\"980\" data-end=\"1004\">Den Alltag mit Stil:<\/strong> Ob Stadtbummel oder Gesch\u00e4ftsessen \u2013 wandelbar f\u00fcr jede Situation.<br data-start=\"1071\" data-end=\"1074\" \/><strong data-start=\"1077\" data-end=\"1097\">Elegante Events:<\/strong> Ein Hut, der vom Galaabend bis zur Vernissage jeden Auftritt kr\u00f6nt.<br data-start=\"1165\" data-end=\"1168\" \/><strong data-start=\"1171\" data-end=\"1204\">Modebewusste Individualisten:<\/strong> Nachhaltige Handarbeit aus der Schweiz, gefertigt mit Liebe zum Detail.<\/p>\n<div class=\"hf-accordions\">\n<hr class=\"hf-accordion-separator\" \/>\n<details class=\"hf-accordion\">\n<summary><strong>\u25b6\ufe0f Gut zu wissen \u2013 mehr erfahren<\/strong><\/summary>\n<div class=\"hf-accordion-content\">\n<h3>Wichtige Produktdetails:<\/h3>\n<ul>\n<li><strong>Materialzusammensetzung:<\/strong>\u00a0100% Haarfilz \u2013 f\u00fcr Langlebigkeit und eine formstabile Struktur<\/li>\n<li><strong>Muster:<\/strong>\u00a0Auff\u00e4llige Ziern\u00e4hte links, rechts, vorne und hinten \u2013 ein extravagantes Detail f\u00fcr einen markanten<\/li>\n<li><strong>Randbreite:<\/strong>\u00a04,5 cm \u2013 f\u00fcr den klassischen Bowler-Look<\/li>\n<li><strong>Kopfh\u00f6he:<\/strong>\u00a012,0 cm \u2013 f\u00fcr eine markante, aber dennoch traditionelle Form<\/li>\n<li><strong>Farben:\u00a0<\/strong>1. Schwarz mit Rebsband &amp; Lederkordel, 2.\u00a0Salbei mit Rebsband &amp; Lederkordel<\/li>\n<li><strong>Gr\u00f6\u00dfen:<\/strong>\u00a0Verf\u00fcgbar in den Gr\u00f6\u00dfen 54-62 \u2013 f\u00fcr eine perfekte Passform<\/li>\n<li><strong>Hutband:<\/strong>\u00a0Rebsband mit Lederkordel und einem dekorativen Qualit\u00e4tsknopf auf der Masche \u2013 sorgt f\u00fcr ein stilvolles<\/li>\n<li><strong>Schwei\u00dfband:<\/strong>\u00a0Sauber eingen\u00e4htes Textilinnenband als Schwei\u00dfband \u2013 f\u00fcr h\u00f6chsten Tragekomfort und langanhaltende<\/li>\n<li><strong>Fertigungsort:<\/strong>\u00a0Handgefertigt in der renommierten\u00a0<strong>Schweizer Hutmanufaktur Risa<\/strong>. Diese Manufaktur steht seit Jahren f\u00fcr handwerkliche Perfektion und innovative Designs.<\/li>\n<li><strong>Fertigungszeit:<\/strong>\u00a0Jeder Hut wird auf Bestellung gefertigt, sodass Exklusivit\u00e4t und Individualit\u00e4t garantiert sind. Die Herstellung dauert in der Regel\u00a0<strong>10 bis 15 Arbeitstage nach Zahlungseingang<\/strong>.<\/li>\n<li><strong>Versand:<\/strong>\u00a0Nach Fertigstellung des Hutes wird dieser direkt ab Lager Schweiz versendet, sodass Sie Ihren Hut schnell und zuverl\u00e4ssig erhalten.<\/li>\n<li><strong>Garantie:<\/strong>\u00a0Umtausch ist nur bei Material- oder Herstellungsfehlern m\u00f6glich, da es sich um eine ma\u00dfgefertigte Sonderanfertigung handelt.<\/li>\n<li><strong>Verf\u00fcgbarkeit:<\/strong>\u00a0Da die H\u00fcte in limitierter Auflage produziert werden, empfehlen wir eine fr\u00fchzeitige Bestellung, um sich Ihr exklusives Modell zu sichern. Sollte das Rohmaterial ausverkauft sein, kann es zu Verz\u00f6gerungen kommen.<\/li>\n<\/ul>\n<\/div>\n<\/details>\n<details class=\"hf-accordion\">\n<summary><strong>\u25b6\ufe0f FAQ \u2013 H\u00e4ufige Fragen<\/strong><\/summary>\n<div class=\"hf-accordion-content\">\n<h3>H\u00e4ufige Fragen und Antworten (FAQ)<\/h3>\n<p><strong>1. Wie pflege ich meinen Bowler Rugged \u201csewn and burned\u201d richtig?<\/strong><br \/>\nEs wird empfohlen, den Hut regelm\u00e4\u00dfig mit einer weichen B\u00fcrste zu reinigen. Bei tiefer gehendem Schmutz sollte eine professionelle Hutreinigung in Anspruch genommen werden.<\/p>\n<p><strong>2. In welchen Gr\u00f6\u00dfen ist der Hut erh\u00e4ltlich?<\/strong><br \/>\nDer Bowler Rugged ist in den Gr\u00f6\u00dfen 54 bis 62 verf\u00fcgbar und bietet somit f\u00fcr jeden Tr\u00e4ger die perfekte Passform.<\/p>\n<p><strong>3. Kann ich den Hut umtauschen, wenn er mir nicht passt?<\/strong><br \/>\nDa der Hut auf Bestellung gefertigt wird, ist ein Umtausch nur bei Material- oder Herstellungsfehlern m\u00f6glich. Bitte beachten Sie dies bei Ihrer Bestellung.<\/p>\n<p><strong>4. Wo wird der Hut hergestellt?<\/strong><br \/>\nDer Bowler Rugged wird in der Schweizer Hutmanufaktur Risa, einem traditionsreichen Handwerksbetrieb, gefertigt.<\/p>\n<p><strong>5. Wie lange dauert der Versand?<\/strong><br \/>\nNachdem der Hut gefertigt wurde, erfolgt der Versand innerhalb weniger Tage ab Lager Schweiz. Je nach Zielort kann die Lieferung variieren.<\/p>\n<\/div>\n<\/details>\n<\/div>\n","protected":false},"excerpt":{"rendered":"<h3 data-start=\"4029\" data-end=\"4068\">Klapprand &#8211; Drei H\u00fcte in einem<\/h3>\n<p data-start=\"4070\" data-end=\"4299\">Der \u201eFolly Dot\u201c ist nicht nur ein Hut, sondern durch den Klapprand ein wandelbarer Begleiter, der Tradition und Moderne verbindet. Ob als Fedora, City oder Bogart Style (je nach Krempenstellung) \u2013 er bringt Schweizer Handwerkskunst und stilvolle Flexibilit\u00e4t in Ihr Outfit.<\/p>\n","protected":false},"featured_media":10973,"template":"","meta":{"_acf_changed":false,"rs_blank_template":"","rs_page_bg_color":"","slide_template_v7":""},"product_brand":[250],"product_cat":[362,329,353,274,253],"product_tag":[],"class_list":{"0":"post-10971","1":"product","2":"type-product","3":"status-publish","4":"has-post-thumbnail","6":"product_brand-risa-hutwerkstatt-schweiz","7":"product_cat-bogart-winterhuete","8":"product_cat-city-winterhuete","9":"product_cat-fedora-winterhuete","10":"product_cat-traveler-winterhuete","11":"product_cat-winterhuete","12":"product_shipping_class-mittlere-pakete","13":"pa_color-camel","14":"pa_color-kaperngruen","15":"pa_color-leucht-marine","16":"pa_groesse-206","17":"pa_groesse-196","18":"pa_groesse-207","19":"pa_groesse-197","20":"pa_groesse-208","21":"pa_groesse-198","22":"pa_groesse-209","23":"pa_groesse-199","24":"pa_groesse-210","25":"yith_product_brand-risa-hutwerkstatt-schweiz","28":"instock","29":"taxable","30":"shipping-taxable","31":"purchasable","32":"product-type-variable","33":"wvs-archive-product-wrapper","34":"add-to-wishlist-after_add_to_cart"},"acf":[],"yoast_head":"<!-- This site is optimized with the Yoast SEO Premium plugin v27.3 (Yoast SEO v27.3) - https:\/\/yoast.com\/product\/yoast-seo-premium-wordpress\/ -->\n<title>Bogart Haarfilzhut Velours \u201eFolly Dot\u201c \u2013 3 Styles mit Klapprand<\/title>\n<meta name=\"description\" content=\"Bogart Haarfilzhut Velours mit Klapprand \u2013 3 Styles in einem Hut. Handgefertigt in der Schweiz von Risa. Luxuri\u00f6ser Velours, modern &amp; zeitlos.\" \/>\n<meta name=\"robots\" content=\"index, follow, max-snippet:-1, max-image-preview:large, max-video-preview:-1\" \/>\n<link rel=\"canonical\" href=\"https:\/\/hutfactory.com\/?product=haarfilzhut-velours-bogart-folly-dot-mit-klapprand\" \/>\n<meta property=\"og:locale\" content=\"de_DE\" \/>\n<meta property=\"og:type\" content=\"article\" \/>\n<meta property=\"og:title\" content=\"Haarfilzhut Velours \u201eFolly Dot\u201c mit Klapprand\" \/>\n<meta property=\"og:description\" content=\"Bogart Haarfilzhut Velours mit Klapprand \u2013 3 Styles in einem Hut. Handgefertigt in der Schweiz von Risa. Luxuri\u00f6ser Velours, modern &amp; zeitlos.\" \/>\n<meta property=\"og:url\" content=\"https:\/\/hutfactory.com\/?product=haarfilzhut-velours-bogart-folly-dot-mit-klapprand\" \/>\n<meta property=\"og:site_name\" content=\"Hut Factory\" \/>\n<meta property=\"article:modified_time\" content=\"2026-02-11T13:02:09+00:00\" \/>\n<meta property=\"og:image\" content=\"https:\/\/hutfactory.com\/wp-content\/uploads\/2026\/02\/55503472.alle_.B-gerade-kante.webp\" \/>\n\t<meta property=\"og:image:width\" content=\"2016\" \/>\n\t<meta property=\"og:image:height\" content=\"1512\" \/>\n\t<meta property=\"og:image:type\" content=\"image\/webp\" \/>\n<meta name=\"twitter:card\" content=\"summary_large_image\" \/>\n<meta name=\"twitter:label1\" content=\"Gesch\u00e4tzte Lesezeit\" \/>\n\t<meta name=\"twitter:data1\" content=\"3\u00a0Minuten\" \/>\n<script type=\"application\/ld+json\" class=\"yoast-schema-graph\">{\"@context\":\"https:\\\/\\\/schema.org\",\"@graph\":[{\"@type\":\"WebPage\",\"@id\":\"https:\\\/\\\/hutfactory.com\\\/?product=haarfilzhut-velours-bogart-folly-dot-mit-klapprand\",\"url\":\"https:\\\/\\\/hutfactory.com\\\/?product=haarfilzhut-velours-bogart-folly-dot-mit-klapprand\",\"name\":\"Bogart Haarfilzhut Velours \u201eFolly Dot\u201c \u2013 3 Styles mit Klapprand\",\"isPartOf\":{\"@id\":\"https:\\\/\\\/hutfactory.com\\\/#website\"},\"primaryImageOfPage\":{\"@id\":\"https:\\\/\\\/hutfactory.com\\\/?product=haarfilzhut-velours-bogart-folly-dot-mit-klapprand#primaryimage\"},\"image\":{\"@id\":\"https:\\\/\\\/hutfactory.com\\\/?product=haarfilzhut-velours-bogart-folly-dot-mit-klapprand#primaryimage\"},\"thumbnailUrl\":\"https:\\\/\\\/hutfactory.com\\\/wp-content\\\/uploads\\\/2026\\\/02\\\/55503472.alle_.B-gerade-kante.webp\",\"datePublished\":\"2026-02-09T13:39:07+00:00\",\"dateModified\":\"2026-02-11T13:02:09+00:00\",\"description\":\"Bogart Haarfilzhut Velours mit Klapprand \u2013 3 Styles in einem Hut. Handgefertigt in der Schweiz von Risa. Luxuri\u00f6ser Velours, modern & zeitlos.\",\"breadcrumb\":{\"@id\":\"https:\\\/\\\/hutfactory.com\\\/?product=haarfilzhut-velours-bogart-folly-dot-mit-klapprand#breadcrumb\"},\"inLanguage\":\"de\",\"potentialAction\":[{\"@type\":\"ReadAction\",\"target\":[\"https:\\\/\\\/hutfactory.com\\\/?product=haarfilzhut-velours-bogart-folly-dot-mit-klapprand\"]}]},{\"@type\":\"ImageObject\",\"inLanguage\":\"de\",\"@id\":\"https:\\\/\\\/hutfactory.com\\\/?product=haarfilzhut-velours-bogart-folly-dot-mit-klapprand#primaryimage\",\"url\":\"https:\\\/\\\/hutfactory.com\\\/wp-content\\\/uploads\\\/2026\\\/02\\\/55503472.alle_.B-gerade-kante.webp\",\"contentUrl\":\"https:\\\/\\\/hutfactory.com\\\/wp-content\\\/uploads\\\/2026\\\/02\\\/55503472.alle_.B-gerade-kante.webp\",\"width\":2016,\"height\":1512,\"caption\":\"Flexibler Haarfilzhut Velours \u201eFolly Dot\u201c \u2013 handgemacht in der Schweiz|Flexibler Haarfilzhut Velours \u201eFolly Dot\u201c \u2013 handgemacht in der Schweiz|Flexibler Haarfilzhut Velours \u201eFolly Dot\u201c \u2013 handgemacht in der Schweiz|Flexibler Haarfilzhut Velours \u201eFolly Dot\u201c \u2013 handgemacht in der Schweiz|Flexibler Haarfilzhut Velours \u201eFolly Dot\u201c \u2013 handgemacht in der Schweiz|Flexibler Haarfilzhut Velours \u201eFolly Dot\u201c \u2013 handgemacht in der Schweiz|Flexibler Haarfilzhut Velours \u201eFolly Dot\u201c \u2013 handgemacht in der Schweiz|Flexibler Haarfilzhut Velours \u201eFolly Dot\u201c \u2013 handgemacht in der Schweiz|Flexibler Haarfilzhut Velours \u201eFolly Dot\u201c \u2013 handgemacht in der Schweiz|Flexibler Haarfilzhut Velours \u201eFolly Dot\u201c \u2013 handgemacht in der Schweiz\"},{\"@type\":\"BreadcrumbList\",\"@id\":\"https:\\\/\\\/hutfactory.com\\\/?product=haarfilzhut-velours-bogart-folly-dot-mit-klapprand#breadcrumb\",\"itemListElement\":[{\"@type\":\"ListItem\",\"position\":1,\"name\":\"Start\",\"item\":\"https:\\\/\\\/hutfactory.com\\\/\"},{\"@type\":\"ListItem\",\"position\":2,\"name\":\"Shop\",\"item\":\"https:\\\/\\\/hutfactory.com\\\/?page_id=10\"},{\"@type\":\"ListItem\",\"position\":3,\"name\":\"Haarfilzhut Velours \u201eFolly Dot\u201c mit Klapprand\"}]},{\"@type\":\"WebSite\",\"@id\":\"https:\\\/\\\/hutfactory.com\\\/#website\",\"url\":\"https:\\\/\\\/hutfactory.com\\\/\",\"name\":\"Hut Factory\",\"description\":\"H\u00fcte, Kappen &amp; M\u00fctzen in Top Swiss\\\/EU Qualit\u00e4t\",\"publisher\":{\"@id\":\"https:\\\/\\\/hutfactory.com\\\/#organization\"},\"alternateName\":\"Hut Shop\",\"potentialAction\":[{\"@type\":\"SearchAction\",\"target\":{\"@type\":\"EntryPoint\",\"urlTemplate\":\"https:\\\/\\\/hutfactory.com\\\/?s={search_term_string}\"},\"query-input\":{\"@type\":\"PropertyValueSpecification\",\"valueRequired\":true,\"valueName\":\"search_term_string\"}}],\"inLanguage\":\"de\"},{\"@type\":\"Organization\",\"@id\":\"https:\\\/\\\/hutfactory.com\\\/#organization\",\"name\":\"Hut Factory\",\"url\":\"https:\\\/\\\/hutfactory.com\\\/\",\"logo\":{\"@type\":\"ImageObject\",\"inLanguage\":\"de\",\"@id\":\"https:\\\/\\\/hutfactory.com\\\/#\\\/schema\\\/logo\\\/image\\\/\",\"url\":\"https:\\\/\\\/hutfactory.com\\\/wp-content\\\/uploads\\\/2026\\\/01\\\/Logo-hut-factory-1.webp\",\"contentUrl\":\"https:\\\/\\\/hutfactory.com\\\/wp-content\\\/uploads\\\/2026\\\/01\\\/Logo-hut-factory-1.webp\",\"width\":300,\"height\":262,\"caption\":\"Hut Factory\"},\"image\":{\"@id\":\"https:\\\/\\\/hutfactory.com\\\/#\\\/schema\\\/logo\\\/image\\\/\"}}]}<\/script>\n<!-- \/ Yoast SEO Premium plugin. -->","yoast_head_json":{"title":"Bogart Haarfilzhut Velours \u201eFolly Dot\u201c \u2013 3 Styles mit Klapprand","description":"Bogart Haarfilzhut Velours mit Klapprand \u2013 3 Styles in einem Hut. Handgefertigt in der Schweiz von Risa. Luxuri\u00f6ser Velours, modern & zeitlos.","robots":{"index":"index","follow":"follow","max-snippet":"max-snippet:-1","max-image-preview":"max-image-preview:large","max-video-preview":"max-video-preview:-1"},"canonical":"https:\/\/hutfactory.com\/?product=haarfilzhut-velours-bogart-folly-dot-mit-klapprand","og_locale":"de_DE","og_type":"article","og_title":"Haarfilzhut Velours \u201eFolly Dot\u201c mit Klapprand","og_description":"Bogart Haarfilzhut Velours mit Klapprand \u2013 3 Styles in einem Hut. Handgefertigt in der Schweiz von Risa. Luxuri\u00f6ser Velours, modern & zeitlos.","og_url":"https:\/\/hutfactory.com\/?product=haarfilzhut-velours-bogart-folly-dot-mit-klapprand","og_site_name":"Hut Factory","article_modified_time":"2026-02-11T13:02:09+00:00","og_image":[{"width":2016,"height":1512,"url":"https:\/\/hutfactory.com\/wp-content\/uploads\/2026\/02\/55503472.alle_.B-gerade-kante.webp","type":"image\/webp"}],"twitter_card":"summary_large_image","twitter_misc":{"Gesch\u00e4tzte Lesezeit":"3\u00a0Minuten"},"schema":{"@context":"https:\/\/schema.org","@graph":[{"@type":"WebPage","@id":"https:\/\/hutfactory.com\/?product=haarfilzhut-velours-bogart-folly-dot-mit-klapprand","url":"https:\/\/hutfactory.com\/?product=haarfilzhut-velours-bogart-folly-dot-mit-klapprand","name":"Bogart Haarfilzhut Velours \u201eFolly Dot\u201c \u2013 3 Styles mit Klapprand","isPartOf":{"@id":"https:\/\/hutfactory.com\/#website"},"primaryImageOfPage":{"@id":"https:\/\/hutfactory.com\/?product=haarfilzhut-velours-bogart-folly-dot-mit-klapprand#primaryimage"},"image":{"@id":"https:\/\/hutfactory.com\/?product=haarfilzhut-velours-bogart-folly-dot-mit-klapprand#primaryimage"},"thumbnailUrl":"https:\/\/hutfactory.com\/wp-content\/uploads\/2026\/02\/55503472.alle_.B-gerade-kante.webp","datePublished":"2026-02-09T13:39:07+00:00","dateModified":"2026-02-11T13:02:09+00:00","description":"Bogart Haarfilzhut Velours mit Klapprand \u2013 3 Styles in einem Hut. Handgefertigt in der Schweiz von Risa. Luxuri\u00f6ser Velours, modern & zeitlos.","breadcrumb":{"@id":"https:\/\/hutfactory.com\/?product=haarfilzhut-velours-bogart-folly-dot-mit-klapprand#breadcrumb"},"inLanguage":"de","potentialAction":[{"@type":"ReadAction","target":["https:\/\/hutfactory.com\/?product=haarfilzhut-velours-bogart-folly-dot-mit-klapprand"]}]},{"@type":"ImageObject","inLanguage":"de","@id":"https:\/\/hutfactory.com\/?product=haarfilzhut-velours-bogart-folly-dot-mit-klapprand#primaryimage","url":"https:\/\/hutfactory.com\/wp-content\/uploads\/2026\/02\/55503472.alle_.B-gerade-kante.webp","contentUrl":"https:\/\/hutfactory.com\/wp-content\/uploads\/2026\/02\/55503472.alle_.B-gerade-kante.webp","width":2016,"height":1512,"caption":"Flexibler Haarfilzhut Velours \u201eFolly Dot\u201c \u2013 handgemacht in der Schweiz|Flexibler Haarfilzhut Velours \u201eFolly Dot\u201c \u2013 handgemacht in der Schweiz|Flexibler Haarfilzhut Velours \u201eFolly Dot\u201c \u2013 handgemacht in der Schweiz|Flexibler Haarfilzhut Velours \u201eFolly Dot\u201c \u2013 handgemacht in der Schweiz|Flexibler Haarfilzhut Velours \u201eFolly Dot\u201c \u2013 handgemacht in der Schweiz|Flexibler Haarfilzhut Velours \u201eFolly Dot\u201c \u2013 handgemacht in der Schweiz|Flexibler Haarfilzhut Velours \u201eFolly Dot\u201c \u2013 handgemacht in der Schweiz|Flexibler Haarfilzhut Velours \u201eFolly Dot\u201c \u2013 handgemacht in der Schweiz|Flexibler Haarfilzhut Velours \u201eFolly Dot\u201c \u2013 handgemacht in der Schweiz|Flexibler Haarfilzhut Velours \u201eFolly Dot\u201c \u2013 handgemacht in der Schweiz"},{"@type":"BreadcrumbList","@id":"https:\/\/hutfactory.com\/?product=haarfilzhut-velours-bogart-folly-dot-mit-klapprand#breadcrumb","itemListElement":[{"@type":"ListItem","position":1,"name":"Start","item":"https:\/\/hutfactory.com\/"},{"@type":"ListItem","position":2,"name":"Shop","item":"https:\/\/hutfactory.com\/?page_id=10"},{"@type":"ListItem","position":3,"name":"Haarfilzhut Velours \u201eFolly Dot\u201c mit Klapprand"}]},{"@type":"WebSite","@id":"https:\/\/hutfactory.com\/#website","url":"https:\/\/hutfactory.com\/","name":"Hut Factory","description":"H\u00fcte, Kappen &amp; M\u00fctzen in Top Swiss\/EU Qualit\u00e4t","publisher":{"@id":"https:\/\/hutfactory.com\/#organization"},"alternateName":"Hut Shop","potentialAction":[{"@type":"SearchAction","target":{"@type":"EntryPoint","urlTemplate":"https:\/\/hutfactory.com\/?s={search_term_string}"},"query-input":{"@type":"PropertyValueSpecification","valueRequired":true,"valueName":"search_term_string"}}],"inLanguage":"de"},{"@type":"Organization","@id":"https:\/\/hutfactory.com\/#organization","name":"Hut Factory","url":"https:\/\/hutfactory.com\/","logo":{"@type":"ImageObject","inLanguage":"de","@id":"https:\/\/hutfactory.com\/#\/schema\/logo\/image\/","url":"https:\/\/hutfactory.com\/wp-content\/uploads\/2026\/01\/Logo-hut-factory-1.webp","contentUrl":"https:\/\/hutfactory.com\/wp-content\/uploads\/2026\/01\/Logo-hut-factory-1.webp","width":300,"height":262,"caption":"Hut Factory"},"image":{"@id":"https:\/\/hutfactory.com\/#\/schema\/logo\/image\/"}}]}},"_links":{"self":[{"href":"https:\/\/hutfactory.com\/index.php?rest_route=\/wp\/v2\/product\/10971","targetHints":{"allow":["GET"]}}],"collection":[{"href":"https:\/\/hutfactory.com\/index.php?rest_route=\/wp\/v2\/product"}],"about":[{"href":"https:\/\/hutfactory.com\/index.php?rest_route=\/wp\/v2\/types\/product"}],"wp:featuredmedia":[{"embeddable":true,"href":"https:\/\/hutfactory.com\/index.php?rest_route=\/wp\/v2\/media\/10973"}],"wp:attachment":[{"href":"https:\/\/hutfactory.com\/index.php?rest_route=%2Fwp%2Fv2%2Fmedia&parent=10971"}],"wp:term":[{"taxonomy":"product_brand","embeddable":true,"href":"https:\/\/hutfactory.com\/index.php?rest_route=%2Fwp%2Fv2%2Fproduct_brand&post=10971"},{"taxonomy":"product_cat","embeddable":true,"href":"https:\/\/hutfactory.com\/index.php?rest_route=%2Fwp%2Fv2%2Fproduct_cat&post=10971"},{"taxonomy":"product_tag","embeddable":true,"href":"https:\/\/hutfactory.com\/index.php?rest_route=%2Fwp%2Fv2%2Fproduct_tag&post=10971"}],"curies":[{"name":"wp","href":"https:\/\/api.w.org\/{rel}","templated":true}]}}