{"id":10951,"date":"2026-02-09T13:38:18","date_gmt":"2026-02-09T13:38:18","guid":{"rendered":"https:\/\/hutfactory.com\/?product=player-haarfilz-velours-classic-lovers"},"modified":"2026-02-11T13:03:58","modified_gmt":"2026-02-11T13:03:58","slug":"player-haarfilz-velours-classic-lovers","status":"publish","type":"product","link":"https:\/\/hutfactory.com\/?product=player-haarfilz-velours-classic-lovers","title":{"rendered":"Player Haarfilz Velours &#8220;Classic Lovers&#8221;"},"content":{"rendered":"<h3 data-start=\"219\" data-end=\"290\">Eleganz im urbanen Look: Ein Hut f\u00fcr Liebhaber klassischer Formen<\/h3>\n<p data-start=\"292\" data-end=\"720\">Der Player aus Haarfilz Velours \u201eClassic Lovers\u201c vereint zeitlose Eleganz mit moderner Raffinesse. Mit seiner markanten Form und der feinen Velours-Oberfl\u00e4che aus 100% Haarfilz ist er ein Must-have f\u00fcr modebewusste Huttr\u00e4ger, die Wert auf Qualit\u00e4t und Stil legen. Die fein abgestimmten Farbkombinationen und das edle Rebsband mit Paspel setzen stilvolle Akzente und machen diesen Hut zum idealen Begleiter f\u00fcr die Herbst- und Wintersaison.<\/p>\n<p data-start=\"722\" data-end=\"913\">Jedes Exemplar wird in aufwendiger Handarbeit in der traditionsreichen Schweizer Hutmanufaktur Risa gefertigt \u2013 ein St\u00fcck authentischer Handwerkskunst, das Luxus und Nachhaltigkeit vereint.<\/p>\n<p data-start=\"920\" data-end=\"941\"><strong data-start=\"920\" data-end=\"939\">Perfekt f\u00fcr\u2026 <\/strong><\/p>\n<p data-start=\"943\" data-end=\"1297\">\u2600\ufe0f<strong>Herbst- und Wintersaison:<\/strong> Trotz seiner Filzbasis ist dieser Hut auch bei w\u00e4rmeren Wetter angenehm zu tragen \u2013 ob beim Stadtspaziergang oder im Trendcaf\u00e9.<br data-start=\"1060\" data-end=\"1063\" \/><strong data-start=\"1066\" data-end=\"1086\">Elegante Events:<\/strong> Sein zeitloser Look macht ihn zum Statement-Piece bei gehobenen Veranstaltungen.<br data-start=\"1167\" data-end=\"1170\" \/><strong data-start=\"1173\" data-end=\"1198\">Natur- &amp; Modebewusst:<\/strong> Handarbeit, nat\u00fcrliche Materialien und regionale Fertigung \u2013 ideal f\u00fcr nachhaltige Stilbewusste.<\/p>\n<div class=\"hf-accordions\">\n<hr class=\"hf-accordion-separator\" \/>\n<details class=\"hf-accordion\">\n<summary><strong>\u25b6\ufe0f Gut zu wissen \u2013 mehr erfahren<\/strong><\/summary>\n<div class=\"hf-accordion-content\">\n<h3>Wichtige Produktdetails:<\/h3>\n<ul>\n<li><strong>Materialzusammensetzung:<\/strong>\u00a0100% Haarfilz \u2013 f\u00fcr Langlebigkeit und eine formstabile Struktur<\/li>\n<li><strong>Muster:<\/strong>\u00a0Auff\u00e4llige Ziern\u00e4hte links, rechts, vorne und hinten \u2013 ein extravagantes Detail f\u00fcr einen markanten<\/li>\n<li><strong>Randbreite:<\/strong>\u00a04,5 cm \u2013 f\u00fcr den klassischen Bowler-Look<\/li>\n<li><strong>Kopfh\u00f6he:<\/strong>\u00a012,0 cm \u2013 f\u00fcr eine markante, aber dennoch traditionelle Form<\/li>\n<li><strong>Farben:\u00a0<\/strong>1. Schwarz mit Rebsband &amp; Lederkordel, 2.\u00a0Salbei mit Rebsband &amp; Lederkordel<\/li>\n<li><strong>Gr\u00f6\u00dfen:<\/strong>\u00a0Verf\u00fcgbar in den Gr\u00f6\u00dfen 54-62 \u2013 f\u00fcr eine perfekte Passform<\/li>\n<li><strong>Hutband:<\/strong>\u00a0Rebsband mit Lederkordel und einem dekorativen Qualit\u00e4tsknopf auf der Masche \u2013 sorgt f\u00fcr ein stilvolles<\/li>\n<li><strong>Schwei\u00dfband:<\/strong>\u00a0Sauber eingen\u00e4htes Textilinnenband als Schwei\u00dfband \u2013 f\u00fcr h\u00f6chsten Tragekomfort und langanhaltende<\/li>\n<li><strong>Fertigungsort:<\/strong>\u00a0Handgefertigt in der renommierten\u00a0<strong>Schweizer Hutmanufaktur Risa<\/strong>. Diese Manufaktur steht seit Jahren f\u00fcr handwerkliche Perfektion und innovative Designs.<\/li>\n<li><strong>Fertigungszeit:<\/strong>\u00a0Jeder Hut wird auf Bestellung gefertigt, sodass Exklusivit\u00e4t und Individualit\u00e4t garantiert sind. Die Herstellung dauert in der Regel\u00a0<strong>10 bis 15 Arbeitstage nach Zahlungseingang<\/strong>.<\/li>\n<li><strong>Versand:<\/strong>\u00a0Nach Fertigstellung des Hutes wird dieser direkt ab Lager Schweiz versendet, sodass Sie Ihren Hut schnell und zuverl\u00e4ssig erhalten.<\/li>\n<li><strong>Garantie:<\/strong>\u00a0Umtausch ist nur bei Material- oder Herstellungsfehlern m\u00f6glich, da es sich um eine ma\u00dfgefertigte Sonderanfertigung handelt.<\/li>\n<li><strong>Verf\u00fcgbarkeit:<\/strong>\u00a0Da die H\u00fcte in limitierter Auflage produziert werden, empfehlen wir eine fr\u00fchzeitige Bestellung, um sich Ihr exklusives Modell zu sichern. Sollte das Rohmaterial ausverkauft sein, kann es zu Verz\u00f6gerungen kommen.<\/li>\n<\/ul>\n<\/div>\n<\/details>\n<details class=\"hf-accordion\">\n<summary><strong>\u25b6\ufe0f FAQ \u2013 H\u00e4ufige Fragen<\/strong><\/summary>\n<div class=\"hf-accordion-content\">\n<h3>H\u00e4ufige Fragen und Antworten (FAQ)<\/h3>\n<p><strong>1. Wie pflege ich meinen Bowler Rugged \u201csewn and burned\u201d richtig?<\/strong><br \/>\nEs wird empfohlen, den Hut regelm\u00e4\u00dfig mit einer weichen B\u00fcrste zu reinigen. Bei tiefer gehendem Schmutz sollte eine professionelle Hutreinigung in Anspruch genommen werden.<\/p>\n<p><strong>2. In welchen Gr\u00f6\u00dfen ist der Hut erh\u00e4ltlich?<\/strong><br \/>\nDer Bowler Rugged ist in den Gr\u00f6\u00dfen 54 bis 62 verf\u00fcgbar und bietet somit f\u00fcr jeden Tr\u00e4ger die perfekte Passform.<\/p>\n<p><strong>3. Kann ich den Hut umtauschen, wenn er mir nicht passt?<\/strong><br \/>\nDa der Hut auf Bestellung gefertigt wird, ist ein Umtausch nur bei Material- oder Herstellungsfehlern m\u00f6glich. Bitte beachten Sie dies bei Ihrer Bestellung.<\/p>\n<p><strong>4. Wo wird der Hut hergestellt?<\/strong><br \/>\nDer Bowler Rugged wird in der Schweizer Hutmanufaktur Risa, einem traditionsreichen Handwerksbetrieb, gefertigt.<\/p>\n<p><strong>5. Wie lange dauert der Versand?<\/strong><br \/>\nNachdem der Hut gefertigt wurde, erfolgt der Versand innerhalb weniger Tage ab Lager Schweiz. Je nach Zielort kann die Lieferung variieren.<\/p>\n<\/div>\n<\/details>\n<\/div>\n","protected":false},"excerpt":{"rendered":"<h3 data-start=\"69\" data-end=\"116\">Stilvoller Klassiker f\u00fcr jede Gelegenheit<\/h3>\n<p data-start=\"118\" data-end=\"491\">Der Player Hut vereint zeitlose Eleganz mit moderner Leichtigkeit. Aus 100% Haarfilz Velours gefertigt, \u00fcberzeugt er durch feine Haptik, pr\u00e4zise Handarbeit und exklusive Details wie das edle Rebsband mit Paspel und dem ikonischen \u201eRisa seit 1919\u201c-Knopf. Ein vielseitiger Begleiter mit Komfort und leichtem Schutz f\u00fcr Gesicht und Nacken \u2013 handgefertigt in der Schweiz.<\/p>\n","protected":false},"featured_media":10953,"template":"","meta":{"_acf_changed":false,"rs_blank_template":"","rs_page_bg_color":"","slide_template_v7":""},"product_brand":[250],"product_cat":[360,253],"product_tag":[],"class_list":{"0":"post-10951","1":"product","2":"type-product","3":"status-publish","4":"has-post-thumbnail","6":"product_brand-risa-hutwerkstatt-schweiz","7":"product_cat-player-winterhuete","8":"product_cat-winterhuete","9":"product_shipping_class-mittlere-pakete","10":"pa_color-elfenbein","11":"pa_color-gans","12":"pa_color-moos","13":"pa_groesse-206","14":"pa_groesse-196","15":"pa_groesse-207","16":"pa_groesse-197","17":"pa_groesse-208","18":"pa_groesse-198","19":"pa_groesse-209","20":"pa_groesse-199","21":"pa_groesse-210","22":"yith_product_brand-risa-hutwerkstatt-schweiz","25":"instock","26":"taxable","27":"shipping-taxable","28":"purchasable","29":"product-type-variable","30":"wvs-archive-product-wrapper","31":"add-to-wishlist-after_add_to_cart"},"acf":[],"yoast_head":"<!-- This site is optimized with the Yoast SEO Premium plugin v27.3 (Yoast SEO v27.3) - https:\/\/yoast.com\/product\/yoast-seo-premium-wordpress\/ -->\n<title>Player Haarfilzhut Velours \u2013 Handarbeit aus der Schweiz<\/title>\n<meta name=\"description\" content=\"Player Haarfilzhut Velours. Handgefertigt in der Schweiz von Risa. Klassisches Design, edle Details, nachhaltige Premiumqualit\u00e4t.\" \/>\n<meta name=\"robots\" content=\"index, follow, max-snippet:-1, max-image-preview:large, max-video-preview:-1\" \/>\n<link rel=\"canonical\" href=\"https:\/\/hutfactory.com\/?product=player-haarfilz-velours-classic-lovers\" \/>\n<meta property=\"og:locale\" content=\"de_DE\" \/>\n<meta property=\"og:type\" content=\"article\" \/>\n<meta property=\"og:title\" content=\"Player Haarfilz Velours &quot;Classic Lovers&quot;\" \/>\n<meta property=\"og:description\" content=\"Player Haarfilzhut Velours. Handgefertigt in der Schweiz von Risa. Klassisches Design, edle Details, nachhaltige Premiumqualit\u00e4t.\" \/>\n<meta property=\"og:url\" content=\"https:\/\/hutfactory.com\/?product=player-haarfilz-velours-classic-lovers\" \/>\n<meta property=\"og:site_name\" content=\"Hut Factory\" \/>\n<meta property=\"article:modified_time\" content=\"2026-02-11T13:03:58+00:00\" \/>\n<meta property=\"og:image\" content=\"https:\/\/hutfactory.com\/wp-content\/uploads\/2026\/02\/555006420.webp\" \/>\n\t<meta property=\"og:image:width\" content=\"2016\" \/>\n\t<meta property=\"og:image:height\" content=\"1512\" \/>\n\t<meta property=\"og:image:type\" content=\"image\/webp\" \/>\n<meta name=\"twitter:card\" content=\"summary_large_image\" \/>\n<meta name=\"twitter:label1\" content=\"Gesch\u00e4tzte Lesezeit\" \/>\n\t<meta name=\"twitter:data1\" content=\"4\u00a0Minuten\" \/>\n<script type=\"application\/ld+json\" class=\"yoast-schema-graph\">{\"@context\":\"https:\\\/\\\/schema.org\",\"@graph\":[{\"@type\":\"WebPage\",\"@id\":\"https:\\\/\\\/hutfactory.com\\\/?product=player-haarfilz-velours-classic-lovers\",\"url\":\"https:\\\/\\\/hutfactory.com\\\/?product=player-haarfilz-velours-classic-lovers\",\"name\":\"Player Haarfilzhut Velours \u2013 Handarbeit aus der Schweiz\",\"isPartOf\":{\"@id\":\"https:\\\/\\\/hutfactory.com\\\/#website\"},\"primaryImageOfPage\":{\"@id\":\"https:\\\/\\\/hutfactory.com\\\/?product=player-haarfilz-velours-classic-lovers#primaryimage\"},\"image\":{\"@id\":\"https:\\\/\\\/hutfactory.com\\\/?product=player-haarfilz-velours-classic-lovers#primaryimage\"},\"thumbnailUrl\":\"https:\\\/\\\/hutfactory.com\\\/wp-content\\\/uploads\\\/2026\\\/02\\\/555006420.webp\",\"datePublished\":\"2026-02-09T13:38:18+00:00\",\"dateModified\":\"2026-02-11T13:03:58+00:00\",\"description\":\"Player Haarfilzhut Velours. Handgefertigt in der Schweiz von Risa. Klassisches Design, edle Details, nachhaltige Premiumqualit\u00e4t.\",\"breadcrumb\":{\"@id\":\"https:\\\/\\\/hutfactory.com\\\/?product=player-haarfilz-velours-classic-lovers#breadcrumb\"},\"inLanguage\":\"de\",\"potentialAction\":[{\"@type\":\"ReadAction\",\"target\":[\"https:\\\/\\\/hutfactory.com\\\/?product=player-haarfilz-velours-classic-lovers\"]}]},{\"@type\":\"ImageObject\",\"inLanguage\":\"de\",\"@id\":\"https:\\\/\\\/hutfactory.com\\\/?product=player-haarfilz-velours-classic-lovers#primaryimage\",\"url\":\"https:\\\/\\\/hutfactory.com\\\/wp-content\\\/uploads\\\/2026\\\/02\\\/555006420.webp\",\"contentUrl\":\"https:\\\/\\\/hutfactory.com\\\/wp-content\\\/uploads\\\/2026\\\/02\\\/555006420.webp\",\"width\":2016,\"height\":1512,\"caption\":\"Eleganter Player Hut aus Haarfilz Velours \u2013 Schweizer Handarbeit|Eleganter Player Hut aus Haarfilz Velours \u2013 Schweizer Handarbeit|Eleganter Player Hut aus Haarfilz Velours \u2013 Schweizer Handarbeit|Eleganter Player Hut aus Haarfilz Velours \u2013 Schweizer Handarbeit|||\"},{\"@type\":\"BreadcrumbList\",\"@id\":\"https:\\\/\\\/hutfactory.com\\\/?product=player-haarfilz-velours-classic-lovers#breadcrumb\",\"itemListElement\":[{\"@type\":\"ListItem\",\"position\":1,\"name\":\"Start\",\"item\":\"https:\\\/\\\/hutfactory.com\\\/\"},{\"@type\":\"ListItem\",\"position\":2,\"name\":\"Shop\",\"item\":\"https:\\\/\\\/hutfactory.com\\\/?page_id=10\"},{\"@type\":\"ListItem\",\"position\":3,\"name\":\"Player Haarfilz Velours &#8220;Classic Lovers&#8221;\"}]},{\"@type\":\"WebSite\",\"@id\":\"https:\\\/\\\/hutfactory.com\\\/#website\",\"url\":\"https:\\\/\\\/hutfactory.com\\\/\",\"name\":\"Hut Factory\",\"description\":\"H\u00fcte, Kappen &amp; M\u00fctzen in Top Swiss\\\/EU Qualit\u00e4t\",\"publisher\":{\"@id\":\"https:\\\/\\\/hutfactory.com\\\/#organization\"},\"alternateName\":\"Hut Shop\",\"potentialAction\":[{\"@type\":\"SearchAction\",\"target\":{\"@type\":\"EntryPoint\",\"urlTemplate\":\"https:\\\/\\\/hutfactory.com\\\/?s={search_term_string}\"},\"query-input\":{\"@type\":\"PropertyValueSpecification\",\"valueRequired\":true,\"valueName\":\"search_term_string\"}}],\"inLanguage\":\"de\"},{\"@type\":\"Organization\",\"@id\":\"https:\\\/\\\/hutfactory.com\\\/#organization\",\"name\":\"Hut Factory\",\"url\":\"https:\\\/\\\/hutfactory.com\\\/\",\"logo\":{\"@type\":\"ImageObject\",\"inLanguage\":\"de\",\"@id\":\"https:\\\/\\\/hutfactory.com\\\/#\\\/schema\\\/logo\\\/image\\\/\",\"url\":\"https:\\\/\\\/hutfactory.com\\\/wp-content\\\/uploads\\\/2026\\\/01\\\/Logo-hut-factory-1.webp\",\"contentUrl\":\"https:\\\/\\\/hutfactory.com\\\/wp-content\\\/uploads\\\/2026\\\/01\\\/Logo-hut-factory-1.webp\",\"width\":300,\"height\":262,\"caption\":\"Hut Factory\"},\"image\":{\"@id\":\"https:\\\/\\\/hutfactory.com\\\/#\\\/schema\\\/logo\\\/image\\\/\"}}]}<\/script>\n<!-- \/ Yoast SEO Premium plugin. -->","yoast_head_json":{"title":"Player Haarfilzhut Velours \u2013 Handarbeit aus der Schweiz","description":"Player Haarfilzhut Velours. Handgefertigt in der Schweiz von Risa. Klassisches Design, edle Details, nachhaltige Premiumqualit\u00e4t.","robots":{"index":"index","follow":"follow","max-snippet":"max-snippet:-1","max-image-preview":"max-image-preview:large","max-video-preview":"max-video-preview:-1"},"canonical":"https:\/\/hutfactory.com\/?product=player-haarfilz-velours-classic-lovers","og_locale":"de_DE","og_type":"article","og_title":"Player Haarfilz Velours \"Classic Lovers\"","og_description":"Player Haarfilzhut Velours. Handgefertigt in der Schweiz von Risa. Klassisches Design, edle Details, nachhaltige Premiumqualit\u00e4t.","og_url":"https:\/\/hutfactory.com\/?product=player-haarfilz-velours-classic-lovers","og_site_name":"Hut Factory","article_modified_time":"2026-02-11T13:03:58+00:00","og_image":[{"width":2016,"height":1512,"url":"https:\/\/hutfactory.com\/wp-content\/uploads\/2026\/02\/555006420.webp","type":"image\/webp"}],"twitter_card":"summary_large_image","twitter_misc":{"Gesch\u00e4tzte Lesezeit":"4\u00a0Minuten"},"schema":{"@context":"https:\/\/schema.org","@graph":[{"@type":"WebPage","@id":"https:\/\/hutfactory.com\/?product=player-haarfilz-velours-classic-lovers","url":"https:\/\/hutfactory.com\/?product=player-haarfilz-velours-classic-lovers","name":"Player Haarfilzhut Velours \u2013 Handarbeit aus der Schweiz","isPartOf":{"@id":"https:\/\/hutfactory.com\/#website"},"primaryImageOfPage":{"@id":"https:\/\/hutfactory.com\/?product=player-haarfilz-velours-classic-lovers#primaryimage"},"image":{"@id":"https:\/\/hutfactory.com\/?product=player-haarfilz-velours-classic-lovers#primaryimage"},"thumbnailUrl":"https:\/\/hutfactory.com\/wp-content\/uploads\/2026\/02\/555006420.webp","datePublished":"2026-02-09T13:38:18+00:00","dateModified":"2026-02-11T13:03:58+00:00","description":"Player Haarfilzhut Velours. Handgefertigt in der Schweiz von Risa. Klassisches Design, edle Details, nachhaltige Premiumqualit\u00e4t.","breadcrumb":{"@id":"https:\/\/hutfactory.com\/?product=player-haarfilz-velours-classic-lovers#breadcrumb"},"inLanguage":"de","potentialAction":[{"@type":"ReadAction","target":["https:\/\/hutfactory.com\/?product=player-haarfilz-velours-classic-lovers"]}]},{"@type":"ImageObject","inLanguage":"de","@id":"https:\/\/hutfactory.com\/?product=player-haarfilz-velours-classic-lovers#primaryimage","url":"https:\/\/hutfactory.com\/wp-content\/uploads\/2026\/02\/555006420.webp","contentUrl":"https:\/\/hutfactory.com\/wp-content\/uploads\/2026\/02\/555006420.webp","width":2016,"height":1512,"caption":"Eleganter Player Hut aus Haarfilz Velours \u2013 Schweizer Handarbeit|Eleganter Player Hut aus Haarfilz Velours \u2013 Schweizer Handarbeit|Eleganter Player Hut aus Haarfilz Velours \u2013 Schweizer Handarbeit|Eleganter Player Hut aus Haarfilz Velours \u2013 Schweizer Handarbeit|||"},{"@type":"BreadcrumbList","@id":"https:\/\/hutfactory.com\/?product=player-haarfilz-velours-classic-lovers#breadcrumb","itemListElement":[{"@type":"ListItem","position":1,"name":"Start","item":"https:\/\/hutfactory.com\/"},{"@type":"ListItem","position":2,"name":"Shop","item":"https:\/\/hutfactory.com\/?page_id=10"},{"@type":"ListItem","position":3,"name":"Player Haarfilz Velours &#8220;Classic Lovers&#8221;"}]},{"@type":"WebSite","@id":"https:\/\/hutfactory.com\/#website","url":"https:\/\/hutfactory.com\/","name":"Hut Factory","description":"H\u00fcte, Kappen &amp; M\u00fctzen in Top Swiss\/EU Qualit\u00e4t","publisher":{"@id":"https:\/\/hutfactory.com\/#organization"},"alternateName":"Hut Shop","potentialAction":[{"@type":"SearchAction","target":{"@type":"EntryPoint","urlTemplate":"https:\/\/hutfactory.com\/?s={search_term_string}"},"query-input":{"@type":"PropertyValueSpecification","valueRequired":true,"valueName":"search_term_string"}}],"inLanguage":"de"},{"@type":"Organization","@id":"https:\/\/hutfactory.com\/#organization","name":"Hut Factory","url":"https:\/\/hutfactory.com\/","logo":{"@type":"ImageObject","inLanguage":"de","@id":"https:\/\/hutfactory.com\/#\/schema\/logo\/image\/","url":"https:\/\/hutfactory.com\/wp-content\/uploads\/2026\/01\/Logo-hut-factory-1.webp","contentUrl":"https:\/\/hutfactory.com\/wp-content\/uploads\/2026\/01\/Logo-hut-factory-1.webp","width":300,"height":262,"caption":"Hut Factory"},"image":{"@id":"https:\/\/hutfactory.com\/#\/schema\/logo\/image\/"}}]}},"_links":{"self":[{"href":"https:\/\/hutfactory.com\/index.php?rest_route=\/wp\/v2\/product\/10951","targetHints":{"allow":["GET"]}}],"collection":[{"href":"https:\/\/hutfactory.com\/index.php?rest_route=\/wp\/v2\/product"}],"about":[{"href":"https:\/\/hutfactory.com\/index.php?rest_route=\/wp\/v2\/types\/product"}],"wp:featuredmedia":[{"embeddable":true,"href":"https:\/\/hutfactory.com\/index.php?rest_route=\/wp\/v2\/media\/10953"}],"wp:attachment":[{"href":"https:\/\/hutfactory.com\/index.php?rest_route=%2Fwp%2Fv2%2Fmedia&parent=10951"}],"wp:term":[{"taxonomy":"product_brand","embeddable":true,"href":"https:\/\/hutfactory.com\/index.php?rest_route=%2Fwp%2Fv2%2Fproduct_brand&post=10951"},{"taxonomy":"product_cat","embeddable":true,"href":"https:\/\/hutfactory.com\/index.php?rest_route=%2Fwp%2Fv2%2Fproduct_cat&post=10951"},{"taxonomy":"product_tag","embeddable":true,"href":"https:\/\/hutfactory.com\/index.php?rest_route=%2Fwp%2Fv2%2Fproduct_tag&post=10951"}],"curies":[{"name":"wp","href":"https:\/\/api.w.org\/{rel}","templated":true}]}}