{"id":10870,"date":"2026-02-09T13:37:15","date_gmt":"2026-02-09T13:37:15","guid":{"rendered":"https:\/\/hutfactory.com\/?product=fedora-traveler-stichelhaar"},"modified":"2026-02-10T12:11:19","modified_gmt":"2026-02-10T12:11:19","slug":"fedora-traveler-stichelhaar","status":"publish","type":"product","link":"https:\/\/hutfactory.com\/?product=fedora-traveler-stichelhaar","title":{"rendered":"Fedora Traveler Stichelhaar"},"content":{"rendered":"<div class=\"wpb-content-wrapper\"><p>[vc_row][vc_column][vc_column_text css=&#8221;&#8221;]<\/p>\n<h3 data-start=\"155\" data-end=\"196\"><strong>Ausdrucksstarke Eleganz f\u00fcr Kenner<\/strong><\/h3>\n<p data-start=\"197\" data-end=\"478\">Der <strong data-start=\"201\" data-end=\"244\">Fedora Traveler Haarfilzhut Stichelhaar<\/strong> ist ein Meisterst\u00fcck traditioneller Hutmacherkunst. Sein tiefschwarzer Haarfilz mit edler Stichelhaar-Optik verleiht ihm eine markante, leicht strukturierte Oberfl\u00e4che und macht ihn zum besonderen Blickfang f\u00fcr stilbewusste Tr\u00e4ger.<\/p>\n<p data-start=\"480\" data-end=\"781\">Gefertigt aus <strong data-start=\"494\" data-end=\"524\">100% hochwertigem Haarfilz<\/strong>, \u00fcberzeugt dieser Fedora durch Robustheit, Langlebigkeit und seinen luxuri\u00f6sen Charakter. Die klassische Form mit geschwungener Krempe, vorne und hinten leicht nach unten gezogen, strahlt zeitlose Eleganz aus und l\u00e4sst sich vielseitig kombinieren \u2013 von urbanen Outfits bis hin zu gehobenen Anl\u00e4ssen.<\/p>\n<p data-start=\"783\" data-end=\"981\">Als Garnitur rundet ein <strong data-start=\"807\" data-end=\"844\">geflechtetes Hutband mit Traverse<\/strong> das Modell ab und unterstreicht den handwerklichen Charakter. Das <strong data-start=\"911\" data-end=\"945\">eingearbeitete Textilinnenband<\/strong> sorgt f\u00fcr optimalen Tragekomfort.<\/p>\n<p data-start=\"983\" data-end=\"1163\">Produziert wird dieser Hut in einem italienischen Atelier im Auftrag der <strong data-start=\"1056\" data-end=\"1088\">Schweizer Hutmanufaktur Risa<\/strong>, die seit 1919 f\u00fcr exzellente Handwerkskunst und h\u00f6chste Qualit\u00e4t steht.<\/p>\n<h3 data-start=\"1170\" data-end=\"1191\">Perfekt f\u00fcr\u2026<\/h3>\n<p data-start=\"1193\" data-end=\"1297\">\u2600\ufe0f <strong data-start=\"1196\" data-end=\"1217\">T\u00e4gliche Eleganz:<\/strong> Ein markanter Begleiter f\u00fcr den Alltag, der jedem Outfit Raffinesse verleiht.<\/p>\n<p data-start=\"1299\" data-end=\"1396\"><strong data-start=\"1302\" data-end=\"1324\">Besondere Anl\u00e4sse:<\/strong> Ein stilvoller Hut f\u00fcr festliche Abende und gehobene Veranstaltungen.<\/p>\n<p data-start=\"1398\" data-end=\"1509\"><strong data-start=\"1401\" data-end=\"1438\">Liebhaber traditioneller Hutmode:<\/strong> F\u00fcr alle, die Wert auf Handarbeit, Authentizit\u00e4t und Qualit\u00e4t legen.<\/p>\n<div class=\"hf-accordions\">\n<hr class=\"hf-accordion-separator\" \/>\n<details class=\"hf-accordion\">\n<summary><strong>\u25b6\ufe0f Gut zu wissen \u2013 mehr erfahren<\/strong><\/summary>\n<div class=\"hf-accordion-content\">\n<h3>Wichtige Produktdetails:<\/h3>\n<ul>\n<li><strong>Materialzusammensetzung:<\/strong>\u00a0100% Haarfilz \u2013 f\u00fcr Langlebigkeit und eine formstabile Struktur<\/li>\n<li><strong>Muster:<\/strong> Stichelhaar \u2013 ein extravagantes Detail f\u00fcr einen markanten<\/li>\n<li><strong>Farbe: <\/strong>Schwarz mit Rebsband &amp; Lederkordel<\/li>\n<li><strong>Gr\u00f6\u00dfe:<\/strong>\u00a0Verf\u00fcgbar in den Gr\u00f6\u00dfen 54-62 \u2013 f\u00fcr eine perfekte Passform<\/li>\n<li><strong>Hutband:<\/strong> Hutband geflochtene Lederkordel \u2013 sorgt f\u00fcr ein stilvolles<\/li>\n<li><strong>Schwei\u00dfband:<\/strong>\u00a0Sauber eingen\u00e4htes Textilinnenband als Schwei\u00dfband \u2013 f\u00fcr h\u00f6chsten Tragekomfort und langanhaltende<\/li>\n<li><strong>Marke:<\/strong> Handgefertigtes Qualit\u00e4tsprodukt der renommierten <strong>Schweizer Hutmanufaktur Risa<\/strong>. Diese Manufaktur steht seit Jahren f\u00fcr handwerkliche Perfektion und innovative Designs.<\/li>\n<li><strong>Versand:<\/strong> Der Hut wird ab Lager Schweiz versendet, sodass Sie Ihren Hut schnell und zuverl\u00e4ssig erhalten.<\/li>\n<li><strong>Garantie:<\/strong> Umtausch ist nur bei Material- oder Herstellungsfehlern m\u00f6glich.<\/li>\n<li><strong>Verf\u00fcgbarkeit:<\/strong> Da die H\u00fcte in limitierter Auflage produziert werden, empfehlen wir eine fr\u00fchzeitige Bestellung, um sich Ihr exklusives Modell zu sichern.<\/li>\n<\/ul>\n<\/div>\n<\/details>\n<details class=\"hf-accordion\">\n<summary><strong>\u25b6\ufe0f FAQ \u2013 H\u00e4ufige Fragen<\/strong><\/summary>\n<div class=\"hf-accordion-content\">\n<h3>H\u00e4ufige Fragen und Antworten (FAQ)<\/h3>\n<p><strong>1. Wie pflege ich meinen Traveler Hut richtig?<\/strong><br \/>\nEs wird empfohlen, den Filzhut regelm\u00e4\u00dfig mit einer weichen B\u00fcrste zu reinigen. Bei tiefer gehendem Schmutz sollte eine professionelle Hutreinigung in Anspruch genommen werden.<\/p>\n<p><strong>2. In welchen Gr\u00f6\u00dfen ist der Hut erh\u00e4ltlich?<\/strong><br \/>\nDer Filzhut ist in den Gr\u00f6\u00dfen 54 bis 62 verf\u00fcgbar und bietet somit f\u00fcr jeden Tr\u00e4ger die perfekte Passform.<\/p>\n<p><strong>3. Kann ich den Hut umtauschen, wenn er mir nicht passt?<\/strong><br \/>\nDa der Filzhut auf Bestellung gefertigt wird, ist ein Umtausch nur bei Material- oder Herstellungsfehlern m\u00f6glich. Bitte beachten Sie dies bei Ihrer Bestellung.<\/p>\n<p><strong>4. Wo wird der Hut hergestellt?<\/strong><br \/>\nDer Filzhut wird von der Schweizer Hutmanufaktur Risa Schweiz in einem traditionsreichen Handwerksbetrieb in Italien gefertigt.<\/p>\n<p><strong>5. Wie lange dauert der Versand?<\/strong><br \/>\nDer Versand innerhalb weniger Tage ab Lager Schweiz. Je nach Zielort kann die Lieferung variieren.<\/p>\n<\/div>\n<\/details>\n<\/div>\n<p>[\/vc_column_text][\/vc_column][\/vc_row]<\/p>\n<\/div>","protected":false},"excerpt":{"rendered":"<h4 data-start=\"4603\" data-end=\"4635\">Charakterstark &amp; exklusiv<\/h4>\n<p data-start=\"4636\" data-end=\"4923\">Der Fedora Traveler Haarfilzhut aus Stichelhaar verbindet ausdrucksstarke Eleganz mit traditioneller Handwerkskunst. Ein schwarzer Traveler, gefertigt aus feinstem Haarfilz, der jedem Auftritt eine stilvolle Note verleiht. Handarbeit f\u00fcr Kenner \u2013 mit sofortiger Lieferung aus der Schweiz.<\/p>\n","protected":false},"featured_media":10872,"template":"","meta":{"_acf_changed":false,"rs_blank_template":"","rs_page_bg_color":"","slide_template_v7":""},"product_brand":[250],"product_cat":[274,253],"product_tag":[],"class_list":{"0":"post-10870","1":"product","2":"type-product","3":"status-publish","4":"has-post-thumbnail","6":"product_brand-risa-hutwerkstatt-schweiz","7":"product_cat-traveler-winterhuete","8":"product_cat-winterhuete","9":"product_shipping_class-mittlere-pakete","10":"pa_color-schwarz","11":"pa_groesse-206","12":"pa_groesse-196","13":"pa_groesse-207","14":"pa_groesse-197","15":"pa_groesse-208","16":"pa_groesse-198","17":"pa_groesse-209","18":"pa_groesse-199","19":"pa_groesse-210","20":"yith_product_brand-risa-hutwerkstatt-schweiz","23":"instock","24":"taxable","25":"shipping-taxable","26":"purchasable","27":"product-type-variable","28":"wvs-archive-product-wrapper","29":"add-to-wishlist-after_add_to_cart"},"acf":[],"yoast_head":"<!-- This site is optimized with the Yoast SEO Premium plugin v27.3 (Yoast SEO v27.3) - https:\/\/yoast.com\/product\/yoast-seo-premium-wordpress\/ -->\n<title>Fedora Traveler Stichelhaar \u2013 Schwarzer Haarfilzhut Handarbeit<\/title>\n<meta name=\"description\" content=\"Exklusiver Fedora Traveler Stichelhaar aus 100% Haarfilz. Handgefertigt in Italien im Auftrag der Hutmanufaktur Risa. Sofort ab Lager Schweiz lieferbar.\" \/>\n<meta name=\"robots\" content=\"index, follow, max-snippet:-1, max-image-preview:large, max-video-preview:-1\" \/>\n<link rel=\"canonical\" href=\"https:\/\/hutfactory.com\/?product=fedora-traveler-stichelhaar\" \/>\n<meta property=\"og:locale\" content=\"de_DE\" \/>\n<meta property=\"og:type\" content=\"article\" \/>\n<meta property=\"og:title\" content=\"Fedora Traveler Stichelhaar\" \/>\n<meta property=\"og:description\" content=\"Exklusiver Fedora Traveler Stichelhaar aus 100% Haarfilz. Handgefertigt in Italien im Auftrag der Hutmanufaktur Risa. Sofort ab Lager Schweiz lieferbar.\" \/>\n<meta property=\"og:url\" content=\"https:\/\/hutfactory.com\/?product=fedora-traveler-stichelhaar\" \/>\n<meta property=\"og:site_name\" content=\"Hut Factory\" \/>\n<meta property=\"article:modified_time\" content=\"2026-02-10T12:11:19+00:00\" \/>\n<meta property=\"og:image\" content=\"https:\/\/hutfactory.com\/wp-content\/uploads\/2026\/02\/00917.webp\" \/>\n\t<meta property=\"og:image:width\" content=\"2016\" \/>\n\t<meta property=\"og:image:height\" content=\"1512\" \/>\n\t<meta property=\"og:image:type\" content=\"image\/webp\" \/>\n<meta name=\"twitter:card\" content=\"summary_large_image\" \/>\n<meta name=\"twitter:label1\" content=\"Gesch\u00e4tzte Lesezeit\" \/>\n\t<meta name=\"twitter:data1\" content=\"3\u00a0Minuten\" \/>\n<script type=\"application\/ld+json\" class=\"yoast-schema-graph\">{\"@context\":\"https:\\\/\\\/schema.org\",\"@graph\":[{\"@type\":\"WebPage\",\"@id\":\"https:\\\/\\\/hutfactory.com\\\/?product=fedora-traveler-stichelhaar\",\"url\":\"https:\\\/\\\/hutfactory.com\\\/?product=fedora-traveler-stichelhaar\",\"name\":\"Fedora Traveler Stichelhaar \u2013 Schwarzer Haarfilzhut Handarbeit\",\"isPartOf\":{\"@id\":\"https:\\\/\\\/hutfactory.com\\\/#website\"},\"primaryImageOfPage\":{\"@id\":\"https:\\\/\\\/hutfactory.com\\\/?product=fedora-traveler-stichelhaar#primaryimage\"},\"image\":{\"@id\":\"https:\\\/\\\/hutfactory.com\\\/?product=fedora-traveler-stichelhaar#primaryimage\"},\"thumbnailUrl\":\"https:\\\/\\\/hutfactory.com\\\/wp-content\\\/uploads\\\/2026\\\/02\\\/00917.webp\",\"datePublished\":\"2026-02-09T13:37:15+00:00\",\"dateModified\":\"2026-02-10T12:11:19+00:00\",\"description\":\"Exklusiver Fedora Traveler Stichelhaar aus 100% Haarfilz. Handgefertigt in Italien im Auftrag der Hutmanufaktur Risa. Sofort ab Lager Schweiz lieferbar.\",\"breadcrumb\":{\"@id\":\"https:\\\/\\\/hutfactory.com\\\/?product=fedora-traveler-stichelhaar#breadcrumb\"},\"inLanguage\":\"de\",\"potentialAction\":[{\"@type\":\"ReadAction\",\"target\":[\"https:\\\/\\\/hutfactory.com\\\/?product=fedora-traveler-stichelhaar\"]}]},{\"@type\":\"ImageObject\",\"inLanguage\":\"de\",\"@id\":\"https:\\\/\\\/hutfactory.com\\\/?product=fedora-traveler-stichelhaar#primaryimage\",\"url\":\"https:\\\/\\\/hutfactory.com\\\/wp-content\\\/uploads\\\/2026\\\/02\\\/00917.webp\",\"contentUrl\":\"https:\\\/\\\/hutfactory.com\\\/wp-content\\\/uploads\\\/2026\\\/02\\\/00917.webp\",\"width\":2016,\"height\":1512,\"caption\":\"Fedora Traveler aus 100% Haarfilz mit geflochtenem Hutband\"},{\"@type\":\"BreadcrumbList\",\"@id\":\"https:\\\/\\\/hutfactory.com\\\/?product=fedora-traveler-stichelhaar#breadcrumb\",\"itemListElement\":[{\"@type\":\"ListItem\",\"position\":1,\"name\":\"Start\",\"item\":\"https:\\\/\\\/hutfactory.com\\\/\"},{\"@type\":\"ListItem\",\"position\":2,\"name\":\"Shop\",\"item\":\"https:\\\/\\\/hutfactory.com\\\/?page_id=10\"},{\"@type\":\"ListItem\",\"position\":3,\"name\":\"Fedora Traveler Stichelhaar\"}]},{\"@type\":\"WebSite\",\"@id\":\"https:\\\/\\\/hutfactory.com\\\/#website\",\"url\":\"https:\\\/\\\/hutfactory.com\\\/\",\"name\":\"Hut Factory\",\"description\":\"H\u00fcte, Kappen &amp; M\u00fctzen in Top Swiss\\\/EU Qualit\u00e4t\",\"publisher\":{\"@id\":\"https:\\\/\\\/hutfactory.com\\\/#organization\"},\"alternateName\":\"Hut Shop\",\"potentialAction\":[{\"@type\":\"SearchAction\",\"target\":{\"@type\":\"EntryPoint\",\"urlTemplate\":\"https:\\\/\\\/hutfactory.com\\\/?s={search_term_string}\"},\"query-input\":{\"@type\":\"PropertyValueSpecification\",\"valueRequired\":true,\"valueName\":\"search_term_string\"}}],\"inLanguage\":\"de\"},{\"@type\":\"Organization\",\"@id\":\"https:\\\/\\\/hutfactory.com\\\/#organization\",\"name\":\"Hut Factory\",\"url\":\"https:\\\/\\\/hutfactory.com\\\/\",\"logo\":{\"@type\":\"ImageObject\",\"inLanguage\":\"de\",\"@id\":\"https:\\\/\\\/hutfactory.com\\\/#\\\/schema\\\/logo\\\/image\\\/\",\"url\":\"https:\\\/\\\/hutfactory.com\\\/wp-content\\\/uploads\\\/2026\\\/01\\\/Logo-hut-factory-1.webp\",\"contentUrl\":\"https:\\\/\\\/hutfactory.com\\\/wp-content\\\/uploads\\\/2026\\\/01\\\/Logo-hut-factory-1.webp\",\"width\":300,\"height\":262,\"caption\":\"Hut Factory\"},\"image\":{\"@id\":\"https:\\\/\\\/hutfactory.com\\\/#\\\/schema\\\/logo\\\/image\\\/\"}}]}<\/script>\n<!-- \/ Yoast SEO Premium plugin. -->","yoast_head_json":{"title":"Fedora Traveler Stichelhaar \u2013 Schwarzer Haarfilzhut Handarbeit","description":"Exklusiver Fedora Traveler Stichelhaar aus 100% Haarfilz. Handgefertigt in Italien im Auftrag der Hutmanufaktur Risa. Sofort ab Lager Schweiz lieferbar.","robots":{"index":"index","follow":"follow","max-snippet":"max-snippet:-1","max-image-preview":"max-image-preview:large","max-video-preview":"max-video-preview:-1"},"canonical":"https:\/\/hutfactory.com\/?product=fedora-traveler-stichelhaar","og_locale":"de_DE","og_type":"article","og_title":"Fedora Traveler Stichelhaar","og_description":"Exklusiver Fedora Traveler Stichelhaar aus 100% Haarfilz. Handgefertigt in Italien im Auftrag der Hutmanufaktur Risa. Sofort ab Lager Schweiz lieferbar.","og_url":"https:\/\/hutfactory.com\/?product=fedora-traveler-stichelhaar","og_site_name":"Hut Factory","article_modified_time":"2026-02-10T12:11:19+00:00","og_image":[{"width":2016,"height":1512,"url":"https:\/\/hutfactory.com\/wp-content\/uploads\/2026\/02\/00917.webp","type":"image\/webp"}],"twitter_card":"summary_large_image","twitter_misc":{"Gesch\u00e4tzte Lesezeit":"3\u00a0Minuten"},"schema":{"@context":"https:\/\/schema.org","@graph":[{"@type":"WebPage","@id":"https:\/\/hutfactory.com\/?product=fedora-traveler-stichelhaar","url":"https:\/\/hutfactory.com\/?product=fedora-traveler-stichelhaar","name":"Fedora Traveler Stichelhaar \u2013 Schwarzer Haarfilzhut Handarbeit","isPartOf":{"@id":"https:\/\/hutfactory.com\/#website"},"primaryImageOfPage":{"@id":"https:\/\/hutfactory.com\/?product=fedora-traveler-stichelhaar#primaryimage"},"image":{"@id":"https:\/\/hutfactory.com\/?product=fedora-traveler-stichelhaar#primaryimage"},"thumbnailUrl":"https:\/\/hutfactory.com\/wp-content\/uploads\/2026\/02\/00917.webp","datePublished":"2026-02-09T13:37:15+00:00","dateModified":"2026-02-10T12:11:19+00:00","description":"Exklusiver Fedora Traveler Stichelhaar aus 100% Haarfilz. Handgefertigt in Italien im Auftrag der Hutmanufaktur Risa. Sofort ab Lager Schweiz lieferbar.","breadcrumb":{"@id":"https:\/\/hutfactory.com\/?product=fedora-traveler-stichelhaar#breadcrumb"},"inLanguage":"de","potentialAction":[{"@type":"ReadAction","target":["https:\/\/hutfactory.com\/?product=fedora-traveler-stichelhaar"]}]},{"@type":"ImageObject","inLanguage":"de","@id":"https:\/\/hutfactory.com\/?product=fedora-traveler-stichelhaar#primaryimage","url":"https:\/\/hutfactory.com\/wp-content\/uploads\/2026\/02\/00917.webp","contentUrl":"https:\/\/hutfactory.com\/wp-content\/uploads\/2026\/02\/00917.webp","width":2016,"height":1512,"caption":"Fedora Traveler aus 100% Haarfilz mit geflochtenem Hutband"},{"@type":"BreadcrumbList","@id":"https:\/\/hutfactory.com\/?product=fedora-traveler-stichelhaar#breadcrumb","itemListElement":[{"@type":"ListItem","position":1,"name":"Start","item":"https:\/\/hutfactory.com\/"},{"@type":"ListItem","position":2,"name":"Shop","item":"https:\/\/hutfactory.com\/?page_id=10"},{"@type":"ListItem","position":3,"name":"Fedora Traveler Stichelhaar"}]},{"@type":"WebSite","@id":"https:\/\/hutfactory.com\/#website","url":"https:\/\/hutfactory.com\/","name":"Hut Factory","description":"H\u00fcte, Kappen &amp; M\u00fctzen in Top Swiss\/EU Qualit\u00e4t","publisher":{"@id":"https:\/\/hutfactory.com\/#organization"},"alternateName":"Hut Shop","potentialAction":[{"@type":"SearchAction","target":{"@type":"EntryPoint","urlTemplate":"https:\/\/hutfactory.com\/?s={search_term_string}"},"query-input":{"@type":"PropertyValueSpecification","valueRequired":true,"valueName":"search_term_string"}}],"inLanguage":"de"},{"@type":"Organization","@id":"https:\/\/hutfactory.com\/#organization","name":"Hut Factory","url":"https:\/\/hutfactory.com\/","logo":{"@type":"ImageObject","inLanguage":"de","@id":"https:\/\/hutfactory.com\/#\/schema\/logo\/image\/","url":"https:\/\/hutfactory.com\/wp-content\/uploads\/2026\/01\/Logo-hut-factory-1.webp","contentUrl":"https:\/\/hutfactory.com\/wp-content\/uploads\/2026\/01\/Logo-hut-factory-1.webp","width":300,"height":262,"caption":"Hut Factory"},"image":{"@id":"https:\/\/hutfactory.com\/#\/schema\/logo\/image\/"}}]}},"_links":{"self":[{"href":"https:\/\/hutfactory.com\/index.php?rest_route=\/wp\/v2\/product\/10870","targetHints":{"allow":["GET"]}}],"collection":[{"href":"https:\/\/hutfactory.com\/index.php?rest_route=\/wp\/v2\/product"}],"about":[{"href":"https:\/\/hutfactory.com\/index.php?rest_route=\/wp\/v2\/types\/product"}],"wp:featuredmedia":[{"embeddable":true,"href":"https:\/\/hutfactory.com\/index.php?rest_route=\/wp\/v2\/media\/10872"}],"wp:attachment":[{"href":"https:\/\/hutfactory.com\/index.php?rest_route=%2Fwp%2Fv2%2Fmedia&parent=10870"}],"wp:term":[{"taxonomy":"product_brand","embeddable":true,"href":"https:\/\/hutfactory.com\/index.php?rest_route=%2Fwp%2Fv2%2Fproduct_brand&post=10870"},{"taxonomy":"product_cat","embeddable":true,"href":"https:\/\/hutfactory.com\/index.php?rest_route=%2Fwp%2Fv2%2Fproduct_cat&post=10870"},{"taxonomy":"product_tag","embeddable":true,"href":"https:\/\/hutfactory.com\/index.php?rest_route=%2Fwp%2Fv2%2Fproduct_tag&post=10870"}],"curies":[{"name":"wp","href":"https:\/\/api.w.org\/{rel}","templated":true}]}}