{"id":10820,"date":"2026-02-09T13:36:28","date_gmt":"2026-02-09T13:36:28","guid":{"rendered":"https:\/\/hutfactory.com\/?product=fedora-bogart-velours-cotton-stripes"},"modified":"2026-02-11T13:08:03","modified_gmt":"2026-02-11T13:08:03","slug":"fedora-bogart-velours-cotton-stripes","status":"publish","type":"product","link":"https:\/\/hutfactory.com\/?product=fedora-bogart-velours-cotton-stripes","title":{"rendered":"Fedora Bogart Velours &#8220;Cotton Stripes&#8221;"},"content":{"rendered":"<h3 data-start=\"280\" data-end=\"323\"><strong>Stilvolle Eleganz mit modernem Twist<\/strong><\/h3>\n<p data-start=\"324\" data-end=\"577\">Der Fedora Bogart Velours \u201eCotton Stripes\u201c ist ein Meisterwerk f\u00fcr alle, die klassische Hutmode mit raffinierten Details lieben. Seine ikonische Bogart-Krone und die harmonisch geschwungene <strong data-start=\"514\" data-end=\"529\">Klappkrempe<\/strong> vereinen zeitlose Form mit modernen Akzenten.<\/p>\n<p data-start=\"579\" data-end=\"806\">Besonders vielseitig: <strong data-start=\"601\" data-end=\"749\">Tragen Sie die Krempe vorne nach unten \u2013 so wird er zum markanten Bogart Hut. Klappen Sie die Krempe nach oben, wirkt er als klassischer Fedora.<\/strong> Damit passt er sich jedem Anlass und Stil flexibel an.<\/p>\n<p data-start=\"808\" data-end=\"1083\">Gefertigt aus <strong data-start=\"822\" data-end=\"853\">100% edlem Haarfilz velours<\/strong>, \u00fcberzeugt dieses Modell durch seine luxuri\u00f6se Haptik, exzellente Formstabilit\u00e4t und h\u00f6chsten Tragekomfort. Mit einer <strong data-start=\"972\" data-end=\"997\">Randbreite von 6.4 cm<\/strong> und einer <strong data-start=\"1008\" data-end=\"1030\">Kopfh\u00f6he von 11 cm<\/strong> verleiht er jedem Outfit eine elegante Silhouette.<\/p>\n<p data-start=\"1085\" data-end=\"1298\">Die Garnitur setzt einen besonderen Akzent: ein <strong data-start=\"1133\" data-end=\"1172\">gestreiftes Baumwollband mit Masche<\/strong>, geschm\u00fcckt mit dem ikonischen <strong data-start=\"1204\" data-end=\"1239\">\u201eRisa seit 1919\u201c Qualit\u00e4tsknopf<\/strong> \u2013 ein Symbol f\u00fcr Schweizer Handwerkskunst und Tradition.<\/p>\n<h3 data-start=\"1493\" data-end=\"1514\">Perfekt f\u00fcr\u2026<\/h3>\n<p data-start=\"1516\" data-end=\"1633\">\u2600\ufe0f <strong data-start=\"1519\" data-end=\"1549\">Stilvolle Freizeitmomente:<\/strong> Ob beim Stadtbummel, Reisen oder im Caf\u00e9 \u2013 dieser Hut verleiht Ihrem Look Klasse.<\/p>\n<p data-start=\"1635\" data-end=\"1779\"><strong data-start=\"1638\" data-end=\"1660\">Besondere Anl\u00e4sse:<\/strong> Dank moderner Farbgebung und klassischem Schnitt passt er ebenso zu eleganter Garderobe wie zu smart-casual Outfits.<\/p>\n<p data-start=\"1781\" data-end=\"1914\"><strong data-start=\"1784\" data-end=\"1816\">Mode- und Qualit\u00e4tsbewusste:<\/strong> F\u00fcr alle, die nat\u00fcrliche Materialien, Schweizer Handarbeit und nachhaltige Produktion sch\u00e4tzen.<\/p>\n<div class=\"hf-accordions\">\n<hr class=\"hf-accordion-separator\" \/>\n<details class=\"hf-accordion\">\n<summary><strong>\u25b6\ufe0f Gut zu wissen \u2013 mehr erfahren<\/strong><\/summary>\n<div class=\"hf-accordion-content\">\n<h3>Wichtige Produktdetails:<\/h3>\n<ul>\n<li><strong>Materialzusammensetzung:<\/strong>\u00a0100% Haarfilz \u2013 f\u00fcr Langlebigkeit und eine formstabile Struktur<\/li>\n<li><strong>Muster:<\/strong>\u00a0Auff\u00e4llige Ziern\u00e4hte links, rechts, vorne und hinten \u2013 ein extravagantes Detail f\u00fcr einen markanten<\/li>\n<li><strong>Randbreite:<\/strong>\u00a04,5 cm \u2013 f\u00fcr den klassischen Bowler-Look<\/li>\n<li><strong>Kopfh\u00f6he:<\/strong>\u00a012,0 cm \u2013 f\u00fcr eine markante, aber dennoch traditionelle Form<\/li>\n<li><strong>Farben:\u00a0<\/strong>1. Schwarz mit Rebsband &amp; Lederkordel, 2.\u00a0Salbei mit Rebsband &amp; Lederkordel<\/li>\n<li><strong>Gr\u00f6\u00dfen:<\/strong>\u00a0Verf\u00fcgbar in den Gr\u00f6\u00dfen 54-62 \u2013 f\u00fcr eine perfekte Passform<\/li>\n<li><strong>Hutband:<\/strong>\u00a0Rebsband mit Lederkordel und einem dekorativen Qualit\u00e4tsknopf auf der Masche \u2013 sorgt f\u00fcr ein stilvolles<\/li>\n<li><strong>Schwei\u00dfband:<\/strong>\u00a0Sauber eingen\u00e4htes Textilinnenband als Schwei\u00dfband \u2013 f\u00fcr h\u00f6chsten Tragekomfort und langanhaltende<\/li>\n<li><strong>Fertigungsort:<\/strong>\u00a0Handgefertigt in der renommierten\u00a0<strong>Schweizer Hutmanufaktur Risa<\/strong>. Diese Manufaktur steht seit Jahren f\u00fcr handwerkliche Perfektion und innovative Designs.<\/li>\n<li><strong>Fertigungszeit:<\/strong>\u00a0Jeder Hut wird auf Bestellung gefertigt, sodass Exklusivit\u00e4t und Individualit\u00e4t garantiert sind. Die Herstellung dauert in der Regel\u00a0<strong>10 bis 15 Arbeitstage nach Zahlungseingang<\/strong>.<\/li>\n<li><strong>Versand:<\/strong>\u00a0Nach Fertigstellung des Hutes wird dieser direkt ab Lager Schweiz versendet, sodass Sie Ihren Hut schnell und zuverl\u00e4ssig erhalten.<\/li>\n<li><strong>Garantie:<\/strong>\u00a0Umtausch ist nur bei Material- oder Herstellungsfehlern m\u00f6glich, da es sich um eine ma\u00dfgefertigte Sonderanfertigung handelt.<\/li>\n<li><strong>Verf\u00fcgbarkeit:<\/strong>\u00a0Da die H\u00fcte in limitierter Auflage produziert werden, empfehlen wir eine fr\u00fchzeitige Bestellung, um sich Ihr exklusives Modell zu sichern. Sollte das Rohmaterial ausverkauft sein, kann es zu Verz\u00f6gerungen kommen.<\/li>\n<\/ul>\n<\/div>\n<\/details>\n<details class=\"hf-accordion\">\n<summary><strong>\u25b6\ufe0f FAQ \u2013 H\u00e4ufige Fragen<\/strong><\/summary>\n<div class=\"hf-accordion-content\">\n<h3>H\u00e4ufige Fragen und Antworten (FAQ)<\/h3>\n<p><strong>1. Wie pflege ich meinen Bowler Rugged \u201csewn and burned\u201d richtig?<\/strong><br \/>\nEs wird empfohlen, den Hut regelm\u00e4\u00dfig mit einer weichen B\u00fcrste zu reinigen. Bei tiefer gehendem Schmutz sollte eine professionelle Hutreinigung in Anspruch genommen werden.<\/p>\n<p><strong>2. In welchen Gr\u00f6\u00dfen ist der Hut erh\u00e4ltlich?<\/strong><br \/>\nDer Bowler Rugged ist in den Gr\u00f6\u00dfen 54 bis 62 verf\u00fcgbar und bietet somit f\u00fcr jeden Tr\u00e4ger die perfekte Passform.<\/p>\n<p><strong>3. Kann ich den Hut umtauschen, wenn er mir nicht passt?<\/strong><br \/>\nDa der Hut auf Bestellung gefertigt wird, ist ein Umtausch nur bei Material- oder Herstellungsfehlern m\u00f6glich. Bitte beachten Sie dies bei Ihrer Bestellung.<\/p>\n<p><strong>4. Wo wird der Hut hergestellt?<\/strong><br \/>\nDer Bowler Rugged wird in der Schweizer Hutmanufaktur Risa, einem traditionsreichen Handwerksbetrieb, gefertigt.<\/p>\n<p><strong>5. Wie lange dauert der Versand?<\/strong><br \/>\nNachdem der Hut gefertigt wurde, erfolgt der Versand innerhalb weniger Tage ab Lager Schweiz. Je nach Zielort kann die Lieferung variieren.<\/p>\n<\/div>\n<\/details>\n<\/div>\n","protected":false},"excerpt":{"rendered":"<h3 data-start=\"5613\" data-end=\"5655\"><strong>Ein Hut mit Charakter und Tradition<\/strong><\/h3>\n<p data-start=\"5656\" data-end=\"6059\">Der Fedora Bogart Velours \u201eCotton Stripes\u201c verbindet klassische Form mit modernem Design und wird so zum idealen Begleiter f\u00fcr stilbewusste Damen und Herren. Jedes St\u00fcck ist ein <strong data-start=\"5834\" data-end=\"5869\">Unikat Schweizer Handwerkskunst<\/strong>, gefertigt mit Liebe zum Detail und einem Bekenntnis zu Nachhaltigkeit. Besonders vielseitig: <strong data-start=\"601\" data-end=\"749\">Tragen Sie die Krempe vorne nach unten \u2013 so wird er zum markanten Bogart Hut. Klappen Sie die Krempe nach oben, wirkt er als klassischer Fedora.<\/strong> Damit passt er sich jedem Anlass und Stil flexibel an.<\/p>\n","protected":false},"featured_media":10822,"template":"","meta":{"_acf_changed":false,"rs_blank_template":"","rs_page_bg_color":"","slide_template_v7":""},"product_brand":[250],"product_cat":[362,353,253],"product_tag":[],"class_list":{"0":"post-10820","1":"product","2":"type-product","3":"status-publish","4":"has-post-thumbnail","6":"product_brand-risa-hutwerkstatt-schweiz","7":"product_cat-bogart-winterhuete","8":"product_cat-fedora-winterhuete","9":"product_cat-winterhuete","10":"product_shipping_class-mittlere-pakete","11":"pa_color-camel","12":"pa_color-kaperngruen","13":"pa_color-leucht-marine","14":"pa_groesse-206","15":"pa_groesse-196","16":"pa_groesse-207","17":"pa_groesse-197","18":"pa_groesse-208","19":"pa_groesse-198","20":"pa_groesse-209","21":"pa_groesse-199","22":"pa_groesse-210","23":"yith_product_brand-risa-hutwerkstatt-schweiz","26":"instock","27":"taxable","28":"shipping-taxable","29":"purchasable","30":"product-type-variable","31":"wvs-archive-product-wrapper","32":"add-to-wishlist-after_add_to_cart"},"acf":[],"yoast_head":"<!-- This site is optimized with the Yoast SEO Premium plugin v27.3 (Yoast SEO v27.3) - https:\/\/yoast.com\/product\/yoast-seo-premium-wordpress\/ -->\n<title>Fedora Bogart Velours \u201eCotton Stripes\u201c \u2013 Hut Schweiz kaufen<\/title>\n<meta name=\"description\" content=\"Exklusiver Fedora Bogart Hut \u201ecotton stripes\u201c aus Haarfilz velours. Handgefertigt in der Schweiz mit gestreiftem Baumwollband. Jetzt bestellen!\" \/>\n<meta name=\"robots\" content=\"index, follow, max-snippet:-1, max-image-preview:large, max-video-preview:-1\" \/>\n<link rel=\"canonical\" href=\"https:\/\/hutfactory.com\/?product=fedora-bogart-velours-cotton-stripes\" \/>\n<meta property=\"og:locale\" content=\"de_DE\" \/>\n<meta property=\"og:type\" content=\"article\" \/>\n<meta property=\"og:title\" content=\"Fedora Bogart Velours &quot;Cotton Stripes&quot;\" \/>\n<meta property=\"og:description\" content=\"Exklusiver Fedora Bogart Hut \u201ecotton stripes\u201c aus Haarfilz velours. Handgefertigt in der Schweiz mit gestreiftem Baumwollband. Jetzt bestellen!\" \/>\n<meta property=\"og:url\" content=\"https:\/\/hutfactory.com\/?product=fedora-bogart-velours-cotton-stripes\" \/>\n<meta property=\"og:site_name\" content=\"Hut Factory\" \/>\n<meta property=\"article:modified_time\" content=\"2026-02-11T13:08:03+00:00\" \/>\n<meta property=\"og:image\" content=\"https:\/\/hutfactory.com\/wp-content\/uploads\/2026\/02\/55503473.webp\" \/>\n\t<meta property=\"og:image:width\" content=\"2016\" \/>\n\t<meta property=\"og:image:height\" content=\"1512\" \/>\n\t<meta property=\"og:image:type\" content=\"image\/webp\" \/>\n<meta name=\"twitter:card\" content=\"summary_large_image\" \/>\n<meta name=\"twitter:label1\" content=\"Gesch\u00e4tzte Lesezeit\" \/>\n\t<meta name=\"twitter:data1\" content=\"4\u00a0Minuten\" \/>\n<script type=\"application\/ld+json\" class=\"yoast-schema-graph\">{\"@context\":\"https:\\\/\\\/schema.org\",\"@graph\":[{\"@type\":\"WebPage\",\"@id\":\"https:\\\/\\\/hutfactory.com\\\/?product=fedora-bogart-velours-cotton-stripes\",\"url\":\"https:\\\/\\\/hutfactory.com\\\/?product=fedora-bogart-velours-cotton-stripes\",\"name\":\"Fedora Bogart Velours \u201eCotton Stripes\u201c \u2013 Hut Schweiz kaufen\",\"isPartOf\":{\"@id\":\"https:\\\/\\\/hutfactory.com\\\/#website\"},\"primaryImageOfPage\":{\"@id\":\"https:\\\/\\\/hutfactory.com\\\/?product=fedora-bogart-velours-cotton-stripes#primaryimage\"},\"image\":{\"@id\":\"https:\\\/\\\/hutfactory.com\\\/?product=fedora-bogart-velours-cotton-stripes#primaryimage\"},\"thumbnailUrl\":\"https:\\\/\\\/hutfactory.com\\\/wp-content\\\/uploads\\\/2026\\\/02\\\/55503473.webp\",\"datePublished\":\"2026-02-09T13:36:28+00:00\",\"dateModified\":\"2026-02-11T13:08:03+00:00\",\"description\":\"Exklusiver Fedora Bogart Hut \u201ecotton stripes\u201c aus Haarfilz velours. Handgefertigt in der Schweiz mit gestreiftem Baumwollband. Jetzt bestellen!\",\"breadcrumb\":{\"@id\":\"https:\\\/\\\/hutfactory.com\\\/?product=fedora-bogart-velours-cotton-stripes#breadcrumb\"},\"inLanguage\":\"de\",\"potentialAction\":[{\"@type\":\"ReadAction\",\"target\":[\"https:\\\/\\\/hutfactory.com\\\/?product=fedora-bogart-velours-cotton-stripes\"]}]},{\"@type\":\"ImageObject\",\"inLanguage\":\"de\",\"@id\":\"https:\\\/\\\/hutfactory.com\\\/?product=fedora-bogart-velours-cotton-stripes#primaryimage\",\"url\":\"https:\\\/\\\/hutfactory.com\\\/wp-content\\\/uploads\\\/2026\\\/02\\\/55503473.webp\",\"contentUrl\":\"https:\\\/\\\/hutfactory.com\\\/wp-content\\\/uploads\\\/2026\\\/02\\\/55503473.webp\",\"width\":2016,\"height\":1512,\"caption\":\"Klassischer Fedora aus Haarfilzvelours mit gestreiftem Baumwollband und Risa-Qualit\u00e4tsknopf|Klassischer Fedora aus Haarfilzvelours mit gestreiftem Baumwollband und Risa-Qualit\u00e4tsknopf|Klassischer Fedora aus Haarfilzvelours mit gestreiftem Baumwollband und Risa-Qualit\u00e4tsknopf|Klassischer Fedora aus Haarfilzvelours mit gestreiftem Baumwollband und Risa-Qualit\u00e4tsknopf|||\"},{\"@type\":\"BreadcrumbList\",\"@id\":\"https:\\\/\\\/hutfactory.com\\\/?product=fedora-bogart-velours-cotton-stripes#breadcrumb\",\"itemListElement\":[{\"@type\":\"ListItem\",\"position\":1,\"name\":\"Start\",\"item\":\"https:\\\/\\\/hutfactory.com\\\/\"},{\"@type\":\"ListItem\",\"position\":2,\"name\":\"Shop\",\"item\":\"https:\\\/\\\/hutfactory.com\\\/?page_id=10\"},{\"@type\":\"ListItem\",\"position\":3,\"name\":\"Fedora Bogart Velours &#8220;Cotton Stripes&#8221;\"}]},{\"@type\":\"WebSite\",\"@id\":\"https:\\\/\\\/hutfactory.com\\\/#website\",\"url\":\"https:\\\/\\\/hutfactory.com\\\/\",\"name\":\"Hut Factory\",\"description\":\"H\u00fcte, Kappen &amp; M\u00fctzen in Top Swiss\\\/EU Qualit\u00e4t\",\"publisher\":{\"@id\":\"https:\\\/\\\/hutfactory.com\\\/#organization\"},\"alternateName\":\"Hut Shop\",\"potentialAction\":[{\"@type\":\"SearchAction\",\"target\":{\"@type\":\"EntryPoint\",\"urlTemplate\":\"https:\\\/\\\/hutfactory.com\\\/?s={search_term_string}\"},\"query-input\":{\"@type\":\"PropertyValueSpecification\",\"valueRequired\":true,\"valueName\":\"search_term_string\"}}],\"inLanguage\":\"de\"},{\"@type\":\"Organization\",\"@id\":\"https:\\\/\\\/hutfactory.com\\\/#organization\",\"name\":\"Hut Factory\",\"url\":\"https:\\\/\\\/hutfactory.com\\\/\",\"logo\":{\"@type\":\"ImageObject\",\"inLanguage\":\"de\",\"@id\":\"https:\\\/\\\/hutfactory.com\\\/#\\\/schema\\\/logo\\\/image\\\/\",\"url\":\"https:\\\/\\\/hutfactory.com\\\/wp-content\\\/uploads\\\/2026\\\/01\\\/Logo-hut-factory-1.webp\",\"contentUrl\":\"https:\\\/\\\/hutfactory.com\\\/wp-content\\\/uploads\\\/2026\\\/01\\\/Logo-hut-factory-1.webp\",\"width\":300,\"height\":262,\"caption\":\"Hut Factory\"},\"image\":{\"@id\":\"https:\\\/\\\/hutfactory.com\\\/#\\\/schema\\\/logo\\\/image\\\/\"}}]}<\/script>\n<!-- \/ Yoast SEO Premium plugin. -->","yoast_head_json":{"title":"Fedora Bogart Velours \u201eCotton Stripes\u201c \u2013 Hut Schweiz kaufen","description":"Exklusiver Fedora Bogart Hut \u201ecotton stripes\u201c aus Haarfilz velours. Handgefertigt in der Schweiz mit gestreiftem Baumwollband. Jetzt bestellen!","robots":{"index":"index","follow":"follow","max-snippet":"max-snippet:-1","max-image-preview":"max-image-preview:large","max-video-preview":"max-video-preview:-1"},"canonical":"https:\/\/hutfactory.com\/?product=fedora-bogart-velours-cotton-stripes","og_locale":"de_DE","og_type":"article","og_title":"Fedora Bogart Velours \"Cotton Stripes\"","og_description":"Exklusiver Fedora Bogart Hut \u201ecotton stripes\u201c aus Haarfilz velours. Handgefertigt in der Schweiz mit gestreiftem Baumwollband. Jetzt bestellen!","og_url":"https:\/\/hutfactory.com\/?product=fedora-bogart-velours-cotton-stripes","og_site_name":"Hut Factory","article_modified_time":"2026-02-11T13:08:03+00:00","og_image":[{"width":2016,"height":1512,"url":"https:\/\/hutfactory.com\/wp-content\/uploads\/2026\/02\/55503473.webp","type":"image\/webp"}],"twitter_card":"summary_large_image","twitter_misc":{"Gesch\u00e4tzte Lesezeit":"4\u00a0Minuten"},"schema":{"@context":"https:\/\/schema.org","@graph":[{"@type":"WebPage","@id":"https:\/\/hutfactory.com\/?product=fedora-bogart-velours-cotton-stripes","url":"https:\/\/hutfactory.com\/?product=fedora-bogart-velours-cotton-stripes","name":"Fedora Bogart Velours \u201eCotton Stripes\u201c \u2013 Hut Schweiz kaufen","isPartOf":{"@id":"https:\/\/hutfactory.com\/#website"},"primaryImageOfPage":{"@id":"https:\/\/hutfactory.com\/?product=fedora-bogart-velours-cotton-stripes#primaryimage"},"image":{"@id":"https:\/\/hutfactory.com\/?product=fedora-bogart-velours-cotton-stripes#primaryimage"},"thumbnailUrl":"https:\/\/hutfactory.com\/wp-content\/uploads\/2026\/02\/55503473.webp","datePublished":"2026-02-09T13:36:28+00:00","dateModified":"2026-02-11T13:08:03+00:00","description":"Exklusiver Fedora Bogart Hut \u201ecotton stripes\u201c aus Haarfilz velours. Handgefertigt in der Schweiz mit gestreiftem Baumwollband. Jetzt bestellen!","breadcrumb":{"@id":"https:\/\/hutfactory.com\/?product=fedora-bogart-velours-cotton-stripes#breadcrumb"},"inLanguage":"de","potentialAction":[{"@type":"ReadAction","target":["https:\/\/hutfactory.com\/?product=fedora-bogart-velours-cotton-stripes"]}]},{"@type":"ImageObject","inLanguage":"de","@id":"https:\/\/hutfactory.com\/?product=fedora-bogart-velours-cotton-stripes#primaryimage","url":"https:\/\/hutfactory.com\/wp-content\/uploads\/2026\/02\/55503473.webp","contentUrl":"https:\/\/hutfactory.com\/wp-content\/uploads\/2026\/02\/55503473.webp","width":2016,"height":1512,"caption":"Klassischer Fedora aus Haarfilzvelours mit gestreiftem Baumwollband und Risa-Qualit\u00e4tsknopf|Klassischer Fedora aus Haarfilzvelours mit gestreiftem Baumwollband und Risa-Qualit\u00e4tsknopf|Klassischer Fedora aus Haarfilzvelours mit gestreiftem Baumwollband und Risa-Qualit\u00e4tsknopf|Klassischer Fedora aus Haarfilzvelours mit gestreiftem Baumwollband und Risa-Qualit\u00e4tsknopf|||"},{"@type":"BreadcrumbList","@id":"https:\/\/hutfactory.com\/?product=fedora-bogart-velours-cotton-stripes#breadcrumb","itemListElement":[{"@type":"ListItem","position":1,"name":"Start","item":"https:\/\/hutfactory.com\/"},{"@type":"ListItem","position":2,"name":"Shop","item":"https:\/\/hutfactory.com\/?page_id=10"},{"@type":"ListItem","position":3,"name":"Fedora Bogart Velours &#8220;Cotton Stripes&#8221;"}]},{"@type":"WebSite","@id":"https:\/\/hutfactory.com\/#website","url":"https:\/\/hutfactory.com\/","name":"Hut Factory","description":"H\u00fcte, Kappen &amp; M\u00fctzen in Top Swiss\/EU Qualit\u00e4t","publisher":{"@id":"https:\/\/hutfactory.com\/#organization"},"alternateName":"Hut Shop","potentialAction":[{"@type":"SearchAction","target":{"@type":"EntryPoint","urlTemplate":"https:\/\/hutfactory.com\/?s={search_term_string}"},"query-input":{"@type":"PropertyValueSpecification","valueRequired":true,"valueName":"search_term_string"}}],"inLanguage":"de"},{"@type":"Organization","@id":"https:\/\/hutfactory.com\/#organization","name":"Hut Factory","url":"https:\/\/hutfactory.com\/","logo":{"@type":"ImageObject","inLanguage":"de","@id":"https:\/\/hutfactory.com\/#\/schema\/logo\/image\/","url":"https:\/\/hutfactory.com\/wp-content\/uploads\/2026\/01\/Logo-hut-factory-1.webp","contentUrl":"https:\/\/hutfactory.com\/wp-content\/uploads\/2026\/01\/Logo-hut-factory-1.webp","width":300,"height":262,"caption":"Hut Factory"},"image":{"@id":"https:\/\/hutfactory.com\/#\/schema\/logo\/image\/"}}]}},"_links":{"self":[{"href":"https:\/\/hutfactory.com\/index.php?rest_route=\/wp\/v2\/product\/10820","targetHints":{"allow":["GET"]}}],"collection":[{"href":"https:\/\/hutfactory.com\/index.php?rest_route=\/wp\/v2\/product"}],"about":[{"href":"https:\/\/hutfactory.com\/index.php?rest_route=\/wp\/v2\/types\/product"}],"wp:featuredmedia":[{"embeddable":true,"href":"https:\/\/hutfactory.com\/index.php?rest_route=\/wp\/v2\/media\/10822"}],"wp:attachment":[{"href":"https:\/\/hutfactory.com\/index.php?rest_route=%2Fwp%2Fv2%2Fmedia&parent=10820"}],"wp:term":[{"taxonomy":"product_brand","embeddable":true,"href":"https:\/\/hutfactory.com\/index.php?rest_route=%2Fwp%2Fv2%2Fproduct_brand&post=10820"},{"taxonomy":"product_cat","embeddable":true,"href":"https:\/\/hutfactory.com\/index.php?rest_route=%2Fwp%2Fv2%2Fproduct_cat&post=10820"},{"taxonomy":"product_tag","embeddable":true,"href":"https:\/\/hutfactory.com\/index.php?rest_route=%2Fwp%2Fv2%2Fproduct_tag&post=10820"}],"curies":[{"name":"wp","href":"https:\/\/api.w.org\/{rel}","templated":true}]}}