{"id":10782,"date":"2026-02-09T13:35:43","date_gmt":"2026-02-09T13:35:43","guid":{"rendered":"https:\/\/hutfactory.com\/?product=cloche-velourshut-forest-atmosphere"},"modified":"2026-02-11T13:21:47","modified_gmt":"2026-02-11T13:21:47","slug":"cloche-velourshut-forest-atmosphere","status":"publish","type":"product","link":"https:\/\/hutfactory.com\/?product=cloche-velourshut-forest-atmosphere","title":{"rendered":"Cloche Velourshut Forest Atmosphere"},"content":{"rendered":"<h3 data-start=\"158\" data-end=\"587\"><strong data-start=\"158\" data-end=\"195\">Eleganz inspiriert von der Natur<\/strong><\/h3>\n<p data-start=\"158\" data-end=\"587\">Die <strong data-start=\"202\" data-end=\"240\">Cloche Velours \u201e<em>forest atmosphere<\/em>\u201c<\/strong> vereint klassische Hutmode mit moderner Raffinesse. Gefertigt aus <strong data-start=\"307\" data-end=\"341\">100% feinstem Haarfilz Velours<\/strong>, zeigt dieses Modell eine faszinierende Farbkombination, die an Wald und Erde erinnert: wahlweise mit <strong data-start=\"444\" data-end=\"490\">Kopfform in Moosgr\u00fcn und Krempe in Schlamm<\/strong> oder umgekehrt. Das Ergebnis ist ein ausdrucksstarker Hut, der jedes Outfit stilvoll abrundet.<\/p>\n<p data-start=\"589\" data-end=\"877\">Mit einer <strong data-start=\"599\" data-end=\"627\">Krempenbreite von 9,2 cm<\/strong> bietet die Cloche gro\u00dfz\u00fcgigen Schutz vor Wind und Wetter, w\u00e4hrend die <strong data-start=\"698\" data-end=\"722\">Kopfh\u00f6he von 10,0 cm<\/strong> ihre elegante, runde Silhouette unterstreicht. Das <strong data-start=\"774\" data-end=\"805\">schmale Lederhutband (1 cm)<\/strong> verleiht eine dezente, luxuri\u00f6se Note, ohne vom Farbspiel abzulenken.<\/p>\n<p data-start=\"879\" data-end=\"1068\">Die Cloche wird in der <strong data-start=\"902\" data-end=\"934\">Schweizer Hutmanufaktur Risa<\/strong> in aufwendiger Handarbeit gefertigt \u2013 jedes Detail ist ein Meisterst\u00fcck traditioneller Hutmacherkunst und nachhaltiger Herstellung.<\/p>\n<h3 data-start=\"1075\" data-end=\"1096\">Perfekt f\u00fcr\u2026<\/h3>\n<p data-start=\"1097\" data-end=\"1413\">\u2600\ufe0f <strong data-start=\"1100\" data-end=\"1136\">Herbstspazierg\u00e4nge &amp; Wintertage:<\/strong> Der breite Rand sch\u00fctzt elegant vor Wind und Wetter.<br data-start=\"1189\" data-end=\"1192\" \/><strong data-start=\"1195\" data-end=\"1219\">Stilvolle Auftritte:<\/strong> Ob Theater, Dinner oder Business-Lunch \u2013 die Cloche ist ein Highlight f\u00fcr jede Garderobe.<br data-start=\"1309\" data-end=\"1312\" \/><strong data-start=\"1315\" data-end=\"1340\">Naturverbundene Mode:<\/strong> Inspiriert von erdigen T\u00f6nen und in nachhaltiger Handarbeit gefertigt<\/p>\n<div class=\"hf-accordions\">\n<hr class=\"hf-accordion-separator\" \/>\n<details class=\"hf-accordion\">\n<summary><strong>\u25b6\ufe0f Gut zu wissen \u2013 mehr erfahren<\/strong><\/summary>\n<div class=\"hf-accordion-content\">\n<h3>Wichtige Produktdetails:<\/h3>\n<ul>\n<li><strong>Materialzusammensetzung:<\/strong>\u00a0100% Haarfilz \u2013 f\u00fcr Langlebigkeit und eine formstabile Struktur<\/li>\n<li><strong>Muster:<\/strong>\u00a0Auff\u00e4llige Ziern\u00e4hte links, rechts, vorne und hinten \u2013 ein extravagantes Detail f\u00fcr einen markanten<\/li>\n<li><strong>Randbreite:<\/strong>\u00a04,5 cm \u2013 f\u00fcr den klassischen Bowler-Look<\/li>\n<li><strong>Kopfh\u00f6he:<\/strong>\u00a012,0 cm \u2013 f\u00fcr eine markante, aber dennoch traditionelle Form<\/li>\n<li><strong>Farben:\u00a0<\/strong>1. Schwarz mit Rebsband &amp; Lederkordel, 2.\u00a0Salbei mit Rebsband &amp; Lederkordel<\/li>\n<li><strong>Gr\u00f6\u00dfen:<\/strong>\u00a0Verf\u00fcgbar in den Gr\u00f6\u00dfen 54-62 \u2013 f\u00fcr eine perfekte Passform<\/li>\n<li><strong>Hutband:<\/strong>\u00a0Rebsband mit Lederkordel und einem dekorativen Qualit\u00e4tsknopf auf der Masche \u2013 sorgt f\u00fcr ein stilvolles<\/li>\n<li><strong>Schwei\u00dfband:<\/strong>\u00a0Sauber eingen\u00e4htes Textilinnenband als Schwei\u00dfband \u2013 f\u00fcr h\u00f6chsten Tragekomfort und langanhaltende<\/li>\n<li><strong>Fertigungsort:<\/strong>\u00a0Handgefertigt in der renommierten\u00a0<strong>Schweizer Hutmanufaktur Risa<\/strong>. Diese Manufaktur steht seit Jahren f\u00fcr handwerkliche Perfektion und innovative Designs.<\/li>\n<li><strong>Fertigungszeit:<\/strong>\u00a0Jeder Hut wird auf Bestellung gefertigt, sodass Exklusivit\u00e4t und Individualit\u00e4t garantiert sind. Die Herstellung dauert in der Regel\u00a0<strong>10 bis 15 Arbeitstage nach Zahlungseingang<\/strong>.<\/li>\n<li><strong>Versand:<\/strong>\u00a0Nach Fertigstellung des Hutes wird dieser direkt ab Lager Schweiz versendet, sodass Sie Ihren Hut schnell und zuverl\u00e4ssig erhalten.<\/li>\n<li><strong>Garantie:<\/strong>\u00a0Umtausch ist nur bei Material- oder Herstellungsfehlern m\u00f6glich, da es sich um eine ma\u00dfgefertigte Sonderanfertigung handelt.<\/li>\n<li><strong>Verf\u00fcgbarkeit:<\/strong>\u00a0Da die H\u00fcte in limitierter Auflage produziert werden, empfehlen wir eine fr\u00fchzeitige Bestellung, um sich Ihr exklusives Modell zu sichern. Sollte das Rohmaterial ausverkauft sein, kann es zu Verz\u00f6gerungen kommen.<\/li>\n<\/ul>\n<\/div>\n<\/details>\n<details class=\"hf-accordion\">\n<summary><strong>\u25b6\ufe0f FAQ \u2013 H\u00e4ufige Fragen<\/strong><\/summary>\n<div class=\"hf-accordion-content\">\n<h3>H\u00e4ufige Fragen und Antworten (FAQ)<\/h3>\n<p><strong>1. Wie pflege ich meinen Bowler Rugged \u201csewn and burned\u201d richtig?<\/strong><br \/>\nEs wird empfohlen, den Hut regelm\u00e4\u00dfig mit einer weichen B\u00fcrste zu reinigen. Bei tiefer gehendem Schmutz sollte eine professionelle Hutreinigung in Anspruch genommen werden.<\/p>\n<p><strong>2. In welchen Gr\u00f6\u00dfen ist der Hut erh\u00e4ltlich?<\/strong><br \/>\nDer Bowler Rugged ist in den Gr\u00f6\u00dfen 54 bis 62 verf\u00fcgbar und bietet somit f\u00fcr jeden Tr\u00e4ger die perfekte Passform.<\/p>\n<p><strong>3. Kann ich den Hut umtauschen, wenn er mir nicht passt?<\/strong><br \/>\nDa der Hut auf Bestellung gefertigt wird, ist ein Umtausch nur bei Material- oder Herstellungsfehlern m\u00f6glich. Bitte beachten Sie dies bei Ihrer Bestellung.<\/p>\n<p><strong>4. Wo wird der Hut hergestellt?<\/strong><br \/>\nDer Bowler Rugged wird in der Schweizer Hutmanufaktur Risa, einem traditionsreichen Handwerksbetrieb, gefertigt.<\/p>\n<p><strong>5. Wie lange dauert der Versand?<\/strong><br \/>\nNachdem der Hut gefertigt wurde, erfolgt der Versand innerhalb weniger Tage ab Lager Schweiz. Je nach Zielort kann die Lieferung variieren.<\/p>\n<\/div>\n<\/details>\n<\/div>\n","protected":false},"excerpt":{"rendered":"<h3><strong data-start=\"4951\" data-end=\"5000\">Nat\u00fcrliche Eleganz, Schweizer Handwerkskunst<\/strong><\/h3>\n<p>Die Cloche Velours \u201e<em>forest atmosphere<\/em>\u201c ist mehr als nur eine Kopfbedeckung \u2013 sie ist Ausdruck von Stil, Nachhaltigkeit und Exklusivit\u00e4t. Gefertigt in pr\u00e4ziser Handarbeit in der Schweiz, vereint sie Tradition mit modernem Design und begleitet Sie stilvoll durch Herbst und Winter.<\/p>\n","protected":false},"featured_media":10784,"template":"","meta":{"_acf_changed":false,"rs_blank_template":"","rs_page_bg_color":"","slide_template_v7":""},"product_brand":[250],"product_cat":[261,253],"product_tag":[],"class_list":{"0":"post-10782","1":"product","2":"type-product","3":"status-publish","4":"has-post-thumbnail","6":"product_brand-risa-hutwerkstatt-schweiz","7":"product_cat-cloche-winterhuete","8":"product_cat-winterhuete","9":"product_shipping_class-grosse-pakete","10":"pa_color-moos-schlamm","11":"pa_color-schlamm-moos","12":"pa_groesse-206","13":"pa_groesse-196","14":"pa_groesse-207","15":"pa_groesse-197","16":"pa_groesse-208","17":"pa_groesse-198","18":"pa_groesse-209","19":"pa_groesse-199","20":"pa_groesse-210","21":"yith_product_brand-risa-hutwerkstatt-schweiz","24":"instock","25":"taxable","26":"shipping-taxable","27":"purchasable","28":"product-type-variable","29":"wvs-archive-product-wrapper","30":"add-to-wishlist-after_add_to_cart"},"acf":[],"yoast_head":"<!-- This site is optimized with the Yoast SEO Premium plugin v27.3 (Yoast SEO v27.3) - https:\/\/yoast.com\/product\/yoast-seo-premium-wordpress\/ -->\n<title>Cloche Velours Forest Atmosphere \u2013 Handmade Schweizer Hut<\/title>\n<meta name=\"description\" content=\"Luxuri\u00f6se Cloche aus Haarfilz Velours. Farben Moos\/Schlamm oder Schlamm\/Moos. Handgefertigt in der Risa Hutmanufaktur Schweiz.\" \/>\n<meta name=\"robots\" content=\"index, follow, max-snippet:-1, max-image-preview:large, max-video-preview:-1\" \/>\n<link rel=\"canonical\" href=\"https:\/\/hutfactory.com\/?product=cloche-velourshut-forest-atmosphere\" \/>\n<meta property=\"og:locale\" content=\"de_DE\" \/>\n<meta property=\"og:type\" content=\"article\" \/>\n<meta property=\"og:title\" content=\"Cloche Velourshut Forest Atmosphere\" \/>\n<meta property=\"og:description\" content=\"Luxuri\u00f6se Cloche aus Haarfilz Velours. Farben Moos\/Schlamm oder Schlamm\/Moos. Handgefertigt in der Risa Hutmanufaktur Schweiz.\" \/>\n<meta property=\"og:url\" content=\"https:\/\/hutfactory.com\/?product=cloche-velourshut-forest-atmosphere\" \/>\n<meta property=\"og:site_name\" content=\"Hut Factory\" \/>\n<meta property=\"article:modified_time\" content=\"2026-02-11T13:21:47+00:00\" \/>\n<meta property=\"og:image\" content=\"https:\/\/hutfactory.com\/wp-content\/uploads\/2026\/02\/55504841.webp\" \/>\n\t<meta property=\"og:image:width\" content=\"2016\" \/>\n\t<meta property=\"og:image:height\" content=\"1512\" \/>\n\t<meta property=\"og:image:type\" content=\"image\/webp\" \/>\n<meta name=\"twitter:card\" content=\"summary_large_image\" \/>\n<meta name=\"twitter:label1\" content=\"Gesch\u00e4tzte Lesezeit\" \/>\n\t<meta name=\"twitter:data1\" content=\"4\u00a0Minuten\" \/>\n<script type=\"application\/ld+json\" class=\"yoast-schema-graph\">{\"@context\":\"https:\\\/\\\/schema.org\",\"@graph\":[{\"@type\":\"WebPage\",\"@id\":\"https:\\\/\\\/hutfactory.com\\\/?product=cloche-velourshut-forest-atmosphere\",\"url\":\"https:\\\/\\\/hutfactory.com\\\/?product=cloche-velourshut-forest-atmosphere\",\"name\":\"Cloche Velours Forest Atmosphere \u2013 Handmade Schweizer Hut\",\"isPartOf\":{\"@id\":\"https:\\\/\\\/hutfactory.com\\\/#website\"},\"primaryImageOfPage\":{\"@id\":\"https:\\\/\\\/hutfactory.com\\\/?product=cloche-velourshut-forest-atmosphere#primaryimage\"},\"image\":{\"@id\":\"https:\\\/\\\/hutfactory.com\\\/?product=cloche-velourshut-forest-atmosphere#primaryimage\"},\"thumbnailUrl\":\"https:\\\/\\\/hutfactory.com\\\/wp-content\\\/uploads\\\/2026\\\/02\\\/55504841.webp\",\"datePublished\":\"2026-02-09T13:35:43+00:00\",\"dateModified\":\"2026-02-11T13:21:47+00:00\",\"description\":\"Luxuri\u00f6se Cloche aus Haarfilz Velours. Farben Moos\\\/Schlamm oder Schlamm\\\/Moos. Handgefertigt in der Risa Hutmanufaktur Schweiz.\",\"breadcrumb\":{\"@id\":\"https:\\\/\\\/hutfactory.com\\\/?product=cloche-velourshut-forest-atmosphere#breadcrumb\"},\"inLanguage\":\"de\",\"potentialAction\":[{\"@type\":\"ReadAction\",\"target\":[\"https:\\\/\\\/hutfactory.com\\\/?product=cloche-velourshut-forest-atmosphere\"]}]},{\"@type\":\"ImageObject\",\"inLanguage\":\"de\",\"@id\":\"https:\\\/\\\/hutfactory.com\\\/?product=cloche-velourshut-forest-atmosphere#primaryimage\",\"url\":\"https:\\\/\\\/hutfactory.com\\\/wp-content\\\/uploads\\\/2026\\\/02\\\/55504841.webp\",\"contentUrl\":\"https:\\\/\\\/hutfactory.com\\\/wp-content\\\/uploads\\\/2026\\\/02\\\/55504841.webp\",\"width\":2016,\"height\":1512,\"caption\":\"Elegante Cloche aus Haarfilz Velours mit Lederhutband|Elegante Cloche aus Haarfilz Velours mit Lederhutband|Elegante Cloche aus Haarfilz Velours mit Lederhutband|Elegante Cloche aus Haarfilz Velours mit Lederhutband|Elegante Cloche aus Haarfilz Velours mit Lederhutband||\"},{\"@type\":\"BreadcrumbList\",\"@id\":\"https:\\\/\\\/hutfactory.com\\\/?product=cloche-velourshut-forest-atmosphere#breadcrumb\",\"itemListElement\":[{\"@type\":\"ListItem\",\"position\":1,\"name\":\"Start\",\"item\":\"https:\\\/\\\/hutfactory.com\\\/\"},{\"@type\":\"ListItem\",\"position\":2,\"name\":\"Shop\",\"item\":\"https:\\\/\\\/hutfactory.com\\\/?page_id=10\"},{\"@type\":\"ListItem\",\"position\":3,\"name\":\"Cloche Velourshut Forest Atmosphere\"}]},{\"@type\":\"WebSite\",\"@id\":\"https:\\\/\\\/hutfactory.com\\\/#website\",\"url\":\"https:\\\/\\\/hutfactory.com\\\/\",\"name\":\"Hut Factory\",\"description\":\"H\u00fcte, Kappen &amp; M\u00fctzen in Top Swiss\\\/EU Qualit\u00e4t\",\"publisher\":{\"@id\":\"https:\\\/\\\/hutfactory.com\\\/#organization\"},\"alternateName\":\"Hut Shop\",\"potentialAction\":[{\"@type\":\"SearchAction\",\"target\":{\"@type\":\"EntryPoint\",\"urlTemplate\":\"https:\\\/\\\/hutfactory.com\\\/?s={search_term_string}\"},\"query-input\":{\"@type\":\"PropertyValueSpecification\",\"valueRequired\":true,\"valueName\":\"search_term_string\"}}],\"inLanguage\":\"de\"},{\"@type\":\"Organization\",\"@id\":\"https:\\\/\\\/hutfactory.com\\\/#organization\",\"name\":\"Hut Factory\",\"url\":\"https:\\\/\\\/hutfactory.com\\\/\",\"logo\":{\"@type\":\"ImageObject\",\"inLanguage\":\"de\",\"@id\":\"https:\\\/\\\/hutfactory.com\\\/#\\\/schema\\\/logo\\\/image\\\/\",\"url\":\"https:\\\/\\\/hutfactory.com\\\/wp-content\\\/uploads\\\/2026\\\/01\\\/Logo-hut-factory-1.webp\",\"contentUrl\":\"https:\\\/\\\/hutfactory.com\\\/wp-content\\\/uploads\\\/2026\\\/01\\\/Logo-hut-factory-1.webp\",\"width\":300,\"height\":262,\"caption\":\"Hut Factory\"},\"image\":{\"@id\":\"https:\\\/\\\/hutfactory.com\\\/#\\\/schema\\\/logo\\\/image\\\/\"}}]}<\/script>\n<!-- \/ Yoast SEO Premium plugin. -->","yoast_head_json":{"title":"Cloche Velours Forest Atmosphere \u2013 Handmade Schweizer Hut","description":"Luxuri\u00f6se Cloche aus Haarfilz Velours. Farben Moos\/Schlamm oder Schlamm\/Moos. Handgefertigt in der Risa Hutmanufaktur Schweiz.","robots":{"index":"index","follow":"follow","max-snippet":"max-snippet:-1","max-image-preview":"max-image-preview:large","max-video-preview":"max-video-preview:-1"},"canonical":"https:\/\/hutfactory.com\/?product=cloche-velourshut-forest-atmosphere","og_locale":"de_DE","og_type":"article","og_title":"Cloche Velourshut Forest Atmosphere","og_description":"Luxuri\u00f6se Cloche aus Haarfilz Velours. Farben Moos\/Schlamm oder Schlamm\/Moos. Handgefertigt in der Risa Hutmanufaktur Schweiz.","og_url":"https:\/\/hutfactory.com\/?product=cloche-velourshut-forest-atmosphere","og_site_name":"Hut Factory","article_modified_time":"2026-02-11T13:21:47+00:00","og_image":[{"width":2016,"height":1512,"url":"https:\/\/hutfactory.com\/wp-content\/uploads\/2026\/02\/55504841.webp","type":"image\/webp"}],"twitter_card":"summary_large_image","twitter_misc":{"Gesch\u00e4tzte Lesezeit":"4\u00a0Minuten"},"schema":{"@context":"https:\/\/schema.org","@graph":[{"@type":"WebPage","@id":"https:\/\/hutfactory.com\/?product=cloche-velourshut-forest-atmosphere","url":"https:\/\/hutfactory.com\/?product=cloche-velourshut-forest-atmosphere","name":"Cloche Velours Forest Atmosphere \u2013 Handmade Schweizer Hut","isPartOf":{"@id":"https:\/\/hutfactory.com\/#website"},"primaryImageOfPage":{"@id":"https:\/\/hutfactory.com\/?product=cloche-velourshut-forest-atmosphere#primaryimage"},"image":{"@id":"https:\/\/hutfactory.com\/?product=cloche-velourshut-forest-atmosphere#primaryimage"},"thumbnailUrl":"https:\/\/hutfactory.com\/wp-content\/uploads\/2026\/02\/55504841.webp","datePublished":"2026-02-09T13:35:43+00:00","dateModified":"2026-02-11T13:21:47+00:00","description":"Luxuri\u00f6se Cloche aus Haarfilz Velours. Farben Moos\/Schlamm oder Schlamm\/Moos. Handgefertigt in der Risa Hutmanufaktur Schweiz.","breadcrumb":{"@id":"https:\/\/hutfactory.com\/?product=cloche-velourshut-forest-atmosphere#breadcrumb"},"inLanguage":"de","potentialAction":[{"@type":"ReadAction","target":["https:\/\/hutfactory.com\/?product=cloche-velourshut-forest-atmosphere"]}]},{"@type":"ImageObject","inLanguage":"de","@id":"https:\/\/hutfactory.com\/?product=cloche-velourshut-forest-atmosphere#primaryimage","url":"https:\/\/hutfactory.com\/wp-content\/uploads\/2026\/02\/55504841.webp","contentUrl":"https:\/\/hutfactory.com\/wp-content\/uploads\/2026\/02\/55504841.webp","width":2016,"height":1512,"caption":"Elegante Cloche aus Haarfilz Velours mit Lederhutband|Elegante Cloche aus Haarfilz Velours mit Lederhutband|Elegante Cloche aus Haarfilz Velours mit Lederhutband|Elegante Cloche aus Haarfilz Velours mit Lederhutband|Elegante Cloche aus Haarfilz Velours mit Lederhutband||"},{"@type":"BreadcrumbList","@id":"https:\/\/hutfactory.com\/?product=cloche-velourshut-forest-atmosphere#breadcrumb","itemListElement":[{"@type":"ListItem","position":1,"name":"Start","item":"https:\/\/hutfactory.com\/"},{"@type":"ListItem","position":2,"name":"Shop","item":"https:\/\/hutfactory.com\/?page_id=10"},{"@type":"ListItem","position":3,"name":"Cloche Velourshut Forest Atmosphere"}]},{"@type":"WebSite","@id":"https:\/\/hutfactory.com\/#website","url":"https:\/\/hutfactory.com\/","name":"Hut Factory","description":"H\u00fcte, Kappen &amp; M\u00fctzen in Top Swiss\/EU Qualit\u00e4t","publisher":{"@id":"https:\/\/hutfactory.com\/#organization"},"alternateName":"Hut Shop","potentialAction":[{"@type":"SearchAction","target":{"@type":"EntryPoint","urlTemplate":"https:\/\/hutfactory.com\/?s={search_term_string}"},"query-input":{"@type":"PropertyValueSpecification","valueRequired":true,"valueName":"search_term_string"}}],"inLanguage":"de"},{"@type":"Organization","@id":"https:\/\/hutfactory.com\/#organization","name":"Hut Factory","url":"https:\/\/hutfactory.com\/","logo":{"@type":"ImageObject","inLanguage":"de","@id":"https:\/\/hutfactory.com\/#\/schema\/logo\/image\/","url":"https:\/\/hutfactory.com\/wp-content\/uploads\/2026\/01\/Logo-hut-factory-1.webp","contentUrl":"https:\/\/hutfactory.com\/wp-content\/uploads\/2026\/01\/Logo-hut-factory-1.webp","width":300,"height":262,"caption":"Hut Factory"},"image":{"@id":"https:\/\/hutfactory.com\/#\/schema\/logo\/image\/"}}]}},"_links":{"self":[{"href":"https:\/\/hutfactory.com\/index.php?rest_route=\/wp\/v2\/product\/10782","targetHints":{"allow":["GET"]}}],"collection":[{"href":"https:\/\/hutfactory.com\/index.php?rest_route=\/wp\/v2\/product"}],"about":[{"href":"https:\/\/hutfactory.com\/index.php?rest_route=\/wp\/v2\/types\/product"}],"wp:featuredmedia":[{"embeddable":true,"href":"https:\/\/hutfactory.com\/index.php?rest_route=\/wp\/v2\/media\/10784"}],"wp:attachment":[{"href":"https:\/\/hutfactory.com\/index.php?rest_route=%2Fwp%2Fv2%2Fmedia&parent=10782"}],"wp:term":[{"taxonomy":"product_brand","embeddable":true,"href":"https:\/\/hutfactory.com\/index.php?rest_route=%2Fwp%2Fv2%2Fproduct_brand&post=10782"},{"taxonomy":"product_cat","embeddable":true,"href":"https:\/\/hutfactory.com\/index.php?rest_route=%2Fwp%2Fv2%2Fproduct_cat&post=10782"},{"taxonomy":"product_tag","embeddable":true,"href":"https:\/\/hutfactory.com\/index.php?rest_route=%2Fwp%2Fv2%2Fproduct_tag&post=10782"}],"curies":[{"name":"wp","href":"https:\/\/api.w.org\/{rel}","templated":true}]}}