{"id":10323,"date":"2026-02-09T13:29:10","date_gmt":"2026-02-09T13:29:10","guid":{"rendered":"https:\/\/hutfactory.com\/?product=regen-damenhut-mit-tunnelzug"},"modified":"2026-02-13T03:57:02","modified_gmt":"2026-02-13T03:57:02","slug":"regen-damenhut-mit-tunnelzug","status":"publish","type":"product","link":"https:\/\/hutfactory.com\/?product=regen-damenhut-mit-tunnelzug","title":{"rendered":"Regen Damenhut mit Tunnelzug"},"content":{"rendered":"<div class=\"wpb-content-wrapper\"><p>[vc_row][vc_column][vc_column_text css=&#8221;&#8221;]Dieser schwarze Bucket Wollhut ist mehr als nur eine Kopfbedeckung \u2013 er ist ein Statement. Hergestellt aus einem hochwertigen Wollmix (80% Wolle, 20% Polyester), vereint er klassische Eleganz mit einem modernen Touch. Die weiche, tiefschwarze Farbgebung und das dezente Hutband verleihen dem Hut eine unaufdringliche Raffinesse, die ihn sowohl f\u00fcr den Alltag als auch f\u00fcr besondere Anl\u00e4sse geeignet macht. Das sauber eingen\u00e4hte Textilinnenband sorgt f\u00fcr angenehmen Tragekomfort, w\u00e4hrend die robuste Verarbeitung und das handwerkliche K\u00f6nnen der italienischen Manufaktur, die im Auftrag der Risa Hutwerkstatt arbeitet, seine Langlebigkeit garantieren. Dieser Hut ist nicht nur funktional, sondern durch die limitierte Auflage auch ein exklusives Modeaccessoire, das Individualit\u00e4t und Stilbewusstsein ausstrahlt.[\/vc_column_text][\/vc_column][\/vc_row]<\/p>\n<div class=\"hf-accordions\">\n<hr class=\"hf-accordion-separator\" \/>\n<details class=\"hf-accordion\">\n<summary><strong>\u25b6\ufe0f Gut zu wissen \u2013 mehr erfahren<\/strong><\/summary>\n<div class=\"hf-accordion-content\">\n<p><strong>Wichtige Produktdetails:<\/strong><\/p>\n<ul>\n<li><strong>Material &amp; Design:<\/strong>\n<ul>\n<li>Materialzusammensetzung: 80% Wolle, 20% Polyester<\/li>\n<li>Farbe: Tiefschwarz<\/li>\n<li>Hutband: Dezentes schwarzes Band<\/li>\n<li>Schwei\u00dfband: Sauber eingen\u00e4htes Textilinnenband f\u00fcr hohen Tragekomfort<\/li>\n<\/ul>\n<\/li>\n<li><strong>Handwerkskunst &amp; Exklusivit\u00e4t:<\/strong>\n<ul>\n<li>Herstellung in Italien durch traditionelle Handwerkskunst<\/li>\n<li>Individuell gefertigt im Auftrag der Risa Hutwerkstatt<\/li>\n<li>Limitierte Auflage f\u00fcr Exklusivit\u00e4t und einzigartige Qualit\u00e4t<\/li>\n<\/ul>\n<\/li>\n<li><strong>Herstellung:<\/strong>\n<ul>\n<li>Herkunftsort: Italien<\/li>\n<li>Produzent: Traditionsbetrieb mit hohem Qualit\u00e4tsanspruch<\/li>\n<li>Produktionszeit: Limitierte Auflage, sofort lieferbar ab Lager Schweiz<\/li>\n<\/ul>\n<\/li>\n<li><strong>Lieferbedingungen:<\/strong>\n<ul>\n<li>Versand innerhalb weniger Tage nach Zahlungseingang<\/li>\n<li>Garantie: Umtausch nur bei Material- oder Herstellungsfehlern<\/li>\n<li>Verf\u00fcgbarkeit: Aufgrund der limitierten Auflage empfehlen wir eine fr\u00fchzeitige Bestellung<\/li>\n<\/ul>\n<\/li>\n<\/ul>\n<\/div>\n<\/details>\n<details class=\"hf-accordion\">\n<summary><strong>\u25b6\ufe0f FAQ \u2013 H\u00e4ufige Fragen<\/strong><\/summary>\n<div class=\"hf-accordion-content\">\n<p><strong>FAQ:<\/strong><\/p>\n<ol>\n<li><strong>Kann der Hut zur\u00fcckgegeben werden?<\/strong><br \/>\nEin Umtausch ist nur bei Material- oder Herstellungsfehlern m\u00f6glich. Bitte \u00fcberpr\u00fcfen Sie vor der Bestellung sorgf\u00e4ltig die richtige Gr\u00f6\u00dfe.<\/li>\n<li><strong>Wie pflege ich den Wollhut richtig?<\/strong><br \/>\nWir empfehlen, den Hut nur sanft mit einer weichen B\u00fcrste zu reinigen. Weitere Pflegehinweise finden Sie unter:\u00a0<a href=\"https:\/\/hut-factory.com\/pflegehinweise\/\" target=\"_new\" rel=\"noopener\">Pflegehinweise<\/a>.<\/li>\n<li><strong>Ist der Hut f\u00fcr verschiedene Wetterbedingungen geeignet?<\/strong><br \/>\nJa, der Wollmix sch\u00fctzt vor k\u00fchlen Temperaturen und ist leicht wasserabweisend, ideal f\u00fcr Herbst- und Wintertage.<\/li>\n<li><strong>Wie lange dauert der Versand?<\/strong><br \/>\nNach Zahlungseingang wird der Hut innerhalb weniger Tage ab Lager Schweiz versendet.<\/li>\n<li><strong>Wie wird die Exklusivit\u00e4t des Produkts gew\u00e4hrleistet?<\/strong><br \/>\nDer Hut wird in kleiner, limitierter Auflage hergestellt, was ihm eine hohe Exklusivit\u00e4t verleiht.<\/li>\n<\/ol>\n<\/div>\n<\/details>\n<\/div>\n<\/div>","protected":false},"excerpt":{"rendered":"<h3>Bleiben Sie stilvoll \u2013 auch an Regentagen<\/h3>\n<p>Mit dem Regen Damenhut mit Tunnelzug trotzen Sie jedem Regenschauer in modischem Stil. Sch\u00fctzen Sie sich mit einem Hut, der Funktionalit\u00e4t und Eleganz vereint, und setzen Sie ein Zeichen f\u00fcr Qualit\u00e4t und Stilbewusstsein.<\/p>\n","protected":false},"featured_media":10325,"template":"","meta":{"_acf_changed":false,"rs_blank_template":"","rs_page_bg_color":"","slide_template_v7":""},"product_brand":[250],"product_cat":[386,446,260,251,294,321,275,253],"product_tag":[],"class_list":{"0":"post-10323","1":"product","2":"type-product","3":"status-publish","4":"has-post-thumbnail","6":"product_brand-risa-hutwerkstatt-schweiz","7":"product_cat-bucket-winterhuete","8":"product_cat-cloche-sommerhuete","9":"product_cat-damen-all-saison-huete","10":"product_cat-huete-all-saison-huete","11":"product_cat-regen-all-saison-huete","12":"product_cat-regen-sommerhuete","13":"product_cat-sommerhuete","14":"product_cat-winterhuete","15":"product_shipping_class-mittlere-pakete","16":"pa_color-marine","17":"pa_color-schwarz","18":"pa_groesse-56-55-56","19":"pa_groesse-58-57-58","20":"yith_product_brand-risa-hutwerkstatt-schweiz","23":"instock","24":"taxable","25":"shipping-taxable","26":"purchasable","27":"product-type-variable","28":"wvs-archive-product-wrapper","29":"add-to-wishlist-after_add_to_cart"},"acf":[],"yoast_head":"<!-- This site is optimized with the Yoast SEO Premium plugin v27.3 (Yoast SEO v27.3) - https:\/\/yoast.com\/product\/yoast-seo-premium-wordpress\/ -->\n<title>Regen-Stoffhut mit Tunnelzug \u2013 Stilvoller Schutz bei jedem Wetter<\/title>\n<meta name=\"description\" content=\"Entdecken Sie den Regen-Stoffhut mit Tunnelzug: Ein wasserabweisender Hut aus PL, hergestellt in Italien. Verf\u00fcgbar in Schwarz und Marineblau.\" \/>\n<meta name=\"robots\" content=\"index, follow, max-snippet:-1, max-image-preview:large, max-video-preview:-1\" \/>\n<link rel=\"canonical\" href=\"https:\/\/hutfactory.com\/?product=regen-damenhut-mit-tunnelzug\" \/>\n<meta property=\"og:locale\" content=\"de_DE\" \/>\n<meta property=\"og:type\" content=\"article\" \/>\n<meta property=\"og:title\" content=\"Regen Damenhut mit Tunnelzug\" \/>\n<meta property=\"og:description\" content=\"Entdecken Sie den Regen-Stoffhut mit Tunnelzug: Ein wasserabweisender Hut aus PL, hergestellt in Italien. Verf\u00fcgbar in Schwarz und Marineblau.\" \/>\n<meta property=\"og:url\" content=\"https:\/\/hutfactory.com\/?product=regen-damenhut-mit-tunnelzug\" \/>\n<meta property=\"og:site_name\" content=\"Hut Factory\" \/>\n<meta property=\"article:modified_time\" content=\"2026-02-13T03:57:02+00:00\" \/>\n<meta property=\"og:image\" content=\"https:\/\/hutfactory.com\/wp-content\/uploads\/2026\/02\/82749.alle_.webp\" \/>\n\t<meta property=\"og:image:width\" content=\"2000\" \/>\n\t<meta property=\"og:image:height\" content=\"1500\" \/>\n\t<meta property=\"og:image:type\" content=\"image\/webp\" \/>\n<meta name=\"twitter:card\" content=\"summary_large_image\" \/>\n<meta name=\"twitter:label1\" content=\"Gesch\u00e4tzte Lesezeit\" \/>\n\t<meta name=\"twitter:data1\" content=\"2\u00a0Minuten\" \/>\n<script type=\"application\/ld+json\" class=\"yoast-schema-graph\">{\"@context\":\"https:\\\/\\\/schema.org\",\"@graph\":[{\"@type\":\"WebPage\",\"@id\":\"https:\\\/\\\/hutfactory.com\\\/?product=regen-damenhut-mit-tunnelzug\",\"url\":\"https:\\\/\\\/hutfactory.com\\\/?product=regen-damenhut-mit-tunnelzug\",\"name\":\"Regen-Stoffhut mit Tunnelzug \u2013 Stilvoller Schutz bei jedem Wetter\",\"isPartOf\":{\"@id\":\"https:\\\/\\\/hutfactory.com\\\/#website\"},\"primaryImageOfPage\":{\"@id\":\"https:\\\/\\\/hutfactory.com\\\/?product=regen-damenhut-mit-tunnelzug#primaryimage\"},\"image\":{\"@id\":\"https:\\\/\\\/hutfactory.com\\\/?product=regen-damenhut-mit-tunnelzug#primaryimage\"},\"thumbnailUrl\":\"https:\\\/\\\/hutfactory.com\\\/wp-content\\\/uploads\\\/2026\\\/02\\\/82749.alle_.webp\",\"datePublished\":\"2026-02-09T13:29:10+00:00\",\"dateModified\":\"2026-02-13T03:57:02+00:00\",\"description\":\"Entdecken Sie den Regen-Stoffhut mit Tunnelzug: Ein wasserabweisender Hut aus PL, hergestellt in Italien. Verf\u00fcgbar in Schwarz und Marineblau.\",\"breadcrumb\":{\"@id\":\"https:\\\/\\\/hutfactory.com\\\/?product=regen-damenhut-mit-tunnelzug#breadcrumb\"},\"inLanguage\":\"de\",\"potentialAction\":[{\"@type\":\"ReadAction\",\"target\":[\"https:\\\/\\\/hutfactory.com\\\/?product=regen-damenhut-mit-tunnelzug\"]}]},{\"@type\":\"ImageObject\",\"inLanguage\":\"de\",\"@id\":\"https:\\\/\\\/hutfactory.com\\\/?product=regen-damenhut-mit-tunnelzug#primaryimage\",\"url\":\"https:\\\/\\\/hutfactory.com\\\/wp-content\\\/uploads\\\/2026\\\/02\\\/82749.alle_.webp\",\"contentUrl\":\"https:\\\/\\\/hutfactory.com\\\/wp-content\\\/uploads\\\/2026\\\/02\\\/82749.alle_.webp\",\"width\":2000,\"height\":1500,\"caption\":\"||\"},{\"@type\":\"BreadcrumbList\",\"@id\":\"https:\\\/\\\/hutfactory.com\\\/?product=regen-damenhut-mit-tunnelzug#breadcrumb\",\"itemListElement\":[{\"@type\":\"ListItem\",\"position\":1,\"name\":\"Start\",\"item\":\"https:\\\/\\\/hutfactory.com\\\/\"},{\"@type\":\"ListItem\",\"position\":2,\"name\":\"Shop\",\"item\":\"https:\\\/\\\/hutfactory.com\\\/?page_id=10\"},{\"@type\":\"ListItem\",\"position\":3,\"name\":\"Regen Damenhut mit Tunnelzug\"}]},{\"@type\":\"WebSite\",\"@id\":\"https:\\\/\\\/hutfactory.com\\\/#website\",\"url\":\"https:\\\/\\\/hutfactory.com\\\/\",\"name\":\"Hut Factory\",\"description\":\"H\u00fcte, Kappen &amp; M\u00fctzen in Top Swiss\\\/EU Qualit\u00e4t\",\"publisher\":{\"@id\":\"https:\\\/\\\/hutfactory.com\\\/#organization\"},\"alternateName\":\"Hut Shop\",\"potentialAction\":[{\"@type\":\"SearchAction\",\"target\":{\"@type\":\"EntryPoint\",\"urlTemplate\":\"https:\\\/\\\/hutfactory.com\\\/?s={search_term_string}\"},\"query-input\":{\"@type\":\"PropertyValueSpecification\",\"valueRequired\":true,\"valueName\":\"search_term_string\"}}],\"inLanguage\":\"de\"},{\"@type\":\"Organization\",\"@id\":\"https:\\\/\\\/hutfactory.com\\\/#organization\",\"name\":\"Hut Factory\",\"url\":\"https:\\\/\\\/hutfactory.com\\\/\",\"logo\":{\"@type\":\"ImageObject\",\"inLanguage\":\"de\",\"@id\":\"https:\\\/\\\/hutfactory.com\\\/#\\\/schema\\\/logo\\\/image\\\/\",\"url\":\"https:\\\/\\\/hutfactory.com\\\/wp-content\\\/uploads\\\/2026\\\/01\\\/Logo-hut-factory-1.webp\",\"contentUrl\":\"https:\\\/\\\/hutfactory.com\\\/wp-content\\\/uploads\\\/2026\\\/01\\\/Logo-hut-factory-1.webp\",\"width\":300,\"height\":262,\"caption\":\"Hut Factory\"},\"image\":{\"@id\":\"https:\\\/\\\/hutfactory.com\\\/#\\\/schema\\\/logo\\\/image\\\/\"}}]}<\/script>\n<!-- \/ Yoast SEO Premium plugin. -->","yoast_head_json":{"title":"Regen-Stoffhut mit Tunnelzug \u2013 Stilvoller Schutz bei jedem Wetter","description":"Entdecken Sie den Regen-Stoffhut mit Tunnelzug: Ein wasserabweisender Hut aus PL, hergestellt in Italien. Verf\u00fcgbar in Schwarz und Marineblau.","robots":{"index":"index","follow":"follow","max-snippet":"max-snippet:-1","max-image-preview":"max-image-preview:large","max-video-preview":"max-video-preview:-1"},"canonical":"https:\/\/hutfactory.com\/?product=regen-damenhut-mit-tunnelzug","og_locale":"de_DE","og_type":"article","og_title":"Regen Damenhut mit Tunnelzug","og_description":"Entdecken Sie den Regen-Stoffhut mit Tunnelzug: Ein wasserabweisender Hut aus PL, hergestellt in Italien. Verf\u00fcgbar in Schwarz und Marineblau.","og_url":"https:\/\/hutfactory.com\/?product=regen-damenhut-mit-tunnelzug","og_site_name":"Hut Factory","article_modified_time":"2026-02-13T03:57:02+00:00","og_image":[{"width":2000,"height":1500,"url":"https:\/\/hutfactory.com\/wp-content\/uploads\/2026\/02\/82749.alle_.webp","type":"image\/webp"}],"twitter_card":"summary_large_image","twitter_misc":{"Gesch\u00e4tzte Lesezeit":"2\u00a0Minuten"},"schema":{"@context":"https:\/\/schema.org","@graph":[{"@type":"WebPage","@id":"https:\/\/hutfactory.com\/?product=regen-damenhut-mit-tunnelzug","url":"https:\/\/hutfactory.com\/?product=regen-damenhut-mit-tunnelzug","name":"Regen-Stoffhut mit Tunnelzug \u2013 Stilvoller Schutz bei jedem Wetter","isPartOf":{"@id":"https:\/\/hutfactory.com\/#website"},"primaryImageOfPage":{"@id":"https:\/\/hutfactory.com\/?product=regen-damenhut-mit-tunnelzug#primaryimage"},"image":{"@id":"https:\/\/hutfactory.com\/?product=regen-damenhut-mit-tunnelzug#primaryimage"},"thumbnailUrl":"https:\/\/hutfactory.com\/wp-content\/uploads\/2026\/02\/82749.alle_.webp","datePublished":"2026-02-09T13:29:10+00:00","dateModified":"2026-02-13T03:57:02+00:00","description":"Entdecken Sie den Regen-Stoffhut mit Tunnelzug: Ein wasserabweisender Hut aus PL, hergestellt in Italien. Verf\u00fcgbar in Schwarz und Marineblau.","breadcrumb":{"@id":"https:\/\/hutfactory.com\/?product=regen-damenhut-mit-tunnelzug#breadcrumb"},"inLanguage":"de","potentialAction":[{"@type":"ReadAction","target":["https:\/\/hutfactory.com\/?product=regen-damenhut-mit-tunnelzug"]}]},{"@type":"ImageObject","inLanguage":"de","@id":"https:\/\/hutfactory.com\/?product=regen-damenhut-mit-tunnelzug#primaryimage","url":"https:\/\/hutfactory.com\/wp-content\/uploads\/2026\/02\/82749.alle_.webp","contentUrl":"https:\/\/hutfactory.com\/wp-content\/uploads\/2026\/02\/82749.alle_.webp","width":2000,"height":1500,"caption":"||"},{"@type":"BreadcrumbList","@id":"https:\/\/hutfactory.com\/?product=regen-damenhut-mit-tunnelzug#breadcrumb","itemListElement":[{"@type":"ListItem","position":1,"name":"Start","item":"https:\/\/hutfactory.com\/"},{"@type":"ListItem","position":2,"name":"Shop","item":"https:\/\/hutfactory.com\/?page_id=10"},{"@type":"ListItem","position":3,"name":"Regen Damenhut mit Tunnelzug"}]},{"@type":"WebSite","@id":"https:\/\/hutfactory.com\/#website","url":"https:\/\/hutfactory.com\/","name":"Hut Factory","description":"H\u00fcte, Kappen &amp; M\u00fctzen in Top Swiss\/EU Qualit\u00e4t","publisher":{"@id":"https:\/\/hutfactory.com\/#organization"},"alternateName":"Hut Shop","potentialAction":[{"@type":"SearchAction","target":{"@type":"EntryPoint","urlTemplate":"https:\/\/hutfactory.com\/?s={search_term_string}"},"query-input":{"@type":"PropertyValueSpecification","valueRequired":true,"valueName":"search_term_string"}}],"inLanguage":"de"},{"@type":"Organization","@id":"https:\/\/hutfactory.com\/#organization","name":"Hut Factory","url":"https:\/\/hutfactory.com\/","logo":{"@type":"ImageObject","inLanguage":"de","@id":"https:\/\/hutfactory.com\/#\/schema\/logo\/image\/","url":"https:\/\/hutfactory.com\/wp-content\/uploads\/2026\/01\/Logo-hut-factory-1.webp","contentUrl":"https:\/\/hutfactory.com\/wp-content\/uploads\/2026\/01\/Logo-hut-factory-1.webp","width":300,"height":262,"caption":"Hut Factory"},"image":{"@id":"https:\/\/hutfactory.com\/#\/schema\/logo\/image\/"}}]}},"_links":{"self":[{"href":"https:\/\/hutfactory.com\/index.php?rest_route=\/wp\/v2\/product\/10323","targetHints":{"allow":["GET"]}}],"collection":[{"href":"https:\/\/hutfactory.com\/index.php?rest_route=\/wp\/v2\/product"}],"about":[{"href":"https:\/\/hutfactory.com\/index.php?rest_route=\/wp\/v2\/types\/product"}],"wp:featuredmedia":[{"embeddable":true,"href":"https:\/\/hutfactory.com\/index.php?rest_route=\/wp\/v2\/media\/10325"}],"wp:attachment":[{"href":"https:\/\/hutfactory.com\/index.php?rest_route=%2Fwp%2Fv2%2Fmedia&parent=10323"}],"wp:term":[{"taxonomy":"product_brand","embeddable":true,"href":"https:\/\/hutfactory.com\/index.php?rest_route=%2Fwp%2Fv2%2Fproduct_brand&post=10323"},{"taxonomy":"product_cat","embeddable":true,"href":"https:\/\/hutfactory.com\/index.php?rest_route=%2Fwp%2Fv2%2Fproduct_cat&post=10323"},{"taxonomy":"product_tag","embeddable":true,"href":"https:\/\/hutfactory.com\/index.php?rest_route=%2Fwp%2Fv2%2Fproduct_tag&post=10323"}],"curies":[{"name":"wp","href":"https:\/\/api.w.org\/{rel}","templated":true}]}}