{"id":10302,"date":"2026-02-09T13:29:10","date_gmt":"2026-02-09T13:29:10","guid":{"rendered":"https:\/\/hutfactory.com\/?product=allwetterhut-fuer-jede-jahreszeit"},"modified":"2026-02-13T02:58:01","modified_gmt":"2026-02-13T02:58:01","slug":"allwetterhut-fuer-jede-jahreszeit","status":"publish","type":"product","link":"https:\/\/hutfactory.com\/?product=allwetterhut-fuer-jede-jahreszeit","title":{"rendered":"Allwetterhut f\u00fcr jede Jahreszeit"},"content":{"rendered":"<h4>Der Allwetterhut \u2013 Handwerkskunst trifft auf Exklusivit\u00e4t<\/h4>\n<p>Der Hut Schweiz ist ein Meisterwerk der Schweizer Handwerkskunst. Gefertigt aus 100% hochwertigem Wollfilz, besticht er durch seine gro\u00dfz\u00fcgige Randbreite von 9.5 cm und eine beeindruckende Kopfh\u00f6he von 12.5 cm. Die Kombination aus edlem Textil und Leder in der Garnitur mit einem stilvollen Metallverschluss verleiht diesem Hut eine unverwechselbare Eleganz.<\/p>\n<p>Jedes Modell wird in der Risa Hutmanufaktur von Hand gefertigt und mit einem sauber eingen\u00e4hten Textilschwei\u00dfband ausgestattet, das f\u00fcr maximalen Tragekomfort sorgt. Egal ob bei einem stilvollen Event oder im Alltag \u2013 dieser Hut ist ein zeitloses Statement f\u00fcr jede Gelegenheit.<\/p>\n<div class=\"hf-accordions\">\n<hr class=\"hf-accordion-separator\" \/>\n<details class=\"hf-accordion\">\n<summary><strong>\u25b6\ufe0f Gut zu wissen \u2013 mehr erfahren<\/strong><\/summary>\n<div class=\"hf-accordion-content\">\n<h3>Wichtige Produktdetails:<\/h3>\n<h4>Material &amp; Design:<\/h4>\n<ul>\n<li><strong>Material:<\/strong>\u00a0100% Wollfilz<\/li>\n<li><strong>Farben:<\/strong>\u00a0Schwarz<\/li>\n<li><strong>Gr\u00f6\u00dfen:<\/strong>\u00a054-62<\/li>\n<li><strong>Randbreite:<\/strong>\u00a09.5 cm<\/li>\n<li><strong>Kopfh\u00f6he:<\/strong>\u00a012.5 cm<\/li>\n<li><strong>Garnitur:<\/strong>\u00a0Kombination aus Leder und Textil mit Metallverschluss<\/li>\n<li><strong>Schwei\u00dfband:<\/strong>\u00a0Sauber eingen\u00e4htes Textilschwei\u00dfband f\u00fcr angenehmen Tragekomfort<\/li>\n<\/ul>\n<h4>Handwerkskunst &amp; Exklusivit\u00e4t:<\/h4>\n<ul>\n<li><strong>Handgefertigt:<\/strong>\u00a0Jeder Hut wird individuell auf Bestellung gefertigt<\/li>\n<li><strong>Schweizer Tradition:<\/strong>\u00a0Hergestellt in der renommierten Risa Hutmanufaktur<\/li>\n<li><strong>Limitierte Auflage:<\/strong>\u00a0Hergestellt in limitierter St\u00fcckzahl f\u00fcr exklusive Kundschaft<\/li>\n<\/ul>\n<h4>Herstellung:<\/h4>\n<ul>\n<li><strong>Produktionsort:<\/strong>\u00a0Schweiz, Risa Hutmanufaktur<\/li>\n<li><strong>Herstellungszeit:<\/strong>\u00a010 bis 15 Arbeitstage nach Zahlungseingang<\/li>\n<\/ul>\n<h4>Lieferbedingungen:<\/h4>\n<ul>\n<li><strong>Versand:<\/strong>\u00a0Der Versand erfolgt innerhalb weniger Tage nach Herstellung<\/li>\n<li><strong>Garantie:<\/strong>\u00a0Umtausch nur bei Material- oder Herstellungsfehlern m\u00f6glich<\/li>\n<li><strong>Verf\u00fcgbarkeit:<\/strong>\u00a0Limitierte Auflage, Abverkauf des Rohmaterials vorbehalten<\/li>\n<\/ul>\n<\/div>\n<\/details>\n<details class=\"hf-accordion\">\n<summary><strong>\u25b6\ufe0f FAQ \u2013 H\u00e4ufige Fragen<\/strong><\/summary>\n<div class=\"hf-accordion-content\">\n<h3>FAQ (H\u00e4ufige Fragen und Antworten):<\/h3>\n<ol>\n<li><strong>Kann ich den Hut umtauschen, falls er nicht passt?<\/strong><br \/>\nEin Umtausch ist nur bei Material- oder Herstellungsfehlern m\u00f6glich, da es sich um eine Sonderanfertigung handelt.<\/li>\n<li><strong>Wie lange dauert die Fertigung?<\/strong><br \/>\nDie Herstellung dauert in der Regel 10 bis 15 Arbeitstage nach Zahlungseingang.<\/li>\n<li><strong>Ist der Hut f\u00fcr besondere Anl\u00e4sse geeignet?<\/strong><br \/>\nJa, der Hut Schweiz ist sowohl f\u00fcr besondere Anl\u00e4sse als auch f\u00fcr den eleganten Alltagslook geeignet.<\/li>\n<li><strong>Wie pflege ich den Hut richtig?<\/strong><br \/>\nVerwenden Sie eine weiche B\u00fcrste zur Reinigung und bewahren Sie den Hut an einem trockenen Ort auf, um die Form zu erhalten.<\/li>\n<li><strong>Wie sch\u00fctze ich den Hut vor Feuchtigkeit?<\/strong><br \/>\nDer Hut ist aus hochwertigem Wollfilz, der bei leichtem Regen Schutz bietet. Bei starkem Regen sollte der Hut trocken getupft werden.<\/li>\n<\/ol>\n<\/div>\n<\/details>\n<\/div>\n","protected":false},"excerpt":{"rendered":"<h4>Setzen Sie ein stilvolles Statement f\u00fcr jedes Wetter<\/h4>\n<p>Der Allwetter Hut ist mehr als ein modisches Accessoire \u2013 er ist Ausdruck von Stil bei jedem Wetter und Handwerkskunst. Sichern Sie sich jetzt diesen handgefertigten Filzhut in limitierter Auflage und erleben Sie die Exklusivit\u00e4t Schweizer Qualit\u00e4t!<\/p>\n","protected":false},"featured_media":10304,"template":"","meta":{"_acf_changed":false,"rs_blank_template":"","rs_page_bg_color":"","slide_template_v7":""},"product_brand":[250],"product_cat":[252,251,254,294,256,253],"product_tag":[],"class_list":{"0":"post-10302","1":"product","2":"type-product","3":"status-publish","4":"has-post-thumbnail","6":"product_brand-risa-hutwerkstatt-schweiz","7":"product_cat-country-all-saison-huete","8":"product_cat-huete-all-saison-huete","9":"product_cat-outdoor-winterhuete","10":"product_cat-regen-all-saison-huete","11":"product_cat-jaeger-winterhuete","12":"product_cat-winterhuete","13":"product_shipping_class-mittlere-pakete","14":"pa_color-schwarz","15":"pa_groesse-206","16":"pa_groesse-196","17":"pa_groesse-207","18":"pa_groesse-197","19":"pa_groesse-208","20":"pa_groesse-198","21":"pa_groesse-209","22":"pa_groesse-199","23":"pa_groesse-210","24":"yith_product_brand-risa-hutwerkstatt-schweiz","27":"instock","28":"taxable","29":"shipping-taxable","30":"purchasable","31":"product-type-variable","32":"wvs-archive-product-wrapper","33":"add-to-wishlist-after_add_to_cart"},"acf":[],"yoast_head":"<!-- This site is optimized with the Yoast SEO Premium plugin v27.3 (Yoast SEO v27.3) - https:\/\/yoast.com\/product\/yoast-seo-premium-wordpress\/ -->\n<title>Allwetterhut f\u00fcr jede Jahreszeit - Unisex Fedora<\/title>\n<meta name=\"description\" content=\"Entdecken Sie den stilvollen und nachhaltigen Fedora aus 100% Wollfilz, handgefertigt in der Schweiz. Perfekter Schutz und Eleganz f\u00fcr jede Jahreszeit.\" \/>\n<meta name=\"robots\" content=\"index, follow, max-snippet:-1, max-image-preview:large, max-video-preview:-1\" \/>\n<link rel=\"canonical\" href=\"https:\/\/hutfactory.com\/?product=allwetterhut-fuer-jede-jahreszeit\" \/>\n<meta property=\"og:locale\" content=\"de_DE\" \/>\n<meta property=\"og:type\" content=\"article\" \/>\n<meta property=\"og:title\" content=\"Allwetterhut f\u00fcr jede Jahreszeit\" \/>\n<meta property=\"og:description\" content=\"Entdecken Sie den stilvollen und nachhaltigen Fedora aus 100% Wollfilz, handgefertigt in der Schweiz. Perfekter Schutz und Eleganz f\u00fcr jede Jahreszeit.\" \/>\n<meta property=\"og:url\" content=\"https:\/\/hutfactory.com\/?product=allwetterhut-fuer-jede-jahreszeit\" \/>\n<meta property=\"og:site_name\" content=\"Hut Factory\" \/>\n<meta property=\"article:modified_time\" content=\"2026-02-13T02:58:01+00:00\" \/>\n<meta property=\"og:image\" content=\"https:\/\/hutfactory.com\/wp-content\/uploads\/2026\/02\/72005050.1-7.webp\" \/>\n\t<meta property=\"og:image:width\" content=\"2016\" \/>\n\t<meta property=\"og:image:height\" content=\"1512\" \/>\n\t<meta property=\"og:image:type\" content=\"image\/webp\" \/>\n<meta name=\"twitter:card\" content=\"summary_large_image\" \/>\n<meta name=\"twitter:label1\" content=\"Gesch\u00e4tzte Lesezeit\" \/>\n\t<meta name=\"twitter:data1\" content=\"3\u00a0Minuten\" \/>\n<script type=\"application\/ld+json\" class=\"yoast-schema-graph\">{\"@context\":\"https:\\\/\\\/schema.org\",\"@graph\":[{\"@type\":\"WebPage\",\"@id\":\"https:\\\/\\\/hutfactory.com\\\/?product=allwetterhut-fuer-jede-jahreszeit\",\"url\":\"https:\\\/\\\/hutfactory.com\\\/?product=allwetterhut-fuer-jede-jahreszeit\",\"name\":\"Allwetterhut f\u00fcr jede Jahreszeit - Unisex Fedora\",\"isPartOf\":{\"@id\":\"https:\\\/\\\/hutfactory.com\\\/#website\"},\"primaryImageOfPage\":{\"@id\":\"https:\\\/\\\/hutfactory.com\\\/?product=allwetterhut-fuer-jede-jahreszeit#primaryimage\"},\"image\":{\"@id\":\"https:\\\/\\\/hutfactory.com\\\/?product=allwetterhut-fuer-jede-jahreszeit#primaryimage\"},\"thumbnailUrl\":\"https:\\\/\\\/hutfactory.com\\\/wp-content\\\/uploads\\\/2026\\\/02\\\/72005050.1-7.webp\",\"datePublished\":\"2026-02-09T13:29:10+00:00\",\"dateModified\":\"2026-02-13T02:58:01+00:00\",\"description\":\"Entdecken Sie den stilvollen und nachhaltigen Fedora aus 100% Wollfilz, handgefertigt in der Schweiz. Perfekter Schutz und Eleganz f\u00fcr jede Jahreszeit.\",\"breadcrumb\":{\"@id\":\"https:\\\/\\\/hutfactory.com\\\/?product=allwetterhut-fuer-jede-jahreszeit#breadcrumb\"},\"inLanguage\":\"de\",\"potentialAction\":[{\"@type\":\"ReadAction\",\"target\":[\"https:\\\/\\\/hutfactory.com\\\/?product=allwetterhut-fuer-jede-jahreszeit\"]}]},{\"@type\":\"ImageObject\",\"inLanguage\":\"de\",\"@id\":\"https:\\\/\\\/hutfactory.com\\\/?product=allwetterhut-fuer-jede-jahreszeit#primaryimage\",\"url\":\"https:\\\/\\\/hutfactory.com\\\/wp-content\\\/uploads\\\/2026\\\/02\\\/72005050.1-7.webp\",\"contentUrl\":\"https:\\\/\\\/hutfactory.com\\\/wp-content\\\/uploads\\\/2026\\\/02\\\/72005050.1-7.webp\",\"width\":2016,\"height\":1512,\"caption\":\"|||\"},{\"@type\":\"BreadcrumbList\",\"@id\":\"https:\\\/\\\/hutfactory.com\\\/?product=allwetterhut-fuer-jede-jahreszeit#breadcrumb\",\"itemListElement\":[{\"@type\":\"ListItem\",\"position\":1,\"name\":\"Start\",\"item\":\"https:\\\/\\\/hutfactory.com\\\/\"},{\"@type\":\"ListItem\",\"position\":2,\"name\":\"Shop\",\"item\":\"https:\\\/\\\/hutfactory.com\\\/?page_id=10\"},{\"@type\":\"ListItem\",\"position\":3,\"name\":\"Allwetterhut f\u00fcr jede Jahreszeit\"}]},{\"@type\":\"WebSite\",\"@id\":\"https:\\\/\\\/hutfactory.com\\\/#website\",\"url\":\"https:\\\/\\\/hutfactory.com\\\/\",\"name\":\"Hut Factory\",\"description\":\"H\u00fcte, Kappen &amp; M\u00fctzen in Top Swiss\\\/EU Qualit\u00e4t\",\"publisher\":{\"@id\":\"https:\\\/\\\/hutfactory.com\\\/#organization\"},\"alternateName\":\"Hut Shop\",\"potentialAction\":[{\"@type\":\"SearchAction\",\"target\":{\"@type\":\"EntryPoint\",\"urlTemplate\":\"https:\\\/\\\/hutfactory.com\\\/?s={search_term_string}\"},\"query-input\":{\"@type\":\"PropertyValueSpecification\",\"valueRequired\":true,\"valueName\":\"search_term_string\"}}],\"inLanguage\":\"de\"},{\"@type\":\"Organization\",\"@id\":\"https:\\\/\\\/hutfactory.com\\\/#organization\",\"name\":\"Hut Factory\",\"url\":\"https:\\\/\\\/hutfactory.com\\\/\",\"logo\":{\"@type\":\"ImageObject\",\"inLanguage\":\"de\",\"@id\":\"https:\\\/\\\/hutfactory.com\\\/#\\\/schema\\\/logo\\\/image\\\/\",\"url\":\"https:\\\/\\\/hutfactory.com\\\/wp-content\\\/uploads\\\/2026\\\/01\\\/Logo-hut-factory-1.webp\",\"contentUrl\":\"https:\\\/\\\/hutfactory.com\\\/wp-content\\\/uploads\\\/2026\\\/01\\\/Logo-hut-factory-1.webp\",\"width\":300,\"height\":262,\"caption\":\"Hut Factory\"},\"image\":{\"@id\":\"https:\\\/\\\/hutfactory.com\\\/#\\\/schema\\\/logo\\\/image\\\/\"}}]}<\/script>\n<!-- \/ Yoast SEO Premium plugin. -->","yoast_head_json":{"title":"Allwetterhut f\u00fcr jede Jahreszeit - Unisex Fedora","description":"Entdecken Sie den stilvollen und nachhaltigen Fedora aus 100% Wollfilz, handgefertigt in der Schweiz. Perfekter Schutz und Eleganz f\u00fcr jede Jahreszeit.","robots":{"index":"index","follow":"follow","max-snippet":"max-snippet:-1","max-image-preview":"max-image-preview:large","max-video-preview":"max-video-preview:-1"},"canonical":"https:\/\/hutfactory.com\/?product=allwetterhut-fuer-jede-jahreszeit","og_locale":"de_DE","og_type":"article","og_title":"Allwetterhut f\u00fcr jede Jahreszeit","og_description":"Entdecken Sie den stilvollen und nachhaltigen Fedora aus 100% Wollfilz, handgefertigt in der Schweiz. Perfekter Schutz und Eleganz f\u00fcr jede Jahreszeit.","og_url":"https:\/\/hutfactory.com\/?product=allwetterhut-fuer-jede-jahreszeit","og_site_name":"Hut Factory","article_modified_time":"2026-02-13T02:58:01+00:00","og_image":[{"width":2016,"height":1512,"url":"https:\/\/hutfactory.com\/wp-content\/uploads\/2026\/02\/72005050.1-7.webp","type":"image\/webp"}],"twitter_card":"summary_large_image","twitter_misc":{"Gesch\u00e4tzte Lesezeit":"3\u00a0Minuten"},"schema":{"@context":"https:\/\/schema.org","@graph":[{"@type":"WebPage","@id":"https:\/\/hutfactory.com\/?product=allwetterhut-fuer-jede-jahreszeit","url":"https:\/\/hutfactory.com\/?product=allwetterhut-fuer-jede-jahreszeit","name":"Allwetterhut f\u00fcr jede Jahreszeit - Unisex Fedora","isPartOf":{"@id":"https:\/\/hutfactory.com\/#website"},"primaryImageOfPage":{"@id":"https:\/\/hutfactory.com\/?product=allwetterhut-fuer-jede-jahreszeit#primaryimage"},"image":{"@id":"https:\/\/hutfactory.com\/?product=allwetterhut-fuer-jede-jahreszeit#primaryimage"},"thumbnailUrl":"https:\/\/hutfactory.com\/wp-content\/uploads\/2026\/02\/72005050.1-7.webp","datePublished":"2026-02-09T13:29:10+00:00","dateModified":"2026-02-13T02:58:01+00:00","description":"Entdecken Sie den stilvollen und nachhaltigen Fedora aus 100% Wollfilz, handgefertigt in der Schweiz. Perfekter Schutz und Eleganz f\u00fcr jede Jahreszeit.","breadcrumb":{"@id":"https:\/\/hutfactory.com\/?product=allwetterhut-fuer-jede-jahreszeit#breadcrumb"},"inLanguage":"de","potentialAction":[{"@type":"ReadAction","target":["https:\/\/hutfactory.com\/?product=allwetterhut-fuer-jede-jahreszeit"]}]},{"@type":"ImageObject","inLanguage":"de","@id":"https:\/\/hutfactory.com\/?product=allwetterhut-fuer-jede-jahreszeit#primaryimage","url":"https:\/\/hutfactory.com\/wp-content\/uploads\/2026\/02\/72005050.1-7.webp","contentUrl":"https:\/\/hutfactory.com\/wp-content\/uploads\/2026\/02\/72005050.1-7.webp","width":2016,"height":1512,"caption":"|||"},{"@type":"BreadcrumbList","@id":"https:\/\/hutfactory.com\/?product=allwetterhut-fuer-jede-jahreszeit#breadcrumb","itemListElement":[{"@type":"ListItem","position":1,"name":"Start","item":"https:\/\/hutfactory.com\/"},{"@type":"ListItem","position":2,"name":"Shop","item":"https:\/\/hutfactory.com\/?page_id=10"},{"@type":"ListItem","position":3,"name":"Allwetterhut f\u00fcr jede Jahreszeit"}]},{"@type":"WebSite","@id":"https:\/\/hutfactory.com\/#website","url":"https:\/\/hutfactory.com\/","name":"Hut Factory","description":"H\u00fcte, Kappen &amp; M\u00fctzen in Top Swiss\/EU Qualit\u00e4t","publisher":{"@id":"https:\/\/hutfactory.com\/#organization"},"alternateName":"Hut Shop","potentialAction":[{"@type":"SearchAction","target":{"@type":"EntryPoint","urlTemplate":"https:\/\/hutfactory.com\/?s={search_term_string}"},"query-input":{"@type":"PropertyValueSpecification","valueRequired":true,"valueName":"search_term_string"}}],"inLanguage":"de"},{"@type":"Organization","@id":"https:\/\/hutfactory.com\/#organization","name":"Hut Factory","url":"https:\/\/hutfactory.com\/","logo":{"@type":"ImageObject","inLanguage":"de","@id":"https:\/\/hutfactory.com\/#\/schema\/logo\/image\/","url":"https:\/\/hutfactory.com\/wp-content\/uploads\/2026\/01\/Logo-hut-factory-1.webp","contentUrl":"https:\/\/hutfactory.com\/wp-content\/uploads\/2026\/01\/Logo-hut-factory-1.webp","width":300,"height":262,"caption":"Hut Factory"},"image":{"@id":"https:\/\/hutfactory.com\/#\/schema\/logo\/image\/"}}]}},"_links":{"self":[{"href":"https:\/\/hutfactory.com\/index.php?rest_route=\/wp\/v2\/product\/10302","targetHints":{"allow":["GET"]}}],"collection":[{"href":"https:\/\/hutfactory.com\/index.php?rest_route=\/wp\/v2\/product"}],"about":[{"href":"https:\/\/hutfactory.com\/index.php?rest_route=\/wp\/v2\/types\/product"}],"wp:featuredmedia":[{"embeddable":true,"href":"https:\/\/hutfactory.com\/index.php?rest_route=\/wp\/v2\/media\/10304"}],"wp:attachment":[{"href":"https:\/\/hutfactory.com\/index.php?rest_route=%2Fwp%2Fv2%2Fmedia&parent=10302"}],"wp:term":[{"taxonomy":"product_brand","embeddable":true,"href":"https:\/\/hutfactory.com\/index.php?rest_route=%2Fwp%2Fv2%2Fproduct_brand&post=10302"},{"taxonomy":"product_cat","embeddable":true,"href":"https:\/\/hutfactory.com\/index.php?rest_route=%2Fwp%2Fv2%2Fproduct_cat&post=10302"},{"taxonomy":"product_tag","embeddable":true,"href":"https:\/\/hutfactory.com\/index.php?rest_route=%2Fwp%2Fv2%2Fproduct_tag&post=10302"}],"curies":[{"name":"wp","href":"https:\/\/api.w.org\/{rel}","templated":true}]}}