{"id":10293,"date":"2026-02-09T13:29:10","date_gmt":"2026-02-09T13:29:10","guid":{"rendered":"https:\/\/hutfactory.com\/?product=jodler-hut-haarfilz-velours"},"modified":"2026-02-11T13:41:47","modified_gmt":"2026-02-11T13:41:47","slug":"jodler-hut-haarfilz-velours","status":"publish","type":"product","link":"https:\/\/hutfactory.com\/?product=jodler-hut-haarfilz-velours","title":{"rendered":"Jodler Hut Haarfilz Velours"},"content":{"rendered":"<h4>Tradition \u2013 Der Inbegriff schweizerischer Handwerkskunst<\/h4>\n<p>Der Jodler Hut aus hochwertigem Haarfilz Velours ist ein stilvoller Begleiter f\u00fcr alle, die die Tradition des Schweizer Jodelns mit einem Hauch von Eleganz tragen m\u00f6chten. Die weiche Velours-Oberfl\u00e4che verleiht dem Hut eine luxuri\u00f6se Haptik und ein edles Erscheinungsbild. Mit einer Randbreite von 5 cm und einer Kopfh\u00f6he von 7 cm hat dieser Hut eine klassische Form, die zu jeder Gelegenheit passt. Das in Schwarz und Dunkelbraun erh\u00e4ltliche Modell ist mit einem traditionellen Hutband aus Rebs mit Schleife verziert und besitzt ein hochwertiges Leder-Schwei\u00dfband f\u00fcr maximalen Tragekomfort. Jeder Hut wird in der renommierten Schweizer Hutmanufaktur Risa auf Bestellung von Hand gefertigt, was die Exklusivit\u00e4t und den hohen Qualit\u00e4tsanspruch unterstreicht.<\/p>\n<div class=\"hf-accordions\">\n<hr class=\"hf-accordion-separator\" \/>\n<details class=\"hf-accordion\">\n<summary><strong>\u25b6\ufe0f Gut zu wissen \u2013 mehr erfahren<\/strong><\/summary>\n<div class=\"hf-accordion-content\">\n<h3>Wichtige Produktdetails:<\/h3>\n<h4>Material &amp; Design:<\/h4>\n<ul>\n<li><strong>Materialzusammensetzung:<\/strong>\u00a0100% Haarfilz Velours<\/li>\n<li><strong>Farben:<\/strong>\u00a0Schwarz, Dunkelbraun<\/li>\n<li><strong>Gr\u00f6\u00dfen:<\/strong>\u00a054-62<\/li>\n<li><strong>Randbreite:<\/strong>\u00a05 cm<\/li>\n<li><strong>Kopfh\u00f6he:<\/strong>\u00a07 cm<\/li>\n<li><strong>Garnitur:<\/strong>\u00a0Hutband aus Rebs mit Schleife<\/li>\n<\/ul>\n<h4>Handwerkskunst &amp; Exklusivit\u00e4t:<\/h4>\n<ul>\n<li><strong>Handarbeit:<\/strong>\u00a0Jeder Hut wird in der Schweizer Hutmanufaktur Risa von Hand gefertigt<\/li>\n<li><strong>Exklusivit\u00e4t:<\/strong>\u00a0Individuelle Anfertigung und limitierte Verf\u00fcgbarkeit<\/li>\n<li><strong>Schweizer Qualit\u00e4t:<\/strong>\u00a0Traditionelle Herstellung auf h\u00f6chstem Niveau<\/li>\n<\/ul>\n<h4>Herstellung:<\/h4>\n<ul>\n<li><strong>Produktionsort:<\/strong>\u00a0Handgefertigt in der Risa Hutmanufaktur, Schweiz<\/li>\n<li><strong>Herstellungszeit:<\/strong>\u00a0Versandbereit innerhalb 10 bis 15 Arbeitstagen nach Zahlungseingang<\/li>\n<\/ul>\n<h4>Lieferbedingungen:<\/h4>\n<ul>\n<li><strong>Versand:<\/strong>\u00a0Versand innerhalb weniger Tage ab Lager Schweiz<\/li>\n<li><strong>Garantie:<\/strong>\u00a0Umtausch nur bei Material- oder Herstellungsfehlern m\u00f6glich<\/li>\n<li><strong>Verf\u00fcgbarkeit:<\/strong>\u00a0Limitierte Auflage, Zwischenverkauf vorbehalten<\/li>\n<\/ul>\n<\/div>\n<\/details>\n<details class=\"hf-accordion\">\n<summary><strong>\u25b6\ufe0f FAQ \u2013 H\u00e4ufige Fragen<\/strong><\/summary>\n<div class=\"hf-accordion-content\">\n<h3>FAQ (H\u00e4ufige Fragen und Antworten):<\/h3>\n<ol>\n<li><strong>Ist der Jodler Hut wetterfest?<\/strong><br \/>\nDer Hut ist aus hochwertigem Haarfilz gefertigt, jedoch empfehlen wir, ihn bei starkem Regen zu sch\u00fctzen.<\/li>\n<li><strong>Welche Gr\u00f6\u00dfen gibt es?<\/strong><br \/>\nDer Jodler Hut ist in den Gr\u00f6\u00dfen 54 bis 62 erh\u00e4ltlich.<\/li>\n<li><strong>Wie pflege ich den Hut?<\/strong><br \/>\nDer Hut sollte regelm\u00e4\u00dfig mit einer weichen B\u00fcrste gereinigt und trocken aufbewahrt werden.<\/li>\n<li><strong>Kann ich den Hut umtauschen?<\/strong><br \/>\nDa der Hut individuell angefertigt wird, ist ein Umtausch nur bei Material- oder Herstellungsfehlern m\u00f6glich.<\/li>\n<li><strong>Wie lange dauert die Herstellung?<\/strong><br \/>\nDie Herstellungszeit betr\u00e4gt etwa 10 bis 15 Arbeitstage nach Zahlungseingang.<\/li>\n<\/ol>\n<\/div>\n<\/details>\n<\/div>\n","protected":false},"excerpt":{"rendered":"<h4>Ein Hauch von Tradition mit moderner Eleganz<\/h4>\n<p>Der Jodler Hut aus Haarfilz Velours vereint Tradition und Handwerkskunst auf exklusive Weise. Sichern Sie sich diesen zeitlosen Klassiker und erleben Sie Schweizer Qualit\u00e4t in Perfektion<\/p>\n","protected":false},"featured_media":10295,"template":"","meta":{"_acf_changed":false,"rs_blank_template":"","rs_page_bg_color":"","slide_template_v7":""},"product_brand":[250],"product_cat":[252,251,372,371,253],"product_tag":[],"class_list":{"0":"post-10293","1":"product","2":"type-product","3":"status-publish","4":"has-post-thumbnail","6":"product_brand-risa-hutwerkstatt-schweiz","7":"product_cat-country-all-saison-huete","8":"product_cat-huete-all-saison-huete","9":"product_cat-schwinger-all-saison-huete","10":"product_cat-trachten-winterhuete","11":"product_cat-winterhuete","12":"product_shipping_class-mittlere-pakete","13":"pa_color-dunkelbraun","14":"pa_color-schwarz","15":"pa_groesse-206","16":"pa_groesse-196","17":"pa_groesse-207","18":"pa_groesse-197","19":"pa_groesse-208","20":"pa_groesse-198","21":"pa_groesse-209","22":"pa_groesse-199","23":"pa_groesse-210","24":"yith_product_brand-risa-hutwerkstatt-schweiz","27":"instock","28":"taxable","29":"shipping-taxable","30":"purchasable","31":"product-type-variable","32":"wvs-archive-product-wrapper","33":"add-to-wishlist-after_add_to_cart"},"acf":[],"yoast_head":"<!-- This site is optimized with the Yoast SEO Premium plugin v27.3 (Yoast SEO v27.3) - https:\/\/yoast.com\/product\/yoast-seo-premium-wordpress\/ -->\n<title>Jodler Hut Haarfilz Velours - Der perfekte Hut f\u00fcr den urbanen Auftritt<\/title>\n<meta name=\"description\" content=\"Der Jodler Hut Velours ist der perfekte Hut f\u00fcr den stilvollen Auftritt. Das klassische Design verleiht er jedem Outfit eine elegante Note.\" \/>\n<meta name=\"robots\" content=\"index, follow, max-snippet:-1, max-image-preview:large, max-video-preview:-1\" \/>\n<link rel=\"canonical\" href=\"https:\/\/hutfactory.com\/?product=jodler-hut-haarfilz-velours\" \/>\n<meta property=\"og:locale\" content=\"de_DE\" \/>\n<meta property=\"og:type\" content=\"article\" \/>\n<meta property=\"og:title\" content=\"Jodler Hut Haarfilz Velours\" \/>\n<meta property=\"og:description\" content=\"Der Jodler Hut Velours ist der perfekte Hut f\u00fcr den stilvollen Auftritt. Das klassische Design verleiht er jedem Outfit eine elegante Note.\" \/>\n<meta property=\"og:url\" content=\"https:\/\/hutfactory.com\/?product=jodler-hut-haarfilz-velours\" \/>\n<meta property=\"og:site_name\" content=\"Hut Factory\" \/>\n<meta property=\"article:modified_time\" content=\"2026-02-11T13:41:47+00:00\" \/>\n<meta property=\"og:image\" content=\"https:\/\/hutfactory.com\/wp-content\/uploads\/2026\/02\/56202810.2.webp\" \/>\n\t<meta property=\"og:image:width\" content=\"1152\" \/>\n\t<meta property=\"og:image:height\" content=\"768\" \/>\n\t<meta property=\"og:image:type\" content=\"image\/webp\" \/>\n<meta name=\"twitter:card\" content=\"summary_large_image\" \/>\n<meta name=\"twitter:label1\" content=\"Gesch\u00e4tzte Lesezeit\" \/>\n\t<meta name=\"twitter:data1\" content=\"2\u00a0Minuten\" \/>\n<script type=\"application\/ld+json\" class=\"yoast-schema-graph\">{\"@context\":\"https:\\\/\\\/schema.org\",\"@graph\":[{\"@type\":\"WebPage\",\"@id\":\"https:\\\/\\\/hutfactory.com\\\/?product=jodler-hut-haarfilz-velours\",\"url\":\"https:\\\/\\\/hutfactory.com\\\/?product=jodler-hut-haarfilz-velours\",\"name\":\"Jodler Hut Haarfilz Velours - Der perfekte Hut f\u00fcr den urbanen Auftritt\",\"isPartOf\":{\"@id\":\"https:\\\/\\\/hutfactory.com\\\/#website\"},\"primaryImageOfPage\":{\"@id\":\"https:\\\/\\\/hutfactory.com\\\/?product=jodler-hut-haarfilz-velours#primaryimage\"},\"image\":{\"@id\":\"https:\\\/\\\/hutfactory.com\\\/?product=jodler-hut-haarfilz-velours#primaryimage\"},\"thumbnailUrl\":\"https:\\\/\\\/hutfactory.com\\\/wp-content\\\/uploads\\\/2026\\\/02\\\/56202810.2.webp\",\"datePublished\":\"2026-02-09T13:29:10+00:00\",\"dateModified\":\"2026-02-11T13:41:47+00:00\",\"description\":\"Der Jodler Hut Velours ist der perfekte Hut f\u00fcr den stilvollen Auftritt. Das klassische Design verleiht er jedem Outfit eine elegante Note.\",\"breadcrumb\":{\"@id\":\"https:\\\/\\\/hutfactory.com\\\/?product=jodler-hut-haarfilz-velours#breadcrumb\"},\"inLanguage\":\"de\",\"potentialAction\":[{\"@type\":\"ReadAction\",\"target\":[\"https:\\\/\\\/hutfactory.com\\\/?product=jodler-hut-haarfilz-velours\"]}]},{\"@type\":\"ImageObject\",\"inLanguage\":\"de\",\"@id\":\"https:\\\/\\\/hutfactory.com\\\/?product=jodler-hut-haarfilz-velours#primaryimage\",\"url\":\"https:\\\/\\\/hutfactory.com\\\/wp-content\\\/uploads\\\/2026\\\/02\\\/56202810.2.webp\",\"contentUrl\":\"https:\\\/\\\/hutfactory.com\\\/wp-content\\\/uploads\\\/2026\\\/02\\\/56202810.2.webp\",\"width\":1152,\"height\":768,\"caption\":\"|||\"},{\"@type\":\"BreadcrumbList\",\"@id\":\"https:\\\/\\\/hutfactory.com\\\/?product=jodler-hut-haarfilz-velours#breadcrumb\",\"itemListElement\":[{\"@type\":\"ListItem\",\"position\":1,\"name\":\"Start\",\"item\":\"https:\\\/\\\/hutfactory.com\\\/\"},{\"@type\":\"ListItem\",\"position\":2,\"name\":\"Shop\",\"item\":\"https:\\\/\\\/hutfactory.com\\\/?page_id=10\"},{\"@type\":\"ListItem\",\"position\":3,\"name\":\"Jodler Hut Haarfilz Velours\"}]},{\"@type\":\"WebSite\",\"@id\":\"https:\\\/\\\/hutfactory.com\\\/#website\",\"url\":\"https:\\\/\\\/hutfactory.com\\\/\",\"name\":\"Hut Factory\",\"description\":\"H\u00fcte, Kappen &amp; M\u00fctzen in Top Swiss\\\/EU Qualit\u00e4t\",\"publisher\":{\"@id\":\"https:\\\/\\\/hutfactory.com\\\/#organization\"},\"alternateName\":\"Hut Shop\",\"potentialAction\":[{\"@type\":\"SearchAction\",\"target\":{\"@type\":\"EntryPoint\",\"urlTemplate\":\"https:\\\/\\\/hutfactory.com\\\/?s={search_term_string}\"},\"query-input\":{\"@type\":\"PropertyValueSpecification\",\"valueRequired\":true,\"valueName\":\"search_term_string\"}}],\"inLanguage\":\"de\"},{\"@type\":\"Organization\",\"@id\":\"https:\\\/\\\/hutfactory.com\\\/#organization\",\"name\":\"Hut Factory\",\"url\":\"https:\\\/\\\/hutfactory.com\\\/\",\"logo\":{\"@type\":\"ImageObject\",\"inLanguage\":\"de\",\"@id\":\"https:\\\/\\\/hutfactory.com\\\/#\\\/schema\\\/logo\\\/image\\\/\",\"url\":\"https:\\\/\\\/hutfactory.com\\\/wp-content\\\/uploads\\\/2026\\\/01\\\/Logo-hut-factory-1.webp\",\"contentUrl\":\"https:\\\/\\\/hutfactory.com\\\/wp-content\\\/uploads\\\/2026\\\/01\\\/Logo-hut-factory-1.webp\",\"width\":300,\"height\":262,\"caption\":\"Hut Factory\"},\"image\":{\"@id\":\"https:\\\/\\\/hutfactory.com\\\/#\\\/schema\\\/logo\\\/image\\\/\"}}]}<\/script>\n<!-- \/ Yoast SEO Premium plugin. -->","yoast_head_json":{"title":"Jodler Hut Haarfilz Velours - Der perfekte Hut f\u00fcr den urbanen Auftritt","description":"Der Jodler Hut Velours ist der perfekte Hut f\u00fcr den stilvollen Auftritt. Das klassische Design verleiht er jedem Outfit eine elegante Note.","robots":{"index":"index","follow":"follow","max-snippet":"max-snippet:-1","max-image-preview":"max-image-preview:large","max-video-preview":"max-video-preview:-1"},"canonical":"https:\/\/hutfactory.com\/?product=jodler-hut-haarfilz-velours","og_locale":"de_DE","og_type":"article","og_title":"Jodler Hut Haarfilz Velours","og_description":"Der Jodler Hut Velours ist der perfekte Hut f\u00fcr den stilvollen Auftritt. Das klassische Design verleiht er jedem Outfit eine elegante Note.","og_url":"https:\/\/hutfactory.com\/?product=jodler-hut-haarfilz-velours","og_site_name":"Hut Factory","article_modified_time":"2026-02-11T13:41:47+00:00","og_image":[{"width":1152,"height":768,"url":"https:\/\/hutfactory.com\/wp-content\/uploads\/2026\/02\/56202810.2.webp","type":"image\/webp"}],"twitter_card":"summary_large_image","twitter_misc":{"Gesch\u00e4tzte Lesezeit":"2\u00a0Minuten"},"schema":{"@context":"https:\/\/schema.org","@graph":[{"@type":"WebPage","@id":"https:\/\/hutfactory.com\/?product=jodler-hut-haarfilz-velours","url":"https:\/\/hutfactory.com\/?product=jodler-hut-haarfilz-velours","name":"Jodler Hut Haarfilz Velours - Der perfekte Hut f\u00fcr den urbanen Auftritt","isPartOf":{"@id":"https:\/\/hutfactory.com\/#website"},"primaryImageOfPage":{"@id":"https:\/\/hutfactory.com\/?product=jodler-hut-haarfilz-velours#primaryimage"},"image":{"@id":"https:\/\/hutfactory.com\/?product=jodler-hut-haarfilz-velours#primaryimage"},"thumbnailUrl":"https:\/\/hutfactory.com\/wp-content\/uploads\/2026\/02\/56202810.2.webp","datePublished":"2026-02-09T13:29:10+00:00","dateModified":"2026-02-11T13:41:47+00:00","description":"Der Jodler Hut Velours ist der perfekte Hut f\u00fcr den stilvollen Auftritt. Das klassische Design verleiht er jedem Outfit eine elegante Note.","breadcrumb":{"@id":"https:\/\/hutfactory.com\/?product=jodler-hut-haarfilz-velours#breadcrumb"},"inLanguage":"de","potentialAction":[{"@type":"ReadAction","target":["https:\/\/hutfactory.com\/?product=jodler-hut-haarfilz-velours"]}]},{"@type":"ImageObject","inLanguage":"de","@id":"https:\/\/hutfactory.com\/?product=jodler-hut-haarfilz-velours#primaryimage","url":"https:\/\/hutfactory.com\/wp-content\/uploads\/2026\/02\/56202810.2.webp","contentUrl":"https:\/\/hutfactory.com\/wp-content\/uploads\/2026\/02\/56202810.2.webp","width":1152,"height":768,"caption":"|||"},{"@type":"BreadcrumbList","@id":"https:\/\/hutfactory.com\/?product=jodler-hut-haarfilz-velours#breadcrumb","itemListElement":[{"@type":"ListItem","position":1,"name":"Start","item":"https:\/\/hutfactory.com\/"},{"@type":"ListItem","position":2,"name":"Shop","item":"https:\/\/hutfactory.com\/?page_id=10"},{"@type":"ListItem","position":3,"name":"Jodler Hut Haarfilz Velours"}]},{"@type":"WebSite","@id":"https:\/\/hutfactory.com\/#website","url":"https:\/\/hutfactory.com\/","name":"Hut Factory","description":"H\u00fcte, Kappen &amp; M\u00fctzen in Top Swiss\/EU Qualit\u00e4t","publisher":{"@id":"https:\/\/hutfactory.com\/#organization"},"alternateName":"Hut Shop","potentialAction":[{"@type":"SearchAction","target":{"@type":"EntryPoint","urlTemplate":"https:\/\/hutfactory.com\/?s={search_term_string}"},"query-input":{"@type":"PropertyValueSpecification","valueRequired":true,"valueName":"search_term_string"}}],"inLanguage":"de"},{"@type":"Organization","@id":"https:\/\/hutfactory.com\/#organization","name":"Hut Factory","url":"https:\/\/hutfactory.com\/","logo":{"@type":"ImageObject","inLanguage":"de","@id":"https:\/\/hutfactory.com\/#\/schema\/logo\/image\/","url":"https:\/\/hutfactory.com\/wp-content\/uploads\/2026\/01\/Logo-hut-factory-1.webp","contentUrl":"https:\/\/hutfactory.com\/wp-content\/uploads\/2026\/01\/Logo-hut-factory-1.webp","width":300,"height":262,"caption":"Hut Factory"},"image":{"@id":"https:\/\/hutfactory.com\/#\/schema\/logo\/image\/"}}]}},"_links":{"self":[{"href":"https:\/\/hutfactory.com\/index.php?rest_route=\/wp\/v2\/product\/10293","targetHints":{"allow":["GET"]}}],"collection":[{"href":"https:\/\/hutfactory.com\/index.php?rest_route=\/wp\/v2\/product"}],"about":[{"href":"https:\/\/hutfactory.com\/index.php?rest_route=\/wp\/v2\/types\/product"}],"wp:featuredmedia":[{"embeddable":true,"href":"https:\/\/hutfactory.com\/index.php?rest_route=\/wp\/v2\/media\/10295"}],"wp:attachment":[{"href":"https:\/\/hutfactory.com\/index.php?rest_route=%2Fwp%2Fv2%2Fmedia&parent=10293"}],"wp:term":[{"taxonomy":"product_brand","embeddable":true,"href":"https:\/\/hutfactory.com\/index.php?rest_route=%2Fwp%2Fv2%2Fproduct_brand&post=10293"},{"taxonomy":"product_cat","embeddable":true,"href":"https:\/\/hutfactory.com\/index.php?rest_route=%2Fwp%2Fv2%2Fproduct_cat&post=10293"},{"taxonomy":"product_tag","embeddable":true,"href":"https:\/\/hutfactory.com\/index.php?rest_route=%2Fwp%2Fv2%2Fproduct_tag&post=10293"}],"curies":[{"name":"wp","href":"https:\/\/api.w.org\/{rel}","templated":true}]}}