{"id":10287,"date":"2026-02-09T13:29:10","date_gmt":"2026-02-09T13:29:10","guid":{"rendered":"https:\/\/hutfactory.com\/?product=outdoorhut-gewachst-wasserabweisend"},"modified":"2026-03-20T14:51:17","modified_gmt":"2026-03-20T14:51:17","slug":"outdoorhut-gewachst-wasserabweisend","status":"publish","type":"product","link":"https:\/\/hutfactory.com\/?product=outdoorhut-gewachst-wasserabweisend","title":{"rendered":"Outdoorhut gewachst &#038; wasserabweisend"},"content":{"rendered":"<div class=\"wpb-content-wrapper\"><p>[vc_row][vc_column][vc_column_text css=&#8221;&#8221;]<\/p>\n<h3 data-start=\"0\" data-end=\"71\"><strong>Stilvoll durch Regen und Sonne \u2013\u00a0 f\u00fcr jedes Abenteuer<\/strong><\/h3>\n<p data-start=\"73\" data-end=\"525\">Dieser klassisch geformte Outdoorhut aus gewachster Baumwolle \u00fcberzeugt durch seine wetterfeste Eleganz und klare Linienf\u00fchrung. Die robuste Struktur und breite Krempe sch\u00fctzen zuverl\u00e4ssig vor Sonne, Regen und Wind \u2013 und das in stilvoller Zur\u00fcckhaltung. Der matte Glanz des gewachsten Baumwollgewebes unterstreicht den funktionalen Charakter und macht diesen Hut zum Must-have f\u00fcr urbane Spazierg\u00e4nge, Waldwanderungen oder den Wochenendmarkt im Freien.<\/p>\n<p data-start=\"527\" data-end=\"545\"><strong data-start=\"527\" data-end=\"545\">Perfekt f\u00fcr\u2026 <\/strong><\/p>\n<p data-start=\"547\" data-end=\"725\"><strong data-start=\"547\" data-end=\"574\">\u2600\ufe0f Sommerliche Anl\u00e4sse:<\/strong> Ob bei einem Segelausflug, einem Grillfest oder einem Nachmittag im Stadtpark \u2013 dieser Hut kombiniert optimalen UV-Schutz mit stilvoller L\u00e4ssigkeit.<\/p>\n<p data-start=\"727\" data-end=\"951\"><strong data-start=\"727\" data-end=\"761\"> Funktionale Outdoor-Events:<\/strong> F\u00fcr Wanderfreunde, Angler, Naturbeobachter oder auch Wochenend-Abenteurer \u2013 die wasserabweisende Qualit\u00e4t und komfortable Passform machen ihn zum verl\u00e4sslichen Begleiter bei jedem Wetter.<\/p>\n<p data-start=\"953\" data-end=\"1168\"><strong data-start=\"953\" data-end=\"983\"> Natur- und Modebewusst:<\/strong> Das gewachste Baumwollgewebe bietet nicht nur Schutz vor der Witterung, sondern besteht aus einem langlebigen, nat\u00fcrlichen Material, das durch europ\u00e4ische Handwerkskunst veredelt wird.<\/p>\n<p>[\/vc_column_text][\/vc_column][\/vc_row]<\/p>\n<div class=\"hf-accordions\">\n<hr class=\"hf-accordion-separator\" \/>\n<details class=\"hf-accordion\">\n<summary><strong>\u25b6\ufe0f Gut zu wissen \u2013 mehr erfahren<\/strong><\/summary>\n<div class=\"hf-accordion-content\">\n<h3>Wichtige Produktdetails:<\/h3>\n<p><strong>Material &amp; Design:<\/strong><\/p>\n<ul>\n<li><strong>Materialzusammensetzung:<\/strong>\u00a0100 % gewachste Baumwolle (CO), wasserabweisend<\/li>\n<li><strong>Farboptionen:<\/strong>\u00a0Gelb, Hellbeige, Marineblau, Anthrazit<\/li>\n<li><strong>Gr\u00f6\u00dfen:<\/strong>\u00a0S, M, L, XL<\/li>\n<li><strong>Schwei\u00dfband:<\/strong>\u00a0Sauber eingen\u00e4htes Textilinnenband f\u00fcr optimalen Komfort<\/li>\n<li><strong>Handarbeit:<\/strong>\u00a0Hergestellt in Europa durch die Schweizer Hutmanufaktur Risa<\/li>\n<\/ul>\n<p><strong>Handwerkskunst &amp; Exklusivit\u00e4t:<\/strong><\/p>\n<ul>\n<li><strong>Handarbeitskunst:<\/strong>\u00a0Pr\u00e4zise handgefertigt, robust und langlebig<\/li>\n<li><strong>Exklusivit\u00e4t:<\/strong>\u00a0Limitierte Verf\u00fcgbarkeit \u2013 Abverkauf des Rohmaterials vorbehalten<\/li>\n<\/ul>\n<p><strong>Herstellung:<\/strong><\/p>\n<ul>\n<li><strong>Ort der Produktion:<\/strong>\u00a0Europa, hergestellt von Risa Switzerland<\/li>\n<li><strong>Verf\u00fcgbarkeit:<\/strong>\u00a0Ab Lager Schweiz, sofort lieferbar nach Zahlungseingang<\/li>\n<\/ul>\n<p><strong>Lieferbedingungen:<\/strong><\/p>\n<ul>\n<li><strong>Versand:<\/strong>\u00a0Schneller Versand ab Lager Schweiz<\/li>\n<li><strong>Garantie:<\/strong>\u00a0Umtausch nur bei Material- oder Herstellungsfehlern<\/li>\n<li><strong>Verf\u00fcgbarkeit:<\/strong>\u00a0Die Anzahl ist begrenzt, rechtzeitige Bestellung empfohlen<\/li>\n<\/ul>\n<\/div>\n<\/details>\n<details class=\"hf-accordion\">\n<summary><strong>\u25b6\ufe0f FAQ \u2013 H\u00e4ufige Fragen<\/strong><\/summary>\n<div class=\"hf-accordion-content\">\n<h3>FAQ (h\u00e4ufige Fragen und Antworten):<\/h3>\n<p><strong>1. Ist der Outdoorhut wasserfest?<\/strong><br \/>\nJa, der Hut besteht aus gewachster Baumwolle, die ihn wasserabweisend macht und vor Regen sch\u00fctzt.<\/p>\n<p><strong>2. In welchen Gr\u00f6\u00dfen ist der Hut erh\u00e4ltlich?<\/strong><br \/>\nDer Hut ist in den Gr\u00f6\u00dfen S, M, L und XL erh\u00e4ltlich, sodass Sie die perfekte Passform finden k\u00f6nnen.<\/p>\n<p><strong>3. Wie pflege ich den Hut richtig?<\/strong><br \/>\nDer Hut sollte nur mit einem feuchten Tuch gereinigt werden. Vermeiden Sie Maschinenw\u00e4sche und chemische Reinigungsmittel, um die Wachsschicht zu sch\u00fctzen. Bei Bedarf k\u00f6nnen Sie ihn nachwachsen.<\/p>\n<p><strong>4. Wie schnell erhalte ich den Hut?<\/strong><br \/>\nDer Hut wird ab Lager Schweiz nach Zahlungseingang versendet und ist in wenigen Tagen bei Ihnen.<\/p>\n<p><strong>5. Ist der Hut auch f\u00fcr den Sommer geeignet?<\/strong><br \/>\nJa, dank der atmungsaktiven Baumwolle ist der Hut auch bei w\u00e4rmeren Temperaturen angenehm zu tragen.<\/p>\n<\/div>\n<\/details>\n<\/div>\n<\/div>","protected":false},"excerpt":{"rendered":"<h3><strong data-start=\"1232\" data-end=\"1280\">Schlichte Funktion trifft klassisches Design<\/strong><\/h3>\n<p>Der gewachste Outdoorhut ist die perfekte Kopfbedeckung f\u00fcr alle, die wetterfeste Eleganz sch\u00e4tzen. Seine breite Krempe sch\u00fctzt effektiv vor Sonne und Regen. Das gewachste Baumwollmaterial sorgt f\u00fcr wasserabweisenden Komfort, w\u00e4hrend das dezente Hutband Ton-in-Ton gehalten ist. Ein modisches und zugleich funktionales Essential f\u00fcr Outdoor-Enthusiasten.<\/p>\n","protected":false},"featured_media":10289,"template":"","meta":{"_acf_changed":false,"rs_blank_template":"","rs_page_bg_color":"","slide_template_v7":""},"product_brand":[250],"product_cat":[399,252,390,251,254,294,321,275,442,253],"product_tag":[],"class_list":{"0":"post-10287","1":"product","2":"type-product","3":"status-publish","4":"has-post-thumbnail","6":"product_brand-risa-hutwerkstatt-schweiz","7":"product_cat-bucket-sommerhuete","8":"product_cat-country-all-saison-huete","9":"product_cat-fischer-sommerhuete","10":"product_cat-huete-all-saison-huete","11":"product_cat-outdoor-winterhuete","12":"product_cat-regen-all-saison-huete","13":"product_cat-regen-sommerhuete","14":"product_cat-sommerhuete","15":"product_cat-stoff-sommerhuete","16":"product_cat-winterhuete","17":"product_shipping_class-mittlere-pakete","18":"pa_color-anthrazit","19":"pa_color-gelb","20":"pa_color-hbeige","21":"pa_color-marine","22":"pa_groesse-l-59-60","23":"pa_groesse-m-57-58","24":"pa_groesse-s-55-56","25":"pa_groesse-xl-61-62","26":"yith_product_brand-risa-hutwerkstatt-schweiz","29":"instock","30":"taxable","31":"shipping-taxable","32":"purchasable","33":"product-type-variable","34":"wvs-archive-product-wrapper","35":"add-to-wishlist-after_add_to_cart"},"acf":[],"yoast_head":"<!-- This site is optimized with the Yoast SEO Premium plugin v27.3 (Yoast SEO v27.3) - https:\/\/yoast.com\/product\/yoast-seo-premium-wordpress\/ -->\n<title>Gewachster Outdoorhut \u2013 wasserabweisender Hut f\u00fcr jedes Wetter<\/title>\n<meta name=\"description\" content=\"Wetterfester Outdoorhut aus gewachster Baumwolle \u2013 stilvoller Sonnenschutz &amp; Regenschutz. Handgefertigt in Europa. Jetzt in 4 Farben erh\u00e4ltlich!!\" \/>\n<meta name=\"robots\" content=\"index, follow, max-snippet:-1, max-image-preview:large, max-video-preview:-1\" \/>\n<link rel=\"canonical\" href=\"https:\/\/hutfactory.com\/?product=outdoorhut-gewachst-wasserabweisend\" \/>\n<meta property=\"og:locale\" content=\"de_DE\" \/>\n<meta property=\"og:type\" content=\"article\" \/>\n<meta property=\"og:title\" content=\"Outdoorhut gewachst &amp; wasserabweisend\" \/>\n<meta property=\"og:description\" content=\"Wetterfester Outdoorhut aus gewachster Baumwolle \u2013 stilvoller Sonnenschutz &amp; Regenschutz. Handgefertigt in Europa. Jetzt in 4 Farben erh\u00e4ltlich!!\" \/>\n<meta property=\"og:url\" content=\"https:\/\/hutfactory.com\/?product=outdoorhut-gewachst-wasserabweisend\" \/>\n<meta property=\"og:site_name\" content=\"Hut Factory\" \/>\n<meta property=\"article:modified_time\" content=\"2026-03-20T14:51:17+00:00\" \/>\n<meta property=\"og:image\" content=\"https:\/\/hutfactory.com\/wp-content\/uploads\/2026\/02\/90843.alle-Photoroom-Photoroom-1.webp\" \/>\n\t<meta property=\"og:image:width\" content=\"2016\" \/>\n\t<meta property=\"og:image:height\" content=\"1512\" \/>\n\t<meta property=\"og:image:type\" content=\"image\/webp\" \/>\n<meta name=\"twitter:card\" content=\"summary_large_image\" \/>\n<meta name=\"twitter:label1\" content=\"Gesch\u00e4tzte Lesezeit\" \/>\n\t<meta name=\"twitter:data1\" content=\"3\u00a0Minuten\" \/>\n<script type=\"application\/ld+json\" class=\"yoast-schema-graph\">{\"@context\":\"https:\\\/\\\/schema.org\",\"@graph\":[{\"@type\":\"WebPage\",\"@id\":\"https:\\\/\\\/hutfactory.com\\\/?product=outdoorhut-gewachst-wasserabweisend\",\"url\":\"https:\\\/\\\/hutfactory.com\\\/?product=outdoorhut-gewachst-wasserabweisend\",\"name\":\"Gewachster Outdoorhut \u2013 wasserabweisender Hut f\u00fcr jedes Wetter\",\"isPartOf\":{\"@id\":\"https:\\\/\\\/hutfactory.com\\\/#website\"},\"primaryImageOfPage\":{\"@id\":\"https:\\\/\\\/hutfactory.com\\\/?product=outdoorhut-gewachst-wasserabweisend#primaryimage\"},\"image\":{\"@id\":\"https:\\\/\\\/hutfactory.com\\\/?product=outdoorhut-gewachst-wasserabweisend#primaryimage\"},\"thumbnailUrl\":\"https:\\\/\\\/hutfactory.com\\\/wp-content\\\/uploads\\\/2026\\\/02\\\/90843.alle-Photoroom-Photoroom-1.webp\",\"datePublished\":\"2026-02-09T13:29:10+00:00\",\"dateModified\":\"2026-03-20T14:51:17+00:00\",\"description\":\"Wetterfester Outdoorhut aus gewachster Baumwolle \u2013 stilvoller Sonnenschutz & Regenschutz. Handgefertigt in Europa. Jetzt in 4 Farben erh\u00e4ltlich!!\",\"breadcrumb\":{\"@id\":\"https:\\\/\\\/hutfactory.com\\\/?product=outdoorhut-gewachst-wasserabweisend#breadcrumb\"},\"inLanguage\":\"de\",\"potentialAction\":[{\"@type\":\"ReadAction\",\"target\":[\"https:\\\/\\\/hutfactory.com\\\/?product=outdoorhut-gewachst-wasserabweisend\"]}]},{\"@type\":\"ImageObject\",\"inLanguage\":\"de\",\"@id\":\"https:\\\/\\\/hutfactory.com\\\/?product=outdoorhut-gewachst-wasserabweisend#primaryimage\",\"url\":\"https:\\\/\\\/hutfactory.com\\\/wp-content\\\/uploads\\\/2026\\\/02\\\/90843.alle-Photoroom-Photoroom-1.webp\",\"contentUrl\":\"https:\\\/\\\/hutfactory.com\\\/wp-content\\\/uploads\\\/2026\\\/02\\\/90843.alle-Photoroom-Photoroom-1.webp\",\"width\":2016,\"height\":1512,\"caption\":\"UV-sch\u00fctzend und robust. Erh\u00e4ltlich in Gelb\"},{\"@type\":\"BreadcrumbList\",\"@id\":\"https:\\\/\\\/hutfactory.com\\\/?product=outdoorhut-gewachst-wasserabweisend#breadcrumb\",\"itemListElement\":[{\"@type\":\"ListItem\",\"position\":1,\"name\":\"Start\",\"item\":\"https:\\\/\\\/hutfactory.com\\\/\"},{\"@type\":\"ListItem\",\"position\":2,\"name\":\"Shop\",\"item\":\"https:\\\/\\\/hutfactory.com\\\/?page_id=10\"},{\"@type\":\"ListItem\",\"position\":3,\"name\":\"Outdoorhut gewachst &#038; wasserabweisend\"}]},{\"@type\":\"WebSite\",\"@id\":\"https:\\\/\\\/hutfactory.com\\\/#website\",\"url\":\"https:\\\/\\\/hutfactory.com\\\/\",\"name\":\"Hut Factory\",\"description\":\"H\u00fcte, Kappen &amp; M\u00fctzen in Top Swiss\\\/EU Qualit\u00e4t\",\"publisher\":{\"@id\":\"https:\\\/\\\/hutfactory.com\\\/#organization\"},\"alternateName\":\"Hut Shop\",\"potentialAction\":[{\"@type\":\"SearchAction\",\"target\":{\"@type\":\"EntryPoint\",\"urlTemplate\":\"https:\\\/\\\/hutfactory.com\\\/?s={search_term_string}\"},\"query-input\":{\"@type\":\"PropertyValueSpecification\",\"valueRequired\":true,\"valueName\":\"search_term_string\"}}],\"inLanguage\":\"de\"},{\"@type\":\"Organization\",\"@id\":\"https:\\\/\\\/hutfactory.com\\\/#organization\",\"name\":\"Hut Factory\",\"url\":\"https:\\\/\\\/hutfactory.com\\\/\",\"logo\":{\"@type\":\"ImageObject\",\"inLanguage\":\"de\",\"@id\":\"https:\\\/\\\/hutfactory.com\\\/#\\\/schema\\\/logo\\\/image\\\/\",\"url\":\"https:\\\/\\\/hutfactory.com\\\/wp-content\\\/uploads\\\/2026\\\/01\\\/Logo-hut-factory-1.webp\",\"contentUrl\":\"https:\\\/\\\/hutfactory.com\\\/wp-content\\\/uploads\\\/2026\\\/01\\\/Logo-hut-factory-1.webp\",\"width\":300,\"height\":262,\"caption\":\"Hut Factory\"},\"image\":{\"@id\":\"https:\\\/\\\/hutfactory.com\\\/#\\\/schema\\\/logo\\\/image\\\/\"}}]}<\/script>\n<!-- \/ Yoast SEO Premium plugin. -->","yoast_head_json":{"title":"Gewachster Outdoorhut \u2013 wasserabweisender Hut f\u00fcr jedes Wetter","description":"Wetterfester Outdoorhut aus gewachster Baumwolle \u2013 stilvoller Sonnenschutz & Regenschutz. Handgefertigt in Europa. Jetzt in 4 Farben erh\u00e4ltlich!!","robots":{"index":"index","follow":"follow","max-snippet":"max-snippet:-1","max-image-preview":"max-image-preview:large","max-video-preview":"max-video-preview:-1"},"canonical":"https:\/\/hutfactory.com\/?product=outdoorhut-gewachst-wasserabweisend","og_locale":"de_DE","og_type":"article","og_title":"Outdoorhut gewachst & wasserabweisend","og_description":"Wetterfester Outdoorhut aus gewachster Baumwolle \u2013 stilvoller Sonnenschutz & Regenschutz. Handgefertigt in Europa. Jetzt in 4 Farben erh\u00e4ltlich!!","og_url":"https:\/\/hutfactory.com\/?product=outdoorhut-gewachst-wasserabweisend","og_site_name":"Hut Factory","article_modified_time":"2026-03-20T14:51:17+00:00","og_image":[{"width":2016,"height":1512,"url":"https:\/\/hutfactory.com\/wp-content\/uploads\/2026\/02\/90843.alle-Photoroom-Photoroom-1.webp","type":"image\/webp"}],"twitter_card":"summary_large_image","twitter_misc":{"Gesch\u00e4tzte Lesezeit":"3\u00a0Minuten"},"schema":{"@context":"https:\/\/schema.org","@graph":[{"@type":"WebPage","@id":"https:\/\/hutfactory.com\/?product=outdoorhut-gewachst-wasserabweisend","url":"https:\/\/hutfactory.com\/?product=outdoorhut-gewachst-wasserabweisend","name":"Gewachster Outdoorhut \u2013 wasserabweisender Hut f\u00fcr jedes Wetter","isPartOf":{"@id":"https:\/\/hutfactory.com\/#website"},"primaryImageOfPage":{"@id":"https:\/\/hutfactory.com\/?product=outdoorhut-gewachst-wasserabweisend#primaryimage"},"image":{"@id":"https:\/\/hutfactory.com\/?product=outdoorhut-gewachst-wasserabweisend#primaryimage"},"thumbnailUrl":"https:\/\/hutfactory.com\/wp-content\/uploads\/2026\/02\/90843.alle-Photoroom-Photoroom-1.webp","datePublished":"2026-02-09T13:29:10+00:00","dateModified":"2026-03-20T14:51:17+00:00","description":"Wetterfester Outdoorhut aus gewachster Baumwolle \u2013 stilvoller Sonnenschutz & Regenschutz. Handgefertigt in Europa. Jetzt in 4 Farben erh\u00e4ltlich!!","breadcrumb":{"@id":"https:\/\/hutfactory.com\/?product=outdoorhut-gewachst-wasserabweisend#breadcrumb"},"inLanguage":"de","potentialAction":[{"@type":"ReadAction","target":["https:\/\/hutfactory.com\/?product=outdoorhut-gewachst-wasserabweisend"]}]},{"@type":"ImageObject","inLanguage":"de","@id":"https:\/\/hutfactory.com\/?product=outdoorhut-gewachst-wasserabweisend#primaryimage","url":"https:\/\/hutfactory.com\/wp-content\/uploads\/2026\/02\/90843.alle-Photoroom-Photoroom-1.webp","contentUrl":"https:\/\/hutfactory.com\/wp-content\/uploads\/2026\/02\/90843.alle-Photoroom-Photoroom-1.webp","width":2016,"height":1512,"caption":"UV-sch\u00fctzend und robust. Erh\u00e4ltlich in Gelb"},{"@type":"BreadcrumbList","@id":"https:\/\/hutfactory.com\/?product=outdoorhut-gewachst-wasserabweisend#breadcrumb","itemListElement":[{"@type":"ListItem","position":1,"name":"Start","item":"https:\/\/hutfactory.com\/"},{"@type":"ListItem","position":2,"name":"Shop","item":"https:\/\/hutfactory.com\/?page_id=10"},{"@type":"ListItem","position":3,"name":"Outdoorhut gewachst &#038; wasserabweisend"}]},{"@type":"WebSite","@id":"https:\/\/hutfactory.com\/#website","url":"https:\/\/hutfactory.com\/","name":"Hut Factory","description":"H\u00fcte, Kappen &amp; M\u00fctzen in Top Swiss\/EU Qualit\u00e4t","publisher":{"@id":"https:\/\/hutfactory.com\/#organization"},"alternateName":"Hut Shop","potentialAction":[{"@type":"SearchAction","target":{"@type":"EntryPoint","urlTemplate":"https:\/\/hutfactory.com\/?s={search_term_string}"},"query-input":{"@type":"PropertyValueSpecification","valueRequired":true,"valueName":"search_term_string"}}],"inLanguage":"de"},{"@type":"Organization","@id":"https:\/\/hutfactory.com\/#organization","name":"Hut Factory","url":"https:\/\/hutfactory.com\/","logo":{"@type":"ImageObject","inLanguage":"de","@id":"https:\/\/hutfactory.com\/#\/schema\/logo\/image\/","url":"https:\/\/hutfactory.com\/wp-content\/uploads\/2026\/01\/Logo-hut-factory-1.webp","contentUrl":"https:\/\/hutfactory.com\/wp-content\/uploads\/2026\/01\/Logo-hut-factory-1.webp","width":300,"height":262,"caption":"Hut Factory"},"image":{"@id":"https:\/\/hutfactory.com\/#\/schema\/logo\/image\/"}}]}},"_links":{"self":[{"href":"https:\/\/hutfactory.com\/index.php?rest_route=\/wp\/v2\/product\/10287","targetHints":{"allow":["GET"]}}],"collection":[{"href":"https:\/\/hutfactory.com\/index.php?rest_route=\/wp\/v2\/product"}],"about":[{"href":"https:\/\/hutfactory.com\/index.php?rest_route=\/wp\/v2\/types\/product"}],"wp:featuredmedia":[{"embeddable":true,"href":"https:\/\/hutfactory.com\/index.php?rest_route=\/wp\/v2\/media\/10289"}],"wp:attachment":[{"href":"https:\/\/hutfactory.com\/index.php?rest_route=%2Fwp%2Fv2%2Fmedia&parent=10287"}],"wp:term":[{"taxonomy":"product_brand","embeddable":true,"href":"https:\/\/hutfactory.com\/index.php?rest_route=%2Fwp%2Fv2%2Fproduct_brand&post=10287"},{"taxonomy":"product_cat","embeddable":true,"href":"https:\/\/hutfactory.com\/index.php?rest_route=%2Fwp%2Fv2%2Fproduct_cat&post=10287"},{"taxonomy":"product_tag","embeddable":true,"href":"https:\/\/hutfactory.com\/index.php?rest_route=%2Fwp%2Fv2%2Fproduct_tag&post=10287"}],"curies":[{"name":"wp","href":"https:\/\/api.w.org\/{rel}","templated":true}]}}