{"id":10074,"date":"2026-02-09T13:25:51","date_gmt":"2026-02-09T13:25:51","guid":{"rendered":"https:\/\/hutfactory.com\/?product=filzhut-aus-wollstoff-haarfilz-meliert-mit-klapprand"},"modified":"2026-02-09T13:26:27","modified_gmt":"2026-02-09T13:26:27","slug":"filzhut-aus-wollstoff-haarfilz-meliert-mit-klapprand","status":"publish","type":"product","link":"https:\/\/hutfactory.com\/?product=filzhut-aus-wollstoff-haarfilz-meliert-mit-klapprand","title":{"rendered":"Filzhut aus Wollstoff\/Haarfilz meliert mit Klapprand"},"content":{"rendered":"<div class=\"wpb-content-wrapper\"><p>[vc_row][vc_column][vc_column_text css=&#8221;&#8221;]Der <strong>2-in-1 Klapprandhut<\/strong> ist die perfekte L\u00f6sung f\u00fcr alle, die Flexibilit\u00e4t und Stil vereinen m\u00f6chten. Dieser Hut erm\u00f6glicht es Ihnen, den Look im Handumdrehen zu \u00e4ndern: Tragen Sie ihn mit der vorderen Krempe nach oben als <strong>Player<\/strong> f\u00fcr einen l\u00e4ssigen Look oder klappen Sie die Krempe nach unten, um den klassischen <strong>Trilby-Stil<\/strong> zu kreieren. Dieses raffinierte Design bietet zwei ikonische Hutformen in einem Modell und ist somit ein vielseitiger Begleiter f\u00fcr zahlreiche Anl\u00e4sse.<\/p>\n<p>Hergestellt aus <strong>100 % meliertem Haarfilz<\/strong>, verleiht der Hut durch die <strong>Randbreite von 5 cm<\/strong> und die <strong>Kopfh\u00f6he von 11 cm<\/strong> eine elegante und zugleich markante Form. Die sorgf\u00e4ltig abgestimmten Farbkombinationen bieten viel Stilspielraum: Der Hutkopf in <strong>Braun oder Marineblau<\/strong> kombiniert mit dem Hutrand in <strong>Blau<\/strong> und einem edlen <strong>Rebsband<\/strong> in <strong>Braun oder Burgund<\/strong> sorgt f\u00fcr modische Akzente.<\/p>\n<p>Die <strong>Garnitur<\/strong> aus einem hochwertigen Rebsband mit stilvoller Masche und dem ikonischen <strong>\u201e1919 Knopf\u201c<\/strong> als Qualit\u00e4tssiegel macht den Hut zu einem luxuri\u00f6sen Accessoire, das handwerkliche Tradition und modische Raffinesse vereint. Das <strong>sauber eingen\u00e4hte Textilinnenband<\/strong> sorgt zudem f\u00fcr h\u00f6chsten Tragekomfort.<\/p>\n<p>Jeder Hut wird in der renommierten <strong>Schweizer Hutmanufaktur Risa<\/strong> individuell auf Bestellung gefertigt, was ihn zu einem Unikat macht. Handwerkskunst und Pr\u00e4zision aus Europa \u2013 gefertigt f\u00fcr Menschen, die Wert auf Qualit\u00e4t und Stil legen.[\/vc_column_text][\/vc_column][\/vc_row]<\/p>\n<div class=\"hf-accordions\">\n<hr class=\"hf-accordion-separator\" \/>\n<details class=\"hf-accordion\">\n<summary><strong>\u25b6\ufe0f Gut zu wissen \u2013 mehr erfahren<\/strong><\/summary>\n<div class=\"hf-accordion-content\">\n<h3>Produktdetails:<\/h3>\n<h4>Material &#038; Design:<\/h4>\n<ul>\n<li><strong>Materialzusammensetzung:<\/strong>\u00a0100 % melierter Haarfilz<\/li>\n<li><strong>Randbreite:<\/strong>\u00a05 cm<\/li>\n<li><strong>Kopfh\u00f6he:<\/strong>\u00a011 cm<\/li>\n<li><strong>Farboptionen:<\/strong>\n<ul>\n<li>Kopf Braun \/ Rand Blau, Rebsband Braun<\/li>\n<li>Kopf Braun \/ Rand Blau, Rebsband Burgund<\/li>\n<li>Kopf Marine \/ Rand Blau, Rebsband Braun<\/li>\n<li>Kopf Marine \/ Rand Blau, Rebsband Burgund<\/li>\n<\/ul>\n<\/li>\n<li><strong>Garnitur:<\/strong>\u00a0Rebsband mit Masche, verziert mit dem \u201e1919 Knopf\u201c als Qualit\u00e4tssiegel<\/li>\n<li><strong>Schwei\u00dfband:<\/strong>\u00a0Sauber eingen\u00e4htes Textilinnenband f\u00fcr maximalen Tragekomfort<\/li>\n<\/ul>\n<h4>Handwerkskunst &#038; Exklusivit\u00e4t:<\/h4>\n<ul>\n<li><strong>Handarbeitskunst:<\/strong>\u00a0Handgefertigt in der traditionsreichen Schweizer Hutmanufaktur Risa<\/li>\n<li><strong>Tradition und Erfahrung:<\/strong>\u00a0Seit 1919 steht die Manufaktur f\u00fcr h\u00f6chste Qualit\u00e4t in der Hutmacherei<\/li>\n<li><strong>Exklusivit\u00e4t:<\/strong>\u00a0Jeder Hut wird individuell auf Bestellung gefertigt<\/li>\n<\/ul>\n<h4>Herstellung:<\/h4>\n<ul>\n<li><strong>Ort der Produktion:<\/strong>\u00a0Schweiz, bei der renommierten Hutmanufaktur Risa<\/li>\n<li><strong>Herstellungszeit:<\/strong>\u00a010 bis 15 Arbeitstage nach Zahlungseingang<\/li>\n<\/ul>\n<h4>Lieferbedingungen:<\/h4>\n<ul>\n<li><strong>Versand:<\/strong>\u00a0Nach Fertigstellung erfolgt der Versand innerhalb weniger Tage ab der Schweiz<\/li>\n<li><strong>Garantie:<\/strong>\u00a0Umtausch nur bei Material- oder Herstellungsfehlern m\u00f6glich<\/li>\n<li><strong>Verf\u00fcgbarkeit:<\/strong>\u00a0Abverkauf des Rohmaterials vorbehalten<\/li>\n<\/ul>\n<\/div>\n<\/details>\n<details class=\"hf-accordion\">\n<summary><strong>\u25b6\ufe0f FAQ \u2013 H\u00e4ufige Fragen<\/strong><\/summary>\n<div class=\"hf-accordion-content\">\n<h3>FAQ (h\u00e4ufige Fragen und Antworten):<\/h3>\n<ol>\n<li><strong>Wie funktioniert der Klapprand?<\/strong>\n<ul>\n<li>Der Hut kann durch einfaches Hochklappen der vorderen Krempe als\u00a0<strong>Player<\/strong>\u00a0getragen werden. Wird die Krempe nach unten geklappt, verwandelt sich der Hut in einen eleganten\u00a0<strong>Trilby<\/strong>.<\/li>\n<\/ul>\n<\/li>\n<li><strong>Welche Farbkombinationen sind erh\u00e4ltlich?<\/strong>\n<ul>\n<li>Der Hut ist in vier stilvollen Farbkombinationen erh\u00e4ltlich:\u00a0<strong>Brauner Kopf mit blauem Rand<\/strong>\u00a0und Rebsband in\u00a0<strong>Braun oder Burgund<\/strong>, sowie\u00a0<strong>Marineblauer Kopf mit blauem Rand<\/strong>\u00a0und Rebsband in\u00a0<strong>Braun oder Burgund<\/strong>.<\/li>\n<\/ul>\n<\/li>\n<li><strong>Wie lange dauert die Herstellung?<\/strong>\n<ul>\n<li>Die Herstellung dauert 10 bis 15 Arbeitstage, da jeder Hut individuell auf Bestellung gefertigt wird.<\/li>\n<\/ul>\n<\/li>\n<li><strong>Wie pflege ich meinen Haarfilzhut richtig?<\/strong>\n<ul>\n<li>Wir empfehlen, den Hut regelm\u00e4\u00dfig mit einer weichen B\u00fcrste zu reinigen und ihn an einem trockenen Ort aufzubewahren, um seine Form und Qualit\u00e4t zu bewahren.<\/li>\n<\/ul>\n<\/li>\n<li><strong>Kann ich den Hut umtauschen, wenn er nicht passt?<\/strong>\n<ul>\n<li>Ein Umtausch ist nur bei Material- oder Herstellungsfehlern m\u00f6glich, da der Hut speziell f\u00fcr dich auf Bestellung gefertigt wird.<\/li>\n<\/ul>\n<\/li>\n<\/ol>\n<\/div>\n<\/details>\n<\/div>\n<\/div>","protected":false},"excerpt":{"rendered":"<h3>Vielseitiger Look aus zwei Hutteilen<\/h3>\n<p>Der <strong>2-in-1 Klapprandhut<\/strong> kombiniert zwei Hutteile und zwei klassische Hutstile in einem einzigartigen Design. Mit einem einfachen Klappen der Krempe verwandelt sich der Hut vom eleganten <strong>Player<\/strong> in einen markanten <strong>Trilby<\/strong>. Hergestellt aus hochwertigem meliertem Haarfilz, bietet dieser Hut nicht nur Stil, sondern auch Flexibilit\u00e4t \u2013 perfekt f\u00fcr Modebewusste, die Abwechslung lieben.<\/p>\n","protected":false},"featured_media":10076,"template":"","meta":{"_acf_changed":false,"rs_blank_template":"","rs_page_bg_color":"","slide_template_v7":""},"product_brand":[250],"product_cat":[251,384,360,379,361,253],"product_tag":[],"class_list":{"0":"post-10074","1":"product","2":"type-product","3":"status-publish","4":"has-post-thumbnail","6":"product_brand-risa-hutwerkstatt-schweiz","7":"product_cat-huete-all-saison-huete","8":"product_cat-player-all-saison-huete","9":"product_cat-player-winterhuete","10":"product_cat-trilby-all-saison-huete","11":"product_cat-trilby-winterhuete","12":"product_cat-winterhuete","13":"product_shipping_class-mittlere-pakete","14":"pa_color-braun-blau-braun","15":"pa_color-braun-blau-burgund","16":"pa_color-marine-braun-braun","17":"pa_color-marine-braun-burgund","18":"pa_groesse-206","19":"pa_groesse-196","20":"pa_groesse-207","21":"pa_groesse-197","22":"pa_groesse-208","23":"pa_groesse-198","24":"pa_groesse-209","25":"pa_groesse-199","26":"pa_groesse-210","27":"yith_product_brand-risa-hutwerkstatt-schweiz","30":"instock","31":"taxable","32":"shipping-taxable","33":"purchasable","34":"product-type-variable","35":"wvs-archive-product-wrapper","36":"add-to-wishlist-after_add_to_cart"},"acf":[],"yoast_head":"<!-- This site is optimized with the Yoast SEO Premium plugin v27.3 (Yoast SEO v27.3) - https:\/\/yoast.com\/product\/yoast-seo-premium-wordpress\/ -->\n<title>2-in-1 Klapprandhut \u2013 Player &amp; Trilby aus meliertem Haarfilz<\/title>\n<meta name=\"description\" content=\"Entdecken Sie den handgefertigten 2-in-1 Klapprandhut \u2013 Player und Trilby in einem, aus meliertem Haarfilz und verziert mit dem 1919 Swiss Qualit\u00e4tsknopf.\" \/>\n<meta name=\"robots\" content=\"index, follow, max-snippet:-1, max-image-preview:large, max-video-preview:-1\" \/>\n<link rel=\"canonical\" href=\"https:\/\/hutfactory.com\/?product=filzhut-aus-wollstoff-haarfilz-meliert-mit-klapprand\" \/>\n<meta property=\"og:locale\" content=\"de_DE\" \/>\n<meta property=\"og:type\" content=\"article\" \/>\n<meta property=\"og:title\" content=\"Filzhut aus Wollstoff\/Haarfilz meliert mit Klapprand\" \/>\n<meta property=\"og:description\" content=\"Entdecken Sie den handgefertigten 2-in-1 Klapprandhut \u2013 Player und Trilby in einem, aus meliertem Haarfilz und verziert mit dem 1919 Swiss Qualit\u00e4tsknopf.\" \/>\n<meta property=\"og:url\" content=\"https:\/\/hutfactory.com\/?product=filzhut-aus-wollstoff-haarfilz-meliert-mit-klapprand\" \/>\n<meta property=\"og:site_name\" content=\"Hut Factory\" \/>\n<meta property=\"article:modified_time\" content=\"2026-02-09T13:26:27+00:00\" \/>\n<meta property=\"og:image\" content=\"https:\/\/hutfactory.com\/wp-content\/uploads\/2026\/02\/57505330.alle-Trilby.webp\" \/>\n\t<meta property=\"og:image:width\" content=\"2016\" \/>\n\t<meta property=\"og:image:height\" content=\"1512\" \/>\n\t<meta property=\"og:image:type\" content=\"image\/webp\" \/>\n<meta name=\"twitter:card\" content=\"summary_large_image\" \/>\n<meta name=\"twitter:label1\" content=\"Gesch\u00e4tzte Lesezeit\" \/>\n\t<meta name=\"twitter:data1\" content=\"3\u00a0Minuten\" \/>\n<script type=\"application\/ld+json\" class=\"yoast-schema-graph\">{\"@context\":\"https:\\\/\\\/schema.org\",\"@graph\":[{\"@type\":\"WebPage\",\"@id\":\"https:\\\/\\\/hutfactory.com\\\/?product=filzhut-aus-wollstoff-haarfilz-meliert-mit-klapprand\",\"url\":\"https:\\\/\\\/hutfactory.com\\\/?product=filzhut-aus-wollstoff-haarfilz-meliert-mit-klapprand\",\"name\":\"2-in-1 Klapprandhut \u2013 Player & Trilby aus meliertem Haarfilz\",\"isPartOf\":{\"@id\":\"https:\\\/\\\/hutfactory.com\\\/#website\"},\"primaryImageOfPage\":{\"@id\":\"https:\\\/\\\/hutfactory.com\\\/?product=filzhut-aus-wollstoff-haarfilz-meliert-mit-klapprand#primaryimage\"},\"image\":{\"@id\":\"https:\\\/\\\/hutfactory.com\\\/?product=filzhut-aus-wollstoff-haarfilz-meliert-mit-klapprand#primaryimage\"},\"thumbnailUrl\":\"https:\\\/\\\/hutfactory.com\\\/wp-content\\\/uploads\\\/2026\\\/02\\\/57505330.alle-Trilby.webp\",\"datePublished\":\"2026-02-09T13:25:51+00:00\",\"dateModified\":\"2026-02-09T13:26:27+00:00\",\"description\":\"Entdecken Sie den handgefertigten 2-in-1 Klapprandhut \u2013 Player und Trilby in einem, aus meliertem Haarfilz und verziert mit dem 1919 Swiss Qualit\u00e4tsknopf.\",\"breadcrumb\":{\"@id\":\"https:\\\/\\\/hutfactory.com\\\/?product=filzhut-aus-wollstoff-haarfilz-meliert-mit-klapprand#breadcrumb\"},\"inLanguage\":\"de\",\"potentialAction\":[{\"@type\":\"ReadAction\",\"target\":[\"https:\\\/\\\/hutfactory.com\\\/?product=filzhut-aus-wollstoff-haarfilz-meliert-mit-klapprand\"]}]},{\"@type\":\"ImageObject\",\"inLanguage\":\"de\",\"@id\":\"https:\\\/\\\/hutfactory.com\\\/?product=filzhut-aus-wollstoff-haarfilz-meliert-mit-klapprand#primaryimage\",\"url\":\"https:\\\/\\\/hutfactory.com\\\/wp-content\\\/uploads\\\/2026\\\/02\\\/57505330.alle-Trilby.webp\",\"contentUrl\":\"https:\\\/\\\/hutfactory.com\\\/wp-content\\\/uploads\\\/2026\\\/02\\\/57505330.alle-Trilby.webp\",\"width\":2016,\"height\":1512,\"caption\":\"||||||\"},{\"@type\":\"BreadcrumbList\",\"@id\":\"https:\\\/\\\/hutfactory.com\\\/?product=filzhut-aus-wollstoff-haarfilz-meliert-mit-klapprand#breadcrumb\",\"itemListElement\":[{\"@type\":\"ListItem\",\"position\":1,\"name\":\"Start\",\"item\":\"https:\\\/\\\/hutfactory.com\\\/\"},{\"@type\":\"ListItem\",\"position\":2,\"name\":\"Shop\",\"item\":\"https:\\\/\\\/hutfactory.com\\\/?page_id=10\"},{\"@type\":\"ListItem\",\"position\":3,\"name\":\"Filzhut aus Wollstoff\\\/Haarfilz meliert mit Klapprand\"}]},{\"@type\":\"WebSite\",\"@id\":\"https:\\\/\\\/hutfactory.com\\\/#website\",\"url\":\"https:\\\/\\\/hutfactory.com\\\/\",\"name\":\"Hut Factory\",\"description\":\"H\u00fcte, Kappen &amp; M\u00fctzen in Top Swiss\\\/EU Qualit\u00e4t\",\"publisher\":{\"@id\":\"https:\\\/\\\/hutfactory.com\\\/#organization\"},\"alternateName\":\"Hut Shop\",\"potentialAction\":[{\"@type\":\"SearchAction\",\"target\":{\"@type\":\"EntryPoint\",\"urlTemplate\":\"https:\\\/\\\/hutfactory.com\\\/?s={search_term_string}\"},\"query-input\":{\"@type\":\"PropertyValueSpecification\",\"valueRequired\":true,\"valueName\":\"search_term_string\"}}],\"inLanguage\":\"de\"},{\"@type\":\"Organization\",\"@id\":\"https:\\\/\\\/hutfactory.com\\\/#organization\",\"name\":\"Hut Factory\",\"url\":\"https:\\\/\\\/hutfactory.com\\\/\",\"logo\":{\"@type\":\"ImageObject\",\"inLanguage\":\"de\",\"@id\":\"https:\\\/\\\/hutfactory.com\\\/#\\\/schema\\\/logo\\\/image\\\/\",\"url\":\"https:\\\/\\\/hutfactory.com\\\/wp-content\\\/uploads\\\/2026\\\/01\\\/Logo-hut-factory-1.webp\",\"contentUrl\":\"https:\\\/\\\/hutfactory.com\\\/wp-content\\\/uploads\\\/2026\\\/01\\\/Logo-hut-factory-1.webp\",\"width\":300,\"height\":262,\"caption\":\"Hut Factory\"},\"image\":{\"@id\":\"https:\\\/\\\/hutfactory.com\\\/#\\\/schema\\\/logo\\\/image\\\/\"}}]}<\/script>\n<!-- \/ Yoast SEO Premium plugin. -->","yoast_head_json":{"title":"2-in-1 Klapprandhut \u2013 Player & Trilby aus meliertem Haarfilz","description":"Entdecken Sie den handgefertigten 2-in-1 Klapprandhut \u2013 Player und Trilby in einem, aus meliertem Haarfilz und verziert mit dem 1919 Swiss Qualit\u00e4tsknopf.","robots":{"index":"index","follow":"follow","max-snippet":"max-snippet:-1","max-image-preview":"max-image-preview:large","max-video-preview":"max-video-preview:-1"},"canonical":"https:\/\/hutfactory.com\/?product=filzhut-aus-wollstoff-haarfilz-meliert-mit-klapprand","og_locale":"de_DE","og_type":"article","og_title":"Filzhut aus Wollstoff\/Haarfilz meliert mit Klapprand","og_description":"Entdecken Sie den handgefertigten 2-in-1 Klapprandhut \u2013 Player und Trilby in einem, aus meliertem Haarfilz und verziert mit dem 1919 Swiss Qualit\u00e4tsknopf.","og_url":"https:\/\/hutfactory.com\/?product=filzhut-aus-wollstoff-haarfilz-meliert-mit-klapprand","og_site_name":"Hut Factory","article_modified_time":"2026-02-09T13:26:27+00:00","og_image":[{"width":2016,"height":1512,"url":"https:\/\/hutfactory.com\/wp-content\/uploads\/2026\/02\/57505330.alle-Trilby.webp","type":"image\/webp"}],"twitter_card":"summary_large_image","twitter_misc":{"Gesch\u00e4tzte Lesezeit":"3\u00a0Minuten"},"schema":{"@context":"https:\/\/schema.org","@graph":[{"@type":"WebPage","@id":"https:\/\/hutfactory.com\/?product=filzhut-aus-wollstoff-haarfilz-meliert-mit-klapprand","url":"https:\/\/hutfactory.com\/?product=filzhut-aus-wollstoff-haarfilz-meliert-mit-klapprand","name":"2-in-1 Klapprandhut \u2013 Player & Trilby aus meliertem Haarfilz","isPartOf":{"@id":"https:\/\/hutfactory.com\/#website"},"primaryImageOfPage":{"@id":"https:\/\/hutfactory.com\/?product=filzhut-aus-wollstoff-haarfilz-meliert-mit-klapprand#primaryimage"},"image":{"@id":"https:\/\/hutfactory.com\/?product=filzhut-aus-wollstoff-haarfilz-meliert-mit-klapprand#primaryimage"},"thumbnailUrl":"https:\/\/hutfactory.com\/wp-content\/uploads\/2026\/02\/57505330.alle-Trilby.webp","datePublished":"2026-02-09T13:25:51+00:00","dateModified":"2026-02-09T13:26:27+00:00","description":"Entdecken Sie den handgefertigten 2-in-1 Klapprandhut \u2013 Player und Trilby in einem, aus meliertem Haarfilz und verziert mit dem 1919 Swiss Qualit\u00e4tsknopf.","breadcrumb":{"@id":"https:\/\/hutfactory.com\/?product=filzhut-aus-wollstoff-haarfilz-meliert-mit-klapprand#breadcrumb"},"inLanguage":"de","potentialAction":[{"@type":"ReadAction","target":["https:\/\/hutfactory.com\/?product=filzhut-aus-wollstoff-haarfilz-meliert-mit-klapprand"]}]},{"@type":"ImageObject","inLanguage":"de","@id":"https:\/\/hutfactory.com\/?product=filzhut-aus-wollstoff-haarfilz-meliert-mit-klapprand#primaryimage","url":"https:\/\/hutfactory.com\/wp-content\/uploads\/2026\/02\/57505330.alle-Trilby.webp","contentUrl":"https:\/\/hutfactory.com\/wp-content\/uploads\/2026\/02\/57505330.alle-Trilby.webp","width":2016,"height":1512,"caption":"||||||"},{"@type":"BreadcrumbList","@id":"https:\/\/hutfactory.com\/?product=filzhut-aus-wollstoff-haarfilz-meliert-mit-klapprand#breadcrumb","itemListElement":[{"@type":"ListItem","position":1,"name":"Start","item":"https:\/\/hutfactory.com\/"},{"@type":"ListItem","position":2,"name":"Shop","item":"https:\/\/hutfactory.com\/?page_id=10"},{"@type":"ListItem","position":3,"name":"Filzhut aus Wollstoff\/Haarfilz meliert mit Klapprand"}]},{"@type":"WebSite","@id":"https:\/\/hutfactory.com\/#website","url":"https:\/\/hutfactory.com\/","name":"Hut Factory","description":"H\u00fcte, Kappen &amp; M\u00fctzen in Top Swiss\/EU Qualit\u00e4t","publisher":{"@id":"https:\/\/hutfactory.com\/#organization"},"alternateName":"Hut Shop","potentialAction":[{"@type":"SearchAction","target":{"@type":"EntryPoint","urlTemplate":"https:\/\/hutfactory.com\/?s={search_term_string}"},"query-input":{"@type":"PropertyValueSpecification","valueRequired":true,"valueName":"search_term_string"}}],"inLanguage":"de"},{"@type":"Organization","@id":"https:\/\/hutfactory.com\/#organization","name":"Hut Factory","url":"https:\/\/hutfactory.com\/","logo":{"@type":"ImageObject","inLanguage":"de","@id":"https:\/\/hutfactory.com\/#\/schema\/logo\/image\/","url":"https:\/\/hutfactory.com\/wp-content\/uploads\/2026\/01\/Logo-hut-factory-1.webp","contentUrl":"https:\/\/hutfactory.com\/wp-content\/uploads\/2026\/01\/Logo-hut-factory-1.webp","width":300,"height":262,"caption":"Hut Factory"},"image":{"@id":"https:\/\/hutfactory.com\/#\/schema\/logo\/image\/"}}]}},"_links":{"self":[{"href":"https:\/\/hutfactory.com\/index.php?rest_route=\/wp\/v2\/product\/10074","targetHints":{"allow":["GET"]}}],"collection":[{"href":"https:\/\/hutfactory.com\/index.php?rest_route=\/wp\/v2\/product"}],"about":[{"href":"https:\/\/hutfactory.com\/index.php?rest_route=\/wp\/v2\/types\/product"}],"wp:featuredmedia":[{"embeddable":true,"href":"https:\/\/hutfactory.com\/index.php?rest_route=\/wp\/v2\/media\/10076"}],"wp:attachment":[{"href":"https:\/\/hutfactory.com\/index.php?rest_route=%2Fwp%2Fv2%2Fmedia&parent=10074"}],"wp:term":[{"taxonomy":"product_brand","embeddable":true,"href":"https:\/\/hutfactory.com\/index.php?rest_route=%2Fwp%2Fv2%2Fproduct_brand&post=10074"},{"taxonomy":"product_cat","embeddable":true,"href":"https:\/\/hutfactory.com\/index.php?rest_route=%2Fwp%2Fv2%2Fproduct_cat&post=10074"},{"taxonomy":"product_tag","embeddable":true,"href":"https:\/\/hutfactory.com\/index.php?rest_route=%2Fwp%2Fv2%2Fproduct_tag&post=10074"}],"curies":[{"name":"wp","href":"https:\/\/api.w.org\/{rel}","templated":true}]}}