{"id":5646,"date":"2017-09-12T08:33:44","date_gmt":"2017-09-12T08:33:44","guid":{"rendered":"https:\/\/hutfactory.com\/?page_id=5646"},"modified":"2017-09-12T08:33:44","modified_gmt":"2017-09-12T08:33:44","slug":"oft-gestellte-fragen","status":"publish","type":"page","link":"https:\/\/hutfactory.com\/?page_id=5646","title":{"rendered":"Oft gestellte Fragen"},"content":{"rendered":"<div class=\"wpb-content-wrapper\">\n[vc_row css=&#8221;.vc_custom_1511512592506{margin-top: 50px !important;}&#8221;][vc_column][tbay_title_heading title=&#8221;H\u00c4UFIG GESTELLTE FRAGEN&#8221; buttons=&#8221;btn-default btn-outline&#8221; buttons2=&#8221;btn-default btn-outline&#8221; subtitle=&#8221;FAQ&#8221; el_class=&#8221;no-bg-title&#8221;][\/vc_column][\/vc_row][vc_row][vc_column width=&#8221;1\/6&#8243;][\/vc_column][vc_column width=&#8221;2\/3&#8243;][vc_toggle title=&#8221;F1. Wie lange dauert die Herstellung beziehungsweise die Lieferzeit?&#8221; style=&#8221;arrow&#8221; open=&#8221;true&#8221;]Wir bei Hut Factory legen gro\u00dfen Wert auf Qualit\u00e4t und Individualit\u00e4t. Jeder unserer H\u00fcte wird auf Bestellung in der renommierten Schweizer Hutmanufaktur Risa gefertigt. Die erfahrenen Handwerkerinnen und Handwerker stecken ihre ganze Kunstfertigkeit und Liebe zum Detail in jeden einzelnen Hut, um h\u00f6chste Qualit\u00e4t und Kundenzufriedenheit zu gew\u00e4hrleisten. Aufgrund dieser individuellen Anfertigung ben\u00f6tigt die Herstellung eines Hutes etwa 10 bis 15 Arbeitstage. Diese Zeit ist notwendig, um sicherzustellen, dass jeder Hut den hohen Qualit\u00e4tsstandards gerecht wird und den Anspr\u00fcchen unserer Kunden entspricht.\n\nBitte beachten Sie, dass die Rohmaterialien f\u00fcr unsere H\u00fcte begrenzt verf\u00fcgbar sind. Daher kann jeder Hut nur f\u00fcr einen begrenzten Zeitraum angeboten werden. Wir empfehlen Ihnen daher, Ihre Bestellung rechtzeitig aufzugeben, um sicherzustellen, dass Sie Ihren ausgew\u00e4hlten Hut zeitgerecht erhalten k\u00f6nnen.\n<h3><strong>Basis und Lagerartikel<\/strong><\/h3>\nUnsere Basis-Artikel, die fest in unserem Sortiment verankert sind, sind ab Lager lieferbar. Bitte beachten Sie jedoch, dass der Zwischenverkauf vorbehalten ist. Diese Kopfbedeckungen werden mit gro\u00dfer Sorgfalt in kleinen europ\u00e4ischen Manufakturen hergestellt, die f\u00fcr ihre herausragende Handwerkskunst und Qualit\u00e4t bekannt sind.\n\nUnsere Lagerartikel werden in begrenzter St\u00fcckzahl f\u00fcr jede Saison produziert und sind ab Lager verf\u00fcgbar. Dies gew\u00e4hrleistet, dass Sie jederzeit Zugang zu diesen zeitlosen Kopfbedeckungen haben und sie nach Bedarf bestellen k\u00f6nnen. Unsere Lagerh\u00fcte werden beispielsweise in Italien gefertigt, einem Land, das f\u00fcr seine traditionsreiche Handwerkskunst und hohe Qualit\u00e4t bekannt ist. Italienische Hutmacher bringen ihre langj\u00e4hrige Erfahrung und Expertise in die Herstellung jedes einzelnen Hutes ein, um Ihnen ein Produkt von herausragender Qualit\u00e4t zu bieten.\n<h3>Versand der H\u00fcte<\/h3>\nDer Versand unserer H\u00fcte erfolgt je nach Land zu unterschiedlichen Zeiten. Detaillierte Informationen zu den Versandfristen finden Sie unter folgendem Link: <a href=\"https:\/\/hut-factory.com\/versand-lieferinformationen\/\">[Versand]<\/a>\n\nWir sch\u00e4tzen Ihr Interesse an unseren Kopfbedeckungen und sind stolz darauf, Ihnen handgefertigte H\u00fcte von h\u00f6chster Qualit\u00e4t anzubieten. Bei Fragen stehen wir Ihnen jederzeit gerne zur Verf\u00fcgung.[\/vc_toggle][vc_toggle title=&#8221;F2. Wie kann ich den Hut pflegen?&#8221; style=&#8221;arrow&#8221;]Wir m\u00f6chten sicherstellen, dass Ihr Hut nicht nur stilvoll aussieht, sondern auch lange h\u00e4lt. Daher empfehlen wir Ihnen, die folgenden Pflegehinweise zu beachten, um die Lebensdauer und Sch\u00f6nheit Ihres Hutes zu bewahren.\n\nPflege ist der Schl\u00fcssel, um die Qualit\u00e4t und den Glanz Ihres Hutes zu erhalten. Ein Hut ist nicht nur ein Accessoire, sondern eine Investition in Stil und Komfort.\n\nUnsere detaillierten Pflegehinweise finden Sie unter folgendem Link: <a href=\"https:\/\/hut-factory.com\/pflegehinweise\/\">Pflegehinweise<\/a>. Hier erfahren Sie, wie Sie Ihren Hut reinigen, lagern und vor \u00e4u\u00dferen Einfl\u00fcssen sch\u00fctzen k\u00f6nnen. Von der richtigen Aufbewahrung bis zur Reinigung bei Bedarf \u2013 unsere Tipps helfen Ihnen, Ihren Hut in bestem Zustand zu halten.\n\nBei weiteren Fragen oder Unsicherheiten zur Hutpflege stehen wir Ihnen gerne zur Verf\u00fcgung. Ihr Hut ist nicht nur ein modisches Statement, sondern auch ein Begleiter f\u00fcr viele Anl\u00e4sse. Lassen Sie uns gemeinsam daf\u00fcr sorgen, dass er immer in Topform ist.[\/vc_toggle][vc_toggle title=&#8221;F3. Kann ich einen auf Bestellung hergestellten Hut zur\u00fcckgeben, wenn er mir nicht gef\u00e4llt?&#8221; style=&#8221;arrow&#8221;]Wir verstehen, wie wichtig es ist, dass Sie mit Ihrem exklusiven Hut vollkommen zufrieden sind. Wenn Sie jedoch Bedenken haben oder aus irgendeinem Grund mit einem auf Bestellung hergestellten Hut nicht zufrieden sind, m\u00f6chten wir Ihnen transparente Informationen bieten.\n\nBitte beachten Sie, dass ein auf Bestellung hergestellter Hut eine Sonderanfertigung ist, die speziell nach Ihren W\u00fcnschen gefertigt wurde. Aus diesem Grund besteht kein generelles R\u00fcckgaberecht, au\u00dfer bei nachweislichen Material- und Herstellungsfehlern. Wir setzen alles daran, sicherzustellen, dass jeder Hut unseren hohen Qualit\u00e4tsstandards entspricht.\n\nSollten Sie Fragen oder Bedenken haben, stehen wir Ihnen jedoch jederzeit zur Verf\u00fcgung. Unser Kundenservice-Team ist hier, um Ihnen zu helfen und eventuelle Probleme zu l\u00f6sen. Ihre Zufriedenheit ist uns wichtig, und wir werden unser Bestes tun, um sicherzustellen, dass Sie Freude an Ihrem Hut haben.[\/vc_toggle][vc_toggle title=&#8221;F4. Welche Gr\u00f6\u00dfen sind f\u00fcr die Kopfbedeckungen erh\u00e4ltlich?&#8221; style=&#8221;arrow&#8221;]Wir verstehen, wie wichtig die richtige Gr\u00f6\u00dfe f\u00fcr einen Hut ist, um eine optimale Passform und bequemen Tragekomfort zu gew\u00e4hrleisten. Daher bieten wir eine breite Palette an Gr\u00f6\u00dfen f\u00fcr unsere Kopfbedeckungen an.\n\nDie meisten unserer H\u00fcte sind in den Gr\u00f6\u00dfen von 54 bis 62 erh\u00e4ltlich. Die Gr\u00f6\u00dfe wird dabei in Zentimetern gemessen, etwa zwei Fingerbreit \u00fcber den Ohren und rund um die Stirn sowie am Hinterkopf. Diese Ma\u00dfnahme in Zentimetern entspricht Ihrer Hutgr\u00f6\u00dfe. Nat\u00fcrlich sind neben den Standardgr\u00f6\u00dfen von 54 bis 62 auch weitere Gr\u00f6\u00dfen unter 54 und \u00fcber 62 erh\u00e4ltlich. Sie k\u00f6nnen die Verf\u00fcgbarkeit der Gr\u00f6\u00dfen f\u00fcr jedes Produkt in der entsprechenden Produktbeschreibung finden.\n\nUm die passende Gr\u00f6\u00dfe auszuw\u00e4hlen, empfehlen wir Ihnen, Ihren Kopfumfang in Zentimetern zu messen. Dies stellt sicher, dass Ihr Hut optimal sitzt und Sie ihn bequem tragen k\u00f6nnen.\n\nBei weiteren Fragen zur Gr\u00f6\u00dfenauswahl stehen wir Ihnen gerne zur Verf\u00fcgung. Unser Ziel ist es, sicherzustellen, dass Ihr Hut perfekt passt und Sie ihn mit Freude tragen k\u00f6nnen.[\/vc_toggle][vc_toggle title=&#8221;F6. Wie messe ich meine Gr\u00f6\u00dfe und wo finde ich die Gr\u00f6\u00dfentabellen?&#8221; style=&#8221;arrow&#8221;]Es ist uns wichtig, dass Sie die perfekte Passform f\u00fcr Ihre Kopfbedeckung finden. Um Ihnen dabei zu helfen, haben wir eine \u00fcbersichtliche Gr\u00f6\u00dfentabelle erstellt, die Sie bei der Auswahl Ihrer richtigen Gr\u00f6\u00dfe unterst\u00fctzt.\n\nUm Ihre Hut-, M\u00fctzen- oder Kappengr\u00f6\u00dfe genau zu ermitteln, folgen Sie bitte den einfachen Schritten auf unserer Gr\u00f6\u00dfentabelle, die Sie unter folgendem Link finden: <a href=\"https:\/\/hut-factory.com\/hutgroesse\/\">[Gr\u00f6\u00dfentabelle]<\/a>. Hier finden Sie genaue Anweisungen, wie Sie Ihren Kopfumfang messen sollten, um die perfekte Passform zu finden.\n\nUnsere Gr\u00f6\u00dfentabelle ist darauf ausgelegt, Ihnen die Auswahl der richtigen Gr\u00f6\u00dfe so einfach wie m\u00f6glich zu machen. Bei Fragen oder Unsicherheiten stehen wir Ihnen gerne zur Seite. Uns liegt daran, dass Ihre Kopfbedeckung nicht nur stilvoll aussieht, sondern auch optimal sitzt.\n\nBitte z\u00f6gern Sie nicht, uns zu kontaktieren, falls Sie weitere Unterst\u00fctzung ben\u00f6tigen. Wir sind hier, um sicherzustellen, dass Sie die bestm\u00f6gliche Gr\u00f6\u00dfe f\u00fcr Ihre Kopfbedeckung finden.[\/vc_toggle][vc_toggle title=&#8221;F6. Wo wird die H\u00fcte, M\u00fctzen und Kappen hergestellt?&#8221; style=&#8221;arrow&#8221;]Wir legen gro\u00dfen Wert darauf, Ihnen Kopfbedeckungen von h\u00f6chster Qualit\u00e4t anzubieten, die mit Sorgfalt und Pr\u00e4zision gefertigt werden. Unsere auf Bestellung hergestellten H\u00fcte, Kappen und M\u00fctzen entstehen in der renommierten Risa Hutwerkstatt in H\u00e4gglingen, im Herzen Europas. Hier wird Handwerkskunst auf h\u00f6chstem Niveau zelebriert.\n\nJeder einzelne Hut wird von erfahrenen Handwerkern mit Liebe zum Detail und einem Auge f\u00fcr Perfektion gefertigt. In der Risa Hutwerkstatt treffen Tradition und Innovation aufeinander, um Kopfbedeckungen von au\u00dfergew\u00f6hnlicher Qualit\u00e4t zu schaffen. Um sicherzustellen, dass jeder Hut unseren strengen Qualit\u00e4tsstandards entspricht, durchl\u00e4uft er gr\u00fcndliche Qualit\u00e4tskontrollen.\n\nWir sind stolz darauf, Ihnen Kopfbedeckungen anzubieten, die nicht nur einen stilvollen Look bieten, sondern auch das Ergebnis von jahrzehntelanger Handwerkskunst sind. Ihre Zufriedenheit liegt uns am Herzen, und wir sind \u00fcberzeugt, dass Sie die Exzellenz und Hingabe sp\u00fcren werden, die in jeder einzelnen Kopfbedeckung stecken.[\/vc_toggle][vc_toggle title=&#8221;F7. Wer ist die Hut Factory und wer steht hinter dem Onlineshop?&#8221; style=&#8221;arrow&#8221;]Die Hut Factory in Buttwil AG ist der Onlineauftritt der Firma CMC AG mit Sitz in der Venusstrasse 27, 8050 Z\u00fcrich. Doch hinter diesem Namen verbirgt sich weit mehr als nur ein Unternehmen \u2013 es ist die Verk\u00f6rperung der Leidenschaft und Vision von Herrn Ren\u00e9 F Angerer, unserem Gesch\u00e4ftsf\u00fchrer und Gr\u00fcnder.\n\nSeit seiner Kindheit hegt Herr Angerer eine ganz besondere Begeisterung f\u00fcr H\u00fcte. Diese Faszination begleitet ihn bis heute und spiegelt sich in jedem Aspekt der Hut Factory wider, die er im Jahr 2014 ins Leben gerufen hat. Die Verschmelzung von h\u00f6chster Qualit\u00e4t und Schweizer Tradition liegt ihm besonders am Herzen. Daher finden Sie in unserem Online-Shop ausschlie\u00dflich handgefertigte Qualit\u00e4tsprodukte aus der renommierten RISA Hutwerkstatt im schweizerischen Freiamt.\n\nJeder Hut, den Sie auf unserer Webseite entdecken, ist ein Original und wird individuell nach den W\u00fcnschen und Vorstellungen unserer gesch\u00e4tzten Kunden gefertigt. Inspiriert von H\u00fcten und Formen vergangener Zeiten, verbinden wir auf harmonische Weise Tradition mit modernem Design. Die umfangreiche Auswahl an Materialien, Farben und Verzierungen er\u00f6ffnet eine beeindruckende Bandbreite an Variationen, wodurch jeder Hut zu einem einzigartigen Unikat wird.\n\nDie Hut Factory ist ein Ort, an dem Handwerkskunst, Kreativit\u00e4t und der Ausdruck der Individualit\u00e4t auf eine einzigartige Weise zusammenfinden. Wir laden Sie herzlich dazu ein, mehr \u00fcber uns und unsere tief verwurzelte Leidenschaft f\u00fcr H\u00fcte zu erfahren. Weitere Informationen finden Sie unter diesem Link: [\u00dcber Uns].[\/vc_toggle][\/vc_column][vc_column width=&#8221;1\/6&#8243;][\/vc_column][\/vc_row][vc_row css=&#8221;.vc_custom_1510196070513{margin-top: 50px !important;}&#8221; el_class=&#8221;still-ques&#8221;][vc_column width=&#8221;1\/6&#8243;][\/vc_column][vc_column width=&#8221;2\/3&#8243;][tbay_title_heading title=&#8221;Noch Fragen?&#8221; buttons=&#8221;btn-default btn-outline&#8221; buttons2=&#8221;btn-default btn-outline&#8221;][vc_column_text]<strong>Hinweis: Die in den FAQ bereitgestellten Informationen dienen nur zu allgemeinen Informationszwecken und ersetzen nicht die individuelle Beratung durch einen Fachexperten.<\/strong>[\/vc_column_text]<p class=\"wpcf7-contact-form-not-found\"><strong>Fehler:<\/strong> Kontaktformular wurde nicht gefunden.<\/p>[\/vc_column][vc_column width=&#8221;1\/6&#8243;][\/vc_column][\/vc_row][vc_row][vc_column][vc_empty_space height=&#8221;50px&#8221;][\/vc_column][\/vc_row]\n<\/div>","protected":false},"excerpt":{"rendered":"<p>[vc_row css=&#8221;.vc_custom_1511512592506{margin-top: 50px !important;}&#8221;][vc_column][tbay_title_heading title=&#8221;H\u00c4UFIG GESTELLTE FRAGEN&#8221; buttons=&#8221;btn-default btn-outline&#8221; buttons2=&#8221;btn-default btn-outline&#8221; subtitle=&#8221;FAQ&#8221; el_class=&#8221;no-bg-title&#8221;][\/vc_column][\/vc_row][vc_row][vc_column width=&#8221;1\/6&#8243;][\/vc_column][vc_column width=&#8221;2\/3&#8243;][vc_toggle title=&#8221;F1. Wie lange dauert die Herstellung beziehungsweise die Lieferzeit?&#8221; style=&#8221;arrow&#8221; open=&#8221;true&#8221;]Wir bei Hut Factory legen gro\u00dfen Wert auf Qualit\u00e4t und Individualit\u00e4t. Jeder unserer H\u00fcte wird auf Bestellung in der renommierten Schweizer Hutmanufaktur Risa gefertigt. Die erfahrenen Handwerkerinnen und Handwerker stecken &hellip; <a href=\"https:\/\/hutfactory.com\/?page_id=5646\" class=\"more-link\">Weiterlesen <span class=\"screen-reader-text\">Oft gestellte Fragen<\/span><\/a><\/p>\n","protected":false},"author":1,"featured_media":5554,"parent":0,"menu_order":0,"comment_status":"open","ping_status":"open","template":"","meta":{"_acf_changed":false,"rs_blank_template":"","rs_page_bg_color":"","slide_template_v7":"","footnotes":""},"class_list":["post-5646","page","type-page","status-publish","has-post-thumbnail","hentry"],"acf":[],"yoast_head":"<!-- This site is optimized with the Yoast SEO Premium plugin v27.3 (Yoast SEO v27.3) - https:\/\/yoast.com\/product\/yoast-seo-premium-wordpress\/ -->\n<title>Oft gestellte Fragen - Hut Factory<\/title>\n<meta name=\"robots\" content=\"index, follow, max-snippet:-1, max-image-preview:large, max-video-preview:-1\" \/>\n<link rel=\"canonical\" href=\"https:\/\/hutfactory.com\/?page_id=5646\" \/>\n<meta property=\"og:locale\" content=\"de_DE\" \/>\n<meta property=\"og:type\" content=\"article\" \/>\n<meta property=\"og:title\" content=\"Oft gestellte Fragen\" \/>\n<meta property=\"og:description\" content=\"[vc_row css=&#8221;.vc_custom_1511512592506{margin-top: 50px !important;}&#8221;][vc_column][tbay_title_heading title=&#8221;H\u00c4UFIG GESTELLTE FRAGEN&#8221; buttons=&#8221;btn-default btn-outline&#8221; buttons2=&#8221;btn-default btn-outline&#8221; subtitle=&#8221;FAQ&#8221; el_class=&#8221;no-bg-title&#8221;][\/vc_column][\/vc_row][vc_row][vc_column width=&#8221;1\/6&#8243;][\/vc_column][vc_column width=&#8221;2\/3&#8243;][vc_toggle title=&#8221;F1. Wie lange dauert die Herstellung beziehungsweise die Lieferzeit?&#8221; style=&#8221;arrow&#8221; open=&#8221;true&#8221;]Wir bei Hut Factory legen gro\u00dfen Wert auf Qualit\u00e4t und Individualit\u00e4t. Jeder unserer H\u00fcte wird auf Bestellung in der renommierten Schweizer Hutmanufaktur Risa gefertigt. Die erfahrenen Handwerkerinnen und Handwerker stecken &hellip; Weiterlesen Oft gestellte Fragen\" \/>\n<meta property=\"og:url\" content=\"https:\/\/hutfactory.com\/?page_id=5646\" \/>\n<meta property=\"og:site_name\" content=\"Hut Factory\" \/>\n<meta property=\"og:image\" content=\"https:\/\/hutfactory.com\/wp-content\/uploads\/2026\/01\/Rene-Angerer-Hut-Factory.webp\" \/>\n\t<meta property=\"og:image:width\" content=\"603\" \/>\n\t<meta property=\"og:image:height\" content=\"402\" \/>\n\t<meta property=\"og:image:type\" content=\"image\/webp\" \/>\n<meta name=\"twitter:card\" content=\"summary_large_image\" \/>\n<meta name=\"twitter:label1\" content=\"Gesch\u00e4tzte Lesezeit\" \/>\n\t<meta name=\"twitter:data1\" content=\"8\u00a0Minuten\" \/>\n<script type=\"application\/ld+json\" class=\"yoast-schema-graph\">{\"@context\":\"https:\\\/\\\/schema.org\",\"@graph\":[{\"@type\":\"WebPage\",\"@id\":\"https:\\\/\\\/hutfactory.com\\\/?page_id=5646\",\"url\":\"https:\\\/\\\/hutfactory.com\\\/?page_id=5646\",\"name\":\"Oft gestellte Fragen - Hut Factory\",\"isPartOf\":{\"@id\":\"https:\\\/\\\/hutfactory.com\\\/#website\"},\"primaryImageOfPage\":{\"@id\":\"https:\\\/\\\/hutfactory.com\\\/?page_id=5646#primaryimage\"},\"image\":{\"@id\":\"https:\\\/\\\/hutfactory.com\\\/?page_id=5646#primaryimage\"},\"thumbnailUrl\":\"https:\\\/\\\/hutfactory.com\\\/wp-content\\\/uploads\\\/2026\\\/01\\\/Rene-Angerer-Hut-Factory.webp\",\"datePublished\":\"2017-09-12T08:33:44+00:00\",\"breadcrumb\":{\"@id\":\"https:\\\/\\\/hutfactory.com\\\/?page_id=5646#breadcrumb\"},\"inLanguage\":\"de\",\"potentialAction\":[{\"@type\":\"ReadAction\",\"target\":[\"https:\\\/\\\/hutfactory.com\\\/?page_id=5646\"]}]},{\"@type\":\"ImageObject\",\"inLanguage\":\"de\",\"@id\":\"https:\\\/\\\/hutfactory.com\\\/?page_id=5646#primaryimage\",\"url\":\"https:\\\/\\\/hutfactory.com\\\/wp-content\\\/uploads\\\/2026\\\/01\\\/Rene-Angerer-Hut-Factory.webp\",\"contentUrl\":\"https:\\\/\\\/hutfactory.com\\\/wp-content\\\/uploads\\\/2026\\\/01\\\/Rene-Angerer-Hut-Factory.webp\",\"width\":603,\"height\":402},{\"@type\":\"BreadcrumbList\",\"@id\":\"https:\\\/\\\/hutfactory.com\\\/?page_id=5646#breadcrumb\",\"itemListElement\":[{\"@type\":\"ListItem\",\"position\":1,\"name\":\"Start\",\"item\":\"https:\\\/\\\/hutfactory.com\\\/\"},{\"@type\":\"ListItem\",\"position\":2,\"name\":\"Oft gestellte Fragen\"}]},{\"@type\":\"WebSite\",\"@id\":\"https:\\\/\\\/hutfactory.com\\\/#website\",\"url\":\"https:\\\/\\\/hutfactory.com\\\/\",\"name\":\"Hut Factory\",\"description\":\"H\u00fcte, Kappen &amp; M\u00fctzen in Top Swiss\\\/EU Qualit\u00e4t\",\"publisher\":{\"@id\":\"https:\\\/\\\/hutfactory.com\\\/#organization\"},\"alternateName\":\"Hut Shop\",\"potentialAction\":[{\"@type\":\"SearchAction\",\"target\":{\"@type\":\"EntryPoint\",\"urlTemplate\":\"https:\\\/\\\/hutfactory.com\\\/?s={search_term_string}\"},\"query-input\":{\"@type\":\"PropertyValueSpecification\",\"valueRequired\":true,\"valueName\":\"search_term_string\"}}],\"inLanguage\":\"de\"},{\"@type\":\"Organization\",\"@id\":\"https:\\\/\\\/hutfactory.com\\\/#organization\",\"name\":\"Hut Factory\",\"url\":\"https:\\\/\\\/hutfactory.com\\\/\",\"logo\":{\"@type\":\"ImageObject\",\"inLanguage\":\"de\",\"@id\":\"https:\\\/\\\/hutfactory.com\\\/#\\\/schema\\\/logo\\\/image\\\/\",\"url\":\"https:\\\/\\\/hutfactory.com\\\/wp-content\\\/uploads\\\/2026\\\/01\\\/Logo-hut-factory-1.webp\",\"contentUrl\":\"https:\\\/\\\/hutfactory.com\\\/wp-content\\\/uploads\\\/2026\\\/01\\\/Logo-hut-factory-1.webp\",\"width\":300,\"height\":262,\"caption\":\"Hut Factory\"},\"image\":{\"@id\":\"https:\\\/\\\/hutfactory.com\\\/#\\\/schema\\\/logo\\\/image\\\/\"}}]}<\/script>\n<!-- \/ Yoast SEO Premium plugin. -->","yoast_head_json":{"title":"Oft gestellte Fragen - Hut Factory","robots":{"index":"index","follow":"follow","max-snippet":"max-snippet:-1","max-image-preview":"max-image-preview:large","max-video-preview":"max-video-preview:-1"},"canonical":"https:\/\/hutfactory.com\/?page_id=5646","og_locale":"de_DE","og_type":"article","og_title":"Oft gestellte Fragen","og_description":"[vc_row css=&#8221;.vc_custom_1511512592506{margin-top: 50px !important;}&#8221;][vc_column][tbay_title_heading title=&#8221;H\u00c4UFIG GESTELLTE FRAGEN&#8221; buttons=&#8221;btn-default btn-outline&#8221; buttons2=&#8221;btn-default btn-outline&#8221; subtitle=&#8221;FAQ&#8221; el_class=&#8221;no-bg-title&#8221;][\/vc_column][\/vc_row][vc_row][vc_column width=&#8221;1\/6&#8243;][\/vc_column][vc_column width=&#8221;2\/3&#8243;][vc_toggle title=&#8221;F1. Wie lange dauert die Herstellung beziehungsweise die Lieferzeit?&#8221; style=&#8221;arrow&#8221; open=&#8221;true&#8221;]Wir bei Hut Factory legen gro\u00dfen Wert auf Qualit\u00e4t und Individualit\u00e4t. Jeder unserer H\u00fcte wird auf Bestellung in der renommierten Schweizer Hutmanufaktur Risa gefertigt. Die erfahrenen Handwerkerinnen und Handwerker stecken &hellip; Weiterlesen Oft gestellte Fragen","og_url":"https:\/\/hutfactory.com\/?page_id=5646","og_site_name":"Hut Factory","og_image":[{"width":603,"height":402,"url":"https:\/\/hutfactory.com\/wp-content\/uploads\/2026\/01\/Rene-Angerer-Hut-Factory.webp","type":"image\/webp"}],"twitter_card":"summary_large_image","twitter_misc":{"Gesch\u00e4tzte Lesezeit":"8\u00a0Minuten"},"schema":{"@context":"https:\/\/schema.org","@graph":[{"@type":"WebPage","@id":"https:\/\/hutfactory.com\/?page_id=5646","url":"https:\/\/hutfactory.com\/?page_id=5646","name":"Oft gestellte Fragen - Hut Factory","isPartOf":{"@id":"https:\/\/hutfactory.com\/#website"},"primaryImageOfPage":{"@id":"https:\/\/hutfactory.com\/?page_id=5646#primaryimage"},"image":{"@id":"https:\/\/hutfactory.com\/?page_id=5646#primaryimage"},"thumbnailUrl":"https:\/\/hutfactory.com\/wp-content\/uploads\/2026\/01\/Rene-Angerer-Hut-Factory.webp","datePublished":"2017-09-12T08:33:44+00:00","breadcrumb":{"@id":"https:\/\/hutfactory.com\/?page_id=5646#breadcrumb"},"inLanguage":"de","potentialAction":[{"@type":"ReadAction","target":["https:\/\/hutfactory.com\/?page_id=5646"]}]},{"@type":"ImageObject","inLanguage":"de","@id":"https:\/\/hutfactory.com\/?page_id=5646#primaryimage","url":"https:\/\/hutfactory.com\/wp-content\/uploads\/2026\/01\/Rene-Angerer-Hut-Factory.webp","contentUrl":"https:\/\/hutfactory.com\/wp-content\/uploads\/2026\/01\/Rene-Angerer-Hut-Factory.webp","width":603,"height":402},{"@type":"BreadcrumbList","@id":"https:\/\/hutfactory.com\/?page_id=5646#breadcrumb","itemListElement":[{"@type":"ListItem","position":1,"name":"Start","item":"https:\/\/hutfactory.com\/"},{"@type":"ListItem","position":2,"name":"Oft gestellte Fragen"}]},{"@type":"WebSite","@id":"https:\/\/hutfactory.com\/#website","url":"https:\/\/hutfactory.com\/","name":"Hut Factory","description":"H\u00fcte, Kappen &amp; M\u00fctzen in Top Swiss\/EU Qualit\u00e4t","publisher":{"@id":"https:\/\/hutfactory.com\/#organization"},"alternateName":"Hut Shop","potentialAction":[{"@type":"SearchAction","target":{"@type":"EntryPoint","urlTemplate":"https:\/\/hutfactory.com\/?s={search_term_string}"},"query-input":{"@type":"PropertyValueSpecification","valueRequired":true,"valueName":"search_term_string"}}],"inLanguage":"de"},{"@type":"Organization","@id":"https:\/\/hutfactory.com\/#organization","name":"Hut Factory","url":"https:\/\/hutfactory.com\/","logo":{"@type":"ImageObject","inLanguage":"de","@id":"https:\/\/hutfactory.com\/#\/schema\/logo\/image\/","url":"https:\/\/hutfactory.com\/wp-content\/uploads\/2026\/01\/Logo-hut-factory-1.webp","contentUrl":"https:\/\/hutfactory.com\/wp-content\/uploads\/2026\/01\/Logo-hut-factory-1.webp","width":300,"height":262,"caption":"Hut Factory"},"image":{"@id":"https:\/\/hutfactory.com\/#\/schema\/logo\/image\/"}}]}},"_links":{"self":[{"href":"https:\/\/hutfactory.com\/index.php?rest_route=\/wp\/v2\/pages\/5646","targetHints":{"allow":["GET"]}}],"collection":[{"href":"https:\/\/hutfactory.com\/index.php?rest_route=\/wp\/v2\/pages"}],"about":[{"href":"https:\/\/hutfactory.com\/index.php?rest_route=\/wp\/v2\/types\/page"}],"author":[{"embeddable":true,"href":"https:\/\/hutfactory.com\/index.php?rest_route=\/wp\/v2\/users\/1"}],"replies":[{"embeddable":true,"href":"https:\/\/hutfactory.com\/index.php?rest_route=%2Fwp%2Fv2%2Fcomments&post=5646"}],"version-history":[{"count":0,"href":"https:\/\/hutfactory.com\/index.php?rest_route=\/wp\/v2\/pages\/5646\/revisions"}],"wp:featuredmedia":[{"embeddable":true,"href":"https:\/\/hutfactory.com\/index.php?rest_route=\/wp\/v2\/media\/5554"}],"wp:attachment":[{"href":"https:\/\/hutfactory.com\/index.php?rest_route=%2Fwp%2Fv2%2Fmedia&parent=5646"}],"curies":[{"name":"wp","href":"https:\/\/api.w.org\/{rel}","templated":true}]}}