{"id":5634,"date":"2023-07-11T10:49:43","date_gmt":"2023-07-11T10:49:43","guid":{"rendered":"https:\/\/hutfactory.com\/?page_id=5634"},"modified":"2026-03-25T13:01:47","modified_gmt":"2026-03-25T13:01:47","slug":"hut-club","status":"publish","type":"page","link":"https:\/\/hutfactory.com\/?page_id=5634","title":{"rendered":"HUT CLUB"},"content":{"rendered":"<div class=\"wpb-content-wrapper\"><p>[vc_row][vc_column][vc_column_text css=&#8221;&#8221;]<\/p>\n<h2><strong>Willkommen im Hut Club der Hut Factory \u2013 Ihrem Online Hut Shop f\u00fcr H\u00fcte, M\u00fctzen und Kappen!<\/strong><\/h2>\n<p>Wir freuen uns, Sie nach Ihrem dritten Kauf in unserem <strong>Online Hut Shop<\/strong> als registriertes Clubmitglied im exklusiven <strong>Hut Club<\/strong> willkommen zu hei\u00dfen! Mit drei erworbenen Kopfbedeckungen \u2013 ob H\u00fcte, M\u00fctzen oder Kappen \u2013 k\u00f6nnen Sie Teil dieser besonderen Gemeinschaft werden.<\/p>\n<p><strong>Exklusive Vorteile f\u00fcr Hut-Liebhaber<\/strong><\/p>\n<p>Als Mitglied des <strong>Hut Clubs<\/strong> erwarten Sie spannende Vorteile und zahlreiche Informationen rund um die Welt der H\u00fcte und Kopfbedeckungen. H\u00fcte sind weit mehr als nur ein Accessoire \u2013 sie sind ein Ausdruck von Stil, Individualit\u00e4t und Pers\u00f6nlichkeit. Deshalb haben wir f\u00fcr unsere Clubmitglieder etwas ganz Besonderes vorbereitet:[\/vc_column_text][vc_row_inner][vc_column_inner width=&#8221;1\/2&#8243;][vc_single_image image=&#8221;5639&#8243; img_size=&#8221;medium&#8221; css=&#8221;&#8221;][\/vc_column_inner][vc_column_inner width=&#8221;1\/2&#8243;][vc_column_text css=&#8221;&#8221;]<\/p>\n<h4><strong>Willkommen im Hut Club der Hut Factory:<\/strong><\/h4>\n<p><strong>Exklusive Vorschau und Vororder auf neue Kollektionen:<\/strong> Unsere Brosch\u00fcre gibt Ihnen Einblicke in die kommende Sommer- und Winterkollektion. W\u00e4hlen Sie Ihre Favoriten und bestellen Sie diese bereits vor dem offiziellen Verkaufsstart mit 5% Clubrabatt.<\/p>\n<p><strong>Attraktive Rabatte:<\/strong> Profitieren Sie von verg\u00fcnstigten Preisen und sichern Sie sich Ihren Traumhut noch vor allen anderen.<\/p>\n<p><strong>Kostenloser Versand ab CHF\/Euro 150:<\/strong> Genie\u00dfen Sie ein angenehmes Einkaufserlebnis in unserem <strong>Online Hut Shop<\/strong>, ohne zus\u00e4tzliche Versandkosten.[\/vc_column_text][\/vc_column_inner][\/vc_row_inner][vc_column_text css=&#8221;&#8221;]<\/p>\n<h3 style=\"text-align: left;\"><strong>Entdecken Sie die Welt der H\u00fcte im Hut Club<\/strong><\/h3>\n<p style=\"text-align: left;\">Werden Sie Teil einer Community, die Ihre Leidenschaft f\u00fcr <strong>H\u00fcte<\/strong>, <strong>M\u00fctzen<\/strong> und <strong>Kappen<\/strong> teilt. Als Mitglied erhalten Sie regelm\u00e4\u00dfig Updates zu neuen Trends, Pflegehinweisen und Styling-Tipps, um Ihren pers\u00f6nlichen <strong>Hut-Stil<\/strong> perfekt in Szene zu setzen.<\/p>\n<p style=\"text-align: left;\">Wir laden Sie herzlich ein, die faszinierende Welt unseres <strong>Hut Shops<\/strong> zu erkunden und stets bestens informiert zu sein. Lassen Sie sich von unserer handgefertigten Qualit\u00e4t und unseren besonderen Designs begeistern.<\/p>\n<h4 style=\"text-align: left;\"><em>Wir freuen uns, Sie als Teil unserer wachsenden Hut-Community begr\u00fc\u00dfen zu d\u00fcrfen.<\/em><\/h4>\n<p style=\"text-align: left;\">Herzliche Gr\u00fc\u00dfe,<br \/>\nIhr Hut Factory Team<\/p>\n<p>[\/vc_column_text][vc_gallery interval=&#8221;3&#8243; images=&#8221;39403,39402,39406,39409&#8243; img_size=&#8221;large&#8221; css=&#8221;&#8221;][\/vc_column][vc_column][\/vc_column][\/vc_row]<\/p>\n<\/div>","protected":false},"excerpt":{"rendered":"<p>[vc_row][vc_column][vc_column_text css=&#8221;&#8221;] Willkommen im Hut Club der Hut Factory \u2013 Ihrem Online Hut Shop f\u00fcr H\u00fcte, M\u00fctzen und Kappen! Wir freuen uns, Sie nach Ihrem dritten Kauf in unserem Online Hut Shop als registriertes Clubmitglied im exklusiven Hut Club willkommen zu hei\u00dfen! Mit drei erworbenen Kopfbedeckungen \u2013 ob H\u00fcte, M\u00fctzen oder Kappen \u2013 k\u00f6nnen Sie &hellip; <a href=\"https:\/\/hutfactory.com\/?page_id=5634\" class=\"more-link\">Weiterlesen <span class=\"screen-reader-text\">HUT CLUB<\/span><\/a><\/p>\n","protected":false},"author":1,"featured_media":5635,"parent":0,"menu_order":0,"comment_status":"open","ping_status":"open","template":"","meta":{"_acf_changed":false,"rs_blank_template":"","rs_page_bg_color":"","slide_template_v7":"","footnotes":""},"class_list":["post-5634","page","type-page","status-publish","has-post-thumbnail","hentry"],"acf":[],"yoast_head":"<!-- This site is optimized with the Yoast SEO Premium plugin v27.3 (Yoast SEO v27.3) - https:\/\/yoast.com\/product\/yoast-seo-premium-wordpress\/ -->\n<title>Wir freuen uns, Sie als Hut Clubmitglied begr\u00fc\u00dfen zu d\u00fcrfen.<\/title>\n<meta name=\"description\" content=\"Sobald Sie 3 Kopfbedeckungen bei uns erwerben, werden Sie automatisch Teil unseres exklusiven Hut Club der Hut Factory.\" \/>\n<meta name=\"robots\" content=\"index, follow, max-snippet:-1, max-image-preview:large, max-video-preview:-1\" \/>\n<link rel=\"canonical\" href=\"https:\/\/hutfactory.com\/?page_id=5634\" \/>\n<meta property=\"og:locale\" content=\"de_DE\" \/>\n<meta property=\"og:type\" content=\"article\" \/>\n<meta property=\"og:title\" content=\"HUT CLUB\" \/>\n<meta property=\"og:description\" content=\"Sobald Sie 3 Kopfbedeckungen bei uns erwerben, werden Sie automatisch Teil unseres exklusiven Hut Club der Hut Factory.\" \/>\n<meta property=\"og:url\" content=\"https:\/\/hutfactory.com\/?page_id=5634\" \/>\n<meta property=\"og:site_name\" content=\"Hut Factory\" \/>\n<meta property=\"article:modified_time\" content=\"2026-03-25T13:01:47+00:00\" \/>\n<meta property=\"og:image\" content=\"https:\/\/hutfactory.com\/wp-content\/uploads\/2026\/01\/Hut-Club-8.webp\" \/>\n\t<meta property=\"og:image:width\" content=\"1024\" \/>\n\t<meta property=\"og:image:height\" content=\"1024\" \/>\n\t<meta property=\"og:image:type\" content=\"image\/webp\" \/>\n<meta name=\"twitter:card\" content=\"summary_large_image\" \/>\n<meta name=\"twitter:label1\" content=\"Gesch\u00e4tzte Lesezeit\" \/>\n\t<meta name=\"twitter:data1\" content=\"3\u00a0Minuten\" \/>\n<script type=\"application\/ld+json\" class=\"yoast-schema-graph\">{\"@context\":\"https:\\\/\\\/schema.org\",\"@graph\":[{\"@type\":\"WebPage\",\"@id\":\"https:\\\/\\\/hutfactory.com\\\/?page_id=5634\",\"url\":\"https:\\\/\\\/hutfactory.com\\\/?page_id=5634\",\"name\":\"Wir freuen uns, Sie als Hut Clubmitglied begr\u00fc\u00dfen zu d\u00fcrfen.\",\"isPartOf\":{\"@id\":\"https:\\\/\\\/hutfactory.com\\\/#website\"},\"primaryImageOfPage\":{\"@id\":\"https:\\\/\\\/hutfactory.com\\\/?page_id=5634#primaryimage\"},\"image\":{\"@id\":\"https:\\\/\\\/hutfactory.com\\\/?page_id=5634#primaryimage\"},\"thumbnailUrl\":\"https:\\\/\\\/hutfactory.com\\\/wp-content\\\/uploads\\\/2026\\\/01\\\/Hut-Club-8.webp\",\"datePublished\":\"2023-07-11T10:49:43+00:00\",\"dateModified\":\"2026-03-25T13:01:47+00:00\",\"description\":\"Sobald Sie 3 Kopfbedeckungen bei uns erwerben, werden Sie automatisch Teil unseres exklusiven Hut Club der Hut Factory.\",\"breadcrumb\":{\"@id\":\"https:\\\/\\\/hutfactory.com\\\/?page_id=5634#breadcrumb\"},\"inLanguage\":\"de\",\"potentialAction\":[{\"@type\":\"ReadAction\",\"target\":[\"https:\\\/\\\/hutfactory.com\\\/?page_id=5634\"]}]},{\"@type\":\"ImageObject\",\"inLanguage\":\"de\",\"@id\":\"https:\\\/\\\/hutfactory.com\\\/?page_id=5634#primaryimage\",\"url\":\"https:\\\/\\\/hutfactory.com\\\/wp-content\\\/uploads\\\/2026\\\/01\\\/Hut-Club-8.webp\",\"contentUrl\":\"https:\\\/\\\/hutfactory.com\\\/wp-content\\\/uploads\\\/2026\\\/01\\\/Hut-Club-8.webp\",\"width\":1024,\"height\":1024,\"caption\":\"Hut Club der Hut Factory\"},{\"@type\":\"BreadcrumbList\",\"@id\":\"https:\\\/\\\/hutfactory.com\\\/?page_id=5634#breadcrumb\",\"itemListElement\":[{\"@type\":\"ListItem\",\"position\":1,\"name\":\"Start\",\"item\":\"https:\\\/\\\/hutfactory.com\\\/\"},{\"@type\":\"ListItem\",\"position\":2,\"name\":\"HUT CLUB\"}]},{\"@type\":\"WebSite\",\"@id\":\"https:\\\/\\\/hutfactory.com\\\/#website\",\"url\":\"https:\\\/\\\/hutfactory.com\\\/\",\"name\":\"Hut Factory\",\"description\":\"H\u00fcte, Kappen &amp; M\u00fctzen in Top Swiss\\\/EU Qualit\u00e4t\",\"publisher\":{\"@id\":\"https:\\\/\\\/hutfactory.com\\\/#organization\"},\"alternateName\":\"Hut Shop\",\"potentialAction\":[{\"@type\":\"SearchAction\",\"target\":{\"@type\":\"EntryPoint\",\"urlTemplate\":\"https:\\\/\\\/hutfactory.com\\\/?s={search_term_string}\"},\"query-input\":{\"@type\":\"PropertyValueSpecification\",\"valueRequired\":true,\"valueName\":\"search_term_string\"}}],\"inLanguage\":\"de\"},{\"@type\":\"Organization\",\"@id\":\"https:\\\/\\\/hutfactory.com\\\/#organization\",\"name\":\"Hut Factory\",\"url\":\"https:\\\/\\\/hutfactory.com\\\/\",\"logo\":{\"@type\":\"ImageObject\",\"inLanguage\":\"de\",\"@id\":\"https:\\\/\\\/hutfactory.com\\\/#\\\/schema\\\/logo\\\/image\\\/\",\"url\":\"https:\\\/\\\/hutfactory.com\\\/wp-content\\\/uploads\\\/2026\\\/01\\\/Logo-hut-factory-1.webp\",\"contentUrl\":\"https:\\\/\\\/hutfactory.com\\\/wp-content\\\/uploads\\\/2026\\\/01\\\/Logo-hut-factory-1.webp\",\"width\":300,\"height\":262,\"caption\":\"Hut Factory\"},\"image\":{\"@id\":\"https:\\\/\\\/hutfactory.com\\\/#\\\/schema\\\/logo\\\/image\\\/\"}}]}<\/script>\n<!-- \/ Yoast SEO Premium plugin. -->","yoast_head_json":{"title":"Wir freuen uns, Sie als Hut Clubmitglied begr\u00fc\u00dfen zu d\u00fcrfen.","description":"Sobald Sie 3 Kopfbedeckungen bei uns erwerben, werden Sie automatisch Teil unseres exklusiven Hut Club der Hut Factory.","robots":{"index":"index","follow":"follow","max-snippet":"max-snippet:-1","max-image-preview":"max-image-preview:large","max-video-preview":"max-video-preview:-1"},"canonical":"https:\/\/hutfactory.com\/?page_id=5634","og_locale":"de_DE","og_type":"article","og_title":"HUT CLUB","og_description":"Sobald Sie 3 Kopfbedeckungen bei uns erwerben, werden Sie automatisch Teil unseres exklusiven Hut Club der Hut Factory.","og_url":"https:\/\/hutfactory.com\/?page_id=5634","og_site_name":"Hut Factory","article_modified_time":"2026-03-25T13:01:47+00:00","og_image":[{"width":1024,"height":1024,"url":"https:\/\/hutfactory.com\/wp-content\/uploads\/2026\/01\/Hut-Club-8.webp","type":"image\/webp"}],"twitter_card":"summary_large_image","twitter_misc":{"Gesch\u00e4tzte Lesezeit":"3\u00a0Minuten"},"schema":{"@context":"https:\/\/schema.org","@graph":[{"@type":"WebPage","@id":"https:\/\/hutfactory.com\/?page_id=5634","url":"https:\/\/hutfactory.com\/?page_id=5634","name":"Wir freuen uns, Sie als Hut Clubmitglied begr\u00fc\u00dfen zu d\u00fcrfen.","isPartOf":{"@id":"https:\/\/hutfactory.com\/#website"},"primaryImageOfPage":{"@id":"https:\/\/hutfactory.com\/?page_id=5634#primaryimage"},"image":{"@id":"https:\/\/hutfactory.com\/?page_id=5634#primaryimage"},"thumbnailUrl":"https:\/\/hutfactory.com\/wp-content\/uploads\/2026\/01\/Hut-Club-8.webp","datePublished":"2023-07-11T10:49:43+00:00","dateModified":"2026-03-25T13:01:47+00:00","description":"Sobald Sie 3 Kopfbedeckungen bei uns erwerben, werden Sie automatisch Teil unseres exklusiven Hut Club der Hut Factory.","breadcrumb":{"@id":"https:\/\/hutfactory.com\/?page_id=5634#breadcrumb"},"inLanguage":"de","potentialAction":[{"@type":"ReadAction","target":["https:\/\/hutfactory.com\/?page_id=5634"]}]},{"@type":"ImageObject","inLanguage":"de","@id":"https:\/\/hutfactory.com\/?page_id=5634#primaryimage","url":"https:\/\/hutfactory.com\/wp-content\/uploads\/2026\/01\/Hut-Club-8.webp","contentUrl":"https:\/\/hutfactory.com\/wp-content\/uploads\/2026\/01\/Hut-Club-8.webp","width":1024,"height":1024,"caption":"Hut Club der Hut Factory"},{"@type":"BreadcrumbList","@id":"https:\/\/hutfactory.com\/?page_id=5634#breadcrumb","itemListElement":[{"@type":"ListItem","position":1,"name":"Start","item":"https:\/\/hutfactory.com\/"},{"@type":"ListItem","position":2,"name":"HUT CLUB"}]},{"@type":"WebSite","@id":"https:\/\/hutfactory.com\/#website","url":"https:\/\/hutfactory.com\/","name":"Hut Factory","description":"H\u00fcte, Kappen &amp; M\u00fctzen in Top Swiss\/EU Qualit\u00e4t","publisher":{"@id":"https:\/\/hutfactory.com\/#organization"},"alternateName":"Hut Shop","potentialAction":[{"@type":"SearchAction","target":{"@type":"EntryPoint","urlTemplate":"https:\/\/hutfactory.com\/?s={search_term_string}"},"query-input":{"@type":"PropertyValueSpecification","valueRequired":true,"valueName":"search_term_string"}}],"inLanguage":"de"},{"@type":"Organization","@id":"https:\/\/hutfactory.com\/#organization","name":"Hut Factory","url":"https:\/\/hutfactory.com\/","logo":{"@type":"ImageObject","inLanguage":"de","@id":"https:\/\/hutfactory.com\/#\/schema\/logo\/image\/","url":"https:\/\/hutfactory.com\/wp-content\/uploads\/2026\/01\/Logo-hut-factory-1.webp","contentUrl":"https:\/\/hutfactory.com\/wp-content\/uploads\/2026\/01\/Logo-hut-factory-1.webp","width":300,"height":262,"caption":"Hut Factory"},"image":{"@id":"https:\/\/hutfactory.com\/#\/schema\/logo\/image\/"}}]}},"_links":{"self":[{"href":"https:\/\/hutfactory.com\/index.php?rest_route=\/wp\/v2\/pages\/5634","targetHints":{"allow":["GET"]}}],"collection":[{"href":"https:\/\/hutfactory.com\/index.php?rest_route=\/wp\/v2\/pages"}],"about":[{"href":"https:\/\/hutfactory.com\/index.php?rest_route=\/wp\/v2\/types\/page"}],"author":[{"embeddable":true,"href":"https:\/\/hutfactory.com\/index.php?rest_route=\/wp\/v2\/users\/1"}],"replies":[{"embeddable":true,"href":"https:\/\/hutfactory.com\/index.php?rest_route=%2Fwp%2Fv2%2Fcomments&post=5634"}],"version-history":[{"count":8,"href":"https:\/\/hutfactory.com\/index.php?rest_route=\/wp\/v2\/pages\/5634\/revisions"}],"predecessor-version":[{"id":39404,"href":"https:\/\/hutfactory.com\/index.php?rest_route=\/wp\/v2\/pages\/5634\/revisions\/39404"}],"wp:featuredmedia":[{"embeddable":true,"href":"https:\/\/hutfactory.com\/index.php?rest_route=\/wp\/v2\/media\/5635"}],"wp:attachment":[{"href":"https:\/\/hutfactory.com\/index.php?rest_route=%2Fwp%2Fv2%2Fmedia&parent=5634"}],"curies":[{"name":"wp","href":"https:\/\/api.w.org\/{rel}","templated":true}]}}