{"id":5615,"date":"2022-01-13T20:00:34","date_gmt":"2022-01-13T20:00:34","guid":{"rendered":"https:\/\/hutfactory.com\/?page_id=5615"},"modified":"2026-03-25T12:36:48","modified_gmt":"2026-03-25T12:36:48","slug":"hut-auffrischung","status":"publish","type":"page","link":"https:\/\/hutfactory.com\/?page_id=5615","title":{"rendered":"Hut Auffrischung"},"content":{"rendered":"<div class=\"wpb-content-wrapper\">\r\n<p>[vc_row][vc_column][vc_column_text]<\/p>\r\n<h3 class=\"widget-heading\">Hut Auffrischung (Eigen- und Fremdmarken)<\/h3>\r\n<p>[\/vc_column_text][vc_column_text]F\u00fcr Ihre gesch\u00e4tzten handgefertigten H\u00fcte bieten wir erfrischende Auffrischungspakete an, die zweifellos eine Investition wert sind. Unsere Auswahl umfasst drei sorgf\u00e4ltig zusammengestellte Pakete:<\/p>\r\n<p style=\"padding-left: 40px;\"><strong>Basic Package<\/strong>:<\/p>\r\n<p style=\"padding-left: 40px;\">Dieses Paket beinhaltet eine gr\u00fcndliche Standardreinigung, eine Reblocking-Behandlung sowie eine Neuformung. Es stellt sicher, dass Ihr Hut wieder in Form kommt, jedoch sind in diesem Paket keine Schweissbandreinigung oder ein neues Hutband enthalten.<\/p>\r\n<p style=\"padding-left: 40px;\"><strong>Silber Package<\/strong>:<\/p>\r\n<p style=\"padding-left: 40px;\">Dieser Service bietet Ihnen eine umfassende Standardreinigung, ein neues hochwertiges Schweissband, eine Neublockierung, Neuformung und ein neues Hutband. Ihr Hut wird nicht nur frischer aussehen, sondern auch an Komfort gewinnen.<\/p>\r\n<p style=\"padding-left: 40px;\"><strong>Gold Package<\/strong>:<\/p>\r\n<p style=\"padding-left: 40px;\">Das Gold-Paket l\u00e4sst Ihren alten Hut nahezu in einem neuwertigen Zustand erstrahlen. Es beinhaltet eine vollst\u00e4ndige Restaurierung, ein neues hochwertiges Lederschweissband, ein neues Hutband aus feinstem Rebs, ein frisches Satinfutter und eine Krempenformung. Dieser Service gibt Ihrem Hut eine zweite Chance, in all seiner Pracht zu erstrahlen.<\/p>\r\n<p>[\/vc_column_text][vc_empty_space][vc_column_text]Insgesamt gesehen ist eine Auffrischung eine kluge Entscheidung, um die Lebensdauer und den Glanz Ihrer H\u00fcte zu erhalten. Damit werden Sie noch viele Jahre Freude an Ihrem Sommer- oder Winterhut haben, der Sie zuverl\u00e4ssig vor den Elementen sch\u00fctzt. Egal ob vor der sommerlichen UV-Strahlung oder den Unbilden von Regen und Schnee in den k\u00fchleren Monaten. Wir bei der Hut Factory verstehen den Wert und die Bedeutung Ihrer H\u00fcte. Mit unseren Auffrischungspaketen m\u00f6chten wir sicherstellen, dass Ihre H\u00fcte in bestem Zustand bleiben und Ihnen weiterhin einen stilvollen Schutz bieten. W\u00e4hlen Sie das Paket, das Ihren Anforderungen am besten entspricht, und lassen Sie uns gemeinsam daf\u00fcr sorgen, dass Ihre H\u00fcte ihre Qualit\u00e4t und ihren Charme behalten.[\/vc_column_text][vc_empty_space][\/vc_column][\/vc_row][vc_row][vc_column width=&#8221;1\/3&#8243;][vc_raw_html]JTNDZGl2JTIwY2xhc3MlM0QlMjJwcmljaW5nJTIwcHJpY2luZy12MSUyMCUyMCUyMiUzRSUwQSUyMCUyMCUyMCUyMCUzQ2RpdiUyMGNsYXNzJTNEJTIycHJpY2luZy1oZWFkZXIlMjIlM0UlMEElMjAlMjAlMjAlMjAlMjAlMjAlMjAlMjAlM0NoNCUyMGNsYXNzJTNEJTIycGxhbi10aXRsZSUyMiUzRSUwQSUyMCUyMCUyMCUyMCUyMCUyMCUyMCUyMCUyMCUyMCUyMCUyMCUzQ3NwYW4lM0ViYXNpYyUyMHBhY2thZ2UlM0MlMkZzcGFuJTNFJTBBJTIwJTIwJTIwJTIwJTIwJTIwJTIwJTIwJTNDJTJGaDQlM0UlMjAlMjAlMjAlMjAlMjAlMjAlMjAlMjAlMjAlMjAlMjAlMjAlMjAlMjAlMjAlMjAlMjAlMjAlMjAlMjAlMjAlMjAlMjAlMjAlMEElMjAlMjAlMjAlMjAlMjAlMjAlMjAlMjAlMjAlMjAlMjAlMjAlMjAlMjAlMjAlMjAlMjAlMjAlMjAlMjAlM0NkaXYlMjBjbGFzcyUzRCUyMnBsYW4tcHJpY2UlMjIlM0UlMEElMjAlMjAlMjAlMjAlMjAlMjAlMjAlMjAlMjAlMjAlMjAlMjAlMjAlMjAlMjAlMjAlM0NzdXAlMjBjbGFzcyUzRCUyMnBsYW4tY3VycmVuY3klMjIlM0VDSEYlM0MlMkZzdXAlM0UlMjAlMEElMjAlMjAlMjAlMjAlMjAlMjAlMjAlMjAlMjAlMjAlMjAlMjAlMjAlMjAlMjAlMjAlM0NzcGFuJTIwY2xhc3MlM0QlMjJwbGFuLWZpZ3VyZSUyMiUzRWFiJTIwODAuLS0lM0MlMkZzcGFuJTNFJTBBJTIwJTIwJTIwJTIwJTIwJTIwJTIwJTIwJTIwJTIwJTIwJTIwJTIwJTIwJTIwJTIwJTNDcCUzRVp1JTIwZGllc2VuJTIwU2VydmljZSUyMGdlaCVDMyVCNnJ0JTIwZWluZSUyMHNvcmdmJUMzJUE0bHRpZ2UlMjBTdGFuZGFyZCUyMFJlaW5pZ3VuZyUzQyUyRnAlM0UlMEElMjAlMjAlMjAlMjAlMjAlMjAlMjAlMjAlMjAlMjAlMjAlMjAlM0MlMkZkaXYlM0UlMEElMjAlMjAlMjAlMjAlMjAlMjAlMjAlMjAlMjAlMjAlMjAlMjAlMEElMEElMjAlMjAlMjAlMjAlM0MlMkZkaXYlM0UlMEElMjAlMjAlMjAlMjAlM0NkaXYlMjBjbGFzcyUzRCUyMnByaWNpbmctYm9keSUyMiUzRSUwQSUyMCUyMCUyMCUyMCUyMCUyMCUyMCUyMCUzQ2RpdiUyMGNsYXNzJTNEJTIycGxhaW4taW5mbyUyMiUzRSUwQSUyMCUyMCUyMCUyMCUyMCUyMCUyMCUyMCUyMCUyMCUyMCUzQ3AlM0UlM0MlMkZwJTNFJTBBJTNDdWwlM0UlMEElM0NsaSUzRVN0YW5kYXJkcmVpbmlndW5nJTNDJTJGbGklM0UlMEElM0NsaSUzRVJlYmxvY2tpbmclM0MlMkZsaSUzRSUwQSUzQ2xpJTNFTmV1Zm9ybXVuZyUzQyUyRmxpJTNFJTBBJTNDbGklM0VvaG5lJTIwU2Nod2Vpc3NiYW5kcmVpbmlndW5nJTNDJTJGbGklM0UlMEElM0NsaSUzRW9obmUlMjBuZXVlcyUyMEh1dGJhbmQlM0MlMkZsaSUzRSUwQSUzQyUyRnVsJTNFJTBBJTNDcCUzRSUyMCUyMCUyMCUyMCUyMCUyMCUyMCUyMCUzQyUyRnAlM0UlM0MlMkZkaXYlM0UlMEElMjAlMjAlMjAlMjAlM0MlMkZkaXYlM0UlMEElMjAlMjAlMjAlMjAlMjAlMjAlMjAlMjAlMjAlM0NkaXYlMjBjbGFzcyUzRCUyMnByaWNpbmctZm9vdGVyJTIyJTNFJTBBJTIwJTIwJTIwJTIwJTIwJTIwJTIwJTIwJTNDYSUyMGNsYXNzJTNEJTIyYnRuJTIwYnRuLWxnJTIwYnRuLWJsb2NrJTIwYnRuLWludmVyc2UlMjBidG4tcHJpbWFyeSUyMHJhZGl1cy02eCUyMiUyMGhyZWYlM0QlMjJodHRwcyUzQSUyRiUyRmh1dC1mYWN0b3J5LmNvbSUyRnByb2R1Y3QlMkZodXQtYXVmZnJpc2NodW5nLWJhc2ljLXBhY2thZ2UlMkYlMjIlM0VTSE9QJTIwTk9XJTNDJTJGYSUzRSUyMCUyMCUyMCUyMCUyMCUyMCUyMCUyMCUyMCUyMCUyMCUyMCUyMCUyMCUyMCUyMCUyMCUyMCUyMCUyMCUyMCUyMCUyMCUyMCUwQSUyMCUyMCUyMCUyMCUyMCUzQyUyRmRpdiUzRSUwQSUyMCUyMCUyMCUyMCUyMCUzQyUyRmRpdiUzRQ==[\/vc_raw_html][\/vc_column][vc_column width=&#8221;1\/3&#8243;][vc_raw_html]JTNDZGl2JTIwY2xhc3MlM0QlMjJwcmljaW5nJTIwcHJpY2luZy12MSUyMCUyMCUyMiUzRSUwQSUyMCUyMCUyMCUyMCUzQ2RpdiUyMGNsYXNzJTNEJTIycHJpY2luZy1oZWFkZXIlMjIlM0UlMEElMjAlMjAlMjAlMjAlMjAlMjAlMjAlMjAlM0NoNCUyMGNsYXNzJTNEJTIycGxhbi10aXRsZSUyMiUzRSUwQSUyMCUyMCUyMCUyMCUyMCUyMCUyMCUyMCUyMCUyMCUyMCUyMCUzQ3NwYW4lM0VzaWxiZXIlMjBwYWNrYWdlJTNDJTJGc3BhbiUzRSUwQSUyMCUyMCUyMCUyMCUyMCUyMCUyMCUyMCUzQyUyRmg0JTNFJTIwJTIwJTIwJTIwJTIwJTIwJTIwJTIwJTIwJTIwJTIwJTIwJTIwJTIwJTIwJTIwJTIwJTIwJTIwJTIwJTIwJTIwJTIwJTIwJTBBJTIwJTIwJTIwJTIwJTIwJTIwJTIwJTIwJTIwJTIwJTIwJTIwJTIwJTIwJTIwJTIwJTIwJTIwJTIwJTIwJTNDZGl2JTIwY2xhc3MlM0QlMjJwbGFuLXByaWNlJTIyJTNFJTBBJTIwJTIwJTIwJTIwJTIwJTIwJTIwJTIwJTIwJTIwJTIwJTIwJTIwJTIwJTIwJTIwJTNDc3VwJTIwY2xhc3MlM0QlMjJwbGFuLWN1cnJlbmN5JTIyJTNFQ0hGJTNDJTJGc3VwJTNFJTIwJTBBJTIwJTIwJTIwJTIwJTIwJTIwJTIwJTIwJTIwJTIwJTIwJTIwJTIwJTIwJTIwJTIwJTNDc3BhbiUyMGNsYXNzJTNEJTIycGxhbi1maWd1cmUlMjIlM0VhYiUyMDEwMC4tLSUzQyUyRnNwYW4lM0UlMEElMjAlMjAlMjAlMjAlMjAlMjAlMjAlMjAlMjAlMjAlMjAlMjAlMjAlMjAlMjAlMjAlM0NwJTNFWnUlMjBkaWVzZW4lMjBTZXJ2aWNlJTIwZ2VoJUMzJUI2cnQlMjBlaW5lJTIwZ3IlQzMlQkNuZGxpY2hlJTIwU3RhbmRhcmRyZWluaWd1bmclM0MlMkZwJTNFJTBBJTIwJTIwJTIwJTIwJTIwJTIwJTIwJTIwJTIwJTIwJTIwJTIwJTNDJTJGZGl2JTNFJTBBJTIwJTIwJTIwJTIwJTIwJTIwJTIwJTIwJTIwJTIwJTIwJTIwJTBBJTBBJTIwJTIwJTIwJTIwJTNDJTJGZGl2JTNFJTBBJTIwJTIwJTIwJTIwJTNDZGl2JTIwY2xhc3MlM0QlMjJwcmljaW5nLWJvZHklMjIlM0UlMEElMjAlMjAlMjAlMjAlMjAlMjAlMjAlMjAlM0NkaXYlMjBjbGFzcyUzRCUyMnBsYWluLWluZm8lMjIlM0UlMEElMjAlMjAlMjAlMjAlMjAlMjAlMjAlMjAlMjAlMjAlMjAlM0NwJTNFJTNDJTJGcCUzRSUwQSUzQ3VsJTNFJTBBJTNDbGklM0VTdGFuZGFyZHJlaW5pZ3VuZyUzQyUyRmxpJTNFJTBBJTNDbGklM0Vob2Nod2VydGlnZXMlMjBTY2h3ZWlzc2JhbmQlM0MlMkZsaSUzRSUwQSUzQ2xpJTNFTmV1YmxvY2tpZXJ1bmclM0MlMkZsaSUzRSUwQSUzQ2xpJTNFTmV1Zm9ybXVuZyUzQyUyRmxpJTNFJTBBJTNDbGklM0VuZXVlcyUyMEh1dGJhbmQlM0MlMkZsaSUzRSUwQSUzQyUyRnVsJTNFJTBBJTNDcCUzRSUyMCUyMCUyMCUyMCUyMCUyMCUyMCUyMCUzQyUyRnAlM0UlM0MlMkZkaXYlM0UlMEElMjAlMjAlMjAlMjAlM0MlMkZkaXYlM0UlMEElMjAlMjAlMjAlMjAlMjAlMjAlMjAlMjAlMjAlM0NkaXYlMjBjbGFzcyUzRCUyMnByaWNpbmctZm9vdGVyJTIyJTNFJTBBJTIwJTIwJTIwJTIwJTIwJTIwJTIwJTIwJTNDYSUyMGNsYXNzJTNEJTIyYnRuJTIwYnRuLWxnJTIwYnRuLWJsb2NrJTIwYnRuLWludmVyc2UlMjBidG4tcHJpbWFyeSUyMHJhZGl1cy02eCUyMiUyMGhyZWYlM0QlMjJodHRwcyUzQSUyRiUyRmh1dC1mYWN0b3J5LmNvbSUyRnByb2R1Y3QlMkZodXQtYXVmZnJpc2NodW5nLWJhc2ljLXBhY2thZ2Utc2lsYmVyJTJGJTIyJTNFU0hPUCUyME5PVyUzQyUyRmElM0UlMjAlMjAlMjAlMjAlMjAlMjAlMjAlMjAlMjAlMjAlMjAlMjAlMjAlMjAlMjAlMjAlMjAlMjAlMjAlMjAlMjAlMjAlMjAlMjAlMEElMjAlMjAlMjAlMjAlMjAlM0MlMkZkaXYlM0UlMEElMjAlMjAlMjAlMjAlMjAlM0MlMkZkaXYlM0U=[\/vc_raw_html][\/vc_column][vc_column width=&#8221;1\/3&#8243;][vc_raw_html]JTNDZGl2JTIwY2xhc3MlM0QlMjJwcmljaW5nJTIwcHJpY2luZy12MSUyMCUyMCUyMiUzRSUwQSUyMCUyMCUyMCUyMCUzQ2RpdiUyMGNsYXNzJTNEJTIycHJpY2luZy1oZWFkZXIlMjIlM0UlMEElMjAlMjAlMjAlMjAlMjAlMjAlMjAlMjAlM0NoNCUyMGNsYXNzJTNEJTIycGxhbi10aXRsZSUyMiUzRSUwQSUyMCUyMCUyMCUyMCUyMCUyMCUyMCUyMCUyMCUyMCUyMCUyMCUzQ3NwYW4lM0Vnb2xkJTIwcGFja2FnZSUzQyUyRnNwYW4lM0UlMEElMjAlMjAlMjAlMjAlMjAlMjAlMjAlMjAlM0MlMkZoNCUzRSUyMCUyMCUyMCUyMCUyMCUyMCUyMCUyMCUyMCUyMCUyMCUyMCUyMCUyMCUyMCUyMCUyMCUyMCUyMCUyMCUyMCUyMCUyMCUyMCUwQSUyMCUyMCUyMCUyMCUyMCUyMCUyMCUyMCUyMCUyMCUyMCUyMCUyMCUyMCUyMCUyMCUyMCUyMCUyMCUyMCUzQ2RpdiUyMGNsYXNzJTNEJTIycGxhbi1wcmljZSUyMiUzRSUwQSUyMCUyMCUyMCUyMCUyMCUyMCUyMCUyMCUyMCUyMCUyMCUyMCUyMCUyMCUyMCUyMCUzQ3N1cCUyMGNsYXNzJTNEJTIycGxhbi1jdXJyZW5jeSUyMiUzRUNIRiUzQyUyRnN1cCUzRSUyMCUwQSUyMCUyMCUyMCUyMCUyMCUyMCUyMCUyMCUyMCUyMCUyMCUyMCUyMCUyMCUyMCUyMCUzQ3NwYW4lMjBjbGFzcyUzRCUyMnBsYW4tZmlndXJlJTIyJTNFYWIlMjAxMjAuLS0lM0MlMkZzcGFuJTNFJTBBJTIwJTIwJTIwJTIwJTIwJTIwJTIwJTIwJTIwJTIwJTIwJTIwJTIwJTIwJTIwJTIwJTNDcCUzRURpZXNlciUyMFNlcnZpY2UlMjBlcndlY2t0JTIwSWhyZW4lMjBhbHRlbiUyMEh1dCUyMHp1JTIwbmV1ZW0lMjBMZWJlbiUyMHVuZCUyMG1hY2h0JTIwaWhuJTIwZmFzdCUyMG5ldXdlcnRpZyUzQyUyRnAlM0UlMEElMjAlMjAlMjAlMjAlMjAlMjAlMjAlMjAlMjAlMjAlMjAlMjAlM0MlMkZkaXYlM0UlMEElMjAlMjAlMjAlMjAlMjAlMjAlMjAlMjAlMjAlMjAlMjAlMjAlMEElMEElMjAlMjAlMjAlMjAlM0MlMkZkaXYlM0UlMEElMjAlMjAlMjAlMjAlM0NkaXYlMjBjbGFzcyUzRCUyMnByaWNpbmctYm9keSUyMiUzRSUwQSUyMCUyMCUyMCUyMCUyMCUyMCUyMCUyMCUzQ2RpdiUyMGNsYXNzJTNEJTIycGxhaW4taW5mbyUyMiUzRSUwQSUyMCUyMCUyMCUyMCUyMCUyMCUyMCUyMCUyMCUyMCUyMCUzQ3AlM0UlM0MlMkZwJTNFJTBBJTNDdWwlM0UlMEElM0NsaSUzRWtvbXBsZXR0ZSUyMFJlc3RhdXJpZXJ1bmclM0MlMkZsaSUzRSUwQSUzQ2xpJTNFaG9jaHdlcnRpZ2VzJTIwTGVkZXJzY2h3ZWlzc2JhbmQlM0MlMkZsaSUzRSUwQSUzQ2xpJTNFbmV1ZXMlMjBIdXRiYW5kJTIwYXVzJTIwUmVicyUzQyUyRmxpJTNFJTBBJTNDbGklM0VuZXVlcyUyMFNhdGluZnV0dGVyJTNDJTJGbGklM0UlMEElM0NsaSUzRUtyZW1wZW5mb3JtdW5nJTNDJTJGbGklM0UlMEElM0MlMkZ1bCUzRSUwQSUzQ3AlM0UlMjAlMjAlMjAlMjAlMjAlMjAlMjAlMjAlM0MlMkZwJTNFJTNDJTJGZGl2JTNFJTBBJTIwJTIwJTIwJTIwJTNDJTJGZGl2JTNFJTBBJTIwJTIwJTIwJTIwJTIwJTIwJTIwJTIwJTIwJTNDZGl2JTIwY2xhc3MlM0QlMjJwcmljaW5nLWZvb3RlciUyMiUzRSUwQSUyMCUyMCUyMCUyMCUyMCUyMCUyMCUyMCUzQ2ElMjBjbGFzcyUzRCUyMmJ0biUyMGJ0bi1sZyUyMGJ0bi1ibG9jayUyMGJ0bi1pbnZlcnNlJTIwYnRuLXByaW1hcnklMjByYWRpdXMtNnglMjIlMjBocmVmJTNEJTIyaHR0cHMlM0ElMkYlMkZodXQtZmFjdG9yeS5jb20lMkZwcm9kdWN0JTJGaHV0LWF1ZmZyaXNjaHVuZy1zaWxiZXItcGFja2FnZS1nb2xkJTJGJTIyJTNFU0hPUCUyME5PVyUzQyUyRmElM0UlMjAlMjAlMjAlMjAlMjAlMjAlMjAlMjAlMjAlMjAlMjAlMjAlMjAlMjAlMjAlMjAlMjAlMjAlMjAlMjAlMjAlMjAlMjAlMjAlMEElMjAlMjAlMjAlMjAlMjAlM0MlMkZkaXYlM0UlMEElMjAlMjAlMjAlMjAlMjAlM0MlMkZkaXYlM0U=[\/vc_raw_html][\/vc_column][\/vc_row][vc_row][vc_column][vc_empty_space][vc_column_text]Nachdem Sie sich f\u00fcr eines unserer Auffrischungspakete entschieden haben, werden wir umgehend mit Ihnen in Verbindung treten. Unser Ziel ist es, Ihnen einen reibungslosen und angenehmen Prozess zu bieten, w\u00e4hrend wir die erforderlichen Schritte f\u00fcr die Auffrischung Ihres Hutes in Angriff nehmen. Wir verstehen, dass jedes Detail wichtig ist, wenn es um Ihre H\u00fcte geht. Daher werden wir uns ausf\u00fchrlich mit Ihnen dar\u00fcber austauschen, welche individuellen W\u00fcnsche und Vorstellungen Sie bez\u00fcglich der Garnitur haben. Ihre Zufriedenheit ist unser h\u00f6chstes Anliegen, und wir m\u00f6chten sicherstellen, dass Ihre H\u00fcte nach der Auffrischung nicht nur in erstklassigem Zustand sind, sondern auch Ihren pers\u00f6nlichen Stil perfekt widerspiegeln. Bitte freuen Sie sich darauf, in K\u00fcrze von uns zu h\u00f6ren. Wir sind gespannt darauf, gemeinsam mit Ihnen die n\u00e4chsten Schritte zu planen und sicherzustellen, dass Ihre H\u00fcte die Pflege und Aufmerksamkeit erhalten, die sie verdienen. Vielen Dank f\u00fcr Ihr Vertrauen in die Hut Factory.[\/vc_column_text][vc_empty_space][vc_separator style=&#8221;shadow&#8221; border_width=&#8221;2&#8243;][\/vc_column][\/vc_row]<\/p>\r\n<\/div>","protected":false},"excerpt":{"rendered":"<p>[vc_row][vc_column][vc_column_text] Hut Auffrischung (Eigen- und Fremdmarken) [\/vc_column_text][vc_column_text]F\u00fcr Ihre gesch\u00e4tzten handgefertigten H\u00fcte bieten wir erfrischende Auffrischungspakete an, die zweifellos eine Investition wert sind. Unsere Auswahl umfasst drei sorgf\u00e4ltig zusammengestellte Pakete: Basic Package: Dieses Paket beinhaltet eine gr\u00fcndliche Standardreinigung, eine Reblocking-Behandlung sowie eine Neuformung. Es stellt sicher, dass Ihr Hut wieder in Form kommt, jedoch sind in &hellip; <a href=\"https:\/\/hutfactory.com\/?page_id=5615\" class=\"more-link\">Weiterlesen <span class=\"screen-reader-text\">Hut Auffrischung<\/span><\/a><\/p>\n","protected":false},"author":1,"featured_media":0,"parent":0,"menu_order":0,"comment_status":"open","ping_status":"open","template":"","meta":{"_acf_changed":false,"rs_blank_template":"","rs_page_bg_color":"","slide_template_v7":"","footnotes":""},"class_list":["post-5615","page","type-page","status-publish","hentry"],"acf":[],"yoast_head":"<!-- This site is optimized with the Yoast SEO Premium plugin v27.3 (Yoast SEO v27.3) - https:\/\/yoast.com\/product\/yoast-seo-premium-wordpress\/ -->\n<title>Hut Auffrischung - Hut Factory<\/title>\n<meta name=\"robots\" content=\"index, follow, max-snippet:-1, max-image-preview:large, max-video-preview:-1\" \/>\n<link rel=\"canonical\" href=\"https:\/\/hutfactory.com\/?page_id=5615\" \/>\n<meta property=\"og:locale\" content=\"de_DE\" \/>\n<meta property=\"og:type\" content=\"article\" \/>\n<meta property=\"og:title\" content=\"Hut Auffrischung\" \/>\n<meta property=\"og:description\" content=\"[vc_row][vc_column][vc_column_text] Hut Auffrischung (Eigen- und Fremdmarken) [\/vc_column_text][vc_column_text]F\u00fcr Ihre gesch\u00e4tzten handgefertigten H\u00fcte bieten wir erfrischende Auffrischungspakete an, die zweifellos eine Investition wert sind. Unsere Auswahl umfasst drei sorgf\u00e4ltig zusammengestellte Pakete: Basic Package: Dieses Paket beinhaltet eine gr\u00fcndliche Standardreinigung, eine Reblocking-Behandlung sowie eine Neuformung. Es stellt sicher, dass Ihr Hut wieder in Form kommt, jedoch sind in &hellip; Weiterlesen Hut Auffrischung\" \/>\n<meta property=\"og:url\" content=\"https:\/\/hutfactory.com\/?page_id=5615\" \/>\n<meta property=\"og:site_name\" content=\"Hut Factory\" \/>\n<meta property=\"article:modified_time\" content=\"2026-03-25T12:36:48+00:00\" \/>\n<meta property=\"og:image\" content=\"https:\/\/hutfactory.com\/wp-content\/uploads\/2026\/01\/Herbst-und-Wintermode-24-25.webp\" \/>\n\t<meta property=\"og:image:width\" content=\"1080\" \/>\n\t<meta property=\"og:image:height\" content=\"617\" \/>\n\t<meta property=\"og:image:type\" content=\"image\/webp\" \/>\n<meta name=\"twitter:card\" content=\"summary_large_image\" \/>\n<meta name=\"twitter:label1\" content=\"Gesch\u00e4tzte Lesezeit\" \/>\n\t<meta name=\"twitter:data1\" content=\"3\u00a0Minuten\" \/>\n<script type=\"application\/ld+json\" class=\"yoast-schema-graph\">{\"@context\":\"https:\\\/\\\/schema.org\",\"@graph\":[{\"@type\":\"WebPage\",\"@id\":\"https:\\\/\\\/hutfactory.com\\\/?page_id=5615\",\"url\":\"https:\\\/\\\/hutfactory.com\\\/?page_id=5615\",\"name\":\"Hut Auffrischung - Hut Factory\",\"isPartOf\":{\"@id\":\"https:\\\/\\\/hutfactory.com\\\/#website\"},\"datePublished\":\"2022-01-13T20:00:34+00:00\",\"dateModified\":\"2026-03-25T12:36:48+00:00\",\"breadcrumb\":{\"@id\":\"https:\\\/\\\/hutfactory.com\\\/?page_id=5615#breadcrumb\"},\"inLanguage\":\"de\",\"potentialAction\":[{\"@type\":\"ReadAction\",\"target\":[\"https:\\\/\\\/hutfactory.com\\\/?page_id=5615\"]}]},{\"@type\":\"BreadcrumbList\",\"@id\":\"https:\\\/\\\/hutfactory.com\\\/?page_id=5615#breadcrumb\",\"itemListElement\":[{\"@type\":\"ListItem\",\"position\":1,\"name\":\"Start\",\"item\":\"https:\\\/\\\/hutfactory.com\\\/\"},{\"@type\":\"ListItem\",\"position\":2,\"name\":\"Hut Auffrischung\"}]},{\"@type\":\"WebSite\",\"@id\":\"https:\\\/\\\/hutfactory.com\\\/#website\",\"url\":\"https:\\\/\\\/hutfactory.com\\\/\",\"name\":\"Hut Factory\",\"description\":\"H\u00fcte, Kappen &amp; M\u00fctzen in Top Swiss\\\/EU Qualit\u00e4t\",\"publisher\":{\"@id\":\"https:\\\/\\\/hutfactory.com\\\/#organization\"},\"alternateName\":\"Hut Shop\",\"potentialAction\":[{\"@type\":\"SearchAction\",\"target\":{\"@type\":\"EntryPoint\",\"urlTemplate\":\"https:\\\/\\\/hutfactory.com\\\/?s={search_term_string}\"},\"query-input\":{\"@type\":\"PropertyValueSpecification\",\"valueRequired\":true,\"valueName\":\"search_term_string\"}}],\"inLanguage\":\"de\"},{\"@type\":\"Organization\",\"@id\":\"https:\\\/\\\/hutfactory.com\\\/#organization\",\"name\":\"Hut Factory\",\"url\":\"https:\\\/\\\/hutfactory.com\\\/\",\"logo\":{\"@type\":\"ImageObject\",\"inLanguage\":\"de\",\"@id\":\"https:\\\/\\\/hutfactory.com\\\/#\\\/schema\\\/logo\\\/image\\\/\",\"url\":\"https:\\\/\\\/hutfactory.com\\\/wp-content\\\/uploads\\\/2026\\\/01\\\/Logo-hut-factory-1.webp\",\"contentUrl\":\"https:\\\/\\\/hutfactory.com\\\/wp-content\\\/uploads\\\/2026\\\/01\\\/Logo-hut-factory-1.webp\",\"width\":300,\"height\":262,\"caption\":\"Hut Factory\"},\"image\":{\"@id\":\"https:\\\/\\\/hutfactory.com\\\/#\\\/schema\\\/logo\\\/image\\\/\"}}]}<\/script>\n<!-- \/ Yoast SEO Premium plugin. -->","yoast_head_json":{"title":"Hut Auffrischung - Hut Factory","robots":{"index":"index","follow":"follow","max-snippet":"max-snippet:-1","max-image-preview":"max-image-preview:large","max-video-preview":"max-video-preview:-1"},"canonical":"https:\/\/hutfactory.com\/?page_id=5615","og_locale":"de_DE","og_type":"article","og_title":"Hut Auffrischung","og_description":"[vc_row][vc_column][vc_column_text] Hut Auffrischung (Eigen- und Fremdmarken) [\/vc_column_text][vc_column_text]F\u00fcr Ihre gesch\u00e4tzten handgefertigten H\u00fcte bieten wir erfrischende Auffrischungspakete an, die zweifellos eine Investition wert sind. Unsere Auswahl umfasst drei sorgf\u00e4ltig zusammengestellte Pakete: Basic Package: Dieses Paket beinhaltet eine gr\u00fcndliche Standardreinigung, eine Reblocking-Behandlung sowie eine Neuformung. Es stellt sicher, dass Ihr Hut wieder in Form kommt, jedoch sind in &hellip; Weiterlesen Hut Auffrischung","og_url":"https:\/\/hutfactory.com\/?page_id=5615","og_site_name":"Hut Factory","article_modified_time":"2026-03-25T12:36:48+00:00","og_image":[{"width":1080,"height":617,"url":"https:\/\/hutfactory.com\/wp-content\/uploads\/2026\/01\/Herbst-und-Wintermode-24-25.webp","type":"image\/webp"}],"twitter_card":"summary_large_image","twitter_misc":{"Gesch\u00e4tzte Lesezeit":"3\u00a0Minuten"},"schema":{"@context":"https:\/\/schema.org","@graph":[{"@type":"WebPage","@id":"https:\/\/hutfactory.com\/?page_id=5615","url":"https:\/\/hutfactory.com\/?page_id=5615","name":"Hut Auffrischung - Hut Factory","isPartOf":{"@id":"https:\/\/hutfactory.com\/#website"},"datePublished":"2022-01-13T20:00:34+00:00","dateModified":"2026-03-25T12:36:48+00:00","breadcrumb":{"@id":"https:\/\/hutfactory.com\/?page_id=5615#breadcrumb"},"inLanguage":"de","potentialAction":[{"@type":"ReadAction","target":["https:\/\/hutfactory.com\/?page_id=5615"]}]},{"@type":"BreadcrumbList","@id":"https:\/\/hutfactory.com\/?page_id=5615#breadcrumb","itemListElement":[{"@type":"ListItem","position":1,"name":"Start","item":"https:\/\/hutfactory.com\/"},{"@type":"ListItem","position":2,"name":"Hut Auffrischung"}]},{"@type":"WebSite","@id":"https:\/\/hutfactory.com\/#website","url":"https:\/\/hutfactory.com\/","name":"Hut Factory","description":"H\u00fcte, Kappen &amp; M\u00fctzen in Top Swiss\/EU Qualit\u00e4t","publisher":{"@id":"https:\/\/hutfactory.com\/#organization"},"alternateName":"Hut Shop","potentialAction":[{"@type":"SearchAction","target":{"@type":"EntryPoint","urlTemplate":"https:\/\/hutfactory.com\/?s={search_term_string}"},"query-input":{"@type":"PropertyValueSpecification","valueRequired":true,"valueName":"search_term_string"}}],"inLanguage":"de"},{"@type":"Organization","@id":"https:\/\/hutfactory.com\/#organization","name":"Hut Factory","url":"https:\/\/hutfactory.com\/","logo":{"@type":"ImageObject","inLanguage":"de","@id":"https:\/\/hutfactory.com\/#\/schema\/logo\/image\/","url":"https:\/\/hutfactory.com\/wp-content\/uploads\/2026\/01\/Logo-hut-factory-1.webp","contentUrl":"https:\/\/hutfactory.com\/wp-content\/uploads\/2026\/01\/Logo-hut-factory-1.webp","width":300,"height":262,"caption":"Hut Factory"},"image":{"@id":"https:\/\/hutfactory.com\/#\/schema\/logo\/image\/"}}]}},"_links":{"self":[{"href":"https:\/\/hutfactory.com\/index.php?rest_route=\/wp\/v2\/pages\/5615","targetHints":{"allow":["GET"]}}],"collection":[{"href":"https:\/\/hutfactory.com\/index.php?rest_route=\/wp\/v2\/pages"}],"about":[{"href":"https:\/\/hutfactory.com\/index.php?rest_route=\/wp\/v2\/types\/page"}],"author":[{"embeddable":true,"href":"https:\/\/hutfactory.com\/index.php?rest_route=\/wp\/v2\/users\/1"}],"replies":[{"embeddable":true,"href":"https:\/\/hutfactory.com\/index.php?rest_route=%2Fwp%2Fv2%2Fcomments&post=5615"}],"version-history":[{"count":2,"href":"https:\/\/hutfactory.com\/index.php?rest_route=\/wp\/v2\/pages\/5615\/revisions"}],"predecessor-version":[{"id":39400,"href":"https:\/\/hutfactory.com\/index.php?rest_route=\/wp\/v2\/pages\/5615\/revisions\/39400"}],"wp:attachment":[{"href":"https:\/\/hutfactory.com\/index.php?rest_route=%2Fwp%2Fv2%2Fmedia&parent=5615"}],"curies":[{"name":"wp","href":"https:\/\/api.w.org\/{rel}","templated":true}]}}