{"id":5573,"date":"2022-01-13T20:00:38","date_gmt":"2022-01-13T20:00:38","guid":{"rendered":"https:\/\/hutfactory.com\/?page_id=5573"},"modified":"2026-03-25T13:59:56","modified_gmt":"2026-03-25T13:59:56","slug":"hut-knigge","status":"publish","type":"page","link":"https:\/\/hutfactory.com\/?page_id=5573","title":{"rendered":"Hut Knigge"},"content":{"rendered":"<div class=\"wpb-content-wrapper\"><p>[vc_row][vc_column][vc_column_text css=&#8221;&#8221;]<\/p>\n<h1 style=\"text-align: center;\" data-section-id=\"w2xqyw\" data-start=\"137\" data-end=\"192\"><span role=\"text\"><strong data-start=\"139\" data-end=\"192\">Hut-Knigge \u2013 Wann zieht der Gentleman seinen Hut?<\/strong><\/span><\/h1>\n<p style=\"text-align: center;\" data-start=\"194\" data-end=\"370\">Der Hut ist weit mehr als ein stilvolles Accessoire \u2013 er ist ein Zeichen von Haltung, Respekt und Etikette. Wer ihn tr\u00e4gt, sollte auch wissen, wann man ihn abnimmt oder l\u00fcftet.<\/p>\n<p>[\/vc_column_text][vc_single_image image=&#8221;39430&#8243; img_size=&#8221;full&#8221;][vc_column_text css=&#8221;&#8221;]<\/p>\n<h2 style=\"text-align: left; padding-left: 40px;\" data-section-id=\"1yapxld\" data-start=\"377\" data-end=\"426\"><span role=\"text\"><strong data-start=\"380\" data-end=\"426\">Grundregel: Innenr\u00e4ume sind hutfreie Zonen<\/strong><\/span><\/h2>\n<p style=\"text-align: left; padding-left: 40px;\" data-start=\"428\" data-end=\"596\">Beim Betreten geschlossener R\u00e4ume nimmt der Herr seinen Hut grunds\u00e4tzlich ab.<br data-start=\"505\" data-end=\"508\" \/>Dies gilt im gesamten christlich gepr\u00e4gten Kulturraum Europas, Amerikas und Australiens.<\/p>\n<p style=\"text-align: left; padding-left: 40px;\" data-start=\"598\" data-end=\"722\">\ud83d\udc49 <strong data-start=\"601\" data-end=\"613\">Wichtig:<\/strong><br data-start=\"613\" data-end=\"616\" \/>Der Hut wird beim Eintreten sofort gel\u00fcftet und bleibt abgenommen, bis man sich wieder im Freien befindet.<\/p>\n<p style=\"text-align: left; padding-left: 40px;\" data-start=\"724\" data-end=\"822\">Auch Uniformtr\u00e4ger \u2013 etwa Offiziere, Polizisten oder Piloten \u2013 folgen in Innenr\u00e4umen dieser Regel.<\/p>\n<h2 style=\"text-align: left; padding-left: 40px;\" data-section-id=\"r0ac88\" data-start=\"829\" data-end=\"855\"><span role=\"text\"><strong data-start=\"832\" data-end=\"855\">Ausnahmen f\u00fcr Damen<\/strong><\/span><\/h2>\n<p style=\"text-align: left; padding-left: 40px;\" data-start=\"857\" data-end=\"901\">F\u00fcr Damen gelten traditionell andere Regeln:<\/p>\n<p style=\"padding-left: 40px;\">H\u00fcte d\u00fcrfen in Innenr\u00e4umen grunds\u00e4tzlich <strong data-start=\"946\" data-end=\"968\">aufbehalten werden<\/strong><\/p>\n<p style=\"padding-left: 40px;\">Ausnahme: Bei l\u00e4ngeren Aufenthalten (z. B. Dinner) wird der Hut abgelegt<\/p>\n<p style=\"padding-left: 40px;\">Bei Empf\u00e4ngen, Stehpartys, Soir\u00e9en oder kurzen Besuchen bleibt der Hut stilvoll Teil des Outfits<\/p>\n<p style=\"text-align: left; padding-left: 40px;\" data-start=\"1144\" data-end=\"1257\">\ud83d\udc49 Besonders kleine, randlose Formen wie <strong data-start=\"1185\" data-end=\"1221\">Bibi, Toque, Pillbox oder Turban<\/strong> eignen sich perfekt f\u00fcr Innenr\u00e4ume.<\/p>\n<h2 style=\"text-align: left; padding-left: 40px;\" data-section-id=\"1je1db7\" data-start=\"1264\" data-end=\"1297\"><span role=\"text\"><strong data-start=\"1267\" data-end=\"1297\">Kirche &amp; religi\u00f6se Anl\u00e4sse<\/strong><\/span><\/h2>\n<p style=\"padding-left: 40px;\">In christlichen Traditionen: <strong data-start=\"1330\" data-end=\"1358\">Herren nehmen den Hut ab<\/strong>, auch im Freien (z. B. bei einer Andacht oder auf dem Friedhof)<\/p>\n<p style=\"padding-left: 40px;\">In der j\u00fcdischen Tradition: <strong data-start=\"1453\" data-end=\"1482\">Kopfbedeckung ist Pflicht<\/strong> (z. B. Kippah)<\/p>\n<p style=\"text-align: left; padding-left: 40px;\" data-start=\"1499\" data-end=\"1600\">\ud83d\udc49 Die Kippah symbolisiert die Verbindung zwischen Mensch und Gott und wird auch von Frauen getragen.<\/p>\n<h2 style=\"text-align: left; padding-left: 40px;\" data-section-id=\"1ib6vd8\" data-start=\"1607\" data-end=\"1627\"><span role=\"text\"><strong data-start=\"1610\" data-end=\"1627\">Im Restaurant<\/strong><\/span><\/h2>\n<p style=\"text-align: left; padding-left: 40px;\" data-start=\"1629\" data-end=\"1653\">W\u00e4hrend des Essens gilt:<\/p>\n<p style=\"text-align: left; padding-left: 40px;\" data-start=\"1655\" data-end=\"1686\">\ud83d\udc49 <strong data-start=\"1658\" data-end=\"1686\">Der Herr legt den Hut ab<\/strong><\/p>\n<p style=\"text-align: left; padding-left: 40px;\" data-start=\"1688\" data-end=\"1773\"><strong data-start=\"1688\" data-end=\"1701\">Ausnahme:<\/strong><br data-start=\"1701\" data-end=\"1704\" \/>Bei traditioneller Tracht kann der Hut auch am Tisch getragen werden.<\/p>\n<h2 style=\"text-align: left; padding-left: 40px;\" data-section-id=\"11wjkhg\" data-start=\"1780\" data-end=\"1811\"><span role=\"text\"><strong data-start=\"1783\" data-end=\"1811\">H\u00f6flichkeit &amp; Begr\u00fcssung<\/strong><\/span><\/h2>\n<p style=\"text-align: left; padding-left: 40px;\" data-start=\"1813\" data-end=\"1869\">Im Freien geh\u00f6rt das <strong data-start=\"1834\" data-end=\"1854\">L\u00fcften des Hutes<\/strong> zum guten Ton:<\/p>\n<p style=\"padding-left: 40px;\">Beim Gr\u00fcssen wird der Hut kurz angehoben<\/p>\n<p style=\"padding-left: 40px;\">Diese Geste zeigt Respekt und Aufmerksamkeit<\/p>\n<p style=\"text-align: left; padding-left: 40px;\" data-start=\"1962\" data-end=\"2028\">\ud83d\udc49 Auch M\u00fctzen (z. B. Caps) werden nach denselben Regeln behandelt<\/p>\n<p style=\"text-align: left; padding-left: 40px;\" data-start=\"2030\" data-end=\"2105\"><strong data-start=\"2030\" data-end=\"2043\">Ausnahme:<\/strong><br data-start=\"2043\" data-end=\"2046\" \/>Uniformtr\u00e4ger gr\u00fcssen stets mit aufgesetzter Kopfbedeckung.<\/p>\n<h2 style=\"text-align: left; padding-left: 40px;\" data-section-id=\"o662fy\" data-start=\"2112\" data-end=\"2136\"><span role=\"text\"><strong data-start=\"2115\" data-end=\"2136\">Weitere Ausnahmen<\/strong><\/span><\/h2>\n<p style=\"padding-left: 40px;\"><strong data-start=\"2140\" data-end=\"2185\">Strickm\u00fctzen, Baskenm\u00fctzen oder Skim\u00fctzen<\/strong>:<br data-start=\"2186\" data-end=\"2189\" \/>Kein Abnehmen im Freien erforderlich<\/p>\n<p style=\"padding-left: 40px;\"><strong data-start=\"2231\" data-end=\"2264\">Arbeitsschutz-Kopfbedeckungen<\/strong>:<br data-start=\"2265\" data-end=\"2268\" \/>Bleiben aus Sicherheitsgr\u00fcnden stets getragen<\/p>\n<h2 style=\"text-align: left; padding-left: 40px;\" data-section-id=\"rff5sy\" data-start=\"2322\" data-end=\"2359\"><span role=\"text\"><strong data-start=\"2325\" data-end=\"2359\">Breitkrempige H\u00fcte &amp; Tageszeit<\/strong><\/span><\/h2>\n<p style=\"padding-left: 40px;\">Breitkrempige H\u00fcte sind klassische <strong data-start=\"2398\" data-end=\"2416\">Tagesbegleiter<\/strong><\/p>\n<p style=\"padding-left: 40px;\">Gegen Abend werden sie traditionell abgelegt oder durch elegantere Modelle ersetzt<\/p>\n<h2 style=\"text-align: left; padding-left: 40px;\" data-section-id=\"4n55fw\" data-start=\"2508\" data-end=\"2544\"><span role=\"text\"><strong data-start=\"2511\" data-end=\"2544\">Zum Schluss: Stilgef\u00fchl z\u00e4hlt<\/strong><\/span><\/h2>\n<p style=\"text-align: left; padding-left: 40px;\" data-start=\"2546\" data-end=\"2634\">Nicht jede Situation ist klar geregelt \u2013 und genau hier zeigt sich echte Stilsicherheit.<\/p>\n<p style=\"text-align: left; padding-left: 40px;\" data-start=\"2636\" data-end=\"2709\">\ud83d\udc49 <strong data-start=\"2639\" data-end=\"2654\">Faustregel:<\/strong><br data-start=\"2654\" data-end=\"2657\" \/>Im Zweifel ist es immer korrekt, den Hut abzunehmen.<\/p>\n<h2 style=\"text-align: left; padding-left: 40px;\" data-section-id=\"vkyps5\" data-start=\"2716\" data-end=\"2728\"><span role=\"text\"><strong data-start=\"2719\" data-end=\"2728\">Fazit<\/strong><\/span><\/h2>\n<p style=\"text-align: left; padding-left: 40px;\" data-start=\"2730\" data-end=\"2902\">Der stilbewusste Gentleman beweist mit kleinen Gesten grosse Klasse.<br data-start=\"2798\" data-end=\"2801\" \/>Ein korrekt getragener Hut unterstreicht Pers\u00f6nlichkeit \u2013 ein korrekt abgenommener Hut zeigt Respekt.<\/p>\n<p style=\"text-align: left; padding-left: 40px;\" data-start=\"2909\" data-end=\"3028\" data-is-last-node=\"\" data-is-only-node=\"\"><em data-start=\"2909\" data-end=\"3028\" data-is-last-node=\"\">Diese Empfehlungen wurden mit gr\u00f6sster Sorgfalt zusammengestellt und orientieren sich an klassischen Etikette-Regeln.<\/em><\/p>\n<p>[\/vc_column_text][\/vc_column][\/vc_row]<\/p>\n<\/div>","protected":false},"excerpt":{"rendered":"<p>[vc_row][vc_column][vc_column_text css=&#8221;&#8221;] Hut-Knigge \u2013 Wann zieht der Gentleman seinen Hut? Der Hut ist weit mehr als ein stilvolles Accessoire \u2013 er ist ein Zeichen von Haltung, Respekt und Etikette. Wer ihn tr\u00e4gt, sollte auch wissen, wann man ihn abnimmt oder l\u00fcftet. [\/vc_column_text][vc_single_image image=&#8221;39430&#8243; img_size=&#8221;full&#8221;][vc_column_text css=&#8221;&#8221;] Grundregel: Innenr\u00e4ume sind hutfreie Zonen Beim Betreten geschlossener R\u00e4ume nimmt &hellip; <a href=\"https:\/\/hutfactory.com\/?page_id=5573\" class=\"more-link\">Weiterlesen <span class=\"screen-reader-text\">Hut Knigge<\/span><\/a><\/p>\n","protected":false},"author":1,"featured_media":39427,"parent":0,"menu_order":0,"comment_status":"open","ping_status":"open","template":"","meta":{"_acf_changed":false,"rs_blank_template":"","rs_page_bg_color":"","slide_template_v7":"","footnotes":""},"class_list":["post-5573","page","type-page","status-publish","has-post-thumbnail","hentry"],"acf":[],"yoast_head":"<!-- This site is optimized with the Yoast SEO Premium plugin v27.3 (Yoast SEO v27.3) - https:\/\/yoast.com\/product\/yoast-seo-premium-wordpress\/ -->\n<title>Hut Knigge - Hut Factory<\/title>\n<meta name=\"robots\" content=\"index, follow, max-snippet:-1, max-image-preview:large, max-video-preview:-1\" \/>\n<link rel=\"canonical\" href=\"https:\/\/hutfactory.com\/?page_id=5573\" \/>\n<meta property=\"og:locale\" content=\"de_DE\" \/>\n<meta property=\"og:type\" content=\"article\" \/>\n<meta property=\"og:title\" content=\"Hut Knigge\" \/>\n<meta property=\"og:description\" content=\"[vc_row][vc_column][vc_column_text css=&#8221;&#8221;] Hut-Knigge \u2013 Wann zieht der Gentleman seinen Hut? Der Hut ist weit mehr als ein stilvolles Accessoire \u2013 er ist ein Zeichen von Haltung, Respekt und Etikette. Wer ihn tr\u00e4gt, sollte auch wissen, wann man ihn abnimmt oder l\u00fcftet. [\/vc_column_text][vc_single_image image=&#8221;39430&#8243; img_size=&#8221;full&#8221;][vc_column_text css=&#8221;&#8221;] Grundregel: Innenr\u00e4ume sind hutfreie Zonen Beim Betreten geschlossener R\u00e4ume nimmt &hellip; Weiterlesen Hut Knigge\" \/>\n<meta property=\"og:url\" content=\"https:\/\/hutfactory.com\/?page_id=5573\" \/>\n<meta property=\"og:site_name\" content=\"Hut Factory\" \/>\n<meta property=\"article:modified_time\" content=\"2026-03-25T13:59:56+00:00\" \/>\n<meta property=\"og:image\" content=\"https:\/\/hutfactory.com\/wp-content\/uploads\/2026\/03\/Hut-Knigge.webp\" \/>\n\t<meta property=\"og:image:width\" content=\"1152\" \/>\n\t<meta property=\"og:image:height\" content=\"768\" \/>\n\t<meta property=\"og:image:type\" content=\"image\/webp\" \/>\n<meta name=\"twitter:card\" content=\"summary_large_image\" \/>\n<meta name=\"twitter:label1\" content=\"Gesch\u00e4tzte Lesezeit\" \/>\n\t<meta name=\"twitter:data1\" content=\"3\u00a0Minuten\" \/>\n<script type=\"application\/ld+json\" class=\"yoast-schema-graph\">{\"@context\":\"https:\\\/\\\/schema.org\",\"@graph\":[{\"@type\":\"WebPage\",\"@id\":\"https:\\\/\\\/hutfactory.com\\\/?page_id=5573\",\"url\":\"https:\\\/\\\/hutfactory.com\\\/?page_id=5573\",\"name\":\"Hut Knigge - Hut Factory\",\"isPartOf\":{\"@id\":\"https:\\\/\\\/hutfactory.com\\\/#website\"},\"primaryImageOfPage\":{\"@id\":\"https:\\\/\\\/hutfactory.com\\\/?page_id=5573#primaryimage\"},\"image\":{\"@id\":\"https:\\\/\\\/hutfactory.com\\\/?page_id=5573#primaryimage\"},\"thumbnailUrl\":\"https:\\\/\\\/hutfactory.com\\\/wp-content\\\/uploads\\\/2026\\\/03\\\/Hut-Knigge.webp\",\"datePublished\":\"2022-01-13T20:00:38+00:00\",\"dateModified\":\"2026-03-25T13:59:56+00:00\",\"breadcrumb\":{\"@id\":\"https:\\\/\\\/hutfactory.com\\\/?page_id=5573#breadcrumb\"},\"inLanguage\":\"de\",\"potentialAction\":[{\"@type\":\"ReadAction\",\"target\":[\"https:\\\/\\\/hutfactory.com\\\/?page_id=5573\"]}]},{\"@type\":\"ImageObject\",\"inLanguage\":\"de\",\"@id\":\"https:\\\/\\\/hutfactory.com\\\/?page_id=5573#primaryimage\",\"url\":\"https:\\\/\\\/hutfactory.com\\\/wp-content\\\/uploads\\\/2026\\\/03\\\/Hut-Knigge.webp\",\"contentUrl\":\"https:\\\/\\\/hutfactory.com\\\/wp-content\\\/uploads\\\/2026\\\/03\\\/Hut-Knigge.webp\",\"width\":1152,\"height\":768},{\"@type\":\"BreadcrumbList\",\"@id\":\"https:\\\/\\\/hutfactory.com\\\/?page_id=5573#breadcrumb\",\"itemListElement\":[{\"@type\":\"ListItem\",\"position\":1,\"name\":\"Start\",\"item\":\"https:\\\/\\\/hutfactory.com\\\/\"},{\"@type\":\"ListItem\",\"position\":2,\"name\":\"Hut Knigge\"}]},{\"@type\":\"WebSite\",\"@id\":\"https:\\\/\\\/hutfactory.com\\\/#website\",\"url\":\"https:\\\/\\\/hutfactory.com\\\/\",\"name\":\"Hut Factory\",\"description\":\"H\u00fcte, Kappen &amp; M\u00fctzen in Top Swiss\\\/EU Qualit\u00e4t\",\"publisher\":{\"@id\":\"https:\\\/\\\/hutfactory.com\\\/#organization\"},\"alternateName\":\"Hut Shop\",\"potentialAction\":[{\"@type\":\"SearchAction\",\"target\":{\"@type\":\"EntryPoint\",\"urlTemplate\":\"https:\\\/\\\/hutfactory.com\\\/?s={search_term_string}\"},\"query-input\":{\"@type\":\"PropertyValueSpecification\",\"valueRequired\":true,\"valueName\":\"search_term_string\"}}],\"inLanguage\":\"de\"},{\"@type\":\"Organization\",\"@id\":\"https:\\\/\\\/hutfactory.com\\\/#organization\",\"name\":\"Hut Factory\",\"url\":\"https:\\\/\\\/hutfactory.com\\\/\",\"logo\":{\"@type\":\"ImageObject\",\"inLanguage\":\"de\",\"@id\":\"https:\\\/\\\/hutfactory.com\\\/#\\\/schema\\\/logo\\\/image\\\/\",\"url\":\"https:\\\/\\\/hutfactory.com\\\/wp-content\\\/uploads\\\/2026\\\/01\\\/Logo-hut-factory-1.webp\",\"contentUrl\":\"https:\\\/\\\/hutfactory.com\\\/wp-content\\\/uploads\\\/2026\\\/01\\\/Logo-hut-factory-1.webp\",\"width\":300,\"height\":262,\"caption\":\"Hut Factory\"},\"image\":{\"@id\":\"https:\\\/\\\/hutfactory.com\\\/#\\\/schema\\\/logo\\\/image\\\/\"}}]}<\/script>\n<!-- \/ Yoast SEO Premium plugin. -->","yoast_head_json":{"title":"Hut Knigge - Hut Factory","robots":{"index":"index","follow":"follow","max-snippet":"max-snippet:-1","max-image-preview":"max-image-preview:large","max-video-preview":"max-video-preview:-1"},"canonical":"https:\/\/hutfactory.com\/?page_id=5573","og_locale":"de_DE","og_type":"article","og_title":"Hut Knigge","og_description":"[vc_row][vc_column][vc_column_text css=&#8221;&#8221;] Hut-Knigge \u2013 Wann zieht der Gentleman seinen Hut? Der Hut ist weit mehr als ein stilvolles Accessoire \u2013 er ist ein Zeichen von Haltung, Respekt und Etikette. Wer ihn tr\u00e4gt, sollte auch wissen, wann man ihn abnimmt oder l\u00fcftet. [\/vc_column_text][vc_single_image image=&#8221;39430&#8243; img_size=&#8221;full&#8221;][vc_column_text css=&#8221;&#8221;] Grundregel: Innenr\u00e4ume sind hutfreie Zonen Beim Betreten geschlossener R\u00e4ume nimmt &hellip; Weiterlesen Hut Knigge","og_url":"https:\/\/hutfactory.com\/?page_id=5573","og_site_name":"Hut Factory","article_modified_time":"2026-03-25T13:59:56+00:00","og_image":[{"width":1152,"height":768,"url":"https:\/\/hutfactory.com\/wp-content\/uploads\/2026\/03\/Hut-Knigge.webp","type":"image\/webp"}],"twitter_card":"summary_large_image","twitter_misc":{"Gesch\u00e4tzte Lesezeit":"3\u00a0Minuten"},"schema":{"@context":"https:\/\/schema.org","@graph":[{"@type":"WebPage","@id":"https:\/\/hutfactory.com\/?page_id=5573","url":"https:\/\/hutfactory.com\/?page_id=5573","name":"Hut Knigge - Hut Factory","isPartOf":{"@id":"https:\/\/hutfactory.com\/#website"},"primaryImageOfPage":{"@id":"https:\/\/hutfactory.com\/?page_id=5573#primaryimage"},"image":{"@id":"https:\/\/hutfactory.com\/?page_id=5573#primaryimage"},"thumbnailUrl":"https:\/\/hutfactory.com\/wp-content\/uploads\/2026\/03\/Hut-Knigge.webp","datePublished":"2022-01-13T20:00:38+00:00","dateModified":"2026-03-25T13:59:56+00:00","breadcrumb":{"@id":"https:\/\/hutfactory.com\/?page_id=5573#breadcrumb"},"inLanguage":"de","potentialAction":[{"@type":"ReadAction","target":["https:\/\/hutfactory.com\/?page_id=5573"]}]},{"@type":"ImageObject","inLanguage":"de","@id":"https:\/\/hutfactory.com\/?page_id=5573#primaryimage","url":"https:\/\/hutfactory.com\/wp-content\/uploads\/2026\/03\/Hut-Knigge.webp","contentUrl":"https:\/\/hutfactory.com\/wp-content\/uploads\/2026\/03\/Hut-Knigge.webp","width":1152,"height":768},{"@type":"BreadcrumbList","@id":"https:\/\/hutfactory.com\/?page_id=5573#breadcrumb","itemListElement":[{"@type":"ListItem","position":1,"name":"Start","item":"https:\/\/hutfactory.com\/"},{"@type":"ListItem","position":2,"name":"Hut Knigge"}]},{"@type":"WebSite","@id":"https:\/\/hutfactory.com\/#website","url":"https:\/\/hutfactory.com\/","name":"Hut Factory","description":"H\u00fcte, Kappen &amp; M\u00fctzen in Top Swiss\/EU Qualit\u00e4t","publisher":{"@id":"https:\/\/hutfactory.com\/#organization"},"alternateName":"Hut Shop","potentialAction":[{"@type":"SearchAction","target":{"@type":"EntryPoint","urlTemplate":"https:\/\/hutfactory.com\/?s={search_term_string}"},"query-input":{"@type":"PropertyValueSpecification","valueRequired":true,"valueName":"search_term_string"}}],"inLanguage":"de"},{"@type":"Organization","@id":"https:\/\/hutfactory.com\/#organization","name":"Hut Factory","url":"https:\/\/hutfactory.com\/","logo":{"@type":"ImageObject","inLanguage":"de","@id":"https:\/\/hutfactory.com\/#\/schema\/logo\/image\/","url":"https:\/\/hutfactory.com\/wp-content\/uploads\/2026\/01\/Logo-hut-factory-1.webp","contentUrl":"https:\/\/hutfactory.com\/wp-content\/uploads\/2026\/01\/Logo-hut-factory-1.webp","width":300,"height":262,"caption":"Hut Factory"},"image":{"@id":"https:\/\/hutfactory.com\/#\/schema\/logo\/image\/"}}]}},"_links":{"self":[{"href":"https:\/\/hutfactory.com\/index.php?rest_route=\/wp\/v2\/pages\/5573","targetHints":{"allow":["GET"]}}],"collection":[{"href":"https:\/\/hutfactory.com\/index.php?rest_route=\/wp\/v2\/pages"}],"about":[{"href":"https:\/\/hutfactory.com\/index.php?rest_route=\/wp\/v2\/types\/page"}],"author":[{"embeddable":true,"href":"https:\/\/hutfactory.com\/index.php?rest_route=\/wp\/v2\/users\/1"}],"replies":[{"embeddable":true,"href":"https:\/\/hutfactory.com\/index.php?rest_route=%2Fwp%2Fv2%2Fcomments&post=5573"}],"version-history":[{"count":8,"href":"https:\/\/hutfactory.com\/index.php?rest_route=\/wp\/v2\/pages\/5573\/revisions"}],"predecessor-version":[{"id":39425,"href":"https:\/\/hutfactory.com\/index.php?rest_route=\/wp\/v2\/pages\/5573\/revisions\/39425"}],"wp:featuredmedia":[{"embeddable":true,"href":"https:\/\/hutfactory.com\/index.php?rest_route=\/wp\/v2\/media\/39427"}],"wp:attachment":[{"href":"https:\/\/hutfactory.com\/index.php?rest_route=%2Fwp%2Fv2%2Fmedia&parent=5573"}],"curies":[{"name":"wp","href":"https:\/\/api.w.org\/{rel}","templated":true}]}}