{"id":5553,"date":"2022-01-13T20:00:02","date_gmt":"2022-01-13T20:00:02","guid":{"rendered":"https:\/\/hutfactory.com\/?page_id=5553"},"modified":"2026-03-25T11:24:28","modified_gmt":"2026-03-25T11:24:28","slug":"handgefertigte-huete","status":"publish","type":"page","link":"https:\/\/hutfactory.com\/?page_id=5553","title":{"rendered":"Handgefertigte H\u00fcte"},"content":{"rendered":"<p>&#8220;Lebendige Handwerkskunst aus der Schweiz&#8221;<a href=\"https:\/\/hutfactory.com\/wp-content\/uploads\/2026\/01\/Rene-Angerer-Hut-Factory.webp\"><img loading=\"lazy\" decoding=\"async\" class=\"size-medium wp-image-41122 alignleft\" src=\"https:\/\/hutfactory.com\/wp-content\/uploads\/2026\/01\/Rene-Angerer-Hut-Factory-540x360.webp\" alt=\"\" width=\"540\" height=\"360\" \/><\/a><\/p>\n<blockquote><p>Ren\u00e9 Angerer in der Risa Hutwerkstatt beim begutachten eines handgefertigten Hutes!<\/p><\/blockquote>\n<p>Die Hut Factory in Buttwil (ein malerisches Dorf im aargauischen Freiamt) ist ein Online Hutshop der Firma ESS Executive Search Swiss AG. Doch hinter diesem Namen verbirgt sich weit mehr als nur ein Unternehmen \u2013 es ist die Verk\u00f6rperung der Leidenschaft und Vision von Herrn Ren\u00e9 F Angerer, Gesch\u00e4ftsf\u00fchrer und Gr\u00fcnder.<\/p>\n<p>Seit seiner Kindheit hegt Herr Angerer eine ganz besondere Begeisterung f\u00fcr H\u00fcte. Diese Faszination begleitet ihn bis heute und spiegelt sich in jedem Aspekt der Hut Factory wider, die er im Jahr 2014 ins Leben gerufen hat. Die Verschmelzung von h\u00f6chster Qualit\u00e4t und Schweizer Tradition liegt ihm besonders am Herzen. Daher finden Sie in unserem Online-Shop handgefertigte Qualit\u00e4tsprodukte aus der renommierten RISA Hutwerkstatt im schweizerischen Freiamt und der Traditionsmarke Fiebig aus Deutschland.<\/p>\n<p>Jeder Hut, den Sie auf unserer Webseite entdecken, ist ein Original und wird individuell nach den W\u00fcnschen und Vorstellungen unserer gesch\u00e4tzten Kunden gefertigt. Inspiriert von H\u00fcten und Formen vergangener Zeiten, verbinden wir auf harmonische Weise Tradition mit modernem Design. Die umfangreiche Auswahl an Materialien, Farben und Verzierungen er\u00f6ffnet eine beeindruckende Bandbreite an Variationen, wodurch jeder Hut zu einem einzigartigen Unikat wird.<\/p>\n<p>Der Onlineshop der Hut Factory ist ein Ort, an dem Handwerkskunst, Kreativit\u00e4t und der Ausdruck der Individualit\u00e4t auf eine einzigartige Weise zusammenfinden. Wir laden Sie herzlich dazu ein, mehr \u00fcber uns und unsere tief verwurzelte Leidenschaft f\u00fcr H\u00fcte zu erfahren. Weitere Informationen finden Sie unter diesem Link: <a href=\"https:\/\/hutfactory.com\/?page_id=5648\">[\u00dcber Uns]<\/a>.<\/p>\n<p>In der Zeit von billiger Massenproduktion gibt es modebewusste und anspruchsvolle Kundinnen und Kunden, die bei Ihrer Kopfbedeckung gr\u00f6ssten Wert auf Handarbeitskunst, Individualit\u00e4t, Qualit\u00e4t und Produktsicherheit (keine bedenkliche Inhaltsstoffe) legen, also in einem Wort &#8220;Swissness&#8221;.<\/p>\n<p>Deshalb finden Sie bei uns Kopfbedeckungen der Hutwerkstatt Risa, die seit 1919 exklusive Kopfbedeckungen in feinster Handarbeit herstellt. Denn hier steht unsere anspruchsvolle Kundschaft im Mittelpunkt. Der Hersteller unseres Vertrauens vereinigt wie kein anderes Unternehmen die Handarbeitskunst, traditionelles Wissen, Innovation und Schweizer Qualit\u00e4tsbewusstsein.<\/p>\n<p>Bei uns im aargauischen Freiamt werden seit 1919 exklusive Strohh\u00fcte aus nachwachsenden Rohstoffen aus der Region f\u00fcr die ganze Welt gefertigt. Als letzte Manufaktur der Schweiz fertigt die renommierte Manufaktur bereits in dritter Generation handgefertigte Kopfbedeckungen aus Stroh, Filz und Textilfasern an. Unser online Shop stellt Ihnen eine einzigartige Bandbreite der massgeschneiderten und modischen Kopfbedeckungen zur Verf\u00fcgung, aus der Sie ganz nach Ihrem Geschmack w\u00e4hlen k\u00f6nnen.<\/p>\n<p><a href=\"https:\/\/hutfactory.com\/wp-content\/uploads\/2026\/01\/Werkstatt_Rene.klein5_.webp\"><img loading=\"lazy\" decoding=\"async\" class=\"alignnone size-medium wp-image-41309\" src=\"https:\/\/hutfactory.com\/wp-content\/uploads\/2026\/01\/Werkstatt_Rene.klein5_-289x360.webp\" alt=\"Hut Werkstatt Handwerkskunst\" width=\"289\" height=\"360\" \/><\/a><\/p>\n<blockquote><p>Ren\u00e9 Angerer auf Besuch in der Risa Hutwerkstatt beim Hut machen.<\/p><\/blockquote>\n<p>Auch heute ist diese Kopfbedeckung durch seine innovativen Materialien und sein vielf\u00e4ltiges Erscheinungsbild, \u00e4usserst beliebt.<\/p>\n<p>Durch seine feste Form und eine umlaufende Krempe ist er gut von einer M\u00fctze oder der Kappe zu unterscheiden.<\/p>\n<p>Er h\u00e4lt nicht nur Sonne und Regen ab, sondern dient seinem Tr\u00e4ger zum Ausdruck und zur Unterstreichung der Pers\u00f6nlichkeit oder zeigt die Zugeh\u00f6rigkeit zu einer bestimmten Berufsgruppe oder Gesellschaftsschicht an.<\/p>\n<p class=\"line-height-200 cke-line-height\"><a href=\"https:\/\/hutfactory.com\/wp-content\/uploads\/2026\/01\/Rene-2.webp\"><img loading=\"lazy\" decoding=\"async\" class=\"alignnone size-medium wp-image-41307\" src=\"https:\/\/hutfactory.com\/wp-content\/uploads\/2026\/01\/Rene-2-480x360.webp\" alt=\"H\u00fcte heute\" width=\"480\" height=\"360\" \/><\/a><\/p>\n<blockquote><p>Ren\u00e9 auf Besuch in der Risa Hutwerkstatt beim Formung eines Panamahutes<\/p><\/blockquote>\n<p class=\"line-height-200 cke-line-height\">Die Tradition der Kopfbedeckungen reicht sehr weit zur\u00fcck, wurde fr\u00fcher jedoch weniger zur optischen Versch\u00f6nerung, sondern vielmehr zum Schutz getragen.<\/p>\n<p class=\"line-height-200 cke-line-height\">In der Antike galt der Hut als Freiheitssymbol, weshalb frei gelassene Sklaven einen Hut erhielten. In der Schweiz, Deutschland und \u00d6sterreich werden H\u00fcte seit dem 10. Jahrhundert getragen und seit circa 1350 gibt es den Beruf Hutmacher.<\/p>\n<p class=\"line-height-200 cke-line-height\">Die Form des Hutes entwickelte sich \u00fcber die Jahrhunderte hinweg immer weiter, sodass H\u00fcte heute vielerlei verschiedene Erscheinungsformen haben und sehr gut zur aktuellen Mode passen und diese unterstreichen.<\/p>\n<p class=\"line-height-200 cke-line-height\"><a href=\"https:\/\/hutfactory.com\/wp-content\/uploads\/2026\/01\/Werkstatt_Rene.klein7_.webp\"><img loading=\"lazy\" decoding=\"async\" class=\"alignnone size-medium wp-image-41112\" src=\"https:\/\/hutfactory.com\/wp-content\/uploads\/2026\/01\/Werkstatt_Rene.klein7_-535x360.webp\" alt=\"H\u00fcte heute\" width=\"535\" height=\"360\" \/><\/a><\/p>\n<blockquote><p>Ren\u00e9 auf Besuch bei der Risa Hutwerksatt und beim formen eines neuen Hutes.<\/p><\/blockquote>\n<p class=\"line-height-200 cke-line-height\">In Frankreich findet j\u00e4hrlich am 25. November, dem Namenstag der Heiligen Katharina von Alexandrien, ein Fest statt, auf welchem unverheiratete Frauen der Statue Sainte Catherine einen Hut aufsetzen und auch selbst einen tragen. Diese M\u00e4rtyrerin und Jungfrau, war f\u00fcr die jungen Damen eine Schutzpatronin und so erhielten Frauen in diesem Alter den Namen \u201eCatherinettes\u201c.<\/p>\n<h3 class=\"title-h3 mb-3\">Was ist der Ursprung dieser Tradition?<\/h3>\n<p>Die heilige Katharina von Alexandria lebte im 4. Jahrhundert nach Jesus Christus, es wird der Geschichte und vielleicht der Legende nach gesagt, dass der Kaiser Maxentius sie heiraten wollte, Katharina weigerte sich, sie wurde eingesperrt und zum M\u00e4rtyrer. Nachdem Katharina die schreckliche Tortur durchgemacht hatte, auf dem Rad gevierteilt zu werden, widersetzte sie sich und Kaiser Maxentius lie\u00df ihr den Kopf abschlagen.<\/p>\n<p>Die heilige Katharina ist heute die Schutzpatronin der zu heiratenden M\u00e4dchen, aber auch der Theologen, Philosophen, Redner, Notare, Studenten, Hutmacher, Schneiderinnen usw. Die Tradition der heiligen Katharina reicht bis ins Mittelalter zur\u00fcck.<\/p>\n","protected":false},"excerpt":{"rendered":"<p>&#8220;Lebendige Handwerkskunst aus der Schweiz&#8221; Ren\u00e9 Angerer in der Risa Hutwerkstatt beim begutachten eines handgefertigten Hutes! Die Hut Factory in Buttwil (ein malerisches Dorf im aargauischen Freiamt) ist ein Online Hutshop der Firma ESS Executive Search Swiss AG. Doch hinter diesem Namen verbirgt sich weit mehr als nur ein Unternehmen \u2013 es ist die Verk\u00f6rperung &hellip; <a href=\"https:\/\/hutfactory.com\/?page_id=5553\" class=\"more-link\">Weiterlesen <span class=\"screen-reader-text\">Handgefertigte H\u00fcte<\/span><\/a><\/p>\n","protected":false},"author":1,"featured_media":5559,"parent":0,"menu_order":0,"comment_status":"open","ping_status":"open","template":"","meta":{"_acf_changed":false,"rs_blank_template":"","rs_page_bg_color":"","slide_template_v7":"","footnotes":""},"class_list":["post-5553","page","type-page","status-publish","has-post-thumbnail","hentry"],"acf":[],"yoast_head":"<!-- This site is optimized with the Yoast SEO Premium plugin v27.3 (Yoast SEO v27.3) - https:\/\/yoast.com\/product\/yoast-seo-premium-wordpress\/ -->\n<title>Handgefertigte H\u00fcte - Hut Factory<\/title>\n<meta name=\"robots\" content=\"index, follow, max-snippet:-1, max-image-preview:large, max-video-preview:-1\" \/>\n<link rel=\"canonical\" href=\"https:\/\/hutfactory.com\/?page_id=5553\" \/>\n<meta property=\"og:locale\" content=\"de_DE\" \/>\n<meta property=\"og:type\" content=\"article\" \/>\n<meta property=\"og:title\" content=\"Handgefertigte H\u00fcte\" \/>\n<meta property=\"og:description\" content=\"&#8220;Lebendige Handwerkskunst aus der Schweiz&#8221; Ren\u00e9 Angerer in der Risa Hutwerkstatt beim begutachten eines handgefertigten Hutes! Die Hut Factory in Buttwil (ein malerisches Dorf im aargauischen Freiamt) ist ein Online Hutshop der Firma ESS Executive Search Swiss AG. Doch hinter diesem Namen verbirgt sich weit mehr als nur ein Unternehmen \u2013 es ist die Verk\u00f6rperung &hellip; Weiterlesen Handgefertigte H\u00fcte\" \/>\n<meta property=\"og:url\" content=\"https:\/\/hutfactory.com\/?page_id=5553\" \/>\n<meta property=\"og:site_name\" content=\"Hut Factory\" \/>\n<meta property=\"article:modified_time\" content=\"2026-03-25T11:24:28+00:00\" \/>\n<meta property=\"og:image\" content=\"https:\/\/hutfactory.com\/wp-content\/uploads\/2026\/01\/Qualitaet_statt_Massenware-1-2.jpg\" \/>\n\t<meta property=\"og:image:width\" content=\"500\" \/>\n\t<meta property=\"og:image:height\" content=\"503\" \/>\n\t<meta property=\"og:image:type\" content=\"image\/jpeg\" \/>\n<meta name=\"twitter:card\" content=\"summary_large_image\" \/>\n<meta name=\"twitter:label1\" content=\"Gesch\u00e4tzte Lesezeit\" \/>\n\t<meta name=\"twitter:data1\" content=\"5\u00a0Minuten\" \/>\n<script type=\"application\/ld+json\" class=\"yoast-schema-graph\">{\"@context\":\"https:\\\/\\\/schema.org\",\"@graph\":[{\"@type\":\"WebPage\",\"@id\":\"https:\\\/\\\/hutfactory.com\\\/?page_id=5553\",\"url\":\"https:\\\/\\\/hutfactory.com\\\/?page_id=5553\",\"name\":\"Handgefertigte H\u00fcte - Hut Factory\",\"isPartOf\":{\"@id\":\"https:\\\/\\\/hutfactory.com\\\/#website\"},\"primaryImageOfPage\":{\"@id\":\"https:\\\/\\\/hutfactory.com\\\/?page_id=5553#primaryimage\"},\"image\":{\"@id\":\"https:\\\/\\\/hutfactory.com\\\/?page_id=5553#primaryimage\"},\"thumbnailUrl\":\"https:\\\/\\\/hutfactory.com\\\/wp-content\\\/uploads\\\/2026\\\/01\\\/Qualitaet_statt_Massenware-1-2.jpg\",\"datePublished\":\"2022-01-13T20:00:02+00:00\",\"dateModified\":\"2026-03-25T11:24:28+00:00\",\"breadcrumb\":{\"@id\":\"https:\\\/\\\/hutfactory.com\\\/?page_id=5553#breadcrumb\"},\"inLanguage\":\"de\",\"potentialAction\":[{\"@type\":\"ReadAction\",\"target\":[\"https:\\\/\\\/hutfactory.com\\\/?page_id=5553\"]}]},{\"@type\":\"ImageObject\",\"inLanguage\":\"de\",\"@id\":\"https:\\\/\\\/hutfactory.com\\\/?page_id=5553#primaryimage\",\"url\":\"https:\\\/\\\/hutfactory.com\\\/wp-content\\\/uploads\\\/2026\\\/01\\\/Qualitaet_statt_Massenware-1-2.jpg\",\"contentUrl\":\"https:\\\/\\\/hutfactory.com\\\/wp-content\\\/uploads\\\/2026\\\/01\\\/Qualitaet_statt_Massenware-1-2.jpg\",\"width\":500,\"height\":503},{\"@type\":\"BreadcrumbList\",\"@id\":\"https:\\\/\\\/hutfactory.com\\\/?page_id=5553#breadcrumb\",\"itemListElement\":[{\"@type\":\"ListItem\",\"position\":1,\"name\":\"Start\",\"item\":\"https:\\\/\\\/hutfactory.com\\\/\"},{\"@type\":\"ListItem\",\"position\":2,\"name\":\"Handgefertigte H\u00fcte\"}]},{\"@type\":\"WebSite\",\"@id\":\"https:\\\/\\\/hutfactory.com\\\/#website\",\"url\":\"https:\\\/\\\/hutfactory.com\\\/\",\"name\":\"Hut Factory\",\"description\":\"H\u00fcte, Kappen &amp; M\u00fctzen in Top Swiss\\\/EU Qualit\u00e4t\",\"publisher\":{\"@id\":\"https:\\\/\\\/hutfactory.com\\\/#organization\"},\"alternateName\":\"Hut Shop\",\"potentialAction\":[{\"@type\":\"SearchAction\",\"target\":{\"@type\":\"EntryPoint\",\"urlTemplate\":\"https:\\\/\\\/hutfactory.com\\\/?s={search_term_string}\"},\"query-input\":{\"@type\":\"PropertyValueSpecification\",\"valueRequired\":true,\"valueName\":\"search_term_string\"}}],\"inLanguage\":\"de\"},{\"@type\":\"Organization\",\"@id\":\"https:\\\/\\\/hutfactory.com\\\/#organization\",\"name\":\"Hut Factory\",\"url\":\"https:\\\/\\\/hutfactory.com\\\/\",\"logo\":{\"@type\":\"ImageObject\",\"inLanguage\":\"de\",\"@id\":\"https:\\\/\\\/hutfactory.com\\\/#\\\/schema\\\/logo\\\/image\\\/\",\"url\":\"https:\\\/\\\/hutfactory.com\\\/wp-content\\\/uploads\\\/2026\\\/01\\\/Logo-hut-factory-1.webp\",\"contentUrl\":\"https:\\\/\\\/hutfactory.com\\\/wp-content\\\/uploads\\\/2026\\\/01\\\/Logo-hut-factory-1.webp\",\"width\":300,\"height\":262,\"caption\":\"Hut Factory\"},\"image\":{\"@id\":\"https:\\\/\\\/hutfactory.com\\\/#\\\/schema\\\/logo\\\/image\\\/\"}}]}<\/script>\n<!-- \/ Yoast SEO Premium plugin. -->","yoast_head_json":{"title":"Handgefertigte H\u00fcte - Hut Factory","robots":{"index":"index","follow":"follow","max-snippet":"max-snippet:-1","max-image-preview":"max-image-preview:large","max-video-preview":"max-video-preview:-1"},"canonical":"https:\/\/hutfactory.com\/?page_id=5553","og_locale":"de_DE","og_type":"article","og_title":"Handgefertigte H\u00fcte","og_description":"&#8220;Lebendige Handwerkskunst aus der Schweiz&#8221; Ren\u00e9 Angerer in der Risa Hutwerkstatt beim begutachten eines handgefertigten Hutes! Die Hut Factory in Buttwil (ein malerisches Dorf im aargauischen Freiamt) ist ein Online Hutshop der Firma ESS Executive Search Swiss AG. Doch hinter diesem Namen verbirgt sich weit mehr als nur ein Unternehmen \u2013 es ist die Verk\u00f6rperung &hellip; Weiterlesen Handgefertigte H\u00fcte","og_url":"https:\/\/hutfactory.com\/?page_id=5553","og_site_name":"Hut Factory","article_modified_time":"2026-03-25T11:24:28+00:00","og_image":[{"width":500,"height":503,"url":"https:\/\/hutfactory.com\/wp-content\/uploads\/2026\/01\/Qualitaet_statt_Massenware-1-2.jpg","type":"image\/jpeg"}],"twitter_card":"summary_large_image","twitter_misc":{"Gesch\u00e4tzte Lesezeit":"5\u00a0Minuten"},"schema":{"@context":"https:\/\/schema.org","@graph":[{"@type":"WebPage","@id":"https:\/\/hutfactory.com\/?page_id=5553","url":"https:\/\/hutfactory.com\/?page_id=5553","name":"Handgefertigte H\u00fcte - Hut Factory","isPartOf":{"@id":"https:\/\/hutfactory.com\/#website"},"primaryImageOfPage":{"@id":"https:\/\/hutfactory.com\/?page_id=5553#primaryimage"},"image":{"@id":"https:\/\/hutfactory.com\/?page_id=5553#primaryimage"},"thumbnailUrl":"https:\/\/hutfactory.com\/wp-content\/uploads\/2026\/01\/Qualitaet_statt_Massenware-1-2.jpg","datePublished":"2022-01-13T20:00:02+00:00","dateModified":"2026-03-25T11:24:28+00:00","breadcrumb":{"@id":"https:\/\/hutfactory.com\/?page_id=5553#breadcrumb"},"inLanguage":"de","potentialAction":[{"@type":"ReadAction","target":["https:\/\/hutfactory.com\/?page_id=5553"]}]},{"@type":"ImageObject","inLanguage":"de","@id":"https:\/\/hutfactory.com\/?page_id=5553#primaryimage","url":"https:\/\/hutfactory.com\/wp-content\/uploads\/2026\/01\/Qualitaet_statt_Massenware-1-2.jpg","contentUrl":"https:\/\/hutfactory.com\/wp-content\/uploads\/2026\/01\/Qualitaet_statt_Massenware-1-2.jpg","width":500,"height":503},{"@type":"BreadcrumbList","@id":"https:\/\/hutfactory.com\/?page_id=5553#breadcrumb","itemListElement":[{"@type":"ListItem","position":1,"name":"Start","item":"https:\/\/hutfactory.com\/"},{"@type":"ListItem","position":2,"name":"Handgefertigte H\u00fcte"}]},{"@type":"WebSite","@id":"https:\/\/hutfactory.com\/#website","url":"https:\/\/hutfactory.com\/","name":"Hut Factory","description":"H\u00fcte, Kappen &amp; M\u00fctzen in Top Swiss\/EU Qualit\u00e4t","publisher":{"@id":"https:\/\/hutfactory.com\/#organization"},"alternateName":"Hut Shop","potentialAction":[{"@type":"SearchAction","target":{"@type":"EntryPoint","urlTemplate":"https:\/\/hutfactory.com\/?s={search_term_string}"},"query-input":{"@type":"PropertyValueSpecification","valueRequired":true,"valueName":"search_term_string"}}],"inLanguage":"de"},{"@type":"Organization","@id":"https:\/\/hutfactory.com\/#organization","name":"Hut Factory","url":"https:\/\/hutfactory.com\/","logo":{"@type":"ImageObject","inLanguage":"de","@id":"https:\/\/hutfactory.com\/#\/schema\/logo\/image\/","url":"https:\/\/hutfactory.com\/wp-content\/uploads\/2026\/01\/Logo-hut-factory-1.webp","contentUrl":"https:\/\/hutfactory.com\/wp-content\/uploads\/2026\/01\/Logo-hut-factory-1.webp","width":300,"height":262,"caption":"Hut Factory"},"image":{"@id":"https:\/\/hutfactory.com\/#\/schema\/logo\/image\/"}}]}},"_links":{"self":[{"href":"https:\/\/hutfactory.com\/index.php?rest_route=\/wp\/v2\/pages\/5553","targetHints":{"allow":["GET"]}}],"collection":[{"href":"https:\/\/hutfactory.com\/index.php?rest_route=\/wp\/v2\/pages"}],"about":[{"href":"https:\/\/hutfactory.com\/index.php?rest_route=\/wp\/v2\/types\/page"}],"author":[{"embeddable":true,"href":"https:\/\/hutfactory.com\/index.php?rest_route=\/wp\/v2\/users\/1"}],"replies":[{"embeddable":true,"href":"https:\/\/hutfactory.com\/index.php?rest_route=%2Fwp%2Fv2%2Fcomments&post=5553"}],"version-history":[{"count":4,"href":"https:\/\/hutfactory.com\/index.php?rest_route=\/wp\/v2\/pages\/5553\/revisions"}],"predecessor-version":[{"id":39362,"href":"https:\/\/hutfactory.com\/index.php?rest_route=\/wp\/v2\/pages\/5553\/revisions\/39362"}],"wp:featuredmedia":[{"embeddable":true,"href":"https:\/\/hutfactory.com\/index.php?rest_route=\/wp\/v2\/media\/5559"}],"wp:attachment":[{"href":"https:\/\/hutfactory.com\/index.php?rest_route=%2Fwp%2Fv2%2Fmedia&parent=5553"}],"curies":[{"name":"wp","href":"https:\/\/api.w.org\/{rel}","templated":true}]}}