{"id":5552,"date":"2022-01-13T20:00:08","date_gmt":"2022-01-13T20:00:08","guid":{"rendered":"https:\/\/hutfactory.com\/?page_id=5552"},"modified":"2022-01-13T20:00:08","modified_gmt":"2022-01-13T20:00:08","slug":"schweizer-qualitaet","status":"publish","type":"page","link":"https:\/\/hutfactory.com\/?page_id=5552","title":{"rendered":"Schweizer Qualit\u00e4t"},"content":{"rendered":"<div class=\"wpb-content-wrapper\">\n[vc_row][vc_column][vc_column_text]\n<h1 style=\"text-align: center;\">Hut Fabrikation<\/h1>\n<h1 style=\"text-align: center;\">Made in Switzerland<\/h1>\n\n\nIn der Zeit von billiger Massenproduktion gibt es modebewusste und anspruchsvolle Damen und Herren, die auch bei Ihrer Kopfbedeckung gr\u00f6ssten Wert auf Qualit\u00e4t, Individualit\u00e4t und &#8220;Swissness&#8221; legen. Deshalb finden Sie in unserm Onlineshop die Produkte der renommierten Schweizer Hutmanufaktur Risa, die seit 1919, heute in der dritten Generation, exklusive aber bezahlbare H\u00fcte in Handarbeit herstellt.[\/vc_column_text][vc_column_text]\n<h2 style=\"text-align: center;\">Qualit\u00e4t statt Massenware<\/h2>\n\n\n\u201eYou get what you payed for\u201c \u2013 man erh\u00e4lt genau das, wof\u00fcr man bezahlt hat, im positiven wie im negativen Sinne. Das folgende Zitat wird John Ruskin (1819-1900), einem britischen Sozialphilosophen, zugeschrieben, welches auch noch heute mehr denn je G\u00fcltigkeit hat: \u201e Es gibt kaum etwas auf dieser Welt, das nicht irgendjemand ein wenig schlechter machen und etwas billiger verkaufen k\u00f6nnte, und die Menschen, die sich nur am Preis orientieren, werden die gerechte Beute solcher Machenschaften\u201c.\n\nEs ist unklug, zu viel zu bezahlen, aber noch unkluger, zu wenig bezahlen zu wollen. Wenn Sie zu viel bezahlen, verlieren Sie etwas Geld, das ist alles! Wenn Sie dagegen zu wenig bezahlen, verlieren Sie manchmal alles, da die gekaufte Ware aus qualitativer Sicht die ihm zugedachte Aufgabe meist nicht erf\u00fcllen kann.\n\nDas Gesetz der Wirtschaft verbietet es, f\u00fcr wenig Geld viel Wert zu erhalten. Nehmen Sie das niedrigste Angebot an, m\u00fcssen Sie f\u00fcr das Risiko, das Sie eingehen, etwas hinzurechnen. Wenn Sie das tun, dann verf\u00fcgen Sie doch auch \u00fcber gen\u00fcgend Mittel, um f\u00fcr etwas Besseres auch etwas mehr bezahlen zu k\u00f6nnen. Das heisst im Umkehrschluss leider nicht, dass teuer auch immer besser sein muss.[\/vc_column_text][vc_empty_space height=&#8221;40px&#8221;][vc_column_text]\n<h2 style=\"text-align: center;\">Schweizer Qualit\u00e4tsh\u00fcte heben sich von der Konkurrenz ab!<\/h2>\n[\/vc_column_text][vc_empty_space height=&#8221;40px&#8221;][\/vc_column][\/vc_row][vc_row][vc_column width=&#8221;1\/2&#8243;][vc_column_text]\n<h3 style=\"text-align: center;\">Qualit\u00e4tsprodukte erfordern unerm\u00fcdlichen Einsatz<\/h3>\nProfitieren Sie von einem authentischen Schweizer Qualit\u00e4tsprodukt. Die RISA-Hutwerkstatt ist bekannt f\u00fcr qualitativ hochstehende Produkte und kreiert zweimal pro Jahr innovative, modische Kreationen.\n\n[\/vc_column_text][\/vc_column][vc_column width=&#8221;1\/2&#8243;][vc_column_text]\n<h3 style=\"text-align: center;\">Der Tradition verpflichtet<\/h3>\nDas Schweizer Traditionsunternehmen RISA verpflichtet sich seit 1919 dem Perfektionismus f\u00fcr handgemachte Schweizer Qualit\u00e4tsprodukte die Sie exklusiv auf unserem Online-Shops unter hut-facory.com oder hut-shop.ch finden\n\n[\/vc_column_text][\/vc_column][\/vc_row][vc_row][vc_column][vc_empty_space height=&#8221;40px&#8221;][vc_column_text]\n<h3 style=\"text-align: center;\">SCHWEIZER HANDWERKKUNST SEIT 1911<\/h3>\n[\/vc_column_text][vc_empty_space height=&#8221;40px&#8221;][\/vc_column][\/vc_row][vc_row][vc_column width=&#8221;1\/3&#8243;][vc_column_text]\n<h3 style=\"text-align: center;\">Hut Factory<\/h3>\n<h4 style=\"text-align: center;\">Wir vertreiben exklusiv Produkte der renommierten RISA Hutwerkstatt.<\/h4>\nJeder Hut auf unserer Homepage ist ein Original und wird in Einzelanfertigung nach den individuellen W\u00fcnschen und Vorstellungen der Kunden hergestellt. H\u00fcte und Formen aus vergangener Zeiten dienen zur Inspiration und Aufbereitung der einzelnen Modelle. Unterschiedlichstes Material, Farben und Garnierungen bieten eine Vielfalt an Variation, so wird aus jedem Hut ein Unikat.\n\n[\/vc_column_text][\/vc_column][vc_column width=&#8221;1\/3&#8243;][vc_column_text]\n<h3 style=\"text-align: center;\">Risa Hutwerkstatt<\/h3>\n<h4 style=\"text-align: center;\">Traditionelles Wissen, Innovation &amp; Schweizer Qualit\u00e4tsbewusstsein.<\/h4>\nDas \u00fcber Generationen entwickelte Wissen ist der kollektive Besitz der Hutwerkstatt und wird von Generation zu Generation weitergegeben. Heute werden in dritter Generation in grosser Sorgfalt exklusive H\u00fcte f\u00fcr den anspruchsvollen Herrn und f\u00fcr die modebewusste Dame hergestellt. Die Produktepalette umfasst den klassischen Zylinder bis zum topmodischen Trilby. halbj\u00e4hrlich entstehen neue Kreationen die Trends setzten.\n\n[\/vc_column_text][\/vc_column][vc_column width=&#8221;1\/3&#8243;][vc_column_text]\n<h3 style=\"text-align: center;\">Top Qualit\u00e4t<\/h3>\n&#8220;The longer you wear an RISA hat, the more you understand how a great hat should look and feel.&#8221;\n\nWichtig ist f\u00fcr uns, dass auf den Kunden und seinen individuellen W\u00fcnschen eingegangen wird. In unserem Onlineshop finden Sie Custom-Made H\u00fcte mit Privat Label.\n\nJeder Hut wird f\u00fcr Sie in liebevoller Handarbeit in der Schweiz hergestellt.\n\n[\/vc_column_text][\/vc_column][\/vc_row]\n<\/div>","protected":false},"excerpt":{"rendered":"<p>[vc_row][vc_column][vc_column_text] Hut Fabrikation Made in Switzerland In der Zeit von billiger Massenproduktion gibt es modebewusste und anspruchsvolle Damen und Herren, die auch bei Ihrer Kopfbedeckung gr\u00f6ssten Wert auf Qualit\u00e4t, Individualit\u00e4t und &#8220;Swissness&#8221; legen. Deshalb finden Sie in unserm Onlineshop die Produkte der renommierten Schweizer Hutmanufaktur Risa, die seit 1919, heute in der dritten Generation, exklusive &hellip; <a href=\"https:\/\/hutfactory.com\/?page_id=5552\" class=\"more-link\">Weiterlesen <span class=\"screen-reader-text\">Schweizer Qualit\u00e4t<\/span><\/a><\/p>\n","protected":false},"author":1,"featured_media":0,"parent":0,"menu_order":0,"comment_status":"open","ping_status":"open","template":"","meta":{"_acf_changed":false,"rs_blank_template":"","rs_page_bg_color":"","slide_template_v7":"","footnotes":""},"class_list":["post-5552","page","type-page","status-publish","hentry"],"acf":[],"yoast_head":"<!-- This site is optimized with the Yoast SEO Premium plugin v27.3 (Yoast SEO v27.3) - https:\/\/yoast.com\/product\/yoast-seo-premium-wordpress\/ -->\n<title>Schweizer Qualit\u00e4t - Hut Factory<\/title>\n<meta name=\"robots\" content=\"index, follow, max-snippet:-1, max-image-preview:large, max-video-preview:-1\" \/>\n<link rel=\"canonical\" href=\"https:\/\/hutfactory.com\/?page_id=5552\" \/>\n<meta property=\"og:locale\" content=\"de_DE\" \/>\n<meta property=\"og:type\" content=\"article\" \/>\n<meta property=\"og:title\" content=\"Schweizer Qualit\u00e4t\" \/>\n<meta property=\"og:description\" content=\"[vc_row][vc_column][vc_column_text] Hut Fabrikation Made in Switzerland In der Zeit von billiger Massenproduktion gibt es modebewusste und anspruchsvolle Damen und Herren, die auch bei Ihrer Kopfbedeckung gr\u00f6ssten Wert auf Qualit\u00e4t, Individualit\u00e4t und &#8220;Swissness&#8221; legen. Deshalb finden Sie in unserm Onlineshop die Produkte der renommierten Schweizer Hutmanufaktur Risa, die seit 1919, heute in der dritten Generation, exklusive &hellip; Weiterlesen Schweizer Qualit\u00e4t\" \/>\n<meta property=\"og:url\" content=\"https:\/\/hutfactory.com\/?page_id=5552\" \/>\n<meta property=\"og:site_name\" content=\"Hut Factory\" \/>\n<meta property=\"og:image\" content=\"https:\/\/hutfactory.com\/wp-content\/uploads\/2026\/01\/Herbst-und-Wintermode-24-25.webp\" \/>\n\t<meta property=\"og:image:width\" content=\"1080\" \/>\n\t<meta property=\"og:image:height\" content=\"617\" \/>\n\t<meta property=\"og:image:type\" content=\"image\/webp\" \/>\n<meta name=\"twitter:card\" content=\"summary_large_image\" \/>\n<meta name=\"twitter:label1\" content=\"Gesch\u00e4tzte Lesezeit\" \/>\n\t<meta name=\"twitter:data1\" content=\"3\u00a0Minuten\" \/>\n<script type=\"application\/ld+json\" class=\"yoast-schema-graph\">{\"@context\":\"https:\\\/\\\/schema.org\",\"@graph\":[{\"@type\":\"WebPage\",\"@id\":\"https:\\\/\\\/hutfactory.com\\\/?page_id=5552\",\"url\":\"https:\\\/\\\/hutfactory.com\\\/?page_id=5552\",\"name\":\"Schweizer Qualit\u00e4t - Hut Factory\",\"isPartOf\":{\"@id\":\"https:\\\/\\\/hutfactory.com\\\/#website\"},\"datePublished\":\"2022-01-13T20:00:08+00:00\",\"breadcrumb\":{\"@id\":\"https:\\\/\\\/hutfactory.com\\\/?page_id=5552#breadcrumb\"},\"inLanguage\":\"de\",\"potentialAction\":[{\"@type\":\"ReadAction\",\"target\":[\"https:\\\/\\\/hutfactory.com\\\/?page_id=5552\"]}]},{\"@type\":\"BreadcrumbList\",\"@id\":\"https:\\\/\\\/hutfactory.com\\\/?page_id=5552#breadcrumb\",\"itemListElement\":[{\"@type\":\"ListItem\",\"position\":1,\"name\":\"Start\",\"item\":\"https:\\\/\\\/hutfactory.com\\\/\"},{\"@type\":\"ListItem\",\"position\":2,\"name\":\"Schweizer Qualit\u00e4t\"}]},{\"@type\":\"WebSite\",\"@id\":\"https:\\\/\\\/hutfactory.com\\\/#website\",\"url\":\"https:\\\/\\\/hutfactory.com\\\/\",\"name\":\"Hut Factory\",\"description\":\"H\u00fcte, Kappen &amp; M\u00fctzen in Top Swiss\\\/EU Qualit\u00e4t\",\"publisher\":{\"@id\":\"https:\\\/\\\/hutfactory.com\\\/#organization\"},\"alternateName\":\"Hut Shop\",\"potentialAction\":[{\"@type\":\"SearchAction\",\"target\":{\"@type\":\"EntryPoint\",\"urlTemplate\":\"https:\\\/\\\/hutfactory.com\\\/?s={search_term_string}\"},\"query-input\":{\"@type\":\"PropertyValueSpecification\",\"valueRequired\":true,\"valueName\":\"search_term_string\"}}],\"inLanguage\":\"de\"},{\"@type\":\"Organization\",\"@id\":\"https:\\\/\\\/hutfactory.com\\\/#organization\",\"name\":\"Hut Factory\",\"url\":\"https:\\\/\\\/hutfactory.com\\\/\",\"logo\":{\"@type\":\"ImageObject\",\"inLanguage\":\"de\",\"@id\":\"https:\\\/\\\/hutfactory.com\\\/#\\\/schema\\\/logo\\\/image\\\/\",\"url\":\"https:\\\/\\\/hutfactory.com\\\/wp-content\\\/uploads\\\/2026\\\/01\\\/Logo-hut-factory-1.webp\",\"contentUrl\":\"https:\\\/\\\/hutfactory.com\\\/wp-content\\\/uploads\\\/2026\\\/01\\\/Logo-hut-factory-1.webp\",\"width\":300,\"height\":262,\"caption\":\"Hut Factory\"},\"image\":{\"@id\":\"https:\\\/\\\/hutfactory.com\\\/#\\\/schema\\\/logo\\\/image\\\/\"}}]}<\/script>\n<!-- \/ Yoast SEO Premium plugin. -->","yoast_head_json":{"title":"Schweizer Qualit\u00e4t - Hut Factory","robots":{"index":"index","follow":"follow","max-snippet":"max-snippet:-1","max-image-preview":"max-image-preview:large","max-video-preview":"max-video-preview:-1"},"canonical":"https:\/\/hutfactory.com\/?page_id=5552","og_locale":"de_DE","og_type":"article","og_title":"Schweizer Qualit\u00e4t","og_description":"[vc_row][vc_column][vc_column_text] Hut Fabrikation Made in Switzerland In der Zeit von billiger Massenproduktion gibt es modebewusste und anspruchsvolle Damen und Herren, die auch bei Ihrer Kopfbedeckung gr\u00f6ssten Wert auf Qualit\u00e4t, Individualit\u00e4t und &#8220;Swissness&#8221; legen. Deshalb finden Sie in unserm Onlineshop die Produkte der renommierten Schweizer Hutmanufaktur Risa, die seit 1919, heute in der dritten Generation, exklusive &hellip; Weiterlesen Schweizer Qualit\u00e4t","og_url":"https:\/\/hutfactory.com\/?page_id=5552","og_site_name":"Hut Factory","og_image":[{"width":1080,"height":617,"url":"https:\/\/hutfactory.com\/wp-content\/uploads\/2026\/01\/Herbst-und-Wintermode-24-25.webp","type":"image\/webp"}],"twitter_card":"summary_large_image","twitter_misc":{"Gesch\u00e4tzte Lesezeit":"3\u00a0Minuten"},"schema":{"@context":"https:\/\/schema.org","@graph":[{"@type":"WebPage","@id":"https:\/\/hutfactory.com\/?page_id=5552","url":"https:\/\/hutfactory.com\/?page_id=5552","name":"Schweizer Qualit\u00e4t - Hut Factory","isPartOf":{"@id":"https:\/\/hutfactory.com\/#website"},"datePublished":"2022-01-13T20:00:08+00:00","breadcrumb":{"@id":"https:\/\/hutfactory.com\/?page_id=5552#breadcrumb"},"inLanguage":"de","potentialAction":[{"@type":"ReadAction","target":["https:\/\/hutfactory.com\/?page_id=5552"]}]},{"@type":"BreadcrumbList","@id":"https:\/\/hutfactory.com\/?page_id=5552#breadcrumb","itemListElement":[{"@type":"ListItem","position":1,"name":"Start","item":"https:\/\/hutfactory.com\/"},{"@type":"ListItem","position":2,"name":"Schweizer Qualit\u00e4t"}]},{"@type":"WebSite","@id":"https:\/\/hutfactory.com\/#website","url":"https:\/\/hutfactory.com\/","name":"Hut Factory","description":"H\u00fcte, Kappen &amp; M\u00fctzen in Top Swiss\/EU Qualit\u00e4t","publisher":{"@id":"https:\/\/hutfactory.com\/#organization"},"alternateName":"Hut Shop","potentialAction":[{"@type":"SearchAction","target":{"@type":"EntryPoint","urlTemplate":"https:\/\/hutfactory.com\/?s={search_term_string}"},"query-input":{"@type":"PropertyValueSpecification","valueRequired":true,"valueName":"search_term_string"}}],"inLanguage":"de"},{"@type":"Organization","@id":"https:\/\/hutfactory.com\/#organization","name":"Hut Factory","url":"https:\/\/hutfactory.com\/","logo":{"@type":"ImageObject","inLanguage":"de","@id":"https:\/\/hutfactory.com\/#\/schema\/logo\/image\/","url":"https:\/\/hutfactory.com\/wp-content\/uploads\/2026\/01\/Logo-hut-factory-1.webp","contentUrl":"https:\/\/hutfactory.com\/wp-content\/uploads\/2026\/01\/Logo-hut-factory-1.webp","width":300,"height":262,"caption":"Hut Factory"},"image":{"@id":"https:\/\/hutfactory.com\/#\/schema\/logo\/image\/"}}]}},"_links":{"self":[{"href":"https:\/\/hutfactory.com\/index.php?rest_route=\/wp\/v2\/pages\/5552","targetHints":{"allow":["GET"]}}],"collection":[{"href":"https:\/\/hutfactory.com\/index.php?rest_route=\/wp\/v2\/pages"}],"about":[{"href":"https:\/\/hutfactory.com\/index.php?rest_route=\/wp\/v2\/types\/page"}],"author":[{"embeddable":true,"href":"https:\/\/hutfactory.com\/index.php?rest_route=\/wp\/v2\/users\/1"}],"replies":[{"embeddable":true,"href":"https:\/\/hutfactory.com\/index.php?rest_route=%2Fwp%2Fv2%2Fcomments&post=5552"}],"version-history":[{"count":0,"href":"https:\/\/hutfactory.com\/index.php?rest_route=\/wp\/v2\/pages\/5552\/revisions"}],"wp:attachment":[{"href":"https:\/\/hutfactory.com\/index.php?rest_route=%2Fwp%2Fv2%2Fmedia&parent=5552"}],"curies":[{"name":"wp","href":"https:\/\/api.w.org\/{rel}","templated":true}]}}